{"id":6050,"date":"2025-05-24T03:18:57","date_gmt":"2025-05-24T03:18:57","guid":{"rendered":"https:\/\/sinoextrud.com\/product\/extruded-aluminum-stock\/"},"modified":"2025-06-24T03:53:48","modified_gmt":"2025-06-24T03:53:48","slug":"stranggepresstes-aluminiummaterial","status":"publish","type":"product","link":"https:\/\/sinoextrud.com\/de\/product\/extruded-aluminum-stock\/","title":{"rendered":"Stranggepresster Aluminiumschaft"},"content":{"rendered":"<h2>Produkte Details<\/h2>\n<table class=\"custom-table\">\n<tr>\n<td class=\"label\">Name<\/td>\n<td>Stranggepresster Aluminiumschaft<\/td>\n<\/tr>\n<tr>\n<td class=\"label\">Kategorie<\/td>\n<td>Aluminium-Profile<\/td>\n<\/tr>\n<tr>\n<td class=\"label\">Typ<\/td>\n<td>Schwerer Typ oder leicht ist verf\u00fcgbar<\/td>\n<\/tr>\n<tr>\n<td class=\"label\">Material<\/td>\n<td>6061 ist weit verbreitet. 6063, 6463, 6005, 6082 ist auch verf\u00fcgbar.<\/td>\n<\/tr>\n<tr>\n<td class=\"label\">Temperament<\/td>\n<td>T5-T8<\/td>\n<\/tr>\n<tr>\n<td class=\"label\">L\u00e4nge<\/td>\n<td>1-9m oder individuelle Anpassung<\/td>\n<\/tr>\n<tr>\n<td class=\"label\">Gr\u00f6\u00dfe (mm)<\/td>\n<td>Verschiedene Gr\u00f6\u00dfen, k\u00f6nnen Sie f\u00fcr Details kontaktieren.<\/td>\n<\/tr>\n<tr>\n<td class=\"label\">Dicke<\/td>\n<td>\u00dcber 0,7MM<\/td>\n<\/tr>\n<tr>\n<td class=\"label\">Form<\/td>\n<td>Personalisierung<\/td>\n<\/tr>\n<tr>\n<td class=\"label\">Oberfl\u00e4chenbehandlung<\/td>\n<td>Fr\u00e4sen, Eloxieren, Sandstrahlen, Elektrophorese, Pulverbeschichtung, usw.<\/td>\n<\/tr>\n<tr>\n<td class=\"label\">Farbe<\/td>\n<td>Silber, Schwarz, Wei\u00df, Rot, Gelb, Champagner oder kundenspezifische Farbe<\/td>\n<\/tr>\n<tr>\n<td class=\"label\">Von<\/td>\n<td>Guangdong, China<\/td>\n<\/tr>\n<tr>\n<td class=\"label\">Anmeldung<\/td>\n<td>Industrie, Bauwesen, Architektur, Dekoration<\/td>\n<\/tr>\n<tr>\n<td class=\"label\"><\/td>\n<td><\/td>\n<td><\/td>\n<td><\/td>\n<\/tr>\n<\/table>\n<h2>Unsere Produktionsbasis<\/h2>\n<h3>Fabrik-Panorama<\/h3>\n<p><img decoding=\"async\" src=\"\/wp-content\/uploads\/factory-01.webp\"\/><\/p>\n<h3>Werkstatt zur Herstellung von Aluminiumstangen<\/h3>\n<p><img decoding=\"async\" src=\"\/wp-content\/uploads\/factory-02.webp\"\/><\/p>\n<\/p>\n<p><img decoding=\"async\" src=\"\/wp-content\/uploads\/factory-03.webp\"\/><\/p>\n<h3>Lagerhaus f\u00fcr Formen<\/h3>\n<p><img decoding=\"async\" src=\"\/wp-content\/uploads\/factory-04.webp\"\/><\/p>\n<h3>43 Aluminium-Strangpressanlagen (500\u00e2\u20ac\"5500 Tonnen)<\/h3>\n<p><img decoding=\"async\" src=\"\/wp-content\/uploads\/factory-05.webp\"\/><\/p>\n<p><img decoding=\"async\" src=\"\/wp-content\/uploads\/factory-06.webp\"\/><\/p>\n<p><img decoding=\"async\" src=\"\/wp-content\/uploads\/factory-07.webp\"\/><\/p>\n<h3>Werkstatt f\u00fcr Pulverbeschichtung<\/h3>\n<p><img decoding=\"async\" src=\"\/wp-content\/uploads\/factory-09.webp\"\/><\/p>\n<h3>Eloxal-Werkstatt<\/h3>\n<p><img decoding=\"async\" src=\"\/wp-content\/uploads\/factory-10.webp\"\/><\/p>\n<h3>Workshop zur Tiefenverarbeitung<\/h3>\n<p><img decoding=\"async\" src=\"\/wp-content\/uploads\/factory-11.webp\"\/><\/p>\n<h3>CNC-Pr\u00e4zisionsbearbeitungswerkstatt<\/h3>\n<p><img decoding=\"async\" src=\"\/wp-content\/uploads\/factory-11.5.webp\"\/><\/p>\n<h3>Lager f\u00fcr Fertigprodukte und Export<\/h3>\n<p><img decoding=\"async\" src=\"\/wp-content\/uploads\/factory-12.webp\"\/><\/p>\n<p><img decoding=\"async\" src=\"\/wp-content\/uploads\/factory-13.webp\"\/><\/p>\n<p><img decoding=\"async\" src=\"\/wp-content\/uploads\/factory-14.webp\"\/><\/p>\n<h2>FAQ<\/h2>\n<p><b>1. was ist stranggepresstes Aluminiummaterial? <\/b><\/p>\n<p> Stranggepresstes Aluminium bezieht sich auf vorgeformte Aluminiumprofile, die durch das Pressen von Aluminium durch eine Matrize hergestellt werden und in Standardformen und -gr\u00f6\u00dfen f\u00fcr den sofortigen Einsatz in der Fertigung und Produktion erh\u00e4ltlich sind.\n<\/p>\n<p><\/p>\n<p><b>2 Was sind die Vorteile der Verwendung von stranggepresstem Aluminium? <\/b><\/p>\n<p> Stranggepresstes Aluminiummaterial bietet ein hohes Verh\u00e4ltnis von Festigkeit zu Gewicht, Korrosionsbest\u00e4ndigkeit, leichte Bearbeitbarkeit und kosteng\u00fcnstige Verf\u00fcgbarkeit f\u00fcr eine Vielzahl von Anwendungen.\n<\/p>\n<p><\/p>\n<p><b>3. warum stranggepresstes Aluminium gegen\u00fcber anderen Materialien w\u00e4hlen? <\/b><\/p>\n<p> Stranggepresstes Aluminium ist leicht, langlebig, wiederverwertbar und einfach zu verarbeiten, was es ideal f\u00fcr strukturelle, architektonische und industrielle Anwendungen macht.\n<\/p>\n<p><\/p>\n<p><b>4. welche Formen gibt es bei stranggepresstem Aluminiummaterial? <\/b><\/p>\n<p> Zu den gebr\u00e4uchlichen Formen geh\u00f6ren Winkel, Kan\u00e4le, Rohre, Stangen und Sonderprofile, die sich f\u00fcr verschiedene Bau- und Konstruktionsanforderungen eignen.\n<\/p>\n<p><\/p>\n<p><b>5. ist stranggepresstes Aluminium anpassbar? <\/b><\/p>\n<p> Ja, es sind zwar Standardprodukte verf\u00fcgbar, aber sie k\u00f6nnen auch in Bezug auf Legierung, Gr\u00f6\u00dfe, L\u00e4nge und Oberfl\u00e4che an die jeweiligen Projektanforderungen angepasst werden.\n<\/p>\n<p><\/p>\n<p><b>6. welche Branchen verwenden stranggepresstes Aluminiummaterial? <\/b><\/p>\n<p> In Branchen wie dem Baugewerbe, dem Transportwesen, der Luft- und Raumfahrt, der Elektronik und der M\u00f6belherstellung wird stranggepresstes Aluminium h\u00e4ufig f\u00fcr Rahmen, St\u00fctzen und Geh\u00e4use verwendet.\n<\/p>\n<p><\/p>\n<p><b>7. kann stranggepresstes Aluminium eloxiert oder pulverbeschichtet werden? <\/b><\/p>\n<p> Stranggepresstes Aluminium kann problemlos eloxiert oder pulverbeschichtet werden, um die Korrosionsbest\u00e4ndigkeit und die \u00c4sthetik zu verbessern.\n<\/p>\n<p><\/p>\n<p><b>8. ist stranggepresstes Aluminium f\u00fcr Au\u00dfenanwendungen geeignet? <\/b><\/p>\n<p> Ja, wenn es mit Schutzlacken behandelt wird, ist es im Au\u00dfenbereich gut einsetzbar und widersteht Rost, UV-Strahlen und Feuchtigkeit.\n<\/p>\n<p><\/p>\n<p><b>9. wie einfach ist es, mit stranggepresstem Aluminium zu arbeiten? <\/b><\/p>\n<p> Es ist sehr einfach zu schneiden, zu bohren, zu schwei\u00dfen und zu montieren, was es zu einer bevorzugten Wahl f\u00fcr Heimwerker, industrielle und gewerbliche Fertigung macht.\n<\/p>\n<p><\/p>\n<p><b>10. ist stranggepresstes Aluminium ein umweltfreundliches Material? <\/b><\/p>\n<p> Ja, Aluminium ist 100% recycelbar, und das Strangpressverfahren erzeugt nur minimale Abf\u00e4lle, was nachhaltige Herstellungspraktiken unterst\u00fctzt.\n<\/p>\n<p><\/p>","protected":false},"featured_media":6049,"template":"","categories":[57],"class_list":["post-6050","product","type-product","status-publish","has-post-thumbnail","hentry","category-anodized-aluminum-profile"],"meta_box":{"hilight_text_group":{"product_hilight_text":"<li>Ready-to-ship inventory ensures fast delivery and reduced lead times<\/li>\r\r\n<li>Wide range of standard shapes and sizes suitable for various industries<\/li>\r\r\n<li>Made from high-quality alloys like 6061 and 6063 for strength and machinability<\/li>\r\r\n<li>Ideal for structural, architectural, and fabrication applications<\/li>\r\r\n<li>Cost-effective solution for prototyping and small-batch production<\/li>","product_chanpin_chanpin":"<li><a href=\"https:\/\/sinoextrud.com\/product\/anodized-extruded-aluminum-edging-for-plywood\/\" target=\"_blank\">Anodized Extruded Aluminum Edging For Plywood<\/a><\/li>\r\n<li><a href=\"https:\/\/sinoextrud.com\/product\/extruded-aluminium-profile-with-sand-blasted-treatment\/\" target=\"_blank\">Extruded Aluminium Profile With Sand Blasted Treatment<\/a><\/li>\r\n<li><a href=\"https:\/\/sinoextrud.com\/product\/anodized-aluminum-trim-molding\/\" target=\"_blank\">Anodized Aluminum Trim Molding<\/a><\/li>\r\n<li><a href=\"https:\/\/sinoextrud.com\/product\/sandblasted-aluminum-profile\/\" target=\"_blank\">Sandblasted Aluminum Profile<\/a><\/li>\r\n<li><a href=\"https:\/\/sinoextrud.com\/product\/extruded-aluminum-stock\/\" target=\"_blank\">Extruded Aluminum Stock<\/a><\/li>\r\n<li><a href=\"https:\/\/sinoextrud.com\/product\/custom-anodized-aluminium-profiles\/\" target=\"_blank\">Custom Anodized Aluminium Profiles<\/a><\/li>\r\n<li><a href=\"https:\/\/sinoextrud.com\/product\/aluminium-profile-corner-joint\/\" target=\"_blank\">Aluminium Profile Corner Joint<\/a><\/li>\r\n<li><a href=\"https:\/\/sinoextrud.com\/product\/industrial-aluminum-brushed-polish-profile-for-railing-and-showroom-decoration\/\" target=\"_blank\">Industrial Aluminum Brushed Polish Profile For Railing And Showroom Decoration<\/a><\/li>\r\n<li><a href=\"https:\/\/sinoextrud.com\/product\/anodized-aluminum\/\" target=\"_blank\">Anodized Aluminum<\/a><\/li>\r\n<li><a href=\"https:\/\/sinoextrud.com\/product\/extruded-aluminum-door-frame\/\" target=\"_blank\">Extruded Aluminum Door Frame<\/a><\/li>\r\n<li><a href=\"https:\/\/sinoextrud.com\/product\/6463-brightness-polished-shower-room-u-channel-aluminum-profile\/\" target=\"_blank\">6463 Brightness Polished Shower Room U Channel Aluminum Profile<\/a><\/li>"},"feature_list":[]},"_links":{"self":[{"href":"https:\/\/sinoextrud.com\/de\/wp-json\/wp\/v2\/product\/6050","targetHints":{"allow":["GET"]}}],"collection":[{"href":"https:\/\/sinoextrud.com\/de\/wp-json\/wp\/v2\/product"}],"about":[{"href":"https:\/\/sinoextrud.com\/de\/wp-json\/wp\/v2\/types\/product"}],"wp:featuredmedia":[{"embeddable":true,"href":"https:\/\/sinoextrud.com\/de\/wp-json\/wp\/v2\/media\/6049"}],"wp:attachment":[{"href":"https:\/\/sinoextrud.com\/de\/wp-json\/wp\/v2\/media?parent=6050"}],"wp:term":[{"taxonomy":"category","embeddable":true,"href":"https:\/\/sinoextrud.com\/de\/wp-json\/wp\/v2\/categories?post=6050"}],"curies":[{"name":"wp","href":"https:\/\/api.w.org\/{rel}","templated":true}]}}