{"id":6042,"date":"2025-05-24T03:06:08","date_gmt":"2025-05-24T03:06:08","guid":{"rendered":"https:\/\/sinoextrud.com\/product\/anodized-extruded-aluminum-edging-for-plywood\/"},"modified":"2025-06-24T03:53:39","modified_gmt":"2025-06-24T03:53:39","slug":"eloxierte-stranggepresste-aluminiumkanten-fur-sperrholz","status":"publish","type":"product","link":"https:\/\/sinoextrud.com\/de\/product\/anodized-extruded-aluminum-edging-for-plywood\/","title":{"rendered":"Eloxierte stranggepresste Aluminiumkanten f\u00fcr Sperrholz"},"content":{"rendered":"<h2>Produkte Details<\/h2>\n<table class=\"custom-table\">\n<tr>\n<td class=\"label\">Note:<\/td>\n<td>6063 -t5<\/td>\n<\/tr>\n<tr>\n<td class=\"label\">Die Technik:<\/td>\n<td>Eloxiertes stranggepresstes Aluminium<\/td>\n<\/tr>\n<tr>\n<td class=\"label\">Temperament:<\/td>\n<td>T3 - T8<\/td>\n<\/tr>\n<tr>\n<td class=\"label\">Bearbeitende Dienstleistungen:<\/td>\n<td>Bohren, Gewindeschneiden, Nieten, Montage, etc.<\/td>\n<\/tr>\n<tr>\n<td class=\"label\">Art:<\/td>\n<td>Eloxierte stranggepresste Aluminiumkanten f\u00fcr Sperrholz<\/td>\n<\/tr>\n<tr>\n<td class=\"label\">Die Form:<\/td>\n<td>Hergestellt nach Kundenwunsch<\/td>\n<\/tr>\n<tr>\n<td class=\"label\">Oberfl\u00e4chenbehandlung:<\/td>\n<td>Mill Finish Eloxiert Geb\u00fcrstet<\/td>\n<\/tr>\n<tr>\n<td class=\"label\">L\u00e4nge:<\/td>\n<td>3m bis 6m pro L\u00e4nge<\/td>\n<\/tr>\n<tr>\n<td class=\"label\">Farben:<\/td>\n<td>Silber Schwarz<\/td>\n<\/tr>\n<tr>\n<td class=\"label\">HS-Code:<\/td>\n<td>76042990<\/td>\n<\/tr>\n<\/table>\n<h2>Unsere Produktionsbasis<\/h2>\n<h3>Fabrik-Panorama<\/h3>\n<p><img decoding=\"async\" src=\"\/wp-content\/uploads\/factory-01.webp\"\/><\/p>\n<h3>Werkstatt zur Herstellung von Aluminiumstangen<\/h3>\n<p><img decoding=\"async\" src=\"\/wp-content\/uploads\/factory-02.webp\"\/><\/p>\n<p><img decoding=\"async\" src=\"\/wp-content\/uploads\/factory-03.webp\"\/><\/p>\n<h3>Lagerhaus f\u00fcr Formen<\/h3>\n<p><img decoding=\"async\" src=\"\/wp-content\/uploads\/factory-04.webp\"\/><\/p>\n<h3>43 Aluminium-Strangpressanlagen (500\u00e2\u20ac\"5500 Tonnen)<\/h3>\n<p><img decoding=\"async\" src=\"\/wp-content\/uploads\/factory-05.webp\"\/><\/p>\n<p><img decoding=\"async\" src=\"\/wp-content\/uploads\/factory-06.webp\"\/><\/p>\n<p><img decoding=\"async\" src=\"\/wp-content\/uploads\/factory-07.webp\"\/><\/p>\n<h3>Werkstatt f\u00fcr Pulverbeschichtung<\/h3>\n<p><img decoding=\"async\" src=\"\/wp-content\/uploads\/factory-09.webp\"\/><\/p>\n<h3>Eloxal-Werkstatt<\/h3>\n<p><img decoding=\"async\" src=\"\/wp-content\/uploads\/factory-10.webp\"\/><\/p>\n<h3>Workshop zur Tiefenverarbeitung<\/h3>\n<p><img decoding=\"async\" src=\"\/wp-content\/uploads\/factory-11.webp\"\/><\/p>\n<h3>CNC-Pr\u00e4zisionsbearbeitungswerkstatt<\/h3>\n<p><img decoding=\"async\" src=\"\/wp-content\/uploads\/factory-11.5.webp\"\/><\/p>\n<h3>Lager f\u00fcr Fertigprodukte und Export<\/h3>\n<p><img decoding=\"async\" src=\"\/wp-content\/uploads\/factory-12.webp\"\/><\/p>\n<p><img decoding=\"async\" src=\"\/wp-content\/uploads\/factory-13.webp\"\/><\/p>\n<p><img decoding=\"async\" src=\"\/wp-content\/uploads\/factory-14.webp\"\/><\/p>\n<h2>FAQ<\/h2>\n<p><p><b>1. was ist eloxiertes stranggepresstes Aluminium Kanten f\u00fcr Sperrholz? <\/b><\/p>\n<p> Eloxierte stranggepresste Aluminiumkanten f\u00fcr Sperrholz sind sch\u00fctzende und dekorative Aluminiumleisten, die zur Verst\u00e4rkung und zum Abschluss der freiliegenden Kanten von Sperrholzplatten dienen.<br \/>\n<\/p><br \/>\n<br \/>\n<p><b>2 Was sind die Vorteile der Verwendung von eloxiertem Aluminium auf Sperrholz? <\/b><\/p>\n<p> Es bietet Kantenschutz, verbessert das Erscheinungsbild, verhindert Absplitterungen und bietet dank seiner dauerhaften eloxierten Oberfl\u00e4che Korrosionsschutz.<br \/>\n<\/p><br \/>\n<br \/>\n<p><b>3. warum eloxiertes Aluminium f\u00fcr Sperrholzkanten w\u00e4hlen? <\/b><\/p>\n<p> Eloxiertes Aluminium ist leicht, rostfrei und bietet eine dauerhafte Oberfl\u00e4che, die sowohl die Haltbarkeit als auch die \u00c4sthetik von Sperrholzoberfl\u00e4chen verbessert.<br \/>\n<\/p><br \/>\n<br \/>\n<p><b>4. ist eloxiertes stranggepresstes Aluminium leicht zu installieren? <\/b><\/p>\n<p> Ja, es l\u00e4sst sich leicht zuschneiden und anbringen und kann mit Kleber, N\u00e4geln oder Schrauben befestigt werden, wodurch es sich sowohl f\u00fcr professionelle als auch f\u00fcr Heimwerker-Anwendungen eignet.<br \/>\n<\/p><br \/>\n<br \/>\n<p><b>5. k\u00f6nnen eloxierte Aluminiumkanten f\u00fcr Sperrholz im Innen- und Au\u00dfenbereich verwendet werden? <\/b><\/p>\n<p> Durch seine Eloxalschicht ist er sowohl f\u00fcr den Innen- als auch f\u00fcr den Au\u00dfenbereich geeignet und bietet einen starken Schutz gegen Feuchtigkeit und Abnutzung.<br \/>\n<\/p><br \/>\n<br \/>\n<p><b>6. welche Oberfl\u00e4chen sind f\u00fcr eloxierte Aluminiumkanten erh\u00e4ltlich? <\/b><\/p>\n<p> Zu den g\u00e4ngigen Oberfl\u00e4chen geh\u00f6ren matt, geb\u00fcrstet, satiniert und gl\u00e4nzend, mit Farboptionen wie Silber, Schwarz, Gold und Bronze f\u00fcr individuelle Gestaltungsm\u00f6glichkeiten.<br \/>\n<\/p><br \/>\n<br \/>\n<p><b>7. ob eloxierte Kanten das Aussehen von Sperrholzm\u00f6beln verbessern? <\/b><\/p>\n<p> Ja, es verleiht den M\u00f6beln und Schr\u00e4nken aus Sperrholz ein schlankes, modernes Aussehen und klare Linien, die das Gesamtbild und den Wert der M\u00f6bel und Schr\u00e4nke aus Sperrholz verbessern.<br \/>\n<\/p><br \/>\n<br \/>\n<p><b>8. ist eloxiertes stranggepresstes Aluminium Kanten anpassbar? <\/b><\/p>\n<p> Ja, es kann in Dicke, Breite, Form und Eloxalfarbe individuell angepasst werden, um spezifische Design- und Funktionsanforderungen zu erf\u00fcllen.<br \/>\n<\/p><br \/>\n<br \/>\n<p><b>9. wie lange h\u00e4lt die eloxierte Oberfl\u00e4che von Aluminiumkanten? <\/b><\/p>\n<p> Die eloxierte Oberfl\u00e4che ist extrem haltbar und kann unter normalen Nutzungsbedingungen jahrzehntelang halten, ohne abzubl\u00e4ttern, zu verblassen oder zu korrodieren.<br \/>\n<\/p><br \/>\n<br \/>\n<p><b>10. sind eloxierte Aluminiumkanten umweltfreundlich? <\/b><\/p>\n<p> Ja, Aluminium ist 100% recycelbar und die Eloxierung ist ein sicheres, umweltfreundliches Verfahren, was es zu einer nachhaltigen Kantenl\u00f6sung f\u00fcr Sperrholzprodukte macht.<br \/>\n<\/p><br \/><\/p>","protected":false},"featured_media":6041,"template":"","categories":[57],"class_list":["post-6042","product","type-product","status-publish","has-post-thumbnail","hentry","category-anodized-aluminum-profile"],"meta_box":{"hilight_text_group":{"product_hilight_text":"<li>Protects plywood edges from damage, moisture, and wear<\/li>\r\r\n<li>Anodized finish offers a sleek look and enhanced corrosion resistance<\/li>\r\r\n<li>Provides a clean, professional edge for furniture, panels, and displays<\/li>\r\r\n<li>Easy to cut and install, improving production efficiency<\/li>\r\r\n<li>Available in various sizes and finishes to match design requirements<\/li>","product_chanpin_chanpin":"<li><a href=\"https:\/\/sinoextrud.com\/product\/anodized-champagne-aluminium-color-matte-anodized-sand-blasting-6063-alloy-extrusion-profiles\/\" target=\"_blank\">Anodized Champagne aluminium color matte anodized sand blasting 6063 alloy extrusion profiles<\/a><\/li>\r\n<li><a href=\"https:\/\/sinoextrud.com\/product\/anodized-aluminium-extrusion-profile-for-frame-construction-system\/\" target=\"_blank\">Anodized aluminium extrusion profile for frame construction system<\/a><\/li>\r\n<li><a href=\"https:\/\/sinoextrud.com\/product\/anodized-mill-finish-auminium-extrusion-angle\/\" target=\"_blank\">Anodized Mill Finish Auminium Extrusion Angle<\/a><\/li>\r\n<li><a href=\"https:\/\/sinoextrud.com\/product\/anodised-aluminium-extrusions\/\" target=\"_blank\">Anodised Aluminium Extrusions<\/a><\/li>\r\n<li><a href=\"https:\/\/sinoextrud.com\/product\/anodized-extruded-aluminum-edging-for-plywood\/\" target=\"_blank\">Anodized Extruded Aluminum Edging For Plywood<\/a><\/li>\r\n<li><a href=\"https:\/\/sinoextrud.com\/product\/extruded-aluminium-profile-with-sand-blasted-treatment\/\" target=\"_blank\">Extruded Aluminium Profile With Sand Blasted Treatment<\/a><\/li>\r\n<li><a href=\"https:\/\/sinoextrud.com\/product\/anodized-aluminum-trim-molding\/\" target=\"_blank\">Anodized Aluminum Trim Molding<\/a><\/li>\r\n<li><a href=\"https:\/\/sinoextrud.com\/product\/sandblasted-aluminum-profile\/\" target=\"_blank\">Sandblasted Aluminum Profile<\/a><\/li>\r\n<li><a href=\"https:\/\/sinoextrud.com\/product\/extruded-aluminum-stock\/\" target=\"_blank\">Extruded Aluminum Stock<\/a><\/li>\r\n<li><a href=\"https:\/\/sinoextrud.com\/product\/vertical-type-screen-ceiling-system\/\" target=\"_blank\">Vertical Type Screen Ceiling System<\/a><\/li>\r\n<li><a href=\"https:\/\/sinoextrud.com\/product\/aluminium-decorative-furniture-metal-wall-trim\/\" target=\"_blank\">Aluminium Decorative Furniture Metal Wall Trim<\/a><\/li>"},"feature_list":[]},"_links":{"self":[{"href":"https:\/\/sinoextrud.com\/de\/wp-json\/wp\/v2\/product\/6042","targetHints":{"allow":["GET"]}}],"collection":[{"href":"https:\/\/sinoextrud.com\/de\/wp-json\/wp\/v2\/product"}],"about":[{"href":"https:\/\/sinoextrud.com\/de\/wp-json\/wp\/v2\/types\/product"}],"wp:featuredmedia":[{"embeddable":true,"href":"https:\/\/sinoextrud.com\/de\/wp-json\/wp\/v2\/media\/6041"}],"wp:attachment":[{"href":"https:\/\/sinoextrud.com\/de\/wp-json\/wp\/v2\/media?parent=6042"}],"wp:term":[{"taxonomy":"category","embeddable":true,"href":"https:\/\/sinoextrud.com\/de\/wp-json\/wp\/v2\/categories?post=6042"}],"curies":[{"name":"wp","href":"https:\/\/api.w.org\/{rel}","templated":true}]}}