{"id":6036,"date":"2025-05-24T02:46:22","date_gmt":"2025-05-24T02:46:22","guid":{"rendered":"https:\/\/sinoextrud.com\/product\/anodized-aluminium-extrusion-profile-for-frame-construction-system\/"},"modified":"2025-06-24T03:53:35","modified_gmt":"2025-06-24T03:53:35","slug":"eloxiertes-aluminium-strangpressprofil-fur-rahmenbausystem","status":"publish","type":"product","link":"https:\/\/sinoextrud.com\/de\/product\/anodized-aluminium-extrusion-profile-for-frame-construction-system\/","title":{"rendered":"Eloxiertes Aluminium-Strangpressprofil f\u00fcr Rahmenbausystem"},"content":{"rendered":"<h2>Produkte Details<\/h2>\n<table class=\"custom-table\">\n<tr>\n<td class=\"label\">Artikel:<\/td>\n<td>Eloxiertes Aluminium-Strangpressprofil f\u00fcr Rahmenbausystem<\/td>\n<\/tr>\n<tr>\n<td class=\"label\">Temperament:<\/td>\n<td>T3-T8<\/td>\n<\/tr>\n<tr>\n<td class=\"label\">Die Form:<\/td>\n<td>Kundenspezifisch<\/td>\n<\/tr>\n<tr>\n<td class=\"label\">Material:<\/td>\n<td>6063<\/td>\n<\/tr>\n<tr>\n<td class=\"label\">Farbe:<\/td>\n<td>Kundenspezifische Farbe<\/td>\n<\/tr>\n<tr>\n<td class=\"label\">Lieferzeiten:<\/td>\n<td>25-30 Tage<\/td>\n<\/tr>\n<tr>\n<td class=\"label\">Zahlungsfrist:<\/td>\n<td>30% Anzahlung, 70% Restbetrag vor Lieferung<\/td>\n<\/tr>\n<tr>\n<td class=\"label\">Hafen:<\/td>\n<td>Guangzhou, Shenzhen<\/td>\n<\/tr>\n<tr>\n<td class=\"label\">Note:<\/td>\n<td>Serie 6000<\/td>\n<\/tr>\n<tr>\n<td class=\"label\">Ort der Herkunft:<\/td>\n<td>Foshan, Guangdong<\/td>\n<\/tr>\n<tr>\n<td class=\"label\">Legierung oder nicht:<\/td>\n<td>Legierung<\/td>\n<\/tr>\n<tr>\n<td class=\"label\">Oberfl\u00e4chenbehandlung:<\/td>\n<td>Eloxiert, pulverbeschichtet, geb\u00fcrstet, sandgestrahlt, Holzmaserung<\/td>\n<\/tr>\n<tr>\n<td class=\"label\">MOQ:<\/td>\n<td>200kg<\/td>\n<\/tr>\n<tr>\n<td class=\"label\">Bearbeitungsservice:<\/td>\n<td>Biegen, Abwickeln, Schwei\u00dfen, Stanzen, Schneiden<\/td>\n<\/tr>\n<\/table>\n<h2>Unsere Produktionsbasis<\/h2>\n<h3>Fabrik-Panorama<\/h3>\n<p><img decoding=\"async\" src=\"\/wp-content\/uploads\/factory-01.webp\"\/><\/p>\n<h3>Werkstatt zur Herstellung von Aluminiumstangen<\/h3>\n<p><img decoding=\"async\" src=\"\/wp-content\/uploads\/factory-02.webp\"\/><\/p>\n<\/p>\n<p><img decoding=\"async\" src=\"\/wp-content\/uploads\/factory-03.webp\"\/><\/p>\n<h3>Lagerhaus f\u00fcr Formen<\/h3>\n<p><img decoding=\"async\" src=\"\/wp-content\/uploads\/factory-04.webp\"\/><\/p>\n<h3>43 Aluminium-Strangpressanlagen (500-5500 Tonnen)<\/h3>\n<p><img decoding=\"async\" src=\"\/wp-content\/uploads\/factory-05.webp\"\/><\/p>\n<p><img decoding=\"async\" src=\"\/wp-content\/uploads\/factory-06.webp\"\/><\/p>\n<p><img decoding=\"async\" src=\"\/wp-content\/uploads\/factory-07.webp\"\/><\/p>\n<h3>Werkstatt f\u00fcr Pulverbeschichtung<\/h3>\n<p><img decoding=\"async\" src=\"\/wp-content\/uploads\/factory-09.webp\"\/><\/p>\n<h3>Eloxal-Werkstatt<\/h3>\n<p><img decoding=\"async\" src=\"\/wp-content\/uploads\/factory-10.webp\"\/><\/p>\n<h3>Workshop zur Tiefenverarbeitung<\/h3>\n<p><img decoding=\"async\" src=\"\/wp-content\/uploads\/factory-11.webp\"\/><\/p>\n<h3>CNC-Pr\u00e4zisionsbearbeitungswerkstatt<\/h3>\n<p><img decoding=\"async\" src=\"\/wp-content\/uploads\/factory-11.5.webp\"\/><\/p>\n<h3>Lager f\u00fcr Fertigprodukte und Export<\/h3>\n<p><img decoding=\"async\" src=\"\/wp-content\/uploads\/factory-12.webp\"\/><\/p>\n<p><img decoding=\"async\" src=\"\/wp-content\/uploads\/factory-13.webp\"\/><\/p>\n<p><img decoding=\"async\" src=\"\/wp-content\/uploads\/factory-14.webp\"\/><\/p>\n<h2>FAQ<\/h2>\n<p><b>1. was ist ein eloxiertes Aluminium-Strangpressprofil f\u00fcr Rahmenbau-Systeme? <\/b><\/p>\n<p> Es handelt sich um ein Aluminiumprofil mit eloxierter Oberfl\u00e4che, das speziell f\u00fcr modulare Rahmenkonstruktionssysteme entwickelt wurde, die in industriellen, architektonischen und gewerblichen Strukturen verwendet werden.\n<\/p>\n<p><\/p>\n<p><b>2 Was sind die Vorteile der Verwendung von eloxierten Aluminium-Strangpressprofilen im Rahmenbau? <\/b><\/p>\n<p> Diese Profile bieten eine hervorragende Korrosionsbest\u00e4ndigkeit, Oberfl\u00e4chenbest\u00e4ndigkeit, strukturelle Festigkeit und eine elegante \u00c4sthetik, die sich f\u00fcr verschiedene Rahmendesigns eignet.\n<\/p>\n<p><\/p>\n<p><b>3. warum ist Eloxieren f\u00fcr Aluminiumprofile im Rahmenbau wichtig? <\/b><\/p>\n<p> Durch das Eloxieren wird eine sch\u00fctzende Oxidschicht erzeugt, die die Verschlei\u00dffestigkeit verbessert, das Aussehen verbessert und Korrosion in anspruchsvollen Umgebungen verhindert.\n<\/p>\n<p><\/p>\n<p><b>4. sind eloxierte Aluminium-Strangpressprofile f\u00fcr Au\u00dfenrahmensysteme geeignet? <\/b><\/p>\n<p> Ja, ihre eloxierte Oberfl\u00e4che sch\u00fctzt vor UV-Strahlen, Feuchtigkeit und Witterungseinfl\u00fcssen und macht sie ideal f\u00fcr den Au\u00dfeneinsatz.\n<\/p>\n<p><\/p>\n<p><b>5. k\u00f6nnen eloxierte Aluminium-Extrusionsprofile f\u00fcr Bausysteme angepasst werden? <\/b><\/p>\n<p> Nat\u00fcrlich k\u00f6nnen die Profile in Gr\u00f6\u00dfe, Querschnitt, L\u00e4nge und Ausf\u00fchrung an die jeweiligen strukturellen und gestalterischen Anforderungen angepasst werden.\n<\/p>\n<p><\/p>\n<p><b>6. f\u00fcr welche Anwendungen werden eloxierte Aluminium-Profile im Rahmenbau verwendet? <\/b><\/p>\n<p> Sie werden h\u00e4ufig in Maschinengeh\u00e4usen, Displaysystemen, Arbeitspl\u00e4tzen, Reinr\u00e4umen, Trennw\u00e4nden und modularen Geb\u00e4uden eingesetzt.\n<\/p>\n<p><\/p>\n<p><b>7. wie stark sind eloxierte Aluminiumprofile f\u00fcr den strukturellen Rahmenbau? <\/b><\/p>\n<p> Diese aus hochwertigen Legierungen wie 6063 oder 6061 hergestellten Profile bieten ein hervorragendes Verh\u00e4ltnis zwischen Festigkeit und Gewicht und eignen sich sowohl f\u00fcr leichte als auch f\u00fcr hochbelastbare Rahmen.\n<\/p>\n<p><\/p>\n<p><b>8. sind eloxierte Profile in Rahmensystemen umweltfreundlich? <\/b><\/p>\n<p> Ja, Aluminium ist vollst\u00e4ndig recycelbar, und die Eloxierung ist eine sichere, schonende Oberfl\u00e4chenbehandlung, die nachhaltige Baupraktiken unterst\u00fctzt.\n<\/p>\n<p><\/p>\n<p><b>9. m\u00fcssen eloxierte Profile im Rahmenbau gewartet werden? <\/b><\/p>\n<p> Der Wartungsaufwand ist sehr gering - es ist lediglich eine routinem\u00e4\u00dfige Reinigung erforderlich, um die Oberfl\u00e4chenbeschaffenheit und die strukturelle Integrit\u00e4t zu erhalten.\n<\/p>\n<p><\/p>\n<p><b>10. wie verbessern eloxierte Aluminiumprofile die Effizienz modularer Rahmensysteme? <\/b><\/p>\n<p> Ihre leichten, vorgefertigten Oberfl\u00e4chen und ihre Kompatibilit\u00e4t mit Steckverbindern machen die Installation schneller, einfacher und kosteng\u00fcnstiger.\n<\/p>\n<p><\/p>","protected":false},"featured_media":6035,"template":"","categories":[57],"class_list":["post-6036","product","type-product","status-publish","has-post-thumbnail","hentry","category-anodized-aluminum-profile"],"meta_box":{"hilight_text_group":{"product_hilight_text":"<li>Ideal for modular frame construction in automation, workstations, and enclosures<\/li>\r\r\n<li>Anodized surface offers enhanced durability, corrosion resistance, and professional appearance<\/li>\r\r\n<li>Standardized slot design ensures compatibility with a wide range of connectors and accessories<\/li>\r\r\n<li>Lightweight yet high-strength 6063 alloy for stable and easy-to-handle structures<\/li>\r\r\n<li>Custom lengths and cross-sections available to match specific system requirements<\/li>","product_chanpin_chanpin":"<li><a href=\"https:\/\/sinoextrud.com\/product\/wood-grain-customize-aluminium-extrusion-rail\/\" target=\"_blank\">Wood Grain Customize Aluminium Extrusion Rail<\/a><\/li>\r\n<li><a href=\"https:\/\/sinoextrud.com\/product\/sandblasted-mechanical-streak-removed-aluminium-profiles\/\" target=\"_blank\">Sandblasted Mechanical streak removed aluminium profiles<\/a><\/li>\r\n<li><a href=\"https:\/\/sinoextrud.com\/product\/anodized-extruded-aluminium-glazing-profiles\/\" target=\"_blank\">Anodized Extruded Aluminium Glazing Profiles<\/a><\/li>\r\n<li><a href=\"https:\/\/sinoextrud.com\/product\/anodized-champagne-aluminium-color-matte-anodized-sand-blasting-6063-alloy-extrusion-profiles\/\" target=\"_blank\">Anodized Champagne aluminium color matte anodized sand blasting 6063 alloy extrusion profiles<\/a><\/li>\r\n<li><a href=\"https:\/\/sinoextrud.com\/product\/anodized-aluminium-extrusion-profile-for-frame-construction-system\/\" target=\"_blank\">Anodized aluminium extrusion profile for frame construction system<\/a><\/li>\r\n<li><a href=\"https:\/\/sinoextrud.com\/product\/anodized-mill-finish-auminium-extrusion-angle\/\" target=\"_blank\">Anodized Mill Finish Auminium Extrusion Angle<\/a><\/li>\r\n<li><a href=\"https:\/\/sinoextrud.com\/product\/anodised-aluminium-extrusions\/\" target=\"_blank\">Anodised Aluminium Extrusions<\/a><\/li>\r\n<li><a href=\"https:\/\/sinoextrud.com\/product\/anodized-extruded-aluminum-edging-for-plywood\/\" target=\"_blank\">Anodized Extruded Aluminum Edging For Plywood<\/a><\/li>\r\n<li><a href=\"https:\/\/sinoextrud.com\/product\/extruded-aluminium-profile-with-sand-blasted-treatment\/\" target=\"_blank\">Extruded Aluminium Profile With Sand Blasted Treatment<\/a><\/li>\r\n<li><a href=\"https:\/\/sinoextrud.com\/product\/diamond-type-ceiling-system\/\" target=\"_blank\">Diamond Type Ceiling System (Diamond plate Ceiling Tiles)<\/a><\/li>\r\n<li><a href=\"https:\/\/sinoextrud.com\/product\/matte-champagne-floor-and-stair-step-parquet-tile-carpet-trim-transition-aluminium-profile\/\" target=\"_blank\">Matte champagne floor and stair step parquet tile carpet trim transition aluminium profile<\/a><\/li>"},"feature_list":[]},"_links":{"self":[{"href":"https:\/\/sinoextrud.com\/de\/wp-json\/wp\/v2\/product\/6036","targetHints":{"allow":["GET"]}}],"collection":[{"href":"https:\/\/sinoextrud.com\/de\/wp-json\/wp\/v2\/product"}],"about":[{"href":"https:\/\/sinoextrud.com\/de\/wp-json\/wp\/v2\/types\/product"}],"wp:featuredmedia":[{"embeddable":true,"href":"https:\/\/sinoextrud.com\/de\/wp-json\/wp\/v2\/media\/6035"}],"wp:attachment":[{"href":"https:\/\/sinoextrud.com\/de\/wp-json\/wp\/v2\/media?parent=6036"}],"wp:term":[{"taxonomy":"category","embeddable":true,"href":"https:\/\/sinoextrud.com\/de\/wp-json\/wp\/v2\/categories?post=6036"}],"curies":[{"name":"wp","href":"https:\/\/api.w.org\/{rel}","templated":true}]}}