{"id":6031,"date":"2025-05-24T02:37:47","date_gmt":"2025-05-24T02:37:47","guid":{"rendered":"https:\/\/sinoextrud.com\/product\/anodized-champagne-aluminium-color-matte-anodized-sand-blasting-6063-alloy-extrusion-profiles\/"},"modified":"2025-06-24T03:53:32","modified_gmt":"2025-06-24T03:53:32","slug":"eloxiert-champagner-aluminium-farbe-matt-eloxiert-sandstrahlen-6063-legierung-strangpressprofile","status":"publish","type":"product","link":"https:\/\/sinoextrud.com\/de\/product\/anodized-champagne-aluminium-color-matte-anodized-sand-blasting-6063-alloy-extrusion-profiles\/","title":{"rendered":"Eloxierte Champagner Aluminium Farbe matt eloxiert Sandstrahlen 6063 Legierung Extrusionsprofile"},"content":{"rendered":"<h2>Produkte Details<\/h2>\n<table class=\"custom-table\">\n<tr>\n<td class=\"label\">Marke:<\/td>\n<td>Eloxierte Champagner Aluminium Farbe matt eloxiert Sandstrahlen 6063 Legierung Extrusionsprofile<\/td>\n<\/tr>\n<tr>\n<td class=\"label\">Material:<\/td>\n<td>Legierung-6063-T5<\/td>\n<\/tr>\n<tr>\n<td class=\"label\">Oberfl\u00e4chenbehandlung:<\/td>\n<td>Eloxiertes Aluminium, Pulverbeschichtung,<\/td>\n<\/tr>\n<tr>\n<td class=\"label\">Farbe Option:<\/td>\n<td>Silber, Champagner, Bronze, Gold, Schwarz, Sandbeschichtung, mattes Silber oder kundenspezifisch<\/td>\n<\/tr>\n<tr>\n<td class=\"label\">Filmstandard:<\/td>\n<td>Eloxiert: 7-23micron<\/td>\n<\/tr>\n<tr>\n<td class=\"label\">MOQ:<\/td>\n<td>200KGS<\/td>\n<\/tr>\n<tr>\n<td class=\"label\">Lieferfrist:<\/td>\n<td>15-30 Tage<\/td>\n<\/tr>\n<tr>\n<td class=\"label\">L\u00e4nge:<\/td>\n<td>5.8-6M oder kundenspezifisch<\/td>\n<\/tr>\n<\/table>\n<h2>Unsere Produktionsbasis<\/h2>\n<h3>Fabrik-Panorama<\/h3>\n<p><img decoding=\"async\" src=\"\/wp-content\/uploads\/factory-01.webp\"\/><\/p>\n<h3>Werkstatt zur Herstellung von Aluminiumstangen<\/h3>\n<p><img decoding=\"async\" src=\"\/wp-content\/uploads\/factory-02.webp\"\/><\/p>\n<\/p>\n<p><img decoding=\"async\" src=\"\/wp-content\/uploads\/factory-03.webp\"\/><\/p>\n<h3>Lagerhaus f\u00fcr Formen<\/h3>\n<p><img decoding=\"async\" src=\"\/wp-content\/uploads\/factory-04.webp\"\/><\/p>\n<h3>43 Aluminium-Strangpressanlagen (500\u00e2\u20ac\"5500 Tonnen)<\/h3>\n<p><img decoding=\"async\" src=\"\/wp-content\/uploads\/factory-05.webp\"\/><\/p>\n<p><img decoding=\"async\" src=\"\/wp-content\/uploads\/factory-06.webp\"\/><\/p>\n<p><img decoding=\"async\" src=\"\/wp-content\/uploads\/factory-07.webp\"\/><\/p>\n<h3>Werkstatt f\u00fcr Pulverbeschichtung<\/h3>\n<p><img decoding=\"async\" src=\"\/wp-content\/uploads\/factory-09.webp\"\/><\/p>\n<h3>Eloxal-Werkstatt<\/h3>\n<p><img decoding=\"async\" src=\"\/wp-content\/uploads\/factory-10.webp\"\/><\/p>\n<h3>Workshop zur Tiefenverarbeitung<\/h3>\n<p><img decoding=\"async\" src=\"\/wp-content\/uploads\/factory-11.webp\"\/><\/p>\n<h3>CNC-Pr\u00e4zisionsbearbeitungswerkstatt<\/h3>\n<p><img decoding=\"async\" src=\"\/wp-content\/uploads\/factory-11.5.webp\"\/><\/p>\n<h3>Lager f\u00fcr Fertigprodukte und Export<\/h3>\n<p><img decoding=\"async\" src=\"\/wp-content\/uploads\/factory-12.webp\"\/><\/p>\n<p><img decoding=\"async\" src=\"\/wp-content\/uploads\/factory-13.webp\"\/><\/p>\n<p><img decoding=\"async\" src=\"\/wp-content\/uploads\/factory-14.webp\"\/><\/p>\n<h2>FAQ<\/h2>\n<p><b>1. was sind eloxiert Champagner Aluminium Farbe matt eloxiert Sandstrahlen 6063 Legierung Extrusionsprofile? <\/b><\/p>\n<p> Es handelt sich um 6063-Aluminium-Strangpressprofile, die durch Sandstrahlen und mattes Eloxieren in der Farbe Champagner veredelt wurden und ein hochwertiges Aussehen und eine verbesserte Oberfl\u00e4chenbest\u00e4ndigkeit bieten.\n<\/p>\n<p><\/p>\n<p><b>2. was sind die wichtigsten Merkmale von Champagne eloxiertem Aluminium 6063 Profile? <\/b><\/p>\n<p> Sie zeichnen sich durch ein elegantes, mattes Champagner-Finish, hervorragende Korrosionsbest\u00e4ndigkeit und eine gleichm\u00e4\u00dfige Oberfl\u00e4chenstruktur aus und sind ideal f\u00fcr dekorative und strukturelle Anwendungen.\n<\/p>\n<p><\/p>\n<p><b>3. warum 6063 Legierung f\u00fcr eloxierte Extrusionsprofile w\u00e4hlen? <\/b><\/p>\n<p> Die Aluminiumlegierung 6063 bietet eine hervorragende Strangpressbarkeit und Oberfl\u00e4cheng\u00fcte und eignet sich hervorragend f\u00fcr Eloxalverfahren, insbesondere f\u00fcr architektonische Anwendungen.\n<\/p>\n<p><\/p>\n<p><b>4) Welche Vorteile bietet das Sandstrahlen vor dem Eloxieren von Aluminiumprofilen? <\/b><\/p>\n<p> Das Sandstrahlen entfernt mechanische Linien und Unebenheiten und sorgt f\u00fcr eine glatte, gleichm\u00e4\u00dfige matte Oberfl\u00e4che, die ideal f\u00fcr hochwertige Eloxaloberfl\u00e4chen ist.\n<\/p>\n<p><\/p>\n<p><b>5. wo werden eloxierte Champagner-Aluminium-Profile \u00fcblicherweise verwendet? <\/b><\/p>\n<p> Diese Profile werden im Innenausbau, in der M\u00f6belindustrie, in der Architektur, f\u00fcr hochwertige Displaysysteme und f\u00fcr dekorative Einfassungen verwendet.\n<\/p>\n<p><\/p>\n<p><b>Ist die champagnerfarbene Eloxierung f\u00fcr Au\u00dfenanwendungen geeignet? <\/b><\/p>\n<p> Ja, die Eloxalschicht bietet eine hohe UV- und Witterungsbest\u00e4ndigkeit, so dass sie sowohl f\u00fcr den Innen- als auch f\u00fcr den Au\u00dfenbereich geeignet ist.\n<\/p>\n<p><\/p>\n<p><b>7. k\u00f6nnen eloxierte Champagner-Aluminium-Profile angepasst werden? <\/b><\/p>\n<p> Nat\u00fcrlich k\u00f6nnen sie in Form, Gr\u00f6\u00dfe, Wandst\u00e4rke und Eloxalfarbe an die jeweiligen Projektanforderungen angepasst werden.\n<\/p>\n<p><\/p>\n<p><b>8. sind matt eloxierte Aluminiumprofile leicht zu pflegen? <\/b><\/p>\n<p> Ja, die matt eloxierte Oberfl\u00e4che ist resistent gegen Fingerabdr\u00fccke, Schmutz und Korrosion und muss nur leicht gereinigt werden, um sie zu pflegen.\n<\/p>\n<p><\/p>\n<p><b>9. ist eloxiertes Champagner-Aluminium umweltfreundlich? <\/b><\/p>\n<p> Ja, Aluminium ist recycelbar, und das Eloxalverfahren ist umweltvertr\u00e4glich und ungiftig, was zu einem nachhaltigen Design beitr\u00e4gt.\n<\/p>\n<p><\/p>\n<p><b>10. wie verbessert die Farbe Champagner die \u00c4sthetik des Produkts? <\/b><\/p>\n<p> Die champagnerfarbene Oberfl\u00e4che sorgt f\u00fcr einen modernen, eleganten Look und bietet einen luxuri\u00f6sen, aber dezenten Metallton, der sich ideal f\u00fcr gehobene Designanwendungen eignet.\n<\/p>\n<p><\/p>","protected":false},"featured_media":6030,"template":"","categories":[57],"class_list":["post-6031","product","type-product","status-publish","has-post-thumbnail","hentry","category-anodized-aluminum-profile"],"meta_box":{"hilight_text_group":{"product_hilight_text":"<li>Elegant champagne matte finish achieved through anodizing and sandblasting<\/li>\r\r\n<li>6063 alloy ensures excellent surface quality, corrosion resistance, and formability<\/li>\r\r\n<li>Premium aesthetic suitable for high-end architectural and interior applications<\/li>\r\r\n<li>Durable, low-maintenance surface resistant to fading, scratching, and wear<\/li>\r\r\n<li>Customizable dimensions and profiles to meet diverse project specifications<\/li>","product_chanpin_chanpin":"<li><a href=\"https:\/\/sinoextrud.com\/product\/powder-coating-decorative-aluminum-railing\/\" target=\"_blank\">Powder Coating Decorative Aluminum Railing<\/a><\/li>\r\n<li><a href=\"https:\/\/sinoextrud.com\/product\/wood-grain-customize-aluminium-extrusion-rail\/\" target=\"_blank\">Wood Grain Customize Aluminium Extrusion Rail<\/a><\/li>\r\n<li><a href=\"https:\/\/sinoextrud.com\/product\/sandblasted-mechanical-streak-removed-aluminium-profiles\/\" target=\"_blank\">Sandblasted Mechanical streak removed aluminium profiles<\/a><\/li>\r\n<li><a href=\"https:\/\/sinoextrud.com\/product\/anodized-extruded-aluminium-glazing-profiles\/\" target=\"_blank\">Anodized Extruded Aluminium Glazing Profiles<\/a><\/li>\r\n<li><a href=\"https:\/\/sinoextrud.com\/product\/anodized-champagne-aluminium-color-matte-anodized-sand-blasting-6063-alloy-extrusion-profiles\/\" target=\"_blank\">Anodized Champagne aluminium color matte anodized sand blasting 6063 alloy extrusion profiles<\/a><\/li>\r\n<li><a href=\"https:\/\/sinoextrud.com\/product\/anodized-aluminium-extrusion-profile-for-frame-construction-system\/\" target=\"_blank\">Anodized aluminium extrusion profile for frame construction system<\/a><\/li>\r\n<li><a href=\"https:\/\/sinoextrud.com\/product\/anodized-mill-finish-auminium-extrusion-angle\/\" target=\"_blank\">Anodized Mill Finish Auminium Extrusion Angle<\/a><\/li>\r\n<li><a href=\"https:\/\/sinoextrud.com\/product\/anodised-aluminium-extrusions\/\" target=\"_blank\">Anodised Aluminium Extrusions<\/a><\/li>\r\n<li><a href=\"https:\/\/sinoextrud.com\/product\/anodized-extruded-aluminum-edging-for-plywood\/\" target=\"_blank\">Anodized Extruded Aluminum Edging For Plywood<\/a><\/li>\r\n<li><a href=\"https:\/\/sinoextrud.com\/product\/66-mm-aluminum-glass-railing-for-balcony-led-strip-u-channel-stair-railings\/\" target=\"_blank\">6+6 MM Aluminum Glass Railing For Balcony LED Strip U Channel Stair Railings<\/a><\/li>\r\n<li><a href=\"https:\/\/sinoextrud.com\/product\/aluminum-extruded-products\/\" target=\"_blank\">Aluminum Extruded Products<\/a><\/li>"},"feature_list":[]},"_links":{"self":[{"href":"https:\/\/sinoextrud.com\/de\/wp-json\/wp\/v2\/product\/6031","targetHints":{"allow":["GET"]}}],"collection":[{"href":"https:\/\/sinoextrud.com\/de\/wp-json\/wp\/v2\/product"}],"about":[{"href":"https:\/\/sinoextrud.com\/de\/wp-json\/wp\/v2\/types\/product"}],"wp:featuredmedia":[{"embeddable":true,"href":"https:\/\/sinoextrud.com\/de\/wp-json\/wp\/v2\/media\/6030"}],"wp:attachment":[{"href":"https:\/\/sinoextrud.com\/de\/wp-json\/wp\/v2\/media?parent=6031"}],"wp:term":[{"taxonomy":"category","embeddable":true,"href":"https:\/\/sinoextrud.com\/de\/wp-json\/wp\/v2\/categories?post=6031"}],"curies":[{"name":"wp","href":"https:\/\/api.w.org\/{rel}","templated":true}]}}