{"id":6027,"date":"2025-05-24T02:31:23","date_gmt":"2025-05-24T02:31:23","guid":{"rendered":"https:\/\/sinoextrud.com\/product\/sandblasted-mechanical-streak-removed-aluminium-profiles\/"},"modified":"2025-06-24T03:53:28","modified_gmt":"2025-06-24T03:53:28","slug":"sandgestrahlte-mechanisch-gereinigte-aluminiumprofile","status":"publish","type":"product","link":"https:\/\/sinoextrud.com\/de\/product\/sandblasted-mechanical-streak-removed-aluminium-profiles\/","title":{"rendered":"Sandgestrahlte Aluminiumprofile mit mechanischer Schlierenentfernung"},"content":{"rendered":"<h2>Produkte Details<\/h2>\n<table class=\"custom-table\">\n<tr>\n<td class=\"label\">Name: <\/td>\n<td>Sandgestrahlte Aluminiumprofile mit mechanischer Schlierenentfernung<\/td>\n<\/tr>\n<\/table>\n<h2>Unsere Produktionsbasis<\/h2>\n<h3>Fabrik-Panorama<\/h3>\n<p><img decoding=\"async\" src=\"\/wp-content\/uploads\/factory-01.webp\"\/><\/p>\n<h3>Werkstatt zur Herstellung von Aluminiumstangen<\/h3>\n<p><img decoding=\"async\" src=\"\/wp-content\/uploads\/factory-02.webp\"\/><\/p>\n<p><img decoding=\"async\" src=\"\/wp-content\/uploads\/factory-03.webp\"\/><\/p>\n<h3>Lagerhaus f\u00fcr Formen<\/h3>\n<p><img decoding=\"async\" src=\"\/wp-content\/uploads\/factory-04.webp\"\/><\/p>\n<h3>43 Aluminium-Strangpressanlagen (500-5500 Tonnen)<\/h3>\n<p><img decoding=\"async\" src=\"\/wp-content\/uploads\/factory-05.webp\"\/><\/p>\n<p><img decoding=\"async\" src=\"\/wp-content\/uploads\/factory-06.webp\"\/><\/p>\n<p><img decoding=\"async\" src=\"\/wp-content\/uploads\/factory-07.webp\"\/><\/p>\n<h3>Werkstatt f\u00fcr Pulverbeschichtung<\/h3>\n<p><img decoding=\"async\" src=\"\/wp-content\/uploads\/factory-09.webp\"\/><\/p>\n<h3>Eloxal-Werkstatt<\/h3>\n<p><img decoding=\"async\" src=\"\/wp-content\/uploads\/factory-10.webp\"\/><\/p>\n<h3>Workshop zur Tiefenverarbeitung<\/h3>\n<p><img decoding=\"async\" src=\"\/wp-content\/uploads\/factory-11.webp\"\/><\/p>\n<h3>CNC-Pr\u00e4zisionsbearbeitungswerkstatt<\/h3>\n<p><img decoding=\"async\" src=\"\/wp-content\/uploads\/factory-11.5.webp\"\/><\/p>\n<h3>Lager f\u00fcr Fertigprodukte und Export<\/h3>\n<p><img decoding=\"async\" src=\"\/wp-content\/uploads\/factory-12.webp\"\/><\/p>\n<p><img decoding=\"async\" src=\"\/wp-content\/uploads\/factory-13.webp\"\/><\/p>\n<p><img decoding=\"async\" src=\"\/wp-content\/uploads\/factory-14.webp\"\/><\/p>\n<h2>FAQ<\/h2>\n<p><p><b>1.was sind sandgestrahlte, mechanisch streifenentfernte Aluminiumprofile? <\/b><\/p>\n<p> Sandgestrahlte, mechanisch streifenentfernte Aluminiumprofile sind Aluminium-Strangpressprofile, die durch Sandstrahlen behandelt werden, um Oberfl\u00e4chenstreifen zu entfernen und eine glatte, matte Oberfl\u00e4che zu erzielen.<br \/>\n<\/p><br \/>\n<br \/>\n<p><b>2. was sind die Vorteile des Sandstrahlens von Aluminiumprofilen? <\/b><\/p>\n<p> Das Sandstrahlen entfernt Oberfl\u00e4chenfehler, verbessert die Gleichm\u00e4\u00dfigkeit der Textur und bereitet das Aluminium f\u00fcr weitere Veredelungen wie Eloxieren oder Pulverbeschichten vor.<br \/>\n<\/p><br \/>\n<br \/>\n<p><b>3. warum sollten Sie sich f\u00fcr mechanisch streifenentfernte Aluminiumprofile entscheiden? <\/b><\/p>\n<p> Diese Profile sorgen f\u00fcr ein reineres, raffinierteres Erscheinungsbild, was besonders bei sichtbaren architektonischen oder dekorativen Anwendungen wichtig ist.<br \/>\n<\/p><br \/>\n<br \/>\n<p><b>4. wie verbessert das Sandstrahlen die Qualit\u00e4t der Aluminiumoberfl\u00e4che? <\/b><\/p>\n<p> Durch Sandstrahlen wird die Oberfl\u00e4che gegl\u00e4ttet, Extrusionslinien werden beseitigt und es entsteht eine gleichm\u00e4\u00dfige matte Textur, die sowohl optisch als auch haptisch ansprechend ist.<br \/>\n<\/p><br \/>\n<br \/>\n<p><b>5. welche Branchen verwenden sandgestrahlte, mechanisch streifenentfernte Aluminiumprofile? <\/b><\/p>\n<p> Zu den g\u00e4ngigen Branchen geh\u00f6ren die Architektur, die Unterhaltungselektronik, die Inneneinrichtung und die Automobilbranche, sowohl f\u00fcr \u00e4sthetische als auch f\u00fcr funktionale Komponenten.<br \/>\n<\/p><br \/>\n<br \/>\n<p><b>6. ist Sandstrahlen f\u00fcr eloxierte Aluminiumprofile geeignet? <\/b><\/p>\n<p> Ja, Sandstrahlen ist eine ideale Vorbehandlung f\u00fcr das Eloxieren, da es die Haftung der Beschichtung verbessert und zu einer erstklassigen matten Eloxaloberfl\u00e4che f\u00fchrt.<br \/>\n<\/p><br \/>\n<br \/>\n<p><b>7. sind diese Aluminiumprofile anpassbar? <\/b><\/p>\n<p> Die Profile k\u00f6nnen in Form, Gr\u00f6\u00dfe, Legierung und Nachbehandlung genau auf die jeweiligen Design- und Leistungsanforderungen zugeschnitten werden.<br \/>\n<\/p><br \/>\n<br \/>\n<p><b>8 Beeintr\u00e4chtigt das Sandstrahlen die Haltbarkeit von Aluminiumprofilen? <\/b><\/p>\n<p> Nein, das Sandstrahlen ver\u00e4ndert nur die Oberfl\u00e4che und beeintr\u00e4chtigt nicht die strukturelle Festigkeit oder Leistung des Aluminiums.<br \/>\n<\/p><br \/>\n<br \/>\n<p><b>9. sind sandgestrahlte Aluminiumprofile umweltfreundlich? <\/b><\/p>\n<p> Ja, Aluminium ist recycelbar, und das Sandstrahlen ist ein trockenes, chemiefreies Verfahren, das die Umwelt nicht belastet.<br \/>\n<\/p><br \/>\n<br \/>\n<p><b>10. welche Pflege ist f\u00fcr sandgestrahlte Aluminiumoberfl\u00e4chen erforderlich? <\/b><\/p>\n<p> Der Pflegeaufwand ist minimal - regelm\u00e4\u00dfiges Abstauben und sanftes Reinigen tragen dazu bei, dass das gleichm\u00e4\u00dfige matte Aussehen erhalten bleibt, ohne dass ein Polieren erforderlich ist.<br \/>\n<\/p><br \/><\/p>","protected":false},"featured_media":6026,"template":"","categories":[57],"class_list":["post-6027","product","type-product","status-publish","has-post-thumbnail","hentry","category-anodized-aluminum-profile"],"meta_box":{"hilight_text_group":{"product_hilight_text":"<li>Sandblasted finish removes mechanical streaks for a smooth, uniform appearance<\/li>\r\r\n<li>Enhanced surface texture ideal for high-end architectural and decorative applications<\/li>\r\r\n<li>Improved paint and coating adhesion for secondary surface treatments<\/li>\r\r\n<li>Corrosion-resistant and low-maintenance for long-lasting performance<\/li>\r\r\n<li>Available in custom shapes and sizes to meet specific design requirements<\/li>","product_chanpin_chanpin":"<li><a href=\"https:\/\/sinoextrud.com\/product\/aluminum-anodized-surface-profile\/\" target=\"_blank\">Aluminum Anodized Surface Profile<\/a><\/li>\r\n<li><a href=\"https:\/\/sinoextrud.com\/product\/anodized-aluminum-manufacturer-supply-anodized-aluminium-extrusion-tube-6063\/\" target=\"_blank\">anodized aluminum Manufacturer Supply anodized Aluminium Extrusion Tube 6063<\/a><\/li>\r\n<li><a href=\"https:\/\/sinoextrud.com\/product\/powder-coating-decorative-aluminum-railing\/\" target=\"_blank\">Powder Coating Decorative Aluminum Railing<\/a><\/li>\r\n<li><a href=\"https:\/\/sinoextrud.com\/product\/wood-grain-customize-aluminium-extrusion-rail\/\" target=\"_blank\">Wood Grain Customize Aluminium Extrusion Rail<\/a><\/li>\r\n<li><a href=\"https:\/\/sinoextrud.com\/product\/sandblasted-mechanical-streak-removed-aluminium-profiles\/\" target=\"_blank\">Sandblasted Mechanical streak removed aluminium profiles<\/a><\/li>\r\n<li><a href=\"https:\/\/sinoextrud.com\/product\/anodized-extruded-aluminium-glazing-profiles\/\" target=\"_blank\">Anodized Extruded Aluminium Glazing Profiles<\/a><\/li>\r\n<li><a href=\"https:\/\/sinoextrud.com\/product\/anodized-champagne-aluminium-color-matte-anodized-sand-blasting-6063-alloy-extrusion-profiles\/\" target=\"_blank\">Anodized Champagne aluminium color matte anodized sand blasting 6063 alloy extrusion profiles<\/a><\/li>\r\n<li><a href=\"https:\/\/sinoextrud.com\/product\/anodized-aluminium-extrusion-profile-for-frame-construction-system\/\" target=\"_blank\">Anodized aluminium extrusion profile for frame construction system<\/a><\/li>\r\n<li><a href=\"https:\/\/sinoextrud.com\/product\/anodized-mill-finish-auminium-extrusion-angle\/\" target=\"_blank\">Anodized Mill Finish Auminium Extrusion Angle<\/a><\/li>\r\n<li><a href=\"https:\/\/sinoextrud.com\/product\/aluminum-tube-framing\/\" target=\"_blank\">Aluminum Tube Framing<\/a><\/li>\r\n<li><a href=\"https:\/\/sinoextrud.com\/product\/aluminum-skirting-profile\/\" target=\"_blank\">Aluminum Skirting Profile<\/a><\/li>"},"feature_list":[]},"_links":{"self":[{"href":"https:\/\/sinoextrud.com\/de\/wp-json\/wp\/v2\/product\/6027","targetHints":{"allow":["GET"]}}],"collection":[{"href":"https:\/\/sinoextrud.com\/de\/wp-json\/wp\/v2\/product"}],"about":[{"href":"https:\/\/sinoextrud.com\/de\/wp-json\/wp\/v2\/types\/product"}],"wp:featuredmedia":[{"embeddable":true,"href":"https:\/\/sinoextrud.com\/de\/wp-json\/wp\/v2\/media\/6026"}],"wp:attachment":[{"href":"https:\/\/sinoextrud.com\/de\/wp-json\/wp\/v2\/media?parent=6027"}],"wp:term":[{"taxonomy":"category","embeddable":true,"href":"https:\/\/sinoextrud.com\/de\/wp-json\/wp\/v2\/categories?post=6027"}],"curies":[{"name":"wp","href":"https:\/\/api.w.org\/{rel}","templated":true}]}}