{"id":6025,"date":"2025-05-24T02:27:49","date_gmt":"2025-05-24T02:27:49","guid":{"rendered":"https:\/\/sinoextrud.com\/product\/wood-grain-customize-aluminium-extrusion-rail\/"},"modified":"2025-06-24T03:53:26","modified_gmt":"2025-06-24T03:53:26","slug":"holzmaserung-anpassen-aluminium-strangpressprofil","status":"publish","type":"product","link":"https:\/\/sinoextrud.com\/de\/product\/wood-grain-customize-aluminium-extrusion-rail\/","title":{"rendered":"Holzmaserung Aluminium-Strangpressprofil anpassen"},"content":{"rendered":"<h2>Produkte Details<\/h2>\n<table class=\"custom-table\">\n<tr>\n<td class=\"label\">Note:<\/td>\n<td>6063 -t5<\/td>\n<\/tr>\n<tr>\n<td class=\"label\">Die Technik:<\/td>\n<td>Holzmaserung Aluminium-Strangpressprofil anpassen<\/td>\n<\/tr>\n<tr>\n<td class=\"label\">Temperament:<\/td>\n<td>T3 - T8<\/td>\n<\/tr>\n<tr>\n<td class=\"label\">Bearbeitende Dienstleistungen:<\/td>\n<td>Bohren, Gewindeschneiden, Nieten, Montage, etc.<\/td>\n<\/tr>\n<tr>\n<td class=\"label\">Warenzeichen:<\/td>\n<td>Zhonglian Pailian Zhongchang<\/td>\n<\/tr>\n<tr>\n<td class=\"label\">Art:<\/td>\n<td>Holzmaserung Aluminium-Strangpressprofil anpassen<\/td>\n<\/tr>\n<tr>\n<td class=\"label\">Die Form:<\/td>\n<td>Hergestellt nach Kundenwunsch<\/td>\n<\/tr>\n<tr>\n<td class=\"label\">Oberfl\u00e4chenbehandlung:<\/td>\n<td>Mill Finish Eloxiert Geb\u00fcrstet<\/td>\n<\/tr>\n<tr>\n<td class=\"label\">L\u00e4nge:<\/td>\n<td>3m bis 6m pro L\u00e4nge<\/td>\n<\/tr>\n<tr>\n<td class=\"label\">Farben:<\/td>\n<td>Silber Schwarz<\/td>\n<\/tr>\n<tr>\n<td class=\"label\">HS-Code:<\/td>\n<td>76042990<\/td>\n<\/tr>\n<\/table>\n<h2>Unsere Produktionsbasis<\/h2>\n<h3>Fabrik-Panorama<\/h3>\n<p><img decoding=\"async\" src=\"\/wp-content\/uploads\/factory-01.webp\"\/><\/p>\n<h3>Werkstatt zur Herstellung von Aluminiumstangen<\/h3>\n<p><img decoding=\"async\" src=\"\/wp-content\/uploads\/factory-02.webp\"\/><\/p>\n<p><img decoding=\"async\" src=\"\/wp-content\/uploads\/factory-03.webp\"\/><\/p>\n<h3>Lagerhaus f\u00fcr Formen<\/h3>\n<p><img decoding=\"async\" src=\"\/wp-content\/uploads\/factory-04.webp\"\/><\/p>\n<h3>43 Aluminium-Strangpressanlagen (500-5500 Tonnen)<\/h3>\n<p><img decoding=\"async\" src=\"\/wp-content\/uploads\/factory-05.webp\"\/><\/p>\n<p><img decoding=\"async\" src=\"\/wp-content\/uploads\/factory-06.webp\"\/><\/p>\n<p><img decoding=\"async\" src=\"\/wp-content\/uploads\/factory-07.webp\"\/><\/p>\n<h3>Werkstatt f\u00fcr Pulverbeschichtung<\/h3>\n<p><img decoding=\"async\" src=\"\/wp-content\/uploads\/factory-09.webp\"\/><\/p>\n<h3>Eloxal-Werkstatt<\/h3>\n<p><img decoding=\"async\" src=\"\/wp-content\/uploads\/factory-10.webp\"\/><\/p>\n<h3>Workshop zur Tiefenverarbeitung<\/h3>\n<p><img decoding=\"async\" src=\"\/wp-content\/uploads\/factory-11.webp\"\/><\/p>\n<h3>CNC-Pr\u00e4zisionsbearbeitungswerkstatt<\/h3>\n<p><img decoding=\"async\" src=\"\/wp-content\/uploads\/factory-11.5.webp\"\/><\/p>\n<h3>Lager f\u00fcr Fertigprodukte und Export<\/h3>\n<p><img decoding=\"async\" src=\"\/wp-content\/uploads\/factory-12.webp\"\/><\/p>\n<p><img decoding=\"async\" src=\"\/wp-content\/uploads\/factory-13.webp\"\/><\/p>\n<p><img decoding=\"async\" src=\"\/wp-content\/uploads\/factory-14.webp\"\/><\/p>\n<h2>FAQ<\/h2>\n<p><p><b>1. was ist Wood Grain Customize Aluminium Extrusion Rail? <\/b><\/p>\n<p> Wood Grain Customize Aluminium Extrusion Rail ist ein Gel\u00e4nderprofil aus Aluminium mit Holzmaserungseffekt, das die Optik von Holz mit der Festigkeit und Haltbarkeit von Aluminium verbindet.<br \/>\n<\/p><br \/>\n<br \/>\n<p><b>2. was sind die Vorteile von Wood Grain Aluminium Extrusion Rail? <\/b><\/p>\n<p> Dieses Produkt kombiniert das nat\u00fcrliche Aussehen von Holz mit den Vorteilen von Aluminium wie Korrosionsbest\u00e4ndigkeit, geringer Wartungsaufwand und lange Lebensdauer.<br \/>\n<\/p><br \/>\n<br \/>\n<p><b>3. warum die Holzmaserung bei Aluminiumgel\u00e4ndern? <\/b><\/p>\n<p> Die Holzmaserung sorgt f\u00fcr eine warme, nat\u00fcrliche \u00c4sthetik ohne die mit echtem Holz verbundenen Probleme wie Verziehen, Verrotten oder \u00dcberstreichen.<br \/>\n<\/p><br \/>\n<br \/>\n<p><b>4. k\u00f6nnen Holzmaserung Aluminium Extrusion Rails angepasst werden? <\/b><\/p>\n<p> Ja, sie k\u00f6nnen in Farbe, Maserung, Gr\u00f6\u00dfe und Form auf die spezifischen Design- und Architekturanforderungen zugeschnitten werden.<br \/>\n<\/p><br \/>\n<br \/>\n<p><b>5. ist Wood Grain Customize Aluminium Extrusion Rail f\u00fcr den Au\u00dfeneinsatz geeignet? <\/b><\/p>\n<p> Die pulverbeschichtete Holzmaserung ist resistent gegen UV-Strahlen, Feuchtigkeit und raue Witterungseinfl\u00fcsse und damit ideal f\u00fcr Gel\u00e4nder und Z\u00e4une im Freien.<br \/>\n<\/p><br \/>\n<br \/>\n<p><b>6. welche Anwendungen verwenden Holzmaserung Aluminium Extrusion Rail? <\/b><\/p>\n<p> Zu den \u00fcblichen Verwendungszwecken geh\u00f6ren Wohnbalkone, Gartenz\u00e4une, gewerbliche Fassaden und Innentrennw\u00e4nde, die ein holz\u00e4hnliches Aussehen haben sollen.<br \/>\n<\/p><br \/>\n<br \/>\n<p><b>7. wie lange h\u00e4lt die Holzmaserung auf Aluminiumgel\u00e4ndern? <\/b><\/p>\n<p> Die Oberfl\u00e4che kann 15-20 Jahre oder l\u00e4nger halten und beh\u00e4lt ihr Aussehen bei minimalem Pflegeaufwand, ohne dass sie neu gestrichen oder versiegelt werden muss.<br \/>\n<\/p><br \/>\n<br \/>\n<p><b>8. sind holzgemaserte Aluminium-Extrusionsschienen umweltfreundlich? <\/b><\/p>\n<p> Ja, Aluminium ist recycelbar und die Holzmaserung vermeidet die Abholzung von W\u00e4ldern und bietet eine nachhaltige Alternative zu echtem Holz.<br \/>\n<\/p><br \/>\n<br \/>\n<p><b>9. welche Pflege ist f\u00fcr Aluminiumschienen mit Holzmaserung erforderlich? <\/b><\/p>\n<p> Eine gelegentliche Reinigung mit Wasser und einem weichen Tuch reicht aus, um die Oberfl\u00e4che frisch und lebendig aussehen zu lassen.<br \/>\n<\/p><br \/>\n<br \/>\n<p><b>10. wie verbessert Wood Grain Aluminium Extrusion Rail den Immobilienwert? <\/b><\/p>\n<p> Es verleiht \u00c4sthetik, Langlebigkeit und einen modernen Stil, der das Gesamtbild und den geringen Wartungsaufwand von Wohn- und Gewerbeimmobilien aufwertet.<br \/>\n<\/p><br \/><\/p>","protected":false},"featured_media":6024,"template":"","categories":[57],"class_list":["post-6025","product","type-product","status-publish","has-post-thumbnail","hentry","category-anodized-aluminum-profile"],"meta_box":{"hilight_text_group":{"product_hilight_text":"<li>Realistic wood grain finish combines natural look with aluminum durability<\/li>\r\r\n<li>Customizable designs, lengths, and profiles to fit architectural needs<\/li>\r\r\n<li>Weather-resistant and fade-resistant surface for long-term outdoor use<\/li>\r\r\n<li>Lightweight and easy to install, reducing labor and transportation costs<\/li>\r\r\n<li>Low maintenance alternative to traditional wood with no rotting or warping<\/li>","product_chanpin_chanpin":"<li><a href=\"https:\/\/sinoextrud.com\/product\/aluminum-angle-channel-bright-polished-mirror\/\" target=\"_blank\">Aluminum Angle Channel Bright Polished Mirror<\/a><\/li>\r\n<li><a href=\"https:\/\/sinoextrud.com\/product\/aluminum-anodized-surface-profile\/\" target=\"_blank\">Aluminum Anodized Surface Profile<\/a><\/li>\r\n<li><a href=\"https:\/\/sinoextrud.com\/product\/anodized-aluminum-manufacturer-supply-anodized-aluminium-extrusion-tube-6063\/\" target=\"_blank\">anodized aluminum Manufacturer Supply anodized Aluminium Extrusion Tube 6063<\/a><\/li>\r\n<li><a href=\"https:\/\/sinoextrud.com\/product\/powder-coating-decorative-aluminum-railing\/\" target=\"_blank\">Powder Coating Decorative Aluminum Railing<\/a><\/li>\r\n<li><a href=\"https:\/\/sinoextrud.com\/product\/wood-grain-customize-aluminium-extrusion-rail\/\" target=\"_blank\">Wood Grain Customize Aluminium Extrusion Rail<\/a><\/li>\r\n<li><a href=\"https:\/\/sinoextrud.com\/product\/sandblasted-mechanical-streak-removed-aluminium-profiles\/\" target=\"_blank\">Sandblasted Mechanical streak removed aluminium profiles<\/a><\/li>\r\n<li><a href=\"https:\/\/sinoextrud.com\/product\/anodized-extruded-aluminium-glazing-profiles\/\" target=\"_blank\">Anodized Extruded Aluminium Glazing Profiles<\/a><\/li>\r\n<li><a href=\"https:\/\/sinoextrud.com\/product\/anodized-champagne-aluminium-color-matte-anodized-sand-blasting-6063-alloy-extrusion-profiles\/\" target=\"_blank\">Anodized Champagne aluminium color matte anodized sand blasting 6063 alloy extrusion profiles<\/a><\/li>\r\n<li><a href=\"https:\/\/sinoextrud.com\/product\/anodized-aluminium-extrusion-profile-for-frame-construction-system\/\" target=\"_blank\">Anodized aluminium extrusion profile for frame construction system<\/a><\/li>\r\n<li><a href=\"https:\/\/sinoextrud.com\/product\/polished-sliver-aluminium-profile-like-mirror\/\" target=\"_blank\">Polished Sliver Aluminium Profile Like Mirror<\/a><\/li>\r\n<li><a href=\"https:\/\/sinoextrud.com\/product\/aluminium-enclosure-housing-and-shells\/\" target=\"_blank\">Aluminium Enclosure Housing And Shells<\/a><\/li>"},"feature_list":[]},"_links":{"self":[{"href":"https:\/\/sinoextrud.com\/de\/wp-json\/wp\/v2\/product\/6025","targetHints":{"allow":["GET"]}}],"collection":[{"href":"https:\/\/sinoextrud.com\/de\/wp-json\/wp\/v2\/product"}],"about":[{"href":"https:\/\/sinoextrud.com\/de\/wp-json\/wp\/v2\/types\/product"}],"wp:featuredmedia":[{"embeddable":true,"href":"https:\/\/sinoextrud.com\/de\/wp-json\/wp\/v2\/media\/6024"}],"wp:attachment":[{"href":"https:\/\/sinoextrud.com\/de\/wp-json\/wp\/v2\/media?parent=6025"}],"wp:term":[{"taxonomy":"category","embeddable":true,"href":"https:\/\/sinoextrud.com\/de\/wp-json\/wp\/v2\/categories?post=6025"}],"curies":[{"name":"wp","href":"https:\/\/api.w.org\/{rel}","templated":true}]}}