{"id":6022,"date":"2025-05-24T02:18:05","date_gmt":"2025-05-24T02:18:05","guid":{"rendered":"https:\/\/sinoextrud.com\/product\/powder-coating-decorative-aluminum-railing\/"},"modified":"2025-06-24T03:53:24","modified_gmt":"2025-06-24T03:53:24","slug":"pulverbeschichtung-dekorativer-aluminium-gelander","status":"publish","type":"product","link":"https:\/\/sinoextrud.com\/de\/product\/powder-coating-decorative-aluminum-railing\/","title":{"rendered":"Pulverbeschichtung dekorativer Aluminium-Gel\u00e4nder"},"content":{"rendered":"<h2>Produkte Details<\/h2>\n<table class=\"custom-table\">\n<tr>\n<td class=\"label\">Note:<\/td>\n<td>6063 -t5<\/td>\n<\/tr>\n<tr>\n<td class=\"label\">Die Technik:<\/td>\n<td>Pulverbeschichtung dekorativer Aluminium-Gel\u00e4nder<\/td>\n<\/tr>\n<tr>\n<td class=\"label\">Temperament:<\/td>\n<td>T3 - T8<\/td>\n<\/tr>\n<tr>\n<td class=\"label\">Bearbeitende Dienstleistungen:<\/td>\n<td>Bohren, Gewindeschneiden, Nieten, Montage, etc.<\/td>\n<\/tr>\n<tr>\n<td class=\"label\">Art:<\/td>\n<td>Pulverbeschichtung dekorativer Aluminium-Gel\u00e4nder<\/td>\n<\/tr>\n<tr>\n<td class=\"label\">Die Form:<\/td>\n<td>Hergestellt nach Kundenwunsch<\/td>\n<\/tr>\n<tr>\n<td class=\"label\">Oberfl\u00e4chenbehandlung:<\/td>\n<td>Mill Finish Eloxiert Geb\u00fcrstet<\/td>\n<\/tr>\n<tr>\n<td class=\"label\">L\u00e4nge:<\/td>\n<td>3m bis 6m pro L\u00e4nge<\/td>\n<\/tr>\n<tr>\n<td class=\"label\">Farben:<\/td>\n<td>Silber Schwarz<\/td>\n<\/tr>\n<\/table>\n<h2>Unsere Produktionsbasis<\/h2>\n<h3>Fabrik-Panorama<\/h3>\n<p><img decoding=\"async\" src=\"\/wp-content\/uploads\/factory-01.webp\"\/><\/p>\n<h3>Werkstatt zur Herstellung von Aluminiumstangen<\/h3>\n<p><img decoding=\"async\" src=\"\/wp-content\/uploads\/factory-02.webp\"\/><\/p>\n<p><img decoding=\"async\" src=\"\/wp-content\/uploads\/factory-03.webp\"\/><\/p>\n<h3>Lagerhaus f\u00fcr Formen<\/h3>\n<p><img decoding=\"async\" src=\"\/wp-content\/uploads\/factory-04.webp\"\/><\/p>\n<h3>43 Aluminium-Strangpressanlagen (500-5500 Tonnen)<\/h3>\n<p><img decoding=\"async\" src=\"\/wp-content\/uploads\/factory-05.webp\"\/><\/p>\n<p><img decoding=\"async\" src=\"\/wp-content\/uploads\/factory-06.webp\"\/><\/p>\n<p><img decoding=\"async\" src=\"\/wp-content\/uploads\/factory-07.webp\"\/><\/p>\n<h3>Werkstatt f\u00fcr Pulverbeschichtung<\/h3>\n<p><img decoding=\"async\" src=\"\/wp-content\/uploads\/factory-09.webp\"\/><\/p>\n<h3>Eloxal-Werkstatt<\/h3>\n<p><img decoding=\"async\" src=\"\/wp-content\/uploads\/factory-10.webp\"\/><\/p>\n<h3>Workshop zur Tiefenverarbeitung<\/h3>\n<p><img decoding=\"async\" src=\"\/wp-content\/uploads\/factory-11.webp\"\/><\/p>\n<h3>CNC-Pr\u00e4zisionsbearbeitungswerkstatt<\/h3>\n<p><img decoding=\"async\" src=\"\/wp-content\/uploads\/factory-11.5.webp\"\/><\/p>\n<h3>Lager f\u00fcr Fertigprodukte und Export<\/h3>\n<p><img decoding=\"async\" src=\"\/wp-content\/uploads\/factory-12.webp\"\/><\/p>\n<p><img decoding=\"async\" src=\"\/wp-content\/uploads\/factory-13.webp\"\/><\/p>\n<p><img decoding=\"async\" src=\"\/wp-content\/uploads\/factory-14.webp\"\/><\/p>\n<h2>FAQ<\/h2>\n<p><p><b>1. was ist Pulverbeschichtung dekorative Aluminium-Gel\u00e4nder? <\/b><\/p>\n<p> Pulverbeschichtetes dekoratives Aluminiumgel\u00e4nder ist ein Aluminiumgel\u00e4ndersystem, das mit einer Pulverbeschichtung versehen wurde, um die Haltbarkeit, die Farbvielfalt und die dekorative Wirkung zu erh\u00f6hen.<br \/>\n<\/p><br \/>\n<br \/>\n<p><b>2. was sind die wichtigsten Vorteile der Pulverbeschichtung dekorative Aluminium-Gel\u00e4nder? <\/b><\/p>\n<p> Diese Gel\u00e4nder bieten eine hervorragende Witterungsbest\u00e4ndigkeit, einen geringen Wartungsaufwand, eine lang anhaltende Farbe und eine hochwertige \u00c4sthetik, die f\u00fcr den Innen- und Au\u00dfenbereich geeignet ist.<br \/>\n<\/p><br \/>\n<br \/>\n<p><b>3 Warum sollten Sie sich f\u00fcr ein pulverbeschichtetes Aluminiumgel\u00e4nder und nicht f\u00fcr lackierten Stahl entscheiden? <\/b><\/p>\n<p> Pulverbeschichtetes Aluminium ist leichter, rostfrei, haltbarer und wartungs\u00e4rmer als lackierter Stahl, was es zu einer besseren Langzeitinvestition macht.<br \/>\n<\/p><br \/>\n<br \/>\n<p><b>4. was macht die Pulverbeschichtung ideal f\u00fcr Aluminiumgel\u00e4nder? <\/b><\/p>\n<p> Die Pulverbeschichtung sorgt f\u00fcr eine widerstandsf\u00e4hige, gleichm\u00e4\u00dfige Oberfl\u00e4che, die gegen Ausbleichen, Abplatzen und Korrosion best\u00e4ndig ist und gleichzeitig eine breite Palette von Farben und Strukturen zul\u00e4sst.<br \/>\n<\/p><br \/>\n<br \/>\n<p><b>5. ist die Pulverbeschichtung von dekorativen Aluminiumgel\u00e4ndern f\u00fcr Au\u00dfenanwendungen geeignet? <\/b><\/p>\n<p> Ja, die pulverbeschichtete Oberfl\u00e4che bietet eine hervorragende UV- und Feuchtigkeitsbest\u00e4ndigkeit und eignet sich daher perfekt f\u00fcr Balkone, Terrassen, Z\u00e4une und Pool\u00fcberdachungen.<br \/>\n<\/p><br \/>\n<br \/>\n<p><b>6. kann die Pulverbeschichtung dekorative Aluminium-Gel\u00e4nder angepasst werden? <\/b><\/p>\n<p> Es kann in Stil, Farbe, Gr\u00f6\u00dfe und Muster an architektonische Themen und Kundenw\u00fcnsche angepasst werden.<br \/>\n<\/p><br \/>\n<br \/>\n<p><b>7. welche Wartung ist f\u00fcr die Pulverbeschichtung von dekorativen Aluminiumgel\u00e4ndern erforderlich? <\/b><\/p>\n<p> Sehr wenig - nur gelegentliche Reinigung mit Wasser und milder Seife, um das Aussehen zu erhalten und Ablagerungen zu vermeiden.<br \/>\n<\/p><br \/>\n<br \/>\n<p><b>8. sind pulverbeschichtete dekorative Aluminiumgel\u00e4nder umweltfreundlich? <\/b><\/p>\n<p> Ja, Aluminium ist vollst\u00e4ndig recycelbar, und bei der Pulverbeschichtung werden keine sch\u00e4dlichen fl\u00fcchtigen organischen Verbindungen freigesetzt, was das System zu einer nachhaltigen Baul\u00f6sung macht.<br \/>\n<\/p><br \/>\n<br \/>\n<p><b>9. wie lange h\u00e4lt die pulverbeschichtete Oberfl\u00e4che von Aluminiumgel\u00e4ndern? <\/b><\/p>\n<p> Die Oberfl\u00e4che kann mehr als 20 Jahre ohne nennenswertes Verblassen oder Verschlechterung halten, vor allem, wenn sie richtig gepflegt wird.<br \/>\n<\/p><br \/>\n<br \/>\n<p><b>10. welche Industrien und Projekte verwenden \u00fcblicherweise pulverbeschichtete dekorative Aluminiumgel\u00e4nder? <\/b><\/p>\n<p> In Wohn- und Gesch\u00e4ftsgeb\u00e4uden, im Hotel- und Gastst\u00e4ttengewerbe und bei \u00f6ffentlichen Infrastrukturprojekten werden diese Gel\u00e4nder aufgrund ihrer Sicherheit, ihres Stils und ihrer Langlebigkeit eingesetzt.<br \/>\n<\/p><br \/><\/p>","protected":false},"featured_media":6021,"template":"","categories":[57],"class_list":["post-6022","product","type-product","status-publish","has-post-thumbnail","hentry","category-anodized-aluminum-profile"],"meta_box":{"hilight_text_group":{"product_hilight_text":"<li>Durable powder coating provides long-lasting color and weather resistance<\/li>\r\r\n<li>Elegant design suitable for residential, commercial, and public spaces<\/li>\r\r\n<li>Corrosion-resistant aluminum ensures low maintenance and longevity<\/li>\r\r\n<li>Lightweight structure allows for easy transport and installation<\/li>\r\r\n<li>Custom colors, styles, and sizes available to match project aesthetics<\/li>","product_chanpin_chanpin":"<li><a href=\"https:\/\/sinoextrud.com\/product\/anodized-aluminium-profiles\/\" target=\"_blank\">Anodized Aluminium Profiles<\/a><\/li>\r\n<li><a href=\"https:\/\/sinoextrud.com\/product\/aluminum-angle-channel-bright-polished-mirror\/\" target=\"_blank\">Aluminum Angle Channel Bright Polished Mirror<\/a><\/li>\r\n<li><a href=\"https:\/\/sinoextrud.com\/product\/aluminum-anodized-surface-profile\/\" target=\"_blank\">Aluminum Anodized Surface Profile<\/a><\/li>\r\n<li><a href=\"https:\/\/sinoextrud.com\/product\/anodized-aluminum-manufacturer-supply-anodized-aluminium-extrusion-tube-6063\/\" target=\"_blank\">anodized aluminum Manufacturer Supply anodized Aluminium Extrusion Tube 6063<\/a><\/li>\r\n<li><a href=\"https:\/\/sinoextrud.com\/product\/powder-coating-decorative-aluminum-railing\/\" target=\"_blank\">Powder Coating Decorative Aluminum Railing<\/a><\/li>\r\n<li><a href=\"https:\/\/sinoextrud.com\/product\/wood-grain-customize-aluminium-extrusion-rail\/\" target=\"_blank\">Wood Grain Customize Aluminium Extrusion Rail<\/a><\/li>\r\n<li><a href=\"https:\/\/sinoextrud.com\/product\/sandblasted-mechanical-streak-removed-aluminium-profiles\/\" target=\"_blank\">Sandblasted Mechanical streak removed aluminium profiles<\/a><\/li>\r\n<li><a href=\"https:\/\/sinoextrud.com\/product\/anodized-extruded-aluminium-glazing-profiles\/\" target=\"_blank\">Anodized Extruded Aluminium Glazing Profiles<\/a><\/li>\r\n<li><a href=\"https:\/\/sinoextrud.com\/product\/anodized-champagne-aluminium-color-matte-anodized-sand-blasting-6063-alloy-extrusion-profiles\/\" target=\"_blank\">Anodized Champagne aluminium color matte anodized sand blasting 6063 alloy extrusion profiles<\/a><\/li>\r\n<li><a href=\"https:\/\/sinoextrud.com\/product\/aluminum-extrusion-rail\/\" target=\"_blank\">Aluminum Extrusion Rail<\/a><\/li>\r\n<li><a href=\"https:\/\/sinoextrud.com\/product\/aluminium-piping\/\" target=\"_blank\">Aluminium Piping<\/a><\/li>"},"feature_list":[]},"_links":{"self":[{"href":"https:\/\/sinoextrud.com\/de\/wp-json\/wp\/v2\/product\/6022","targetHints":{"allow":["GET"]}}],"collection":[{"href":"https:\/\/sinoextrud.com\/de\/wp-json\/wp\/v2\/product"}],"about":[{"href":"https:\/\/sinoextrud.com\/de\/wp-json\/wp\/v2\/types\/product"}],"wp:featuredmedia":[{"embeddable":true,"href":"https:\/\/sinoextrud.com\/de\/wp-json\/wp\/v2\/media\/6021"}],"wp:attachment":[{"href":"https:\/\/sinoextrud.com\/de\/wp-json\/wp\/v2\/media?parent=6022"}],"wp:term":[{"taxonomy":"category","embeddable":true,"href":"https:\/\/sinoextrud.com\/de\/wp-json\/wp\/v2\/categories?post=6022"}],"curies":[{"name":"wp","href":"https:\/\/api.w.org\/{rel}","templated":true}]}}