{"id":6020,"date":"2025-05-24T02:12:04","date_gmt":"2025-05-24T02:12:04","guid":{"rendered":"https:\/\/sinoextrud.com\/product\/anodized-aluminum-manufacturer-supply-anodized-aluminium-extrusion-tube-6063\/"},"modified":"2025-06-24T03:53:21","modified_gmt":"2025-06-24T03:53:21","slug":"eloxiertes-aluminium-hersteller-liefern-eloxiertes-aluminium-strangpressrohr-6063","status":"publish","type":"product","link":"https:\/\/sinoextrud.com\/de\/product\/anodized-aluminum-manufacturer-supply-anodized-aluminium-extrusion-tube-6063\/","title":{"rendered":"eloxiertes Aluminium Hersteller Versorgung eloxiert Aluminium Extrusion Rohr 6063"},"content":{"rendered":"<h2>Produkte Details<\/h2>\n<table class=\"custom-table\">\n<tr>\n<td class=\"label\">Artikel: <\/td>\n<td>eloxiertes Aluminium Hersteller Versorgung eloxiert Aluminium Extrusion Rohr 6063<\/td>\n<\/tr>\n<tr>\n<td class=\"label\">Materila: <\/td>\n<td>Aluminium-Kn\u00fcppel 6063 Legierung<\/td>\n<\/tr>\n<tr>\n<td class=\"label\">Temperament: <\/td>\n<td>T5,T6<\/td>\n<\/tr>\n<tr>\n<td class=\"label\">Die Form: <\/td>\n<td>40x40mm. Kundenspezifisch verf\u00fcgbar.<\/td>\n<\/tr>\n<tr>\n<td class=\"label\">Das Profil wird dicker: <\/td>\n<td>1,0 mm dar\u00fcber.<\/td>\n<\/tr>\n<tr>\n<td class=\"label\">Oberfl\u00e4chenbehandlung: <\/td>\n<td>eloxiertes Aluminium<\/td>\n<\/tr>\n<tr>\n<td class=\"label\">Farbe: <\/td>\n<td>Splitter, kundenspezifische Farbe verf\u00fcgbar.<\/td>\n<\/tr>\n<tr>\n<td class=\"label\">Beschichtungsfirma: <\/td>\n<td>10-13 Mikron.<\/td>\n<\/tr>\n<tr>\n<td class=\"label\">Verwendung: <\/td>\n<td>Fenster und T\u00fcren, Industrie, Transport, usw.<\/td>\n<\/tr>\n<tr>\n<td class=\"label\">MOQ: <\/td>\n<td>200 kg f\u00fcr jeden Artikel<\/td>\n<\/tr>\n<tr>\n<td class=\"label\">Zertifikat und Norm: <\/td>\n<td>ISO 9008-2001. CQM, SGS<\/td>\n<\/tr>\n<tr>\n<td class=\"label\">B\u00fcrgschaft: <\/td>\n<td>Die Oberfl\u00e4chenfarbe kann 15 Jahre lang im Innenbereich stabil bleiben.<\/td>\n<\/tr>\n<tr>\n<td class=\"label\">Verarbeitung der Produktion: <\/td>\n<td>Aluminium-Strangpressprofile<\/td>\n<\/tr>\n<tr>\n<td class=\"label\">Herkunft: <\/td>\n<td>Foshan, Guangdong.<\/td>\n<\/tr>\n<\/table>\n<h2>Unsere Produktionsbasis<\/h2>\n<h3>Fabrik-Panorama<\/h3>\n<p><img decoding=\"async\" src=\"\/wp-content\/uploads\/factory-01.webp\"\/><\/p>\n<h3>Werkstatt zur Herstellung von Aluminiumstangen<\/h3>\n<p><img decoding=\"async\" src=\"\/wp-content\/uploads\/factory-02.webp\"\/><\/p>\n<p><img decoding=\"async\" src=\"\/wp-content\/uploads\/factory-03.webp\"\/><\/p>\n<h3>Lagerhaus f\u00fcr Formen<\/h3>\n<p><img decoding=\"async\" src=\"\/wp-content\/uploads\/factory-04.webp\"\/><\/p>\n<h3>43 Aluminium-Strangpressanlagen (500-5500 Tonnen)<\/h3>\n<p><img decoding=\"async\" src=\"\/wp-content\/uploads\/factory-05.webp\"\/><\/p>\n<p><img decoding=\"async\" src=\"\/wp-content\/uploads\/factory-06.webp\"\/><\/p>\n<p><img decoding=\"async\" src=\"\/wp-content\/uploads\/factory-07.webp\"\/><\/p>\n<h3>Werkstatt f\u00fcr Pulverbeschichtung<\/h3>\n<p><img decoding=\"async\" src=\"\/wp-content\/uploads\/factory-09.webp\"\/><\/p>\n<h3>Eloxal-Werkstatt<\/h3>\n<p><img decoding=\"async\" src=\"\/wp-content\/uploads\/factory-10.webp\"\/><\/p>\n<h3>Workshop zur Tiefenverarbeitung<\/h3>\n<p><img decoding=\"async\" src=\"\/wp-content\/uploads\/factory-11.webp\"\/><\/p>\n<h3>CNC-Pr\u00e4zisionsbearbeitungswerkstatt<\/h3>\n<p><img decoding=\"async\" src=\"\/wp-content\/uploads\/factory-11.5.webp\"\/><\/p>\n<h3>Lager f\u00fcr Fertigprodukte und Export<\/h3>\n<p><img decoding=\"async\" src=\"\/wp-content\/uploads\/factory-12.webp\"\/><\/p>\n<p><img decoding=\"async\" src=\"\/wp-content\/uploads\/factory-13.webp\"\/><\/p>\n<p><img decoding=\"async\" src=\"\/wp-content\/uploads\/factory-14.webp\"\/><\/p>\n<h2>FAQ<\/h2>\n<p><p><b>1. was ist Hersteller Versorgung eloxiertem Aluminium Extrusion Rohr 6063? <\/b><\/p>\n<p> Hersteller liefern eloxierte Aluminium-Strangpressrohre 6063 bezieht sich auf runde oder quadratische Aluminiumrohre aus der Legierung 6063 und eloxiert f\u00fcr verbesserte Haltbarkeit, direkt vom Hersteller geliefert.<br \/>\n<\/p><br \/>\n<br \/>\n<p><b>2. was sind die wichtigsten Merkmale von eloxiertem Aluminium Extrusion Tube 6063? <\/b><\/p>\n<p> Diese Rohre bieten eine ausgezeichnete Korrosionsbest\u00e4ndigkeit, eine glatte eloxierte Oberfl\u00e4che, ein hohes Verh\u00e4ltnis von Festigkeit zu Gewicht und eine hervorragende Bearbeitbarkeit.<br \/>\n<\/p><br \/>\n<br \/>\n<p><b>3. warum 6063 Aluminium f\u00fcr eloxierte Strangpressrohre w\u00e4hlen? <\/b><\/p>\n<p> Die Aluminiumlegierung 6063 eignet sich ideal f\u00fcr die Eloxierung und bietet eine hochwertige Oberfl\u00e4chenbeschaffenheit, gute Schwei\u00dfbarkeit und ausreichende Festigkeit f\u00fcr architektonische und strukturelle Anwendungen.<br \/>\n<\/p><br \/>\n<br \/>\n<p><b>4. welche Vorteile hat der Kauf von eloxierten Aluminiumrohren direkt beim Hersteller? <\/b><\/p>\n<p> Der Direkteinkauf gew\u00e4hrleistet wettbewerbsf\u00e4hige Preise, gleichbleibende Qualit\u00e4t, Anpassungsm\u00f6glichkeiten und eine zuverl\u00e4ssige Unterst\u00fctzung der Lieferkette.<br \/>\n<\/p><br \/>\n<br \/>\n<p><b>5. welche Anwendungen verwenden Hersteller Versorgung eloxiertem Aluminium Extrusion Rohr 6063? <\/b><\/p>\n<p> Zu den \u00fcblichen Verwendungszwecken geh\u00f6ren architektonische Gel\u00e4nder, Ausstellungsstrukturen, M\u00f6belrahmen, Vorhangfassaden und Au\u00dfen\u00fcberdachungen.<br \/>\n<\/p><br \/>\n<br \/>\n<p><b>6. ist eloxiertes Aluminium-Extrusionsrohr 6063 f\u00fcr den Au\u00dfenbereich geeignet? <\/b><\/p>\n<p> Ja, die eloxierte Oberfl\u00e4che bietet eine hervorragende UV- und Korrosionsbest\u00e4ndigkeit und ist damit ideal f\u00fcr den Einsatz im Freien und auf See.<br \/>\n<\/p><br \/>\n<br \/>\n<p><b>7. k\u00f6nnen diese eloxierten Aluminiumrohre individuell angepasst werden? <\/b><\/p>\n<p> Nat\u00fcrlich k\u00f6nnen die Hersteller L\u00e4nge, Durchmesser, Wandst\u00e4rke und Eloxalfarbe den projektspezifischen Anforderungen anpassen.<br \/>\n<\/p><br \/>\n<br \/>\n<p><b>8. sind eloxierte Aluminium-Strangpressrohre 6063 umweltfreundlich? <\/b><\/p>\n<p> Ja, Aluminium ist 100% recycelbar, und die Eloxierung ist eine ungiftige Oberfl\u00e4chenbehandlung, was diese Rohre zu einer nachhaltigen Materialwahl macht.<br \/>\n<\/p><br \/>\n<br \/>\n<p><b>9. wie lange h\u00e4lt die Eloxalschicht auf 6063 Aluminiumrohren? <\/b><\/p>\n<p> Die Eloxalschicht ist \u00e4u\u00dferst haltbar und langlebig und bietet bei normalem Gebrauch jahrzehntelangen Oberfl\u00e4chenschutz.<br \/>\n<\/p><br \/>\n<br \/>\n<p><b>10. m\u00fcssen eloxierte Aluminium-Strangpressrohre gewartet werden? <\/b><\/p>\n<p> Der Wartungsaufwand ist minimal - es gen\u00fcgt eine regelm\u00e4\u00dfige Reinigung mit nicht scheuernden Mitteln, um das eloxierte Aussehen zu erhalten.<br \/>\n<\/p><br \/><\/p>","protected":false},"featured_media":6019,"template":"","categories":[57],"class_list":["post-6020","product","type-product","status-publish","has-post-thumbnail","hentry","category-anodized-aluminum-profile"],"meta_box":{"hilight_text_group":{"product_hilight_text":"<li>Direct from manufacturer for competitive pricing and stable supply<\/li>\r\r\n<li>Made from 6063 alloy for excellent formability, corrosion resistance, and surface finish<\/li>\r\r\n<li>Anodized coating enhances durability and aesthetic appeal<\/li>\r\r\n<li>Lightweight with good strength, ideal for structural, architectural, and transportation uses<\/li>\r\r\n<li>Custom lengths, wall thicknesses, and finishes available to meet project needs<\/li>","product_chanpin_chanpin":"<li><a href=\"https:\/\/sinoextrud.com\/product\/customize-6063-z-section-aluminium-extrusion\/\" target=\"_blank\">Customize 6063 Z Section Aluminium Extrusion<\/a><\/li>\r\n<li><a href=\"https:\/\/sinoextrud.com\/product\/anodized-aluminium-profiles\/\" target=\"_blank\">Anodized Aluminium Profiles<\/a><\/li>\r\n<li><a href=\"https:\/\/sinoextrud.com\/product\/aluminum-angle-channel-bright-polished-mirror\/\" target=\"_blank\">Aluminum Angle Channel Bright Polished Mirror<\/a><\/li>\r\n<li><a href=\"https:\/\/sinoextrud.com\/product\/aluminum-anodized-surface-profile\/\" target=\"_blank\">Aluminum Anodized Surface Profile<\/a><\/li>\r\n<li><a href=\"https:\/\/sinoextrud.com\/product\/anodized-aluminum-manufacturer-supply-anodized-aluminium-extrusion-tube-6063\/\" target=\"_blank\">anodized aluminum Manufacturer Supply anodized Aluminium Extrusion Tube 6063<\/a><\/li>\r\n<li><a href=\"https:\/\/sinoextrud.com\/product\/powder-coating-decorative-aluminum-railing\/\" target=\"_blank\">Powder Coating Decorative Aluminum Railing<\/a><\/li>\r\n<li><a href=\"https:\/\/sinoextrud.com\/product\/wood-grain-customize-aluminium-extrusion-rail\/\" target=\"_blank\">Wood Grain Customize Aluminium Extrusion Rail<\/a><\/li>\r\n<li><a href=\"https:\/\/sinoextrud.com\/product\/sandblasted-mechanical-streak-removed-aluminium-profiles\/\" target=\"_blank\">Sandblasted Mechanical streak removed aluminium profiles<\/a><\/li>\r\n<li><a href=\"https:\/\/sinoextrud.com\/product\/anodized-extruded-aluminium-glazing-profiles\/\" target=\"_blank\">Anodized Extruded Aluminium Glazing Profiles<\/a><\/li>\r\n<li><a href=\"https:\/\/sinoextrud.com\/product\/aluminum-picture-photo-artware-frame-mirror-polished-gold\/\" target=\"_blank\">Aluminum Picture Photo Artware Frame Mirror Polished Gold<\/a><\/li>\r\n<li><a href=\"https:\/\/sinoextrud.com\/product\/aluminum-extrusion-advertising-signs-aluminum-frame-profile\/\" target=\"_blank\">Aluminum Extrusion Advertising Signs Aluminum Frame Profile<\/a><\/li>"},"feature_list":[]},"_links":{"self":[{"href":"https:\/\/sinoextrud.com\/de\/wp-json\/wp\/v2\/product\/6020","targetHints":{"allow":["GET"]}}],"collection":[{"href":"https:\/\/sinoextrud.com\/de\/wp-json\/wp\/v2\/product"}],"about":[{"href":"https:\/\/sinoextrud.com\/de\/wp-json\/wp\/v2\/types\/product"}],"wp:featuredmedia":[{"embeddable":true,"href":"https:\/\/sinoextrud.com\/de\/wp-json\/wp\/v2\/media\/6019"}],"wp:attachment":[{"href":"https:\/\/sinoextrud.com\/de\/wp-json\/wp\/v2\/media?parent=6020"}],"wp:term":[{"taxonomy":"category","embeddable":true,"href":"https:\/\/sinoextrud.com\/de\/wp-json\/wp\/v2\/categories?post=6020"}],"curies":[{"name":"wp","href":"https:\/\/api.w.org\/{rel}","templated":true}]}}