{"id":6017,"date":"2025-05-24T01:54:41","date_gmt":"2025-05-24T01:54:41","guid":{"rendered":"https:\/\/sinoextrud.com\/product\/aluminum-anodized-surface-profile\/"},"modified":"2025-06-24T03:53:18","modified_gmt":"2025-06-24T03:53:18","slug":"aluminium-eloxal-oberflachenprofil","status":"publish","type":"product","link":"https:\/\/sinoextrud.com\/de\/product\/aluminum-anodized-surface-profile\/","title":{"rendered":"Aluminium Eloxierte Oberfl\u00e4che Profil"},"content":{"rendered":"<h2>Produkte Details<\/h2>\n<table class=\"custom-table\">\n<tr>\n<td class=\"label\">Produktname<\/td>\n<td>Eloxiertes Aluminium-Oberfl\u00e4chenprofil<\/td>\n<\/tr>\n<tr>\n<td class=\"label\">Material<\/td>\n<td>6063, 6061, 6463, 6082 Aluminiumlegierung<\/td>\n<\/tr>\n<tr>\n<td class=\"label\">Farbe<\/td>\n<td>Kundenspezifisch<\/td>\n<\/tr>\n<tr>\n<td class=\"label\">Standard<\/td>\n<td>GB2008<\/td>\n<\/tr>\n<tr>\n<td class=\"label\">Klasse<\/td>\n<td>Serie 6000<\/td>\n<\/tr>\n<tr>\n<td class=\"label\">Dicke<\/td>\n<td>Kundenspezifisch<\/td>\n<\/tr>\n<tr>\n<td class=\"label\">Verwendung<\/td>\n<td>Dekoration<\/td>\n<\/tr>\n<tr>\n<td class=\"label\">Temperament<\/td>\n<td>T3-T8<\/td>\n<\/tr>\n<tr>\n<td class=\"label\">L\u00e4nge<\/td>\n<td>Kundenspezifisch<\/td>\n<\/tr>\n<tr>\n<td class=\"label\">Oberfl\u00e4chenbehandlung<\/td>\n<td>Pulverbeschichtung, Mill Finish, PVDF, Eloxiert, Holzmaserung, Poliert, Geb\u00fcrstet, etc<\/td>\n<\/tr>\n<tr>\n<td class=\"label\">Orgin<\/td>\n<td>CHINA<\/td>\n<\/tr>\n<tr>\n<td class=\"label\">Ist legiert oder nicht<\/td>\n<td>Ist Legierung<\/td>\n<\/tr>\n<tr>\n<td class=\"label\">Hafen<\/td>\n<td>Guangzhou, Shenzhen, Foshan<\/td>\n<\/tr>\n<\/table>\n<h2>Unsere Produktionsbasis<\/h2>\n<h3>Fabrik-Panorama<\/h3>\n<p><img decoding=\"async\" src=\"\/wp-content\/uploads\/factory-01.webp\"\/><\/p>\n<h3>Werkstatt zur Herstellung von Aluminiumstangen<\/h3>\n<p><img decoding=\"async\" src=\"\/wp-content\/uploads\/factory-02.webp\"\/><\/p>\n<\/p>\n<p><img decoding=\"async\" src=\"\/wp-content\/uploads\/factory-03.webp\"\/><\/p>\n<h3>Lagerhaus f\u00fcr Formen<\/h3>\n<p><img decoding=\"async\" src=\"\/wp-content\/uploads\/factory-04.webp\"\/><\/p>\n<h3>43 Aluminium-Strangpressanlagen (500\u00e2\u20ac\"5500 Tonnen)<\/h3>\n<p><img decoding=\"async\" src=\"\/wp-content\/uploads\/factory-05.webp\"\/><\/p>\n<p><img decoding=\"async\" src=\"\/wp-content\/uploads\/factory-06.webp\"\/><\/p>\n<p><img decoding=\"async\" src=\"\/wp-content\/uploads\/factory-07.webp\"\/><\/p>\n<h3>Werkstatt f\u00fcr Pulverbeschichtung<\/h3>\n<p><img decoding=\"async\" src=\"\/wp-content\/uploads\/factory-09.webp\"\/><\/p>\n<h3>Eloxal-Werkstatt<\/h3>\n<p><img decoding=\"async\" src=\"\/wp-content\/uploads\/factory-10.webp\"\/><\/p>\n<h3>Workshop zur Tiefenverarbeitung<\/h3>\n<p><img decoding=\"async\" src=\"\/wp-content\/uploads\/factory-11.webp\"\/><\/p>\n<h3>CNC-Pr\u00e4zisionsbearbeitungswerkstatt<\/h3>\n<p><img decoding=\"async\" src=\"\/wp-content\/uploads\/factory-11.5.webp\"\/><\/p>\n<h3>Lager f\u00fcr Fertigprodukte und Export<\/h3>\n<p><img decoding=\"async\" src=\"\/wp-content\/uploads\/factory-12.webp\"\/><\/p>\n<p><img decoding=\"async\" src=\"\/wp-content\/uploads\/factory-13.webp\"\/><\/p>\n<p><img decoding=\"async\" src=\"\/wp-content\/uploads\/factory-14.webp\"\/><\/p>\n<h2>FAQ<\/h2>\n<p><b>1. was ist ein eloxiertes Aluminium-Oberfl\u00e4chenprofil? <\/b><\/p>\n<p> Ein eloxiertes Aluminium-Oberfl\u00e4chenprofil ist ein stranggepresstes Aluminiumteil, das eloxiert wurde, um eine dauerhafte, korrosionsbest\u00e4ndige und \u00e4sthetisch ansprechende Oberfl\u00e4chenschicht zu erhalten.\n<\/p>\n<p><b>2. was sind die Vorteile von Aluminium eloxierte Oberfl\u00e4che Profile? <\/b><\/p>\n<p> Diese Profile bieten eine hervorragende Korrosionsbest\u00e4ndigkeit, eine verbesserte Oberfl\u00e4chenh\u00e4rte, UV-Stabilit\u00e4t und ein modernes Metallfinish, das sich ideal f\u00fcr verschiedene Anwendungen eignet.\n<\/p>\n<p><\/p>\n<p><b>3. warum ist Eloxieren f\u00fcr Aluminiumprofile wichtig? <\/b><\/p>\n<p> Durch das Eloxieren wird die nat\u00fcrliche Oxidschicht des Aluminiums verst\u00e4rkt, wodurch ein lang anhaltender Schutz, eine hohe Farbbest\u00e4ndigkeit und eine erh\u00f6hte Verschlei\u00dffestigkeit erreicht werden.\n<\/p>\n<p><\/p>\n<p><b>4. k\u00f6nnen Aluminium eloxierte Oberfl\u00e4chenprofile im Au\u00dfenbereich verwendet werden? <\/b><\/p>\n<p> Ja, eloxierte Aluminiumprofile sind aufgrund ihrer hervorragenden Witterungs-, Ausbleich- und Korrosionsbest\u00e4ndigkeit ideal f\u00fcr die Verwendung im Freien.\n<\/p>\n<p><\/p>\n<p><b>5. welche Anwendungen verwenden Aluminium eloxierte Oberfl\u00e4che Profile? <\/b><\/p>\n<p> Zu den \u00fcblichen Anwendungen geh\u00f6ren architektonische Rahmen, M\u00f6bel, Elektronikgeh\u00e4use, Automobilverkleidungen und Innenausstattungselemente.\n<\/p>\n<p><\/p>\n<p><b>Sind eloxierte Aluminium-Oberfl\u00e4chenprofile in verschiedenen Farben erh\u00e4ltlich? <\/b><\/p>\n<p> Ja, das Eloxalverfahren erm\u00f6glicht eine Vielzahl von Farben, wobei der metallische Glanz und die Haltbarkeit der Oberfl\u00e4che erhalten bleiben.\n<\/p>\n<p><\/p>\n<p><b>7. m\u00fcssen Aluminium eloxierte Oberfl\u00e4chenprofile gewartet werden? <\/b><\/p>\n<p> Der Pflegeaufwand ist sehr gering: Gelegentliches Reinigen mit milder Seife und Wasser l\u00e4sst die Oberfl\u00e4che neu und gl\u00e4nzend aussehen.\n<\/p>\n<p><\/p>\n<p><b>8. ist die eloxierte Oberfl\u00e4che umweltfreundlich? <\/b><\/p>\n<p> Ja, Eloxieren ist ein ungiftiges, umweltfreundliches Verfahren, und Aluminium ist vollst\u00e4ndig recycelbar, was es zu einer nachhaltigen Wahl macht.\n<\/p>\n<p><\/p>\n<p><b>9. sind kundenspezifische Gr\u00f6\u00dfen und Formen f\u00fcr Aluminium eloxierte Oberfl\u00e4chenprofile verf\u00fcgbar? <\/b><\/p>\n<p> Nat\u00fcrlich k\u00f6nnen diese Profile auch extrudiert und eloxiert werden, um sie an spezifische Abmessungen und Designanforderungen anzupassen.\n<\/p>\n<p><\/p>\n<p><b>10. wie lange h\u00e4lt die Eloxalschicht auf Aluminiumprofilen? <\/b><\/p>\n<p> Die Eloxalschicht ist extrem haltbar und kann unter normalen Bedingungen jahrzehntelang halten, ohne abzubl\u00e4ttern oder zu verblassen.\n<\/p>\n<p><\/p>","protected":false},"featured_media":6016,"template":"","categories":[57],"class_list":["post-6017","product","type-product","status-publish","has-post-thumbnail","hentry","category-anodized-aluminum-profile"],"meta_box":{"hilight_text_group":{"product_hilight_text":"<li>Durable anodized surface enhances resistance to corrosion, abrasion, and weathering<\/li>\r\r\n<li>Professional, aesthetic finish ideal for visible structural and architectural use<\/li>\r\r\n<li>Available in multiple colors and finishes for branding or design flexibility<\/li>\r\r\n<li>Low-maintenance surface that retains appearance over time<\/li>\r\r\n<li>Environmentally friendly and non-toxic surface treatment process<\/li>","product_chanpin_chanpin":"<li><a href=\"https:\/\/sinoextrud.com\/product\/factory-offer-aluminum-handrail-extrusions\/\" target=\"_blank\">Factory Offer Aluminum Handrail Extrusions<\/a><\/li>\r\n<li><a href=\"https:\/\/sinoextrud.com\/product\/customize-6063-z-section-aluminium-extrusion\/\" target=\"_blank\">Customize 6063 Z Section Aluminium Extrusion<\/a><\/li>\r\n<li><a href=\"https:\/\/sinoextrud.com\/product\/anodized-aluminium-profiles\/\" target=\"_blank\">Anodized Aluminium Profiles<\/a><\/li>\r\n<li><a href=\"https:\/\/sinoextrud.com\/product\/aluminum-angle-channel-bright-polished-mirror\/\" target=\"_blank\">Aluminum Angle Channel Bright Polished Mirror<\/a><\/li>\r\n<li><a href=\"https:\/\/sinoextrud.com\/product\/aluminum-anodized-surface-profile\/\" target=\"_blank\">Aluminum Anodized Surface Profile<\/a><\/li>\r\n<li><a href=\"https:\/\/sinoextrud.com\/product\/anodized-aluminum-manufacturer-supply-anodized-aluminium-extrusion-tube-6063\/\" target=\"_blank\">anodized aluminum Manufacturer Supply anodized Aluminium Extrusion Tube 6063<\/a><\/li>\r\n<li><a href=\"https:\/\/sinoextrud.com\/product\/powder-coating-decorative-aluminum-railing\/\" target=\"_blank\">Powder Coating Decorative Aluminum Railing<\/a><\/li>\r\n<li><a href=\"https:\/\/sinoextrud.com\/product\/wood-grain-customize-aluminium-extrusion-rail\/\" target=\"_blank\">Wood Grain Customize Aluminium Extrusion Rail<\/a><\/li>\r\n<li><a href=\"https:\/\/sinoextrud.com\/product\/sandblasted-mechanical-streak-removed-aluminium-profiles\/\" target=\"_blank\">Sandblasted Mechanical streak removed aluminium profiles<\/a><\/li>\r\n<li><a href=\"https:\/\/sinoextrud.com\/product\/u-shaped-with-open-linear-ceiling-system\/\" target=\"_blank\">U-Shaped With Open Linear Ceiling System<\/a><\/li>\r\n<li><a href=\"https:\/\/sinoextrud.com\/product\/brushed-aluminium-profile\/\" target=\"_blank\">Brushed Aluminium Profile<\/a><\/li>"},"feature_list":[]},"_links":{"self":[{"href":"https:\/\/sinoextrud.com\/de\/wp-json\/wp\/v2\/product\/6017","targetHints":{"allow":["GET"]}}],"collection":[{"href":"https:\/\/sinoextrud.com\/de\/wp-json\/wp\/v2\/product"}],"about":[{"href":"https:\/\/sinoextrud.com\/de\/wp-json\/wp\/v2\/types\/product"}],"wp:featuredmedia":[{"embeddable":true,"href":"https:\/\/sinoextrud.com\/de\/wp-json\/wp\/v2\/media\/6016"}],"wp:attachment":[{"href":"https:\/\/sinoextrud.com\/de\/wp-json\/wp\/v2\/media?parent=6017"}],"wp:term":[{"taxonomy":"category","embeddable":true,"href":"https:\/\/sinoextrud.com\/de\/wp-json\/wp\/v2\/categories?post=6017"}],"curies":[{"name":"wp","href":"https:\/\/api.w.org\/{rel}","templated":true}]}}