{"id":6013,"date":"2025-05-24T01:34:09","date_gmt":"2025-05-24T01:34:09","guid":{"rendered":"https:\/\/sinoextrud.com\/?post_type=product&#038;p=6013"},"modified":"2025-06-24T03:53:14","modified_gmt":"2025-06-24T03:53:14","slug":"eloxierte-aluminiumprofile","status":"publish","type":"product","link":"https:\/\/sinoextrud.com\/de\/product\/anodized-aluminium-profiles\/","title":{"rendered":"Eloxierte Aluminium-Profile"},"content":{"rendered":"<h2>Produkte Details<\/h2>\n<table class=\"custom-table\">\n<tr>\n<td class=\"label\">Temperament:<\/td>\n<td>T3-T8<\/td>\n<\/tr>\n<tr>\n<td class=\"label\">Legierung:<\/td>\n<td>Legierung<\/td>\n<\/tr>\n<tr>\n<td class=\"label\">Legierungsbestandteil:<\/td>\n<td>6063<\/td>\n<\/tr>\n<tr>\n<td class=\"label\">Profil aus poliertem Aluminium:<\/td>\n<td>Mechanisches Eloxieren<\/td>\n<\/tr>\n<tr>\n<td class=\"label\">Standardl\u00e4nge:<\/td>\n<td>3-6m<\/td>\n<\/tr>\n<tr>\n<td class=\"label\">Freiliegende Oberfl\u00e4che:<\/td>\n<td>125-550mm<\/td>\n<\/tr>\n<tr>\n<td class=\"label\">Zubeh\u00f6r:<\/td>\n<td>Feuerbarriere und Wassersperre<\/td>\n<\/tr>\n<tr>\n<td class=\"label\">Anwendung:<\/td>\n<td>Wand bis Decke<\/td>\n<\/tr>\n<tr>\n<td class=\"label\">Beispiel:<\/td>\n<td>Kostenlos<\/td>\n<\/tr>\n<tr>\n<td class=\"label\">Transport-Paket:<\/td>\n<td>Sperrholz<\/td>\n<\/tr>\n<tr>\n<td class=\"label\">Herkunft:<\/td>\n<td>Guangdong, China<\/td>\n<\/tr>\n<tr>\n<td class=\"label\">Art:<\/td>\n<td>Dekoration Aluminiumprofil, Reinigungsraumprofil<\/td>\n<\/tr>\n<tr>\n<td class=\"label\">Note:<\/td>\n<td>Serie 6000<\/td>\n<\/tr>\n<tr>\n<td class=\"label\">Fenster &amp; T\u00fcren Aluminiumprofil:<\/td>\n<td>Serie 90<\/td>\n<\/tr>\n<tr>\n<td class=\"label\">Oberfl\u00e4chenveredelung:<\/td>\n<td>Anodische Oxidation<\/td>\n<\/tr>\n<tr>\n<td class=\"label\">Zertifizierung:<\/td>\n<td>ISO, SGS<\/td>\n<\/tr>\n<tr>\n<td class=\"label\">Grundmaterial:<\/td>\n<td>6063-T5-Aluminium-Legierung<\/td>\n<\/tr>\n<\/table>\n<h2>Unsere Produktionsbasis<\/h2>\n<h3>Fabrik-Panorama<\/h3>\n<p><img decoding=\"async\" src=\"\/wp-content\/uploads\/factory-01.webp\"\/><\/p>\n<h3>Werkstatt zur Herstellung von Aluminiumstangen<\/h3>\n<p><img decoding=\"async\" src=\"\/wp-content\/uploads\/factory-02.webp\"\/><\/p>\n<\/p>\n<p><img decoding=\"async\" src=\"\/wp-content\/uploads\/factory-03.webp\"\/><\/p>\n<h3>Lagerhaus f\u00fcr Formen<\/h3>\n<p><img decoding=\"async\" src=\"\/wp-content\/uploads\/factory-04.webp\"\/><\/p>\n<h3>43 Aluminium-Strangpressanlagen (500-5500 Tonnen)<\/h3>\n<p><img decoding=\"async\" src=\"\/wp-content\/uploads\/factory-05.webp\"\/><\/p>\n<p><img decoding=\"async\" src=\"\/wp-content\/uploads\/factory-06.webp\"\/><\/p>\n<p><img decoding=\"async\" src=\"\/wp-content\/uploads\/factory-07.webp\"\/><\/p>\n<h3>Werkstatt f\u00fcr Pulverbeschichtung<\/h3>\n<p><img decoding=\"async\" src=\"\/wp-content\/uploads\/factory-09.webp\"\/><\/p>\n<h3>Eloxal-Werkstatt<\/h3>\n<p><img decoding=\"async\" src=\"\/wp-content\/uploads\/factory-10.webp\"\/><\/p>\n<h3>Workshop zur Tiefenverarbeitung<\/h3>\n<p><img decoding=\"async\" src=\"\/wp-content\/uploads\/factory-11.webp\"\/><\/p>\n<h3>CNC-Pr\u00e4zisionsbearbeitungswerkstatt<\/h3>\n<p><img decoding=\"async\" src=\"\/wp-content\/uploads\/factory-11.5.webp\"\/><\/p>\n<h3>Lager f\u00fcr Fertigprodukte und Export<\/h3>\n<p><img decoding=\"async\" src=\"\/wp-content\/uploads\/factory-12.webp\"\/><\/p>\n<p><img decoding=\"async\" src=\"\/wp-content\/uploads\/factory-13.webp\"\/><\/p>\n<p><img decoding=\"async\" src=\"\/wp-content\/uploads\/factory-14.webp\"\/><\/p>\n<h2>FAQ<\/h2>\n<p><b>1. was sind eloxierte Aluminium-Profile? <\/b><\/p>\n<p> Eloxierte Aluminiumprofile sind Aluminiumstrangpressprofile, die einem Eloxierverfahren unterzogen wurden, um die Oberfl\u00e4chenbest\u00e4ndigkeit, Korrosionsbest\u00e4ndigkeit und \u00c4sthetik zu verbessern.\n<\/p>\n<p><\/p>\n<p><b>2. was sind die Vorteile von eloxierten Aluminiumprofilen? <\/b><\/p>\n<p> Eloxierte Aluminiumprofile bieten eine erh\u00f6hte Oberfl\u00e4chenh\u00e4rte, UV-Best\u00e4ndigkeit, Farbstabilit\u00e4t und ein elegantes, modernes Finish, das sich ideal f\u00fcr verschiedene Anwendungen eignet.\n<\/p>\n<p><\/p>\n<p><b>3. warum eloxiertes Aluminium anstelle von rohem Aluminium w\u00e4hlen? <\/b><\/p>\n<p> Eloxiertes Aluminium ist verschlei\u00dffester, witterungsbest\u00e4ndiger und korrosionsbest\u00e4ndiger und damit langlebiger und optisch ansprechender als unbehandeltes Aluminium.\n<\/p>\n<p><\/p>\n<p><b>4. k\u00f6nnen eloxierte Aluminiumprofile im Au\u00dfenbereich verwendet werden? <\/b><\/p>\n<p> Ja, ihre verbesserte Korrosions- und UV-Best\u00e4ndigkeit machen eloxierte Aluminiumprofile ideal f\u00fcr Au\u00dfenanwendungen wie Fassaden, Gel\u00e4nder und Fensterrahmen.\n<\/p>\n<p><\/p>\n<p><b>5. sind eloxierte Aluminiumprofile in verschiedenen Farben erh\u00e4ltlich? <\/b><\/p>\n<p> Das Eloxalverfahren erm\u00f6glicht eine breite Palette von Farboptionen, wobei die metallischen Oberfl\u00e4chen und die langanhaltende Lebendigkeit erhalten bleiben.\n<\/p>\n<p><\/p>\n<p><b>6. in welchen Branchen werden eloxierte Aluminiumprofile \u00fcblicherweise verwendet? <\/b><\/p>\n<p> In der Architektur-, M\u00f6bel-, Elektronik-, Automobil- und Konsumg\u00fcterindustrie werden eloxierte Profile aufgrund ihrer Leistungsf\u00e4higkeit und ihres \u00e4sthetischen Wertes h\u00e4ufig verwendet.\n<\/p>\n<p><\/p>\n<p><b>7. m\u00fcssen eloxierte Aluminiumprofile gewartet werden? <\/b><\/p>\n<p> Da die eloxierte Oberfl\u00e4che schmutz- und fleckenabweisend ist, ist nur ein minimaler Pflegeaufwand erforderlich, der sich auf eine gelegentliche Reinigung beschr\u00e4nkt.\n<\/p>\n<p><\/p>\n<p><b>8. sind eloxierte Aluminiumprofile umweltfreundlich? <\/b><\/p>\n<p> Ja, Aluminium ist 100% recycelbar, und das Eloxalverfahren ist ungiftig und sicher, was diese Profile zu einer nachhaltigen Materialwahl macht.\n<\/p>\n<p><\/p>\n<p><b>9. wie lange h\u00e4lt die Eloxalschicht auf Aluminiumprofilen? <\/b><\/p>\n<p> Eloxierte Oberfl\u00e4chen sind extrem haltbar und k\u00f6nnen bei normalem Gebrauch jahrzehntelang halten, ohne zu verblassen, abzubl\u00e4ttern oder zu korrodieren.\n<\/p>\n<p><\/p>\n<p><b>10. unterst\u00fctzen eloxierte Aluminiumprofile kundenspezifische Formen und Gr\u00f6\u00dfen? <\/b><\/p>\n<p> Ja, Eloxieren kann auf kundenspezifisch stranggepresste Aluminiumprofile angewendet werden, was ma\u00dfgeschneiderte L\u00f6sungen erm\u00f6glicht, die spezifische Design- und Funktionsanforderungen erf\u00fcllen.\n<\/p>\n<p><\/p>","protected":false},"featured_media":6012,"template":"","categories":[57],"class_list":["post-6013","product","type-product","status-publish","has-post-thumbnail","hentry","category-anodized-aluminum-profile"],"meta_box":{"hilight_text_group":{"product_hilight_text":"<li>Enhanced corrosion and wear resistance through anodized surface treatment<\/li>\r\r\n<li>Attractive, uniform finish ideal for visible architectural and industrial applications<\/li>\r\r\n<li>Available in various colors and textures to meet design specifications<\/li>\r\r\n<li>Improved surface hardness for increased durability and lifespan<\/li>\r\r\n<li>Low maintenance and environmentally friendly coating process<\/li>","product_chanpin_chanpin":"<li><a href=\"https:\/\/sinoextrud.com\/product\/aluminium-corner-extrusion\/\" target=\"_blank\">Aluminium Corner Extrusion<\/a><\/li>\r\n<li><a href=\"https:\/\/sinoextrud.com\/product\/anodized-extruded-aluminum\/\" target=\"_blank\">Anodized Extruded Aluminum<\/a><\/li>\r\n<li><a href=\"https:\/\/sinoextrud.com\/product\/factory-offer-aluminum-handrail-extrusions\/\" target=\"_blank\">Factory Offer Aluminum Handrail Extrusions<\/a><\/li>\r\n<li><a href=\"https:\/\/sinoextrud.com\/product\/customize-6063-z-section-aluminium-extrusion\/\" target=\"_blank\">Customize 6063 Z Section Aluminium Extrusion<\/a><\/li>\r\n<li><a href=\"https:\/\/sinoextrud.com\/product\/anodized-aluminium-profiles\/\" target=\"_blank\">Anodized Aluminium Profiles<\/a><\/li>\r\n<li><a href=\"https:\/\/sinoextrud.com\/product\/aluminum-angle-channel-bright-polished-mirror\/\" target=\"_blank\">Aluminum Angle Channel Bright Polished Mirror<\/a><\/li>\r\n<li><a href=\"https:\/\/sinoextrud.com\/product\/aluminum-anodized-surface-profile\/\" target=\"_blank\">Aluminum Anodized Surface Profile<\/a><\/li>\r\n<li><a href=\"https:\/\/sinoextrud.com\/product\/anodized-aluminum-manufacturer-supply-anodized-aluminium-extrusion-tube-6063\/\" target=\"_blank\">anodized aluminum Manufacturer Supply anodized Aluminium Extrusion Tube 6063<\/a><\/li>\r\n<li><a href=\"https:\/\/sinoextrud.com\/product\/powder-coating-decorative-aluminum-railing\/\" target=\"_blank\">Powder Coating Decorative Aluminum Railing<\/a><\/li>\r\n<li><a href=\"https:\/\/sinoextrud.com\/product\/sandblasted-aluminum-finish-profile\/\" target=\"_blank\">Sandblasted Aluminum Finish Profile<\/a><\/li>\r\n<li><a href=\"https:\/\/sinoextrud.com\/product\/rectangular-aluminum-tube\/\" target=\"_blank\">Rectangular Aluminum Tube<\/a><\/li>"},"feature_list":[]},"_links":{"self":[{"href":"https:\/\/sinoextrud.com\/de\/wp-json\/wp\/v2\/product\/6013","targetHints":{"allow":["GET"]}}],"collection":[{"href":"https:\/\/sinoextrud.com\/de\/wp-json\/wp\/v2\/product"}],"about":[{"href":"https:\/\/sinoextrud.com\/de\/wp-json\/wp\/v2\/types\/product"}],"wp:featuredmedia":[{"embeddable":true,"href":"https:\/\/sinoextrud.com\/de\/wp-json\/wp\/v2\/media\/6012"}],"wp:attachment":[{"href":"https:\/\/sinoextrud.com\/de\/wp-json\/wp\/v2\/media?parent=6013"}],"wp:term":[{"taxonomy":"category","embeddable":true,"href":"https:\/\/sinoextrud.com\/de\/wp-json\/wp\/v2\/categories?post=6013"}],"curies":[{"name":"wp","href":"https:\/\/api.w.org\/{rel}","templated":true}]}}