{"id":5998,"date":"2025-05-23T16:20:26","date_gmt":"2025-05-23T16:20:26","guid":{"rendered":"https:\/\/sinoextrud.com\/?post_type=product&#038;p=5998"},"modified":"2025-06-24T03:53:05","modified_gmt":"2025-06-24T03:53:05","slug":"aluminium-eckprofil","status":"publish","type":"product","link":"https:\/\/sinoextrud.com\/de\/product\/aluminium-corner-extrusion\/","title":{"rendered":"Aluminium-Eckstrangpressen"},"content":{"rendered":"<h2>Produkte Details<\/h2>\n<table class=\"custom-table\">\n<tr>\n<td class=\"label\">Name:<\/td>\n<td>Aluminium-Strangpressprofil, Aluminium-Eckstrangpressprofil<\/td>\n<\/tr>\n<tr>\n<td class=\"label\">Material:<\/td>\n<td>Aluminium-Legierung.<\/td>\n<\/tr>\n<tr>\n<td class=\"label\">Note:<\/td>\n<td>Serie 6000.<\/td>\n<\/tr>\n<tr>\n<td class=\"label\">Temperament:<\/td>\n<td>T5-T8.<\/td>\n<\/tr>\n<tr>\n<td class=\"label\">Oberfl\u00e4chenbehandlung:<\/td>\n<td>Fr\u00e4sen, Eloxieren, Pulverbeschichten, Sandstrahlen, Kataphorese, etc.<\/td>\n<\/tr>\n<tr>\n<td class=\"label\">Zertifikat:<\/td>\n<td>ISO 9001:2008, ROHS, CE, IQNET.<\/td>\n<\/tr>\n<tr>\n<td class=\"label\">Farbe:<\/td>\n<td>angepasst<\/td>\n<\/tr>\n<tr>\n<td class=\"label\">Gr\u00f6\u00dfe:<\/td>\n<td>Wie bei den Zeichnungen. angepasst<\/td>\n<\/tr>\n<\/table>\n<h2>Unsere Produktionsbasis<\/h2>\n<h3>Fabrik-Panorama<\/h3>\n<p><img decoding=\"async\" src=\"\/wp-content\/uploads\/factory-01.webp\"\/><\/p>\n<h3>Werkstatt zur Herstellung von Aluminiumstangen<\/h3>\n<p><img decoding=\"async\" src=\"\/wp-content\/uploads\/factory-02.webp\"\/><\/p>\n<\/p>\n<p><img decoding=\"async\" src=\"\/wp-content\/uploads\/factory-03.webp\"\/><\/p>\n<h3>Lagerhaus f\u00fcr Formen<\/h3>\n<p><img decoding=\"async\" src=\"\/wp-content\/uploads\/factory-04.webp\"\/><\/p>\n<h3>43 Aluminium-Strangpressanlagen (500\u00e2\u20ac\"5500 Tonnen)<\/h3>\n<p><img decoding=\"async\" src=\"\/wp-content\/uploads\/factory-05.webp\"\/><\/p>\n<p><img decoding=\"async\" src=\"\/wp-content\/uploads\/factory-06.webp\"\/><\/p>\n<p><img decoding=\"async\" src=\"\/wp-content\/uploads\/factory-07.webp\"\/><\/p>\n<h3>Werkstatt f\u00fcr Pulverbeschichtung<\/h3>\n<p><img decoding=\"async\" src=\"\/wp-content\/uploads\/factory-09.webp\"\/><\/p>\n<h3>Eloxal-Werkstatt<\/h3>\n<p><img decoding=\"async\" src=\"\/wp-content\/uploads\/factory-10.webp\"\/><\/p>\n<h3>Workshop zur Tiefenverarbeitung<\/h3>\n<p><img decoding=\"async\" src=\"\/wp-content\/uploads\/factory-11.webp\"\/><\/p>\n<h3>CNC-Pr\u00e4zisionsbearbeitungswerkstatt<\/h3>\n<p><img decoding=\"async\" src=\"\/wp-content\/uploads\/factory-11.5.webp\"\/><\/p>\n<h3>Lager f\u00fcr Fertigprodukte und Export<\/h3>\n<p><img decoding=\"async\" src=\"\/wp-content\/uploads\/factory-12.webp\"\/><\/p>\n<p><img decoding=\"async\" src=\"\/wp-content\/uploads\/factory-13.webp\"\/><\/p>\n<p><img decoding=\"async\" src=\"\/wp-content\/uploads\/factory-14.webp\"\/><\/p>\n<h2>FAQ<\/h2>\n<p><b>1. was ist ein Aluminium-Eckprofil? <\/b><\/p>\n<p> Ein Aluminium-Eckprofil ist ein rechtwinkliges Aluminiumprofil, das zum Verbinden, Sch\u00fctzen oder Veredeln von Kanten in Bau-, M\u00f6bel- und Rahmensystemen verwendet wird.\n<\/p>\n<p><\/p>\n<p><b>2. was sind die Hauptvorteile von Aluminium-Eckprofilen? <\/b><\/p>\n<p> Aluminium-Eckprofile bieten Korrosionsbest\u00e4ndigkeit, leichte Festigkeit und eine klare \u00c4sthetik, die sie sowohl f\u00fcr funktionale als auch f\u00fcr dekorative Anwendungen ideal machen.\n<\/p>\n<p><\/p>\n<p><b>3. wo werden Aluminium-Eckprofile \u00fcblicherweise eingesetzt? <\/b><\/p>\n<p> Sie werden h\u00e4ufig im Bauwesen, in der Innenarchitektur, bei Aluminiumrahmensystemen, Schr\u00e4nken und Ausstellungsstrukturen zum Schutz und zur Ausrichtung von Ecken verwendet.\n<\/p>\n<p><\/p>\n<p><b>4. sind Aluminium-Eckprofile anpassbar? <\/b><\/p>\n<p> Ja, sie k\u00f6nnen in verschiedenen Gr\u00f6\u00dfen, Winkeln, Dicken und Oberfl\u00e4chenbeschaffenheiten extrudiert werden, um spezifische Design- und Anwendungsanforderungen zu erf\u00fcllen.\n<\/p>\n<p><\/p>\n<p><b>5. warum Aluminium-Eckprofile anstelle von Kunststoff oder Stahl w\u00e4hlen? <\/b><\/p>\n<p> Aluminium-Eckprofile sind haltbarer als Kunststoff und im Vergleich zu Stahl leichter und korrosionsbest\u00e4ndiger und bieten somit langfristige Zuverl\u00e4ssigkeit.\n<\/p>\n<p><\/p>\n<p><b>6. k\u00f6nnen Aluminium-Eckprofile eloxiert oder beschichtet werden? <\/b><\/p>\n<p> Auf jeden Fall unterst\u00fctzen sie Oberfl\u00e4chenbehandlungen wie Eloxieren, Pulverbeschichten oder Lackieren f\u00fcr ein besseres Aussehen und mehr Schutz.\n<\/p>\n<p><\/p>\n<p><b>7. verbessern Aluminium-Eckprofile die strukturelle Integrit\u00e4t? <\/b><\/p>\n<p> Ja, sie verst\u00e4rken Ecken, erh\u00f6hen die Festigkeit von Rahmen und tragen zur gleichm\u00e4\u00dfigen Verteilung von Lasten in strukturellen Baugruppen bei.\n<\/p>\n<p><\/p>\n<p><b>8. sind Aluminium-Eckprofile einfach zu installieren? <\/b><\/p>\n<p> Ja, ihr Design erm\u00f6glicht eine einfache Installation mit Schrauben, Klebstoffen oder Klammern, was den Arbeitsaufwand und die Komplexit\u00e4t reduziert.\n<\/p>\n<p><\/p>\n<p><b>9 Ist das Aluminium-Eckprofil f\u00fcr den Au\u00dfeneinsatz geeignet? <\/b><\/p>\n<p> Ja, seine nat\u00fcrliche Korrosionsbest\u00e4ndigkeit und die optionalen Schutzbeschichtungen machen es ideal f\u00fcr den Einsatz im Freien und in Umgebungen mit hoher Luftfeuchtigkeit.\n<\/p>\n<p><\/p>\n<p><b>10. sind Aluminium-Eckprofile umweltfreundlich? <\/b><\/p>\n<p> Ja, Aluminium ist vollst\u00e4ndig recycelbar und energieeffizient in der Herstellung, was diese Strangpressprofile zu einem nachhaltigen Baumaterial macht.\n<\/p>\n<p><\/p>","protected":false},"featured_media":5996,"template":"","categories":[57],"class_list":["post-5998","product","type-product","status-publish","has-post-thumbnail","hentry","category-anodized-aluminum-profile"],"meta_box":{"hilight_text_group":{"product_hilight_text":"<li>Provides strong and clean corner joints for frames and structures<\/li>\r\r\n<li>Precision-extruded for consistent fit and alignment<\/li>\r\r\n<li>Lightweight yet durable, ideal for industrial and architectural applications<\/li>\r\r\n<li>Corrosion-resistant surface for indoor and outdoor use<\/li>\r\r\n<li>Available in standard and custom angles to meet various design needs<\/li>","product_chanpin_chanpin":"<li><a href=\"https:\/\/sinoextrud.com\/product\/aluminium-profile-systems\/\" target=\"_blank\">Aluminium Profile Systems<\/a><\/li>\r\n<li><a href=\"https:\/\/sinoextrud.com\/product\/aluminium-extrusion-profile-section\/\" target=\"_blank\">Aluminium Extrusion Profile Section(Great Wall panel aluminum profile)<\/a><\/li>\r\n<li><a href=\"https:\/\/sinoextrud.com\/product\/industrial-aluminum-profiles\/\" target=\"_blank\">Industrial Aluminum Profiles<\/a><\/li>\r\n<li><a href=\"https:\/\/sinoextrud.com\/product\/aluminum-extruded-profile\/\" target=\"_blank\">Aluminum Extruded Profile<\/a><\/li>\r\n<li><a href=\"https:\/\/sinoextrud.com\/product\/aluminium-corner-extrusion\/\" target=\"_blank\">Aluminium Corner Extrusion<\/a><\/li>\r\n<li><a href=\"https:\/\/sinoextrud.com\/product\/anodized-extruded-aluminum\/\" target=\"_blank\">Anodized Extruded Aluminum<\/a><\/li>\r\n<li><a href=\"https:\/\/sinoextrud.com\/product\/factory-offer-aluminum-handrail-extrusions\/\" target=\"_blank\">Factory Offer Aluminum Handrail Extrusions<\/a><\/li>\r\n<li><a href=\"https:\/\/sinoextrud.com\/product\/customize-6063-z-section-aluminium-extrusion\/\" target=\"_blank\">Customize 6063 Z Section Aluminium Extrusion<\/a><\/li>\r\n<li><a href=\"https:\/\/sinoextrud.com\/product\/anodized-aluminium-profiles\/\" target=\"_blank\">Anodized Aluminium Profiles<\/a><\/li>\r\n<li><a href=\"https:\/\/sinoextrud.com\/product\/extrusion-aluminum-profile-for-powder-coating-window-and-door-alloy-6063\/\" target=\"_blank\">Extrusion Aluminum Profile For Powder Coating Window and Door Alloy 6063<\/a><\/li>\r\n<li><a href=\"https:\/\/sinoextrud.com\/product\/extruded-aluminum-for-outdoor-light-heat-sink\/\" target=\"_blank\">Extruded Aluminum For Outdoor Light Heat Sink<\/a><\/li>"},"feature_list":[]},"_links":{"self":[{"href":"https:\/\/sinoextrud.com\/de\/wp-json\/wp\/v2\/product\/5998","targetHints":{"allow":["GET"]}}],"collection":[{"href":"https:\/\/sinoextrud.com\/de\/wp-json\/wp\/v2\/product"}],"about":[{"href":"https:\/\/sinoextrud.com\/de\/wp-json\/wp\/v2\/types\/product"}],"wp:featuredmedia":[{"embeddable":true,"href":"https:\/\/sinoextrud.com\/de\/wp-json\/wp\/v2\/media\/5996"}],"wp:attachment":[{"href":"https:\/\/sinoextrud.com\/de\/wp-json\/wp\/v2\/media?parent=5998"}],"wp:term":[{"taxonomy":"category","embeddable":true,"href":"https:\/\/sinoextrud.com\/de\/wp-json\/wp\/v2\/categories?post=5998"}],"curies":[{"name":"wp","href":"https:\/\/api.w.org\/{rel}","templated":true}]}}