{"id":5997,"date":"2025-05-23T16:15:15","date_gmt":"2025-05-23T16:15:15","guid":{"rendered":"https:\/\/sinoextrud.com\/?post_type=product&#038;p=5997"},"modified":"2025-06-24T03:53:03","modified_gmt":"2025-06-24T03:53:03","slug":"aluminium-strangpressprofil-2","status":"publish","type":"product","link":"https:\/\/sinoextrud.com\/de\/product\/aluminum-extruded-profile\/","title":{"rendered":"Aluminium-Strangpressprofil"},"content":{"rendered":"<h2>Produkte Details<\/h2>\n<table class=\"custom-table\">\n<tr>\n<td class=\"label\">Name:<\/td>\n<td>Stranggepresstes Aluminiumprofil<\/td>\n<\/tr>\n<tr>\n<td class=\"label\">Material:<\/td>\n<td>Aluminium-Legierung.<\/td>\n<\/tr>\n<tr>\n<td class=\"label\">Note:<\/td>\n<td>Serie 6000.<\/td>\n<\/tr>\n<tr>\n<td class=\"label\">Temperament:<\/td>\n<td>T5-T8.<\/td>\n<\/tr>\n<tr>\n<td class=\"label\">Oberfl\u00e4chenbehandlung:<\/td>\n<td>Fr\u00e4sen, Eloxieren, Pulverbeschichten, Sandstrahlen, Kataphorese, etc.<\/td>\n<\/tr>\n<tr>\n<td class=\"label\">Zertifikat:<\/td>\n<td>ISO 9001:2008, ROHS, CE, IQNET.<\/td>\n<\/tr>\n<tr>\n<td class=\"label\">Farbe:<\/td>\n<td>angepasst<\/td>\n<\/tr>\n<tr>\n<td class=\"label\">Gr\u00f6\u00dfe:<\/td>\n<td>Wie bei den Zeichnungen. angepasst<\/td>\n<\/tr>\n<tr>\n<td class=\"label\">Anwendung:<\/td>\n<td>Architektur und Industrie und so weiter.<\/td>\n<\/tr>\n<tr>\n<td class=\"label\">Paket:<\/td>\n<td>1.EPE f\u00fcr jedes Profil; 2.Wrap mit Schrumpffolie au\u00dfen; 3.Packed nach Kundenwunsch.<\/td>\n<\/tr>\n<tr>\n<td class=\"label\">Lieferung:<\/td>\n<td>20-25 Tage<\/td>\n<\/tr>\n<tr>\n<td class=\"label\">Tiefgehende Bearbeitung :<\/td>\n<td>Schneiden, Bohren, Stanzen, Biegen usw.<\/td>\n<\/tr>\n<\/table>\n<h2>Unsere Produktionsbasis<\/h2>\n<h3>Fabrik-Panorama<\/h3>\n<p><img decoding=\"async\" src=\"\/wp-content\/uploads\/factory-01.webp\"\/><\/p>\n<h3>Werkstatt zur Herstellung von Aluminiumstangen<\/h3>\n<p><img decoding=\"async\" src=\"\/wp-content\/uploads\/factory-02.webp\"\/><\/p>\n<\/p>\n<p><img decoding=\"async\" src=\"\/wp-content\/uploads\/factory-03.webp\"\/><\/p>\n<h3>Lagerhaus f\u00fcr Formen<\/h3>\n<p><img decoding=\"async\" src=\"\/wp-content\/uploads\/factory-04.webp\"\/><\/p>\n<h3>43 Aluminium-Strangpressanlagen (500\u00e2\u20ac\"5500 Tonnen)<\/h3>\n<p><img decoding=\"async\" src=\"\/wp-content\/uploads\/factory-05.webp\"\/><\/p>\n<p><img decoding=\"async\" src=\"\/wp-content\/uploads\/factory-06.webp\"\/><\/p>\n<p><img decoding=\"async\" src=\"\/wp-content\/uploads\/factory-07.webp\"\/><\/p>\n<h3>Werkstatt f\u00fcr Pulverbeschichtung<\/h3>\n<p><img decoding=\"async\" src=\"\/wp-content\/uploads\/factory-09.webp\"\/><\/p>\n<h3>Eloxal-Werkstatt<\/h3>\n<p><img decoding=\"async\" src=\"\/wp-content\/uploads\/factory-10.webp\"\/><\/p>\n<h3>Workshop zur Tiefenverarbeitung<\/h3>\n<p><img decoding=\"async\" src=\"\/wp-content\/uploads\/factory-11.webp\"\/><\/p>\n<h3>CNC-Pr\u00e4zisionsbearbeitungswerkstatt<\/h3>\n<p><img decoding=\"async\" src=\"\/wp-content\/uploads\/factory-11.5.webp\"\/><\/p>\n<h3>Lager f\u00fcr Fertigprodukte und Export<\/h3>\n<p><img decoding=\"async\" src=\"\/wp-content\/uploads\/factory-12.webp\"\/><\/p>\n<p><img decoding=\"async\" src=\"\/wp-content\/uploads\/factory-13.webp\"\/><\/p>\n<p><img decoding=\"async\" src=\"\/wp-content\/uploads\/factory-14.webp\"\/><\/p>\n<h2>FAQ<\/h2>\n<p><b>1. was ist ein Aluminium-Strangpressprofil? <\/b><\/p>\n<p> Ein Aluminium-Strangpressprofil ist ein kundenspezifisch geformtes Aluminiumbauteil, das durch das Pressen von Aluminium durch eine Matrize entsteht und h\u00e4ufig im Bauwesen, in der Automobilindustrie und in industriellen Anwendungen eingesetzt wird.\n<\/p>\n<p><\/p>\n<p><b>2. was sind die wichtigsten Vorteile von Aluminium-Strangpressprofilen? <\/b><\/p>\n<p> Aluminium-Strangpressprofile bieten ein hohes Verh\u00e4ltnis von Festigkeit zu Gewicht, Korrosionsbest\u00e4ndigkeit, Designflexibilit\u00e4t und eine effiziente Produktion f\u00fcr eine breite Palette von Anwendungen.\n<\/p>\n<p><\/p>\n<p><b>3. warum ist Aluminiumextrusion in der Fertigung so beliebt? <\/b><\/p>\n<p> Das Strangpressen von Aluminium erm\u00f6glicht komplexe, pr\u00e4zise Formen mit minimalem Materialabfall und ist damit ideal f\u00fcr eine kosteng\u00fcnstige und skalierbare Fertigung.\n<\/p>\n<p><\/p>\n<p><b>4. sind Aluminium-Strangpressprofile anpassbar? <\/b><\/p>\n<p> Ja, Profile k\u00f6nnen in Form, Gr\u00f6\u00dfe, Legierung und Ausf\u00fchrung auf spezifische funktionale und \u00e4sthetische Anforderungen zugeschnitten werden.\n<\/p>\n<p><\/p>\n<p><b>5. welche Branchen verwenden Aluminium-Strangpressprofile? <\/b><\/p>\n<p> Branchen wie das Baugewerbe, das Transportwesen, die Elektronik, die Luft- und Raumfahrt und die erneuerbaren Energien verwenden stranggepresste Aluminiumprofile aufgrund ihrer Vielseitigkeit und Leistungsf\u00e4higkeit.\n<\/p>\n<p><\/p>\n<p><b>6. unterst\u00fctzen Aluminium-Strangpressprofile nachhaltiges Design? <\/b><\/p>\n<p> Aluminium ist auf jeden Fall 100% recycelbar, was Strangpressprofile zu einer umweltfreundlichen Wahl f\u00fcr gr\u00fcnes Bauen und nachhaltige Produktentwicklung macht.\n<\/p>\n<p><\/p>\n<p><b>7. wie stark sind Aluminium-Strangpressprofile? <\/b><\/p>\n<p> Je nach verwendeter Legierung k\u00f6nnen stranggepresste Aluminiumprofile eine hervorragende strukturelle Festigkeit bei geringem Gewicht aufweisen.\n<\/p>\n<p><\/p>\n<p><b>8. welche Oberfl\u00e4chenbehandlungen sind f\u00fcr Aluminium-Strangpressprofile verf\u00fcgbar? <\/b><\/p>\n<p> Zu den \u00fcblichen Oberfl\u00e4chenbehandlungen geh\u00f6ren Eloxieren, Pulverbeschichten und B\u00fcrsten, die die Haltbarkeit, Korrosionsbest\u00e4ndigkeit und das Aussehen verbessern.\n<\/p>\n<p><\/p>\n<p><b>Sind stranggepresste Aluminiumprofile leicht zu verarbeiten und zu montieren? <\/b><\/p>\n<p> Ja, sie sind leicht zu schneiden, zu bearbeiten und zu f\u00fcgen, was die Herstellung vereinfacht und die Montagezeit in der Produktion verk\u00fcrzt.\n<\/p>\n<p><\/p>\n<p><b>10. ist Aluminium-Strangpressprofil f\u00fcr Innen- und Au\u00dfenanwendungen geeignet? <\/b><\/p>\n<p> Durch ihre Korrosionsbest\u00e4ndigkeit und die verschiedenen Oberfl\u00e4chenbehandlungen sind sie sowohl f\u00fcr Innenr\u00e4ume als auch f\u00fcr raue Au\u00dfenumgebungen geeignet.\n<\/p>\n<p><\/p>","protected":false},"featured_media":6001,"template":"","categories":[57],"class_list":["post-5997","product","type-product","status-publish","has-post-thumbnail","hentry","category-anodized-aluminum-profile"],"meta_box":{"hilight_text_group":{"product_hilight_text":"<li>Customizable shapes and sizes for a wide range of industrial applications<\/li>\r\r\n<li>High strength-to-weight ratio ideal for structural and mechanical use<\/li>\r\r\n<li>Excellent surface finish and corrosion resistance with anodizing options<\/li>\r\r\n<li>Supports precise machining, drilling, and cutting for easy integration<\/li>\r\r\n<li>Cost-effective solution for mass production with consistent quality<\/li>","product_chanpin_chanpin":"<li><a href=\"https:\/\/sinoextrud.com\/product\/aluminum-extrusion-industry-modular-components-profile\/\" target=\"_blank\">Aluminum Extrusion Industry Modular Components Profile<\/a><\/li>\r\n<li><a href=\"https:\/\/sinoextrud.com\/product\/aluminium-profile-systems\/\" target=\"_blank\">Aluminium Profile Systems<\/a><\/li>\r\n<li><a href=\"https:\/\/sinoextrud.com\/product\/aluminium-extrusion-profile-section\/\" target=\"_blank\">Aluminium Extrusion Profile Section(Great Wall panel aluminum profile)<\/a><\/li>\r\n<li><a href=\"https:\/\/sinoextrud.com\/product\/industrial-aluminum-profiles\/\" target=\"_blank\">Industrial Aluminum Profiles<\/a><\/li>\r\n<li><a href=\"https:\/\/sinoextrud.com\/product\/aluminum-extruded-profile\/\" target=\"_blank\">Aluminum Extruded Profile<\/a><\/li>\r\n<li><a href=\"https:\/\/sinoextrud.com\/product\/aluminium-corner-extrusion\/\" target=\"_blank\">Aluminium Corner Extrusion<\/a><\/li>\r\n<li><a href=\"https:\/\/sinoextrud.com\/product\/anodized-extruded-aluminum\/\" target=\"_blank\">Anodized Extruded Aluminum<\/a><\/li>\r\n<li><a href=\"https:\/\/sinoextrud.com\/product\/factory-offer-aluminum-handrail-extrusions\/\" target=\"_blank\">Factory Offer Aluminum Handrail Extrusions<\/a><\/li>\r\n<li><a href=\"https:\/\/sinoextrud.com\/product\/customize-6063-z-section-aluminium-extrusion\/\" target=\"_blank\">Customize 6063 Z Section Aluminium Extrusion<\/a><\/li>\r\n<li><a href=\"https:\/\/sinoextrud.com\/product\/6063-cnc-machining-aluminum-extrusion-hinge\/\" target=\"_blank\">6063 CNC Machining Aluminum Extrusion Hinge<\/a><\/li>\r\n<li><a href=\"https:\/\/sinoextrud.com\/product\/aluminum-square-tube-in-wooden-grain\/\" target=\"_blank\">Aluminum Square Tube In Wooden Grain<\/a><\/li>"},"feature_list":[]},"_links":{"self":[{"href":"https:\/\/sinoextrud.com\/de\/wp-json\/wp\/v2\/product\/5997","targetHints":{"allow":["GET"]}}],"collection":[{"href":"https:\/\/sinoextrud.com\/de\/wp-json\/wp\/v2\/product"}],"about":[{"href":"https:\/\/sinoextrud.com\/de\/wp-json\/wp\/v2\/types\/product"}],"wp:featuredmedia":[{"embeddable":true,"href":"https:\/\/sinoextrud.com\/de\/wp-json\/wp\/v2\/media\/6001"}],"wp:attachment":[{"href":"https:\/\/sinoextrud.com\/de\/wp-json\/wp\/v2\/media?parent=5997"}],"wp:term":[{"taxonomy":"category","embeddable":true,"href":"https:\/\/sinoextrud.com\/de\/wp-json\/wp\/v2\/categories?post=5997"}],"curies":[{"name":"wp","href":"https:\/\/api.w.org\/{rel}","templated":true}]}}