{"id":5991,"date":"2025-05-23T15:32:45","date_gmt":"2025-05-23T15:32:45","guid":{"rendered":"https:\/\/sinoextrud.com\/?post_type=product&#038;p=5991"},"modified":"2025-06-24T03:52:57","modified_gmt":"2025-06-24T03:52:57","slug":"aluminium-profilsysteme","status":"publish","type":"product","link":"https:\/\/sinoextrud.com\/de\/product\/aluminium-profile-systems\/","title":{"rendered":"Aluminium-Profilsysteme"},"content":{"rendered":"<h2>Produkte Details<\/h2>\n<table class=\"custom-table\">\n<tr>\n<td class=\"label\">Produktname<\/td>\n<td>Aluminium-Profilsysteme<\/td>\n<\/tr>\n<tr>\n<td class=\"label\">Produktpalette<\/td>\n<td>Aluminiumrohre, Aluminium-Glasgel\u00e4ndersysteme, Aluminium-T-Nut-Systeme, Aluminium-Deckensysteme, Aluminium-T\u00fcren und -Fenstersysteme usw.<\/td>\n<\/tr>\n<tr>\n<td class=\"label\">Geeignete Systeme Typen<\/td>\n<td>Industrielles Aluminiumprofil, Aluminiumprofil f\u00fcr den Bau, usw.<\/td>\n<\/tr>\n<tr>\n<td class=\"label\">Temperament<\/td>\n<td>T3-T8<\/td>\n<\/tr>\n<tr>\n<td class=\"label\">Form<\/td>\n<td>Sonderanfertigung<\/td>\n<\/tr>\n<tr>\n<td class=\"label\">Farbe<\/td>\n<td>Sonderanfertigung<\/td>\n<\/tr>\n<tr>\n<td class=\"label\">Oberfl\u00e4chenbehandlung<\/td>\n<td>walzblank, eloxiert, pulverbeschichtet, sandgestrahlt, elektrophoretisch, geb\u00fcrstet, poliert, etc.<\/td>\n<\/tr>\n<tr>\n<td class=\"label\">CNC-Tiefenbearbeitung<\/td>\n<td>Schneiden, Bohren, Zerspanen, Stanzen, Biegen, Gewindeschneiden und so weiter<\/td>\n<\/tr>\n<tr>\n<td class=\"label\">Zertifizierungen<\/td>\n<td>CE, ISO, SGS, TUV, ROHS<\/td>\n<\/tr>\n<tr>\n<td class=\"label\">Proben<\/td>\n<td>kostenlose Probe. 1-3 Tage an Sie geliefert.<\/td>\n<\/tr>\n<tr>\n<td class=\"label\">MOQ<\/td>\n<td>200KG f\u00fcr jedes Profil<\/td>\n<\/tr>\n<tr>\n<td class=\"label\">Lieferfrist<\/td>\n<td>Die Entwicklung der Form und die Erstellung des Musters dauern 12-15 Tage, die Produktion dauert 15-25 Tage nach Eingang der Anzahlung des K\u00e4ufers.<\/td>\n<\/tr>\n<tr>\n<td class=\"label\">Zahlungsbedingungen<\/td>\n<td>30% Anzahlung, 70% Restbetrag vor Versand<\/td>\n<\/tr>\n<\/table>\n<h2>Unsere Produktionsbasis<\/h2>\n<h3>Fabrik-Panorama<\/h3>\n<p><img decoding=\"async\" src=\"\/wp-content\/uploads\/factory-01.webp\"\/><\/p>\n<h3>Werkstatt zur Herstellung von Aluminiumstangen<\/h3>\n<p><img decoding=\"async\" src=\"\/wp-content\/uploads\/factory-02.webp\"\/><\/p>\n<\/p>\n<p><img decoding=\"async\" src=\"\/wp-content\/uploads\/factory-03.webp\"\/><\/p>\n<h3>Lagerhaus f\u00fcr Formen<\/h3>\n<p><img decoding=\"async\" src=\"\/wp-content\/uploads\/factory-04.webp\"\/><\/p>\n<h3>43 Aluminium-Strangpressanlagen (500\u00e2\u20ac\"5500 Tonnen)<\/h3>\n<p><img decoding=\"async\" src=\"\/wp-content\/uploads\/factory-05.webp\"\/><\/p>\n<p><img decoding=\"async\" src=\"\/wp-content\/uploads\/factory-06.webp\"\/><\/p>\n<p><img decoding=\"async\" src=\"\/wp-content\/uploads\/factory-07.webp\"\/><\/p>\n<h3>Werkstatt f\u00fcr Pulverbeschichtung<\/h3>\n<p><img decoding=\"async\" src=\"\/wp-content\/uploads\/factory-09.webp\"\/><\/p>\n<h3>Eloxal-Werkstatt<\/h3>\n<p><img decoding=\"async\" src=\"\/wp-content\/uploads\/factory-10.webp\"\/><\/p>\n<h3>Workshop zur Tiefenverarbeitung<\/h3>\n<p><img decoding=\"async\" src=\"\/wp-content\/uploads\/factory-11.webp\"\/><\/p>\n<h3>CNC-Pr\u00e4zisionsbearbeitungswerkstatt<\/h3>\n<p><img decoding=\"async\" src=\"\/wp-content\/uploads\/factory-11.5.webp\"\/><\/p>\n<h3>Lager f\u00fcr Fertigprodukte und Export<\/h3>\n<p><img decoding=\"async\" src=\"\/wp-content\/uploads\/factory-12.webp\"\/><\/p>\n<p><img decoding=\"async\" src=\"\/wp-content\/uploads\/factory-13.webp\"\/><\/p>\n<p><img decoding=\"async\" src=\"\/wp-content\/uploads\/factory-14.webp\"\/><\/p>\n<h2>FAQ<\/h2>\n<p><b>1. was sind Aluminiumprofilsysteme? <\/b><\/p>\n<p> Aluminiumprofilsysteme sind modulare Bauelemente aus stranggepresstem Aluminium, die in verschiedenen Anwendungen wie Ger\u00fcsten, Geh\u00e4usen, F\u00f6rderanlagen und Arbeitspl\u00e4tzen eingesetzt werden.\n<\/p>\n<p><\/p>\n<p><b>2. was sind die Vorteile von Aluminiumprofilsystemen? <\/b><\/p>\n<p> Aluminium-Profilsysteme bieten Flexibilit\u00e4t, leichte Festigkeit, Korrosionsbest\u00e4ndigkeit und einfache Montage und sind damit ideal f\u00fcr den industriellen und gewerblichen Einsatz.\n<\/p>\n<p><\/p>\n<p><b>3. wie anpassungsf\u00e4hig sind Aluminiumprofilsysteme? <\/b><\/p>\n<p> Aluminium-Profilsysteme lassen sich leicht zuschneiden, verbinden und modifizieren, so dass individuelle Konstruktionen m\u00f6glich sind, die auf spezifische Projektanforderungen zugeschnitten sind.\n<\/p>\n<p><\/p>\n<p><b>4 Warum sollte man Aluminiumprofilsysteme den traditionellen Stahlkonstruktionen vorziehen? <\/b><\/p>\n<p> Aluminiumprofilsysteme sind leichter, einfacher zu installieren und erfordern weniger Wartung als Stahl, was die Gesamtkosten und den Aufwand f\u00fcr das Projekt reduziert.\n<\/p>\n<p><\/p>\n<p><b>5. sind Aluminium-Profilsysteme f\u00fcr Schwerlastanwendungen geeignet? <\/b><\/p>\n<p> Ja, hochwertige Aluminiumprofile sind so konstruiert, dass sie schweren Lasten standhalten und gleichzeitig die strukturelle Integrit\u00e4t und Leistungsf\u00e4higkeit erhalten.\n<\/p>\n<p><\/p>\n<p><b>6. unterst\u00fctzen Aluminiumprofilsysteme umweltfreundliches Bauen? <\/b><\/p>\n<p> Auf jeden Fall ist Aluminium 100% recycelbar, und seine lange Lebensdauer reduziert den Abfall, was Aluminiumprofilsysteme zu einer nachhaltigen Baul\u00f6sung macht.\n<\/p>\n<p><\/p>\n<p><b>7. welche Branchen verwenden Aluminiumprofilsysteme? <\/b><\/p>\n<p> Branchen wie die Fertigungsindustrie, die Automatisierungsindustrie, die Elektronikindustrie, die Logistik und die Reinraumindustrie verlassen sich auf Aluminium-Profilsysteme f\u00fcr vielseitige und effiziente Strukturen.\n<\/p>\n<p><\/p>\n<p><b>8. wie steigern Aluminiumprofilsysteme die Produktionseffizienz? <\/b><\/p>\n<p> Ihr modularer Aufbau erm\u00f6glicht schnelle Anpassungen und Erweiterungen, wodurch Ausfallzeiten minimiert und Arbeitsabl\u00e4ufe in industriellen Umgebungen optimiert werden.\n<\/p>\n<p><\/p>\n<p><b>9. k\u00f6nnen Aluminiumprofilsysteme in Automatisierungsanlagen integriert werden? <\/b><\/p>\n<p> Ja, diese Systeme sind so konzipiert, dass sie mit Sensoren, Aktoren und anderen Automatisierungskomponenten kompatibel sind und sich nahtlos integrieren lassen.\n<\/p>\n<p><\/p>\n<p><b>10. welche Wartung ben\u00f6tigen Aluminiumprofilsysteme? <\/b><\/p>\n<p> Aluminium-Profilsysteme sind dank ihrer korrosionsbest\u00e4ndigen Oberfl\u00e4chen und ihrer robusten Konstruktion sehr wartungsarm.\n<\/p>\n<p><\/p>","protected":false},"featured_media":5990,"template":"","categories":[55],"class_list":["post-5991","product","type-product","status-publish","has-post-thumbnail","hentry","category-extruded-aluminum-profiles"],"meta_box":{"hilight_text_group":{"product_hilight_text":"<li>Flexible profile systems adaptable to various industrial applications and layouts<\/li>\r\r\n<li>Quick and tool-free assembly reduces installation time and labor costs<\/li>\r\r\n<li>High load-bearing capacity suitable for frames, workstations, enclosures, and conveyors<\/li>\r\r\n<li>Standardized connectors and accessories ensure seamless integration<\/li>\r\r\n<li>Low maintenance with corrosion-resistant anodized surfaces<\/li>","product_chanpin_chanpin":"<li><a href=\"https:\/\/sinoextrud.com\/product\/extruded-aluminum-flat-bar-6061-7075\/\" target=\"_blank\">Extruded Aluminum Flat Bar 6061 7075<\/a><\/li>\r\n<li><a href=\"https:\/\/sinoextrud.com\/product\/extruded-aluminum-tubing-shapes-supplier\/\" target=\"_blank\">Extruded Aluminum Tubing Shapes Supplier<\/a><\/li>\r\n<li><a href=\"https:\/\/sinoextrud.com\/product\/aluminium-profile-bed-frame\/\" target=\"_blank\">Aluminium Profile Bed Frame<\/a><\/li>\r\n<li><a href=\"https:\/\/sinoextrud.com\/product\/aluminum-extrusion-industry-modular-components-profile\/\" target=\"_blank\">Aluminum Extrusion Industry Modular Components Profile<\/a><\/li>\r\n<li><a href=\"https:\/\/sinoextrud.com\/product\/aluminium-profile-systems\/\" target=\"_blank\">Aluminium Profile Systems<\/a><\/li>\r\n<li><a href=\"https:\/\/sinoextrud.com\/product\/aluminium-extrusion-profile-section\/\" target=\"_blank\">Aluminium Extrusion Profile Section(Great Wall panel aluminum profile)<\/a><\/li>\r\n<li><a href=\"https:\/\/sinoextrud.com\/product\/industrial-aluminum-profiles\/\" target=\"_blank\">Industrial Aluminum Profiles<\/a><\/li>\r\n<li><a href=\"https:\/\/sinoextrud.com\/product\/aluminum-extruded-profile\/\" target=\"_blank\">Aluminum Extruded Profile<\/a><\/li>\r\n<li><a href=\"https:\/\/sinoextrud.com\/product\/aluminium-corner-extrusion\/\" target=\"_blank\">Aluminium Corner Extrusion<\/a><\/li>\r\n<li><a href=\"https:\/\/sinoextrud.com\/product\/modular-aluminum-framing-system\/\" target=\"_blank\">Modular Aluminum Framing System<\/a><\/li>\r\n<li><a href=\"https:\/\/sinoextrud.com\/product\/aluminium-frame\/\" target=\"_blank\">Aluminium Frame<\/a><\/li>"},"feature_list":[]},"_links":{"self":[{"href":"https:\/\/sinoextrud.com\/de\/wp-json\/wp\/v2\/product\/5991","targetHints":{"allow":["GET"]}}],"collection":[{"href":"https:\/\/sinoextrud.com\/de\/wp-json\/wp\/v2\/product"}],"about":[{"href":"https:\/\/sinoextrud.com\/de\/wp-json\/wp\/v2\/types\/product"}],"wp:featuredmedia":[{"embeddable":true,"href":"https:\/\/sinoextrud.com\/de\/wp-json\/wp\/v2\/media\/5990"}],"wp:attachment":[{"href":"https:\/\/sinoextrud.com\/de\/wp-json\/wp\/v2\/media?parent=5991"}],"wp:term":[{"taxonomy":"category","embeddable":true,"href":"https:\/\/sinoextrud.com\/de\/wp-json\/wp\/v2\/categories?post=5991"}],"curies":[{"name":"wp","href":"https:\/\/api.w.org\/{rel}","templated":true}]}}