{"id":5987,"date":"2025-05-23T15:26:39","date_gmt":"2025-05-23T15:26:39","guid":{"rendered":"https:\/\/sinoextrud.com\/?post_type=product&#038;p=5987"},"modified":"2025-06-24T03:52:53","modified_gmt":"2025-06-24T03:52:53","slug":"bettrahmen-aus-aluminiumprofilen","status":"publish","type":"product","link":"https:\/\/sinoextrud.com\/de\/product\/aluminium-profile-bed-frame\/","title":{"rendered":"Aluminium Profil Bettgestell"},"content":{"rendered":"<h2>Produkte Details<\/h2>\n<table class=\"custom-table\">\n<tr>\n<td class=\"label\">Produktname<\/td>\n<td>Aluminiumprofil-Bettgestell, Aluminium-Schwebebettgestell<\/td>\n<\/tr>\n<tr>\n<td class=\"label\">Produktpalette<\/td>\n<td>Aluminium-Strangpressprofile f\u00fcr Bettrahmen aus Metall, Bettrahmen, Bettrahmen aus Metall, Bettrahmen aus Metall, Bettrahmen aus Metall, Bettrahmen aus Metall, Bettrahmen mit niedrigem Profil, Bettrahmen aus Aluminium, Bettrahmen f\u00fcr Sofas, Bettf\u00fc\u00dfe f\u00fcr Bettrahmen<\/td>\n<\/tr>\n<tr>\n<td class=\"label\">Geeignete Systeme Typen<\/td>\n<td>Metall-Plattform-Bettgestell, schwimmende Bettgestell, Metallrahmen Etagenbett, Metall-Bettgestell K\u00f6nig, klappbare Metall Sofa Bettgestell, Metall-Bettgestell King-Size, Metall-Bettgestell King-Size, Metall-Bettgestell mit weichem Kopf, Metall-Bettgestell doppelte Gr\u00f6\u00dfe, etc<\/td>\n<\/tr>\n<tr>\n<td class=\"label\">Oberfl\u00e4chenbehandlung<\/td>\n<td>walzblank, eloxiert, Holzmaserung, Pulverbeschichtung, Sandstrahlen, Elektrophorese, geb\u00fcrstet, poliert, etc.<\/td>\n<\/tr>\n<tr>\n<td class=\"label\">CNC-Tiefenbearbeitung<\/td>\n<td>Schneiden, Bohren, Zerspanen, Stanzen, Biegen, Gewindeschneiden und so weiter<\/td>\n<\/tr>\n<tr>\n<td class=\"label\">Zertifizierungen<\/td>\n<td>CE, ISO, SGS, TUV, ROHS<\/td>\n<\/tr>\n<tr>\n<td class=\"label\">Proben<\/td>\n<td>kostenlose Probe. 1-3 Tage an Sie geliefert.<\/td>\n<\/tr>\n<tr>\n<td class=\"label\">MOQ<\/td>\n<td>200KG f\u00fcr jedes Profil<\/td>\n<\/tr>\n<tr>\n<td class=\"label\">Lieferfrist<\/td>\n<td>Die Entwicklung der Form und die Anfertigung des Musters dauern 12-15 Tage, die Produktion dauert 15-25 Tage nach Eingang der Anzahlung des K\u00e4ufers.<\/td>\n<\/tr>\n<tr>\n<td class=\"label\">Zahlungsbedingungen<\/td>\n<td>30% Anzahlung vor der Produktion, und der Restbetrag vor dem Versand.<\/td>\n<\/tr>\n<tr>\n<td class=\"label\">Funktion<\/td>\n<td>Multifunktional, Halterung, abnehmbar<\/td>\n<\/tr>\n<\/table>\n<h2>Unsere Produktionsbasis<\/h2>\n<h3>Fabrik-Panorama<\/h3>\n<p><img decoding=\"async\" src=\"\/wp-content\/uploads\/factory-01.webp\"\/><\/p>\n<h3>Werkstatt zur Herstellung von Aluminiumstangen<\/h3>\n<p><img decoding=\"async\" src=\"\/wp-content\/uploads\/factory-02.webp\"\/><\/p>\n<\/p>\n<p><img decoding=\"async\" src=\"\/wp-content\/uploads\/factory-03.webp\"\/><\/p>\n<h3>Lagerhaus f\u00fcr Formen<\/h3>\n<p><img decoding=\"async\" src=\"\/wp-content\/uploads\/factory-04.webp\"\/><\/p>\n<h3>43 Aluminium-Strangpressanlagen (500\u00e2\u20ac\"5500 Tonnen)<\/h3>\n<p><img decoding=\"async\" src=\"\/wp-content\/uploads\/factory-05.webp\"\/><\/p>\n<p><img decoding=\"async\" src=\"\/wp-content\/uploads\/factory-06.webp\"\/><\/p>\n<p><img decoding=\"async\" src=\"\/wp-content\/uploads\/factory-07.webp\"\/><\/p>\n<h3>Werkstatt f\u00fcr Pulverbeschichtung<\/h3>\n<p><img decoding=\"async\" src=\"\/wp-content\/uploads\/factory-09.webp\"\/><\/p>\n<h3>Eloxal-Werkstatt<\/h3>\n<p><img decoding=\"async\" src=\"\/wp-content\/uploads\/factory-10.webp\"\/><\/p>\n<h3>Workshop zur Tiefenverarbeitung<\/h3>\n<p><img decoding=\"async\" src=\"\/wp-content\/uploads\/factory-11.webp\"\/><\/p>\n<h3>CNC-Pr\u00e4zisionsbearbeitungswerkstatt<\/h3>\n<p><img decoding=\"async\" src=\"\/wp-content\/uploads\/factory-11.5.webp\"\/><\/p>\n<h3>Lager f\u00fcr Fertigprodukte und Export<\/h3>\n<p><img decoding=\"async\" src=\"\/wp-content\/uploads\/factory-12.webp\"\/><\/p>\n<p><img decoding=\"async\" src=\"\/wp-content\/uploads\/factory-13.webp\"\/><\/p>\n<p><img decoding=\"async\" src=\"\/wp-content\/uploads\/factory-14.webp\"\/><\/p>\n<h2>FAQ<\/h2>\n<p><b>1. was ist ein Aluminiumprofil-Bettgestell? <\/b><\/p>\n<p> Ein Aluminiumprofil-Bettgestell ist eine Bettstruktur, die aus modularen Aluminium-Strangpressprofilen hergestellt wird und Festigkeit, Stabilit\u00e4t und modernes Design f\u00fcr den privaten oder gewerblichen Gebrauch bietet.\n<\/p>\n<p><\/p>\n<p><b>2. was sind die Vorteile eines Aluminiumprofil-Bettgestells? <\/b><\/p>\n<p> Aluminium-Profilbettrahmen sind leicht, rostbest\u00e4ndig, langlebig und einfach zu montieren, was sie ideal f\u00fcr den langfristigen, wartungsarmen Einsatz macht.\n<\/p>\n<p><\/p>\n<p><b>3. wie stabil ist ein Aluminiumprofil-Bettgestell? <\/b><\/p>\n<p> Diese Bettgestelle sind aus hochwertigem stranggepresstem Aluminium gefertigt und bieten eine hervorragende Tragf\u00e4higkeit und strukturelle Integrit\u00e4t.\n<\/p>\n<p><\/p>\n<p><b>4. ist ein Aluminiumprofil-Bettgestell einfach zu montieren? <\/b><\/p>\n<p> Ja, der modulare Aufbau und die vorgeschnittenen Aluminiumprofile erm\u00f6glichen eine schnelle, werkzeugfreundliche Montage mit minimalem Aufwand.\n<\/p>\n<p><\/p>\n<p><b>5. k\u00f6nnen Aluminiumprofil-Bettgestelle individuell angepasst werden? <\/b><\/p>\n<p> Auf jeden Fall k\u00f6nnen sie in Gr\u00f6\u00dfe, H\u00f6he und Stil an die jeweilige Inneneinrichtung oder an pers\u00f6nliche Vorlieben angepasst werden.\n<\/p>\n<p><\/p>\n<p><b>6. ist ein Aluminiumprofil-Bettgestell umweltfreundlich? <\/b><\/p>\n<p> Ja, Aluminium ist 100% recycelbar und langlebig, was diese Bettrahmen zu einer nachhaltigen und umweltbewussten Wahl macht.\n<\/p>\n<p><\/p>\n<p><b>7. rostet ein Aluminiumprofil-Bettgestell mit der Zeit? <\/b><\/p>\n<p> Nein, Aluminium ist von Natur aus korrosionsbest\u00e4ndig, so dass der Bettrahmen auch in feuchten Umgebungen rostfrei bleibt.\n<\/p>\n<p><\/p>\n<p><b>8. wie ist ein Aluminiumprofil-Bettgestell im Vergleich zu Holz oder Stahl? <\/b><\/p>\n<p> Im Vergleich zu Holz oder Stahl sind Bettgestelle aus Aluminiumprofilen leichter, verschlei\u00dffester und feuchtigkeitsbest\u00e4ndiger und lassen sich leichter verschieben oder ver\u00e4ndern.\n<\/p>\n<p><\/p>\n<p><b>9 Sind Aluminium-Profilbettrahmen f\u00fcr den gewerblichen Einsatz geeignet? <\/b><\/p>\n<p> Dank ihrer robusten Konstruktion und ihres eleganten Aussehens sind sie ideal f\u00fcr Hotels, Schlafs\u00e4le und das Gesundheitswesen.\n<\/p>\n<p><\/p>\n<p><b>10. welche Ausf\u00fchrungen gibt es f\u00fcr Aluminiumprofil-Bettgestelle? <\/b><\/p>\n<p> Aluminiumprofil-Bettgestelle k\u00f6nnen minimalistisch, modern, industriell oder individuell gestaltet werden, um einer Vielzahl von \u00e4sthetischen Anspr\u00fcchen gerecht zu werden.\n<\/p>\n<p><\/p>","protected":false},"featured_media":5986,"template":"","categories":[55],"class_list":["post-5987","product","type-product","status-publish","has-post-thumbnail","hentry","category-extruded-aluminum-profiles"],"meta_box":{"hilight_text_group":{"product_hilight_text":"<li>Durable aluminum construction ensures long lifespan with minimal maintenance<\/li>\r\r\n<li>Lightweight design for easy transport and installation<\/li>\r\r\n<li>Modular structure allows quick assembly and customization<\/li>\r\r\n<li>Corrosion-resistant finish suitable for medical, dormitory, and industrial use<\/li>\r\r\n<li>Supports heavy loads while maintaining structural stability<\/li>","product_chanpin_chanpin":"<li><a href=\"https:\/\/sinoextrud.com\/product\/aluminum-extrusion-7003-7005-7020\/\" target=\"_blank\">Aluminum Extrusion 7003 7005 7020 High Hardness Anodized Aluminum Profile<\/a><\/li>\r\n<li><a href=\"https:\/\/sinoextrud.com\/product\/aluminum-extrusion-flood-control-barrier-aluminum-profile\/\" target=\"_blank\">Aluminum Extrusion Flood Control Barrier Aluminum Profile<\/a><\/li>\r\n<li><a href=\"https:\/\/sinoextrud.com\/product\/extruded-aluminum-flat-bar-6061-7075\/\" target=\"_blank\">Extruded Aluminum Flat Bar 6061 7075<\/a><\/li>\r\n<li><a href=\"https:\/\/sinoextrud.com\/product\/extruded-aluminum-tubing-shapes-supplier\/\" target=\"_blank\">Extruded Aluminum Tubing Shapes Supplier<\/a><\/li>\r\n<li><a href=\"https:\/\/sinoextrud.com\/product\/aluminium-profile-bed-frame\/\" target=\"_blank\">Aluminium Profile Bed Frame<\/a><\/li>\r\n<li><a href=\"https:\/\/sinoextrud.com\/product\/aluminum-extrusion-industry-modular-components-profile\/\" target=\"_blank\">Aluminum Extrusion Industry Modular Components Profile<\/a><\/li>\r\n<li><a href=\"https:\/\/sinoextrud.com\/product\/aluminium-profile-systems\/\" target=\"_blank\">Aluminium Profile Systems<\/a><\/li>\r\n<li><a href=\"https:\/\/sinoextrud.com\/product\/aluminium-extrusion-profile-section\/\" target=\"_blank\">Aluminium Extrusion Profile Section(Great Wall panel aluminum profile)<\/a><\/li>\r\n<li><a href=\"https:\/\/sinoextrud.com\/product\/industrial-aluminum-profiles\/\" target=\"_blank\">Industrial Aluminum Profiles<\/a><\/li>\r\n<li><a href=\"https:\/\/sinoextrud.com\/product\/decoration-aluminium\/\" target=\"_blank\">Decoration aluminium<\/a><\/li>\r\n<li><a href=\"https:\/\/sinoextrud.com\/product\/anodized-matt-and-various-color-extruded-construction-aluminium-profile\/\" target=\"_blank\">Anodized Matt And Various Color Extruded Construction Aluminium Profile<\/a><\/li>"},"feature_list":[]},"_links":{"self":[{"href":"https:\/\/sinoextrud.com\/de\/wp-json\/wp\/v2\/product\/5987","targetHints":{"allow":["GET"]}}],"collection":[{"href":"https:\/\/sinoextrud.com\/de\/wp-json\/wp\/v2\/product"}],"about":[{"href":"https:\/\/sinoextrud.com\/de\/wp-json\/wp\/v2\/types\/product"}],"wp:featuredmedia":[{"embeddable":true,"href":"https:\/\/sinoextrud.com\/de\/wp-json\/wp\/v2\/media\/5986"}],"wp:attachment":[{"href":"https:\/\/sinoextrud.com\/de\/wp-json\/wp\/v2\/media?parent=5987"}],"wp:term":[{"taxonomy":"category","embeddable":true,"href":"https:\/\/sinoextrud.com\/de\/wp-json\/wp\/v2\/categories?post=5987"}],"curies":[{"name":"wp","href":"https:\/\/api.w.org\/{rel}","templated":true}]}}