{"id":5985,"date":"2025-05-23T15:23:16","date_gmt":"2025-05-23T15:23:16","guid":{"rendered":"https:\/\/sinoextrud.com\/?post_type=product&#038;p=5985"},"modified":"2025-06-24T03:52:51","modified_gmt":"2025-06-24T03:52:51","slug":"lieferant-fur-stranggepresste-aluminiumrohre","status":"publish","type":"product","link":"https:\/\/sinoextrud.com\/de\/product\/extruded-aluminum-tubing-shapes-supplier\/","title":{"rendered":"Stranggepresste Aluminiumrohre Lieferanten"},"content":{"rendered":"<h2>Produkte Details<\/h2>\n<table class=\"custom-table\">\n<tr>\n<td class=\"label\">Produktname<\/td>\n<td>Lieferant f\u00fcr stranggepresste Aluminiumrohre<\/td>\n<\/tr>\n<tr>\n<td class=\"label\">Produktpalette<\/td>\n<td>Aluminium-Strangpressprofile f\u00fcr allgemeine Rohre und Stangen, Aluminium-Vierkantrohre, quadratische Aluminiumrohre, dekorative moderne Gartenrohre, Aluminium-Rohrprofile, gebogene Aluminiumrohre, kundenspezifische stranggepresste Aluminiumrohre, kundenspezifische pulverbeschichtete Rohre, kundenspezifische runde Aluminiumrohre, quadratische Aluminium-Strangpressrohre, eloxierte Aluminiumlegierungsrohre, kundenspezifische quadratische Aluminiumrohre, etc<\/td>\n<\/tr>\n<tr>\n<td class=\"label\">Geeignete Systeme Typen<\/td>\n<td>Aluminium-Rundrohre, Aluminium-Rundrohre, Aluminium-Vierkantrohre, Aluminium-Vierkantrohre, gebogene Aluminium-Rohre, ovale Aluminium-Rohre, Gro\u00dfhandel stranggepresstes Aluminium-Rohr, Gro\u00dfhandel Aluminium-Extrusion poliertes Quadratrohr, Gro\u00dfhandel stranggepresstes Aluminium-Rohr Formen, etc<\/td>\n<\/tr>\n<tr>\n<td class=\"label\">Aluminium-Legierung<\/td>\n<td>Serie 3000, Serie 5000, Serie 6000, Serie 7000 usw.<\/td>\n<\/tr>\n<tr>\n<td class=\"label\">Temperament<\/td>\n<td>T5-T8<\/td>\n<\/tr>\n<tr>\n<td class=\"label\">Form<\/td>\n<td>Quadratisch, rund, oval, gebogen, halbrund oder kundenspezifisch<\/td>\n<\/tr>\n<tr>\n<td class=\"label\">Farbe<\/td>\n<td>Personalisierung<\/td>\n<\/tr>\n<tr>\n<td class=\"label\">Oberfl\u00e4chenbehandlung<\/td>\n<td>walzblank, eloxiert, Holzmaserung, Pulverbeschichtung, Sandstrahlen, Elektrophorese, geb\u00fcrstet, poliert, etc.<\/td>\n<\/tr>\n<tr>\n<td class=\"label\">CNC-Tiefenbearbeitung<\/td>\n<td>Schneiden, Bohren, Zerspanen, Stanzen, Biegen, Gewindeschneiden und so weiter<\/td>\n<\/tr>\n<tr>\n<td class=\"label\">Zertifizierungen<\/td>\n<td>CE, ISO, SGS, TUV, ROHS<\/td>\n<\/tr>\n<tr>\n<td class=\"label\">Proben<\/td>\n<td>kostenlose Probe. 1-3 Tage an Sie geliefert.<\/td>\n<\/tr>\n<tr>\n<td class=\"label\">MOQ<\/td>\n<td>200KG f\u00fcr jedes Profil<\/td>\n<\/tr>\n<tr>\n<td class=\"label\">Lieferfrist<\/td>\n<td>Die Entwicklung der Form und die Anfertigung des Musters dauern 12-15 Tage, die Produktion dauert 15-25 Tage nach Eingang der Anzahlung des K\u00e4ufers.<\/td>\n<\/tr>\n<tr>\n<td class=\"label\">Zahlungsbedingungen<\/td>\n<td>30% Anzahlung vor der Produktion, und der Restbetrag vor dem Versand.<\/td>\n<\/tr>\n<\/table>\n<h2>Unsere Produktionsbasis<\/h2>\n<h3>Fabrik-Panorama<\/h3>\n<p><img decoding=\"async\" src=\"\/wp-content\/uploads\/factory-01.webp\"\/><\/p>\n<h3>Werkstatt zur Herstellung von Aluminiumstangen<\/h3>\n<p><img decoding=\"async\" src=\"\/wp-content\/uploads\/factory-02.webp\"\/><\/p>\n<\/p>\n<p><img decoding=\"async\" src=\"\/wp-content\/uploads\/factory-03.webp\"\/><\/p>\n<h3>Lagerhaus f\u00fcr Formen<\/h3>\n<p><img decoding=\"async\" src=\"\/wp-content\/uploads\/factory-04.webp\"\/><\/p>\n<h3>43 Aluminium-Strangpressanlagen (500-5500 Tonnen)<\/h3>\n<p><img decoding=\"async\" src=\"\/wp-content\/uploads\/factory-05.webp\"\/><\/p>\n<p><img decoding=\"async\" src=\"\/wp-content\/uploads\/factory-06.webp\"\/><\/p>\n<p><img decoding=\"async\" src=\"\/wp-content\/uploads\/factory-07.webp\"\/><\/p>\n<h3>Werkstatt f\u00fcr Pulverbeschichtung<\/h3>\n<p><img decoding=\"async\" src=\"\/wp-content\/uploads\/factory-09.webp\"\/><\/p>\n<h3>Eloxal-Werkstatt<\/h3>\n<p><img decoding=\"async\" src=\"\/wp-content\/uploads\/factory-10.webp\"\/><\/p>\n<h3>Workshop zur Tiefenverarbeitung<\/h3>\n<p><img decoding=\"async\" src=\"\/wp-content\/uploads\/factory-11.webp\"\/><\/p>\n<h3>CNC-Pr\u00e4zisionsbearbeitungswerkstatt<\/h3>\n<p><img decoding=\"async\" src=\"\/wp-content\/uploads\/factory-11.5.webp\"\/><\/p>\n<h3>Lager f\u00fcr Fertigprodukte und Export<\/h3>\n<p><img decoding=\"async\" src=\"\/wp-content\/uploads\/factory-12.webp\"\/><\/p>\n<p><img decoding=\"async\" src=\"\/wp-content\/uploads\/factory-13.webp\"\/><\/p>\n<p><img decoding=\"async\" src=\"\/wp-content\/uploads\/factory-14.webp\"\/><\/p>\n<h2>FAQ<\/h2>\n<p><b>1. was ist ein Lieferant f\u00fcr stranggepresste Aluminiumrohre? <\/b><\/p>\n<p> An Extruded Aluminum Tubing Shapes Supplier bietet kundenspezifische und Standard-Aluminium-Rohrprofile in verschiedenen Formen f\u00fcr industrielle, kommerzielle und architektonische Anwendungen.\n<\/p>\n<p><\/p>\n<p><b>2. welche Arten von Formen bieten die Lieferanten von stranggepressten Aluminiumrohren an? <\/b><\/p>\n<p> Die Lieferanten bieten eine breite Palette von Formen an, darunter runde, quadratische, rechteckige, ovale und ma\u00dfgefertigte Aluminiumrohre, um spezifische Projektanforderungen zu erf\u00fcllen.\n<\/p>\n<p><\/p>\n<p><b>3. welche Vorteile bietet die Beschaffung bei einem Lieferanten f\u00fcr stranggepresste Aluminiumrohre? <\/b><\/p>\n<p> Die Zusammenarbeit mit einem spezialisierten Lieferanten gew\u00e4hrleistet hochwertige Extrusionen, pr\u00e4zise Abmessungen, Materialkonsistenz und zuverl\u00e4ssige Lieferzeiten.\n<\/p>\n<p><\/p>\n<p><b>4. wie k\u00f6nnen stranggepresste Aluminiumrohre in der Industrie eingesetzt werden? <\/b><\/p>\n<p> Stranggepresste Aluminiumrohre bieten leichte Festigkeit, Korrosionsbest\u00e4ndigkeit und hervorragende Bearbeitbarkeit, was sie ideal f\u00fcr strukturelle, transporttechnische und mechanische Anwendungen macht.\n<\/p>\n<p><\/p>\n<p><b>5. k\u00f6nnen stranggepresstes Aluminium Rohr Formen Lieferanten bieten kundenspezifische L\u00f6sungen? <\/b><\/p>\n<p> Ja, die meisten Anbieter bieten einen umfassenden Anpassungsservice an, einschlie\u00dflich der Auswahl der Legierung, der Formgestaltung, der Gr\u00f6\u00dfenvariationen und der Oberfl\u00e4chenbeschaffenheit.\n<\/p>\n<p><\/p>\n<p><b>6. warum stranggepresste Aluminiumrohre statt Stahl? <\/b><\/p>\n<p> Aluminiumrohre sind leichter, rostfrei und einfacher zu verarbeiten als Stahl, was das Gewicht und den Wartungsaufwand in strukturellen und mechanischen Systemen reduziert.\n<\/p>\n<p><\/p>\n<p><b>7 Welche Branchen verwenden \u00fcblicherweise stranggepresste Aluminiumrohre? <\/b><\/p>\n<p> In der Luft- und Raumfahrt, in der Automobilindustrie, im Baugewerbe, in der Schifffahrt, in der Medizin und im Bereich der erneuerbaren Energien werden stranggepresste Aluminiumrohre aufgrund ihrer Vielseitigkeit und Leistungsf\u00e4higkeit h\u00e4ufig verwendet.\n<\/p>\n<p><\/p>\n<p><b>8. sind stranggepresste Aluminiumrohre f\u00fcr den Au\u00dfeneinsatz geeignet? <\/b><\/p>\n<p> Ja, die nat\u00fcrliche Korrosionsbest\u00e4ndigkeit von Aluminium und seine Kompatibilit\u00e4t mit Eloxal oder Pulverbeschichtung machen es perfekt f\u00fcr den Au\u00dfenbereich.\n<\/p>\n<p><\/p>\n<p><b>9. unterst\u00fctzen die Lieferanten von stranggepressten Aluminiumrohren die Produktion in gro\u00dfem Ma\u00dfstab? <\/b><\/p>\n<p> Seri\u00f6se Lieferanten sind in der Lage, Gro\u00dfauftr\u00e4ge mit gleichbleibender Qualit\u00e4t abzuwickeln und OEMs und Industrieprojekte zu unterst\u00fctzen.\n<\/p>\n<p><\/p>\n<p><b>10. sind Aluminiumrohre von Extrusionslieferanten umweltfreundlich? <\/b><\/p>\n<p> Ja, Aluminium ist recycelbar und energieeffizient in der Herstellung, was Rohre von Strangpressunternehmen zu einer nachhaltigen Materialwahl macht.\n<\/p>\n<p><\/p>","protected":false},"featured_media":5984,"template":"","categories":[55],"class_list":["post-5985","product","type-product","status-publish","has-post-thumbnail","hentry","category-extruded-aluminum-profiles"],"meta_box":{"hilight_text_group":{"product_hilight_text":"<li>Wide range of tubing shapes including round, square, and rectangular for diverse applications<\/li>\r\r\n<li>Lightweight yet strong, ideal for automotive, construction, and aerospace industries<\/li>\r\r\n<li>Custom lengths, wall thicknesses, and alloy options available to meet specific requirements<\/li>\r\r\n<li>Excellent corrosion resistance and surface finish for long-lasting performance<\/li>\r\r\n<li>Reliable supply chain and consistent quality for high-volume production needs<\/li>","product_chanpin_chanpin":"<li><a href=\"https:\/\/sinoextrud.com\/product\/aluminum-extrusion-aluminum-rolling-shutters-profile\/\" target=\"_blank\">Aluminum Extrusion Aluminum Rolling Shutters Profile<\/a><\/li>\r\n<li><a href=\"https:\/\/sinoextrud.com\/product\/aluminum-extrusion-7003-7005-7020\/\" target=\"_blank\">Aluminum Extrusion 7003 7005 7020 High Hardness Anodized Aluminum Profile<\/a><\/li>\r\n<li><a href=\"https:\/\/sinoextrud.com\/product\/aluminum-extrusion-flood-control-barrier-aluminum-profile\/\" target=\"_blank\">Aluminum Extrusion Flood Control Barrier Aluminum Profile<\/a><\/li>\r\n<li><a href=\"https:\/\/sinoextrud.com\/product\/extruded-aluminum-flat-bar-6061-7075\/\" target=\"_blank\">Extruded Aluminum Flat Bar 6061 7075<\/a><\/li>\r\n<li><a href=\"https:\/\/sinoextrud.com\/product\/extruded-aluminum-tubing-shapes-supplier\/\" target=\"_blank\">Extruded Aluminum Tubing Shapes Supplier<\/a><\/li>\r\n<li><a href=\"https:\/\/sinoextrud.com\/product\/aluminium-profile-bed-frame\/\" target=\"_blank\">Aluminium Profile Bed Frame<\/a><\/li>\r\n<li><a href=\"https:\/\/sinoextrud.com\/product\/aluminum-extrusion-industry-modular-components-profile\/\" target=\"_blank\">Aluminum Extrusion Industry Modular Components Profile<\/a><\/li>\r\n<li><a href=\"https:\/\/sinoextrud.com\/product\/aluminium-profile-systems\/\" target=\"_blank\">Aluminium Profile Systems<\/a><\/li>\r\n<li><a href=\"https:\/\/sinoextrud.com\/product\/aluminium-extrusion-profile-section\/\" target=\"_blank\">Aluminium Extrusion Profile Section(Great Wall panel aluminum profile)<\/a><\/li>\r\n<li><a href=\"https:\/\/sinoextrud.com\/product\/electrophoretic-grain-square-tube-rosewood\/\" target=\"_blank\">Electrophoretic Grain Square Tube Rosewood<\/a><\/li>\r\n<li><a href=\"https:\/\/sinoextrud.com\/product\/anodized-aluminum-alloy-pipe-supplier\/\" target=\"_blank\">Anodized Aluminum Alloy Pipe Supplier<\/a><\/li>"},"feature_list":[]},"_links":{"self":[{"href":"https:\/\/sinoextrud.com\/de\/wp-json\/wp\/v2\/product\/5985","targetHints":{"allow":["GET"]}}],"collection":[{"href":"https:\/\/sinoextrud.com\/de\/wp-json\/wp\/v2\/product"}],"about":[{"href":"https:\/\/sinoextrud.com\/de\/wp-json\/wp\/v2\/types\/product"}],"wp:featuredmedia":[{"embeddable":true,"href":"https:\/\/sinoextrud.com\/de\/wp-json\/wp\/v2\/media\/5984"}],"wp:attachment":[{"href":"https:\/\/sinoextrud.com\/de\/wp-json\/wp\/v2\/media?parent=5985"}],"wp:term":[{"taxonomy":"category","embeddable":true,"href":"https:\/\/sinoextrud.com\/de\/wp-json\/wp\/v2\/categories?post=5985"}],"curies":[{"name":"wp","href":"https:\/\/api.w.org\/{rel}","templated":true}]}}