{"id":5836,"date":"2025-05-21T15:42:58","date_gmt":"2025-05-21T15:42:58","guid":{"rendered":"https:\/\/sinoextrud.com\/?post_type=product&#038;p=5836"},"modified":"2025-06-24T03:52:39","modified_gmt":"2025-06-24T03:52:39","slug":"aluminium-strangpressprofil-6101b-leitfahige-schiene-aluminiumprofil","status":"publish","type":"product","link":"https:\/\/sinoextrud.com\/de\/product\/aluminum-extrusion-6101b-conductive-rail-aluminum-profile\/","title":{"rendered":"Aluminium-Strangpressprofil 6101B Leitende Schiene Aluminiumprofil"},"content":{"rendered":"<h2>Produkte Details<\/h2>\n<table class=\"custom-table\">\n<tr>\n<td class=\"label\">Produktname<\/td>\n<td>Aluminium-Strangpressprofil 6101B Leitende Schiene Aluminiumprofil<\/td>\n<\/tr>\n<tr>\n<td class=\"label\">Aluminium-Legierung<\/td>\n<td>6000er Serie, 6101B Aluminiumlegierung<\/td>\n<\/tr>\n<tr>\n<td class=\"label\">Temperament<\/td>\n<td>T3-T8<\/td>\n<\/tr>\n<tr>\n<td class=\"label\">Merkmal<\/td>\n<td>Hohe elektrische Leitf\u00e4higkeit und Korrosionsbest\u00e4ndigkeit<\/td>\n<\/tr>\n<tr>\n<td class=\"label\">Anmeldung<\/td>\n<td>\u00dcbertragungsleitungen, Kabel, elektrische Leiter, Energieanlagen, Energietechnik usw.<\/td>\n<\/tr>\n<tr>\n<td class=\"label\">Oberfl\u00e4chenbehandlung<\/td>\n<td>walzblank, eloxiert, Holzmaserung, Pulverbeschichtung, Sandstrahlen, Elektrophorese, geb\u00fcrstet, poliert, etc.<\/td>\n<\/tr>\n<tr>\n<td class=\"label\">CNC-Tiefenbearbeitung<\/td>\n<td>Schneiden, Bohren, Zerspanen, Stanzen, Biegen, Gewindeschneiden und so weiter<\/td>\n<\/tr>\n<tr>\n<td class=\"label\">Zertifizierungen<\/td>\n<td>CE, ISO, SGS, TUV, ROHS<\/td>\n<\/tr>\n<tr>\n<td class=\"label\">Proben<\/td>\n<td>kostenlose Probe. 1-3 Tage an Sie geliefert.<\/td>\n<\/tr>\n<tr>\n<td class=\"label\">MOQ<\/td>\n<td>500KG f\u00fcr jedes Profil<\/td>\n<\/tr>\n<tr>\n<td class=\"label\">Lieferfrist<\/td>\n<td>Die Entwicklung der Form und die Anfertigung des Musters dauern 12-15 Tage, die Produktion dauert 15-25 Tage nach Eingang der Anzahlung des K\u00e4ufers.<\/td>\n<\/tr>\n<tr>\n<td class=\"label\">Zahlungsbedingungen<\/td>\n<td>30% Anzahlung vor der Produktion, und der Restbetrag vor dem Versand.<\/td>\n<\/tr>\n<\/table>\n<h2>Unsere Produktionsbasis<\/h2>\n<h3>Fabrik-Panorama<\/h3>\n<p><img decoding=\"async\" src=\"\/wp-content\/uploads\/factory-01.webp\"\/><\/p>\n<h3>Werkstatt zur Herstellung von Aluminiumstangen<\/h3>\n<p><img decoding=\"async\" src=\"\/wp-content\/uploads\/factory-02.webp\"\/><\/p>\n<\/p>\n<p><img decoding=\"async\" src=\"\/wp-content\/uploads\/factory-03.webp\"\/><\/p>\n<h3>Lagerhaus f\u00fcr Formen<\/h3>\n<p><img decoding=\"async\" src=\"\/wp-content\/uploads\/factory-04.webp\"\/><\/p>\n<h3>43 Aluminium-Strangpressanlagen (500\u00e2\u20ac\"5500 Tonnen)<\/h3>\n<p><img decoding=\"async\" src=\"\/wp-content\/uploads\/factory-05.webp\"\/><\/p>\n<p><img decoding=\"async\" src=\"\/wp-content\/uploads\/factory-06.webp\"\/><\/p>\n<p><img decoding=\"async\" src=\"\/wp-content\/uploads\/factory-07.webp\"\/><\/p>\n<h3>Werkstatt f\u00fcr Pulverbeschichtung<\/h3>\n<p><img decoding=\"async\" src=\"\/wp-content\/uploads\/factory-09.webp\"\/><\/p>\n<h3>Eloxal-Werkstatt<\/h3>\n<p><img decoding=\"async\" src=\"\/wp-content\/uploads\/factory-10.webp\"\/><\/p>\n<h3>Workshop zur Tiefenverarbeitung<\/h3>\n<p><img decoding=\"async\" src=\"\/wp-content\/uploads\/factory-11.webp\"\/><\/p>\n<h3>CNC-Pr\u00e4zisionsbearbeitungswerkstatt<\/h3>\n<p><img decoding=\"async\" src=\"\/wp-content\/uploads\/factory-11.5.webp\"\/><\/p>\n<h3>Lager f\u00fcr Fertigprodukte und Export<\/h3>\n<p><img decoding=\"async\" src=\"\/wp-content\/uploads\/factory-12.webp\"\/><\/p>\n<p><img decoding=\"async\" src=\"\/wp-content\/uploads\/factory-13.webp\"\/><\/p>\n<p><img decoding=\"async\" src=\"\/wp-content\/uploads\/factory-14.webp\"\/><\/p>\n<h2>FAQ<\/h2>\n<p><b>1. was ist Aluminium-Extrusion 6101B leitf\u00e4hige Schiene Aluminium-Profil?<\/b><\/p>\n<p>Das Aluminium-Strangpressprofil 6101B Conductive Rail Aluminum Profile ist ein Profil aus einer hochleitf\u00e4higen Aluminiumlegierung, das f\u00fcr elektrische Stromschienen, Erdungssysteme und leitf\u00e4hige Anwendungen entwickelt wurde.\n<\/p>\n<p><\/p>\n<p><b>2) Was sind die Hauptvorteile von 6101B Aluminiumprofilen?<\/b><\/p>\n<p>6101B-Aluminiumprofile bieten eine ausgezeichnete elektrische Leitf\u00e4higkeit, ein gutes Verh\u00e4ltnis von Festigkeit zu Gewicht und eine hervorragende Korrosionsbest\u00e4ndigkeit, was sie ideal f\u00fcr leitf\u00e4hige Schienensysteme macht.\n<\/p>\n<p><\/p>\n<p><b>Ist Aluminium 6101B f\u00fcr elektrische Anwendungen geeignet?<\/b><\/p>\n<p>Ja, Aluminium 6101B ist aufgrund seiner hohen elektrischen Leitf\u00e4higkeit und thermischen Leistung speziell f\u00fcr elektrische Anwendungen entwickelt worden.\n<\/p>\n<p><\/p>\n<p><b>4. wie schneidet 6101B im Vergleich zu anderen Aluminiumlegierungen ab?<\/b><\/p>\n<p>6101B bietet eine bessere elektrische Leitf\u00e4higkeit als herk\u00f6mmliche strukturelle Aluminiumlegierungen wie 6061, w\u00e4hrend es gleichzeitig eine gute mechanische Festigkeit und Verformbarkeit aufweist.\n<\/p>\n<p><\/p>\n<p><b>5. welche Branchen verwenden die leitf\u00e4higen Schienenprofile 6101B?<\/b><\/p>\n<p>6101B Aluminiumprofile f\u00fcr leitf\u00e4hige Schienen werden h\u00e4ufig in der Energieverteilung, in Elektrofahrzeugen, in Systemen f\u00fcr erneuerbare Energien und in elektrischen Geh\u00e4usen eingesetzt.\n<\/p>\n<p><\/p>\n<p><b>6. kann 6101B Aluminium-Strangpressprofile angepasst werden?<\/b><\/p>\n<p>Ja, die leitf\u00e4higen Aluminium-Strangpressprofile 6101B k\u00f6nnen in Bezug auf L\u00e4nge, Querschnitt, Oberfl\u00e4chenbehandlung und Verarbeitung an die jeweiligen Projektanforderungen angepasst werden.\n<\/p>\n<p><\/p>\n<p><b>7 Welche Oberfl\u00e4chenbehandlungen sind f\u00fcr 6101B Aluminiumprofile m\u00f6glich?<\/b><\/p>\n<p>Zu den \u00fcblichen Oberfl\u00e4chenbehandlungen geh\u00f6ren Eloxieren, Pulverbeschichten und leitf\u00e4hige Beschichtungen zur Verbesserung der Haltbarkeit, Leitf\u00e4higkeit und Korrosionsbest\u00e4ndigkeit.\n<\/p>\n<p><\/p>\n<p><b>8. ist das Aluminium-Strangpressprofil 6101B korrosionsbest\u00e4ndig?<\/b><\/p>\n<p>Ja, Aluminium 6101B hat eine ausgezeichnete Korrosionsbest\u00e4ndigkeit, insbesondere im Au\u00dfenbereich und in industriellen Umgebungen, was die Lebensdauer von Stromschienensystemen verl\u00e4ngert.\n<\/p>\n<p><\/p>\n<p><b>9 Warum Aluminium statt Kupfer f\u00fcr Stromschienen w\u00e4hlen?<\/b><\/p>\n<p>Aluminium, insbesondere die Legierung 6101B, ist kosteng\u00fcnstiger und leichter als Kupfer, bietet aber dennoch eine hohe elektrische Leitf\u00e4higkeit f\u00fcr viele Anwendungen.\n<\/p>\n<p><\/p>\n<p><b>10. wo kann man 6101B Aluminiumprofile f\u00fcr leitf\u00e4hige Schienen kaufen?<\/b><\/p>\n<p>6101B leitf\u00e4hige Aluminiumprofile sind bei spezialisierten Herstellern und H\u00e4ndlern von Aluminium-Strangpressprofilen erh\u00e4ltlich, die sich auf Materialien f\u00fcr die Elektrotechnik spezialisiert haben.\n<\/p>\n<p><\/p>","protected":false},"featured_media":5835,"template":"","categories":[55],"class_list":["post-5836","product","type-product","status-publish","has-post-thumbnail","hentry","category-extruded-aluminum-profiles"],"meta_box":{"hilight_text_group":{"product_hilight_text":"<ul>\r\r\n  <li>High conductivity ideal for busbar and electrical systems<\/li>\r\r\n  <li>Made from 6101B aluminum alloy for optimal strength and conductivity<\/li>\r\r\n  <li>Customizable lengths and cross-sections to meet diverse project needs<\/li>\r\r\n  <li>Various surface treatments available for enhanced corrosion resistance<\/li>\r\r\n  <li>Strong compatibility with a wide range of industrial and power applications<\/li>\r\r\n<\/ul>","product_chanpin_chanpin":"<li><a href=\"https:\/\/sinoextrud.com\/product\/aluminum-extrusion-linear-led-lighting-aluminum-profile\/\" target=\"_blank\">Aluminum Extrusion Linear LED Lighting Aluminum Profile<\/a><\/li>\r\n<li><a href=\"https:\/\/sinoextrud.com\/product\/aluminum-extrusion-electroplated-shower-room-aluminum-profile\/\" target=\"_blank\">Aluminum Extrusion Electroplated Shower Room Aluminum Profile<\/a><\/li>\r\n<li><a href=\"https:\/\/sinoextrud.com\/product\/aluminum-extrusion-hard-anodizing-aluminum-profiles\/\" target=\"_blank\">Aluminum Extrusion Hard Anodizing Aluminum Profiles<\/a><\/li>\r\n<li><a href=\"https:\/\/sinoextrud.com\/product\/aluminium-extrud-6061-6082-7075-aluminum-alloy-profiles\/\" target=\"_blank\">Aluminum Extrusion 2024 7001 7003 Aluminum Profile<\/a><\/li>\r\n<li><a href=\"https:\/\/sinoextrud.com\/product\/aluminum-extrusion-6101b-conductive-rail-aluminum-profile\/\" target=\"_blank\">Aluminum Extrusion 6101B Conductive Rail Aluminum Profile<\/a><\/li>\r\n<li><a href=\"https:\/\/sinoextrud.com\/product\/aluminum-extrusion-aluminum-rolling-shutters-profile\/\" target=\"_blank\">Aluminum Extrusion Aluminum Rolling Shutters Profile<\/a><\/li>\r\n<li><a href=\"https:\/\/sinoextrud.com\/product\/aluminum-extrusion-7003-7005-7020\/\" target=\"_blank\">Aluminum Extrusion 7003 7005 7020 High Hardness Anodized Aluminum Profile<\/a><\/li>\r\n<li><a href=\"https:\/\/sinoextrud.com\/product\/aluminum-extrusion-flood-control-barrier-aluminum-profile\/\" target=\"_blank\">Aluminum Extrusion Flood Control Barrier Aluminum Profile<\/a><\/li>\r\n<li><a href=\"https:\/\/sinoextrud.com\/product\/extruded-aluminum-flat-bar-6061-7075\/\" target=\"_blank\">Extruded Aluminum Flat Bar 6061 7075<\/a><\/li>\r\n<li><a href=\"https:\/\/sinoextrud.com\/product\/6063-aluminum-pipe-fire-hydrant-aluminum-profile\/\" target=\"_blank\">6063 Aluminum Pipe Fire Hydrant Aluminum Profile<\/a><\/li>\r\n<li><a href=\"https:\/\/sinoextrud.com\/product\/cnc-machining-aluminum-profiles\/\" target=\"_blank\">CNC Machining Aluminum Profiles<\/a><\/li>"},"feature_list":[]},"_links":{"self":[{"href":"https:\/\/sinoextrud.com\/de\/wp-json\/wp\/v2\/product\/5836","targetHints":{"allow":["GET"]}}],"collection":[{"href":"https:\/\/sinoextrud.com\/de\/wp-json\/wp\/v2\/product"}],"about":[{"href":"https:\/\/sinoextrud.com\/de\/wp-json\/wp\/v2\/types\/product"}],"wp:featuredmedia":[{"embeddable":true,"href":"https:\/\/sinoextrud.com\/de\/wp-json\/wp\/v2\/media\/5835"}],"wp:attachment":[{"href":"https:\/\/sinoextrud.com\/de\/wp-json\/wp\/v2\/media?parent=5836"}],"wp:term":[{"taxonomy":"category","embeddable":true,"href":"https:\/\/sinoextrud.com\/de\/wp-json\/wp\/v2\/categories?post=5836"}],"curies":[{"name":"wp","href":"https:\/\/api.w.org\/{rel}","templated":true}]}}