{"id":5612,"date":"2025-05-15T15:07:44","date_gmt":"2025-05-15T15:07:44","guid":{"rendered":"https:\/\/sinoextrud.com\/?post_type=product&#038;p=5612"},"modified":"2025-06-24T03:52:37","modified_gmt":"2025-06-24T03:52:37","slug":"aluminium-strangpressprofile-6061-6082-7075-aluminiumlegierung-2","status":"publish","type":"product","link":"https:\/\/sinoextrud.com\/de\/product\/aluminium-extrud-6061-6082-7075-aluminum-alloy-profiles\/","title":{"rendered":"Aluminium Strangpressen 2024 7001 7003 Aluminium Profil"},"content":{"rendered":"<h2>Produkte Details<\/h2>\n<table class=\"custom-table\">\n<tr>\n<td class=\"label\">Artikel<\/td>\n<td>Aluminium Strangpressen 2024 7001 7003 Aluminium Profil<\/td>\n<\/tr>\n<tr>\n<td class=\"label\">Material<\/td>\n<td>2024, 7001, 7003, usw.<\/td>\n<\/tr>\n<tr>\n<td class=\"label\">Temperament<\/td>\n<td>T4,T5,T6<\/td>\n<\/tr>\n<tr>\n<td class=\"label\">Gr\u00f6\u00dfe\/St\u00e4rke<\/td>\n<td>Allgemeine Profildicke von 0,8 bis 5,0mm, L\u00e4nge von 3m-6m oder kundenspezifisch verf\u00fcgbar; Eloxalschutzschichtdicke von 8~25 um, Pulverbeschichtung von 40 ~ 120 um.<\/td>\n<\/tr>\n<tr>\n<td class=\"label\">Form<\/td>\n<td>Quadratisch, rund, rechteckig, kundenspezifisch<\/td>\n<\/tr>\n<tr>\n<td class=\"label\">Anmeldung<\/td>\n<td>Industrie \/ Geb\u00e4ude \/ Medizinische Ausr\u00fcstung \/ Boot \/ Auto \/ Luftfahrt und so weiter<\/td>\n<\/tr>\n<tr>\n<td class=\"label\">Oberfl\u00e4chenbehandlung<\/td>\n<td>Pulverbeschichtung,Elektrophorese,Holzmaserung,Eloxiert,Geb\u00fcrstet,Poliert<\/td>\n<\/tr>\n<tr>\n<td class=\"label\">Farben<\/td>\n<td>kundenspezifische Farbe verf\u00fcgbar<\/td>\n<\/tr>\n<tr>\n<td class=\"label\">Tiefgreifender Prozess<\/td>\n<td>Montieren, Bohren, Fr\u00e4sen, Schneiden, Schwei\u00dfen, Biegen<\/td>\n<\/tr>\n<tr>\n<td class=\"label\">Zertifikat<\/td>\n<td>CQM, SGS, CE, BV, SONCAP \/ GB, ISO, JIS, AS, NZS, QUALICOAT, QUOLANOD verf\u00fcgbar<\/td>\n<\/tr>\n<tr>\n<td class=\"label\">Zahlungsfrist:<\/td>\n<td>30% Anzahlung, 70% Restbetrag vor Lieferung<\/td>\n<\/tr>\n<\/table>\n<h2>Unsere Produktionsbasis<\/h2>\n<h3>Fabrik-Panorama<\/h3>\n<p><img decoding=\"async\" src=\"\/wp-content\/uploads\/factory-01.webp\"\/><\/p>\n<h3>Werkstatt zur Herstellung von Aluminiumstangen<\/h3>\n<p><img decoding=\"async\" src=\"\/wp-content\/uploads\/factory-02.webp\"\/><\/p>\n<\/p>\n<p><img decoding=\"async\" src=\"\/wp-content\/uploads\/factory-03.webp\"\/><\/p>\n<h3>Lagerhaus f\u00fcr Formen<\/h3>\n<p><img decoding=\"async\" src=\"\/wp-content\/uploads\/factory-04.webp\"\/><\/p>\n<h3>43 Aluminium-Strangpressanlagen (500-5500 Tonnen)<\/h3>\n<p><img decoding=\"async\" src=\"\/wp-content\/uploads\/factory-05.webp\"\/><\/p>\n<p><img decoding=\"async\" src=\"\/wp-content\/uploads\/factory-06.webp\"\/><\/p>\n<p><img decoding=\"async\" src=\"\/wp-content\/uploads\/factory-07.webp\"\/><\/p>\n<h3>Werkstatt f\u00fcr Pulverbeschichtung<\/h3>\n<p><img decoding=\"async\" src=\"\/wp-content\/uploads\/factory-09.webp\"\/><\/p>\n<h3>Eloxal-Werkstatt<\/h3>\n<p><img decoding=\"async\" src=\"\/wp-content\/uploads\/factory-10.webp\"\/><\/p>\n<h3>Workshop zur Tiefenverarbeitung<\/h3>\n<p><img decoding=\"async\" src=\"\/wp-content\/uploads\/factory-11.webp\"\/><\/p>\n<h3>CNC-Pr\u00e4zisionsbearbeitungswerkstatt<\/h3>\n<p><img decoding=\"async\" src=\"\/wp-content\/uploads\/factory-11.5.webp\"\/><\/p>\n<h3>Lager f\u00fcr Fertigprodukte und Export<\/h3>\n<p><img decoding=\"async\" src=\"\/wp-content\/uploads\/factory-12.webp\"\/><\/p>\n<p><img decoding=\"async\" src=\"\/wp-content\/uploads\/factory-13.webp\"\/><\/p>\n<p><img decoding=\"async\" src=\"\/wp-content\/uploads\/factory-14.webp\"\/><\/p>\n<h2>FAQ<\/h2>\n<p><b>1. was ist ein Aluminium-Strangpressprofil 2024 7001 7003 Aluminiumprofil?<\/b><\/p>\n<p>Ein Aluminium-Strangpressprofil 2024 7001 7003 ist ein durch Strangpressen hergestelltes Profil aus einer hochfesten Aluminiumlegierung, das h\u00e4ufig in der Luft- und Raumfahrt, in der Automobilindustrie und in Hochleistungs-Strukturanwendungen eingesetzt wird.\n<\/p>\n<p><\/p>\n<p><b>2. 2024: Was sind die wichtigsten Merkmale von Aluminium-Strangpressprofilen?<\/b><\/p>\n<p>2024-Aluminiumprofile bieten ein hohes Verh\u00e4ltnis von Festigkeit zu Gewicht, eine hervorragende Erm\u00fcdungsbest\u00e4ndigkeit und eine gute Bearbeitbarkeit, wodurch sie sich ideal f\u00fcr die Luft- und Raumfahrt sowie f\u00fcr Strukturbauteile eignen.\n<\/p>\n<p><\/p>\n<p><b>3. warum sollte man 7001 Aluminiumprofile f\u00fcr Strangpressanwendungen verwenden?<\/b><\/p>\n<p>7001-Aluminiumprofile bieten eine \u00fcberragende Zugfestigkeit und Korrosionsbest\u00e4ndigkeit und eignen sich daher f\u00fcr leichte und dennoch dauerhafte strukturelle Anwendungen wie Zeltstangen und Sportger\u00e4te.\n<\/p>\n<p><\/p>\n<p><b>4. was sind die Vorteile von 7003 Aluminium-Strangpressprofilen?<\/b><\/p>\n<p>7003-Aluminium-Strangpressprofile zeichnen sich durch hohe Festigkeit, gute Schwei\u00dfbarkeit und Best\u00e4ndigkeit gegen Spannungsrisskorrosion aus und sind ideal f\u00fcr tragende Strukturen und Automobilteile.\n<\/p>\n<p><\/p>\n<p><b>Wie sieht die Leistung von Aluminium 2024 im Vergleich zu 7001 und 7003 aus?<\/b><\/p>\n<p>2024 zeichnet sich durch eine hohe Erm\u00fcdungsfestigkeit und Festigkeit f\u00fcr die Luft- und Raumfahrt aus, w\u00e4hrend 7001 und 7003 eine bessere Korrosionsbest\u00e4ndigkeit und Schwei\u00dfbarkeit f\u00fcr Anwendungen im Freien und im Bauwesen bieten.\n<\/p>\n<p><\/p>\n<p><b>6. sind Aluminium-Strangpressprofile 2024 7001 7003 w\u00e4rmebehandelbar?<\/b><\/p>\n<p>Ja, alle drei Legierungen - 2024, 7001 und 7003 - sind w\u00e4rmebehandelbar und erm\u00f6glichen so verbesserte mechanische Eigenschaften und Leistungen in anspruchsvollen Umgebungen.\n<\/p>\n<p><\/p>\n<p><b>7. welche Branchen verwenden \u00fcblicherweise 2024 7001 7003 Aluminiumprofile?<\/b><\/p>\n<p>Branchen wie die Luft- und Raumfahrt, das Transportwesen, die Automobilindustrie und der Outdoor-Sport verwenden diese hochfesten Aluminium-Strangpressprofile f\u00fcr kritische strukturelle Anwendungen.\n<\/p>\n<p><\/p>\n<p><b>8. k\u00f6nnen Profile aus Aluminium 2024 7001 7003 eloxiert werden?<\/b><\/p>\n<p>Ja, diese Aluminiumprofile k\u00f6nnen eloxiert werden, obwohl das Aussehen und die Qualit\u00e4t der Oberfl\u00e4che je nach Legierung variieren k\u00f6nnen, insbesondere bei 2024.\n<\/p>\n<p><\/p>\n<p><b>9. sind diese Aluminium-Strangpressprofile zum Schwei\u00dfen geeignet?<\/b><\/p>\n<p>Die Aluminiumprofile 7001 und 7003 sind besser schwei\u00dfbar als 2024, das aufgrund seines Kupfergehalts nur begrenzt schwei\u00dfbar ist.\n<\/p>\n<p><\/p>\n<p><b>10. ist Aluminium Extrusion 2024 7001 7003 \u00f6kologisch nachhaltig?<\/b><\/p>\n<p>Ja, Aluminium ist vollst\u00e4ndig recycelbar, und die Verwendung von hochfesten Strangpressprofilen tr\u00e4gt dazu bei, den Materialverbrauch bei gleichbleibender Leistung zu reduzieren und eine nachhaltige Produktion zu unterst\u00fctzen.\n<\/p>\n<p><\/p>","protected":false},"featured_media":5796,"template":"","categories":[55],"class_list":["post-5612","product","type-product","status-publish","has-post-thumbnail","hentry","category-extruded-aluminum-profiles"],"meta_box":{"hilight_text_group":{"product_hilight_text":"Aluminum Extrusion 2024 7001 7003 Aluminum Profile is a high-quality product that is widely used in a variety of industries. The extrusion process allows for the creation of complex shapes and cross-sections with precise tolerances, making it perfect for applications where strength and durability are essential.","product_chanpin_chanpin":"<li><a href=\"https:\/\/sinoextrud.com\/product\/6061-6063-6082-street-lamp-column-aluminum-profile\/\" target=\"_blank\">6061 6063 6082 Street Lamp Column Aluminum Profile<\/a><\/li>\r\n<li><a href=\"https:\/\/sinoextrud.com\/product\/aluminum-extrusion-linear-led-lighting-aluminum-profile\/\" target=\"_blank\">Aluminum Extrusion Linear LED Lighting Aluminum Profile<\/a><\/li>\r\n<li><a href=\"https:\/\/sinoextrud.com\/product\/aluminum-extrusion-electroplated-shower-room-aluminum-profile\/\" target=\"_blank\">Aluminum Extrusion Electroplated Shower Room Aluminum Profile<\/a><\/li>\r\n<li><a href=\"https:\/\/sinoextrud.com\/product\/aluminum-extrusion-hard-anodizing-aluminum-profiles\/\" target=\"_blank\">Aluminum Extrusion Hard Anodizing Aluminum Profiles<\/a><\/li>\r\n<li><a href=\"https:\/\/sinoextrud.com\/product\/aluminium-extrud-6061-6082-7075-aluminum-alloy-profiles\/\" target=\"_blank\">Aluminum Extrusion 2024 7001 7003 Aluminum Profile<\/a><\/li>\r\n<li><a href=\"https:\/\/sinoextrud.com\/product\/aluminum-extrusion-6101b-conductive-rail-aluminum-profile\/\" target=\"_blank\">Aluminum Extrusion 6101B Conductive Rail Aluminum Profile<\/a><\/li>\r\n<li><a href=\"https:\/\/sinoextrud.com\/product\/aluminum-extrusion-aluminum-rolling-shutters-profile\/\" target=\"_blank\">Aluminum Extrusion Aluminum Rolling Shutters Profile<\/a><\/li>\r\n<li><a href=\"https:\/\/sinoextrud.com\/product\/aluminum-extrusion-7003-7005-7020\/\" target=\"_blank\">Aluminum Extrusion 7003 7005 7020 High Hardness Anodized Aluminum Profile<\/a><\/li>\r\n<li><a href=\"https:\/\/sinoextrud.com\/product\/aluminum-extrusion-flood-control-barrier-aluminum-profile\/\" target=\"_blank\">Aluminum Extrusion Flood Control Barrier Aluminum Profile<\/a><\/li>\r\n<li><a href=\"https:\/\/sinoextrud.com\/product\/aluminium-profile-channel-factory\/\" target=\"_blank\">Aluminium Profile Channel Factory<\/a><\/li>\r\n<li><a href=\"https:\/\/sinoextrud.com\/product\/aluminum-profile-for-solar-panel\/\" target=\"_blank\">Aluminum Profile For Solar Panel<\/a><\/li>"},"feature_list":[]},"_links":{"self":[{"href":"https:\/\/sinoextrud.com\/de\/wp-json\/wp\/v2\/product\/5612","targetHints":{"allow":["GET"]}}],"collection":[{"href":"https:\/\/sinoextrud.com\/de\/wp-json\/wp\/v2\/product"}],"about":[{"href":"https:\/\/sinoextrud.com\/de\/wp-json\/wp\/v2\/types\/product"}],"wp:featuredmedia":[{"embeddable":true,"href":"https:\/\/sinoextrud.com\/de\/wp-json\/wp\/v2\/media\/5796"}],"wp:attachment":[{"href":"https:\/\/sinoextrud.com\/de\/wp-json\/wp\/v2\/media?parent=5612"}],"wp:term":[{"taxonomy":"category","embeddable":true,"href":"https:\/\/sinoextrud.com\/de\/wp-json\/wp\/v2\/categories?post=5612"}],"curies":[{"name":"wp","href":"https:\/\/api.w.org\/{rel}","templated":true}]}}