{"id":5542,"date":"2025-05-14T16:42:41","date_gmt":"2025-05-14T16:42:41","guid":{"rendered":"https:\/\/sinoextrud.com\/?post_type=product&#038;p=5542"},"modified":"2025-06-24T03:52:20","modified_gmt":"2025-06-24T03:52:20","slug":"aluminium-strangpressprofil-2024-aluminiumprofil","status":"publish","type":"product","link":"https:\/\/sinoextrud.com\/de\/product\/aluminum-extrusion-2024-aluminum-profile\/","title":{"rendered":"Aluminium Strangpressen 2024 Aluminium Profil"},"content":{"rendered":"<h2>Produkte Details<\/h2>\n<table class=\"custom-table\">\n<tr>\n<td class=\"label\">Artikel<\/td>\n<td>Aluminium Strangpressen 2024 Aluminium Profil<\/td>\n<\/tr>\n<tr>\n<td class=\"label\">Temperament<\/td>\n<td>T3-T8<\/td>\n<\/tr>\n<tr>\n<td class=\"label\">Prozessablauf<\/td>\n<td>Formenentwicklung-Aluminiumbarren-Aufheizen-Formenbau mit Rohaluminium-Eloxal-Pulverbeschichtung<\/td>\n<\/tr>\n<tr>\n<td class=\"label\">Anmeldung<\/td>\n<td>Industrie, Bauwesen<\/td>\n<\/tr>\n<tr>\n<td class=\"label\">Form<\/td>\n<td>Personalisierung<\/td>\n<\/tr>\n<tr>\n<td class=\"label\">Oberfl\u00e4chenbehandlung<\/td>\n<td>Fr\u00e4sen, Eloxieren, Pulverbeschichten, Sandstrahlen, Elektrophorese, B\u00fcrsten, Polieren,<\/td>\n<\/tr>\n<tr>\n<td class=\"label\">Farbe<\/td>\n<td>Silber, Schwarz, Gold, Champange, Bronze, Rot, Blau; wir k\u00f6nnen die Farben basierend auf den Mustern der Kunden anpassen<\/td>\n<\/tr>\n<tr>\n<td class=\"label\">Tiefgehende Verarbeitung<\/td>\n<td>Schneiden, Bohren, Bearbeiten, Stanzen, Biegen, Gewindeschneiden usw.<\/td>\n<\/tr>\n<tr>\n<td class=\"label\">B\u00fcrgschaft<\/td>\n<td>ISO:9001, SONCAP, BV-Zertifikat, TUV, SGS, oder Kundenzertifikat verf\u00fcgbar<\/td>\n<\/tr>\n<tr>\n<td class=\"label\">MOQ<\/td>\n<td>300KG f\u00fcr jedes Profil<\/td>\n<\/tr>\n<tr>\n<td class=\"label\">Lieferfrist<\/td>\n<td>Die Entwicklung der Form und die Erstellung des Musters dauern 12-15 Tage, die Produktion dauert 15-25 Tage nach Eingang der Anzahlung des K\u00e4ufers.<\/td>\n<\/tr>\n<tr>\n<td class=\"label\">Kostenlose Probe<\/td>\n<td>1-3 Tage k\u00f6nnen gesendet werden<\/td>\n<\/tr>\n<\/table>\n<h2>Unsere Produktionsbasis<\/h2>\n<h3>Fabrik-Panorama<\/h3>\n<p><img decoding=\"async\" src=\"\/wp-content\/uploads\/factory-01.webp\"\/><\/p>\n<h3>Werkstatt zur Herstellung von Aluminiumstangen<\/h3>\n<p><img decoding=\"async\" src=\"\/wp-content\/uploads\/factory-02.webp\"\/><\/p>\n<\/p>\n<p><img decoding=\"async\" src=\"\/wp-content\/uploads\/factory-03.webp\"\/><\/p>\n<h3>Lagerhaus f\u00fcr Formen<\/h3>\n<p><img decoding=\"async\" src=\"\/wp-content\/uploads\/factory-04.webp\"\/><\/p>\n<h3>43 Aluminium-Strangpressanlagen (500\u00e2\u20ac\"5500 Tonnen)<\/h3>\n<p><img decoding=\"async\" src=\"\/wp-content\/uploads\/factory-05.webp\"\/><\/p>\n<p><img decoding=\"async\" src=\"\/wp-content\/uploads\/factory-06.webp\"\/><\/p>\n<p><img decoding=\"async\" src=\"\/wp-content\/uploads\/factory-07.webp\"\/><\/p>\n<h3>Werkstatt f\u00fcr Pulverbeschichtung<\/h3>\n<p><img decoding=\"async\" src=\"\/wp-content\/uploads\/factory-09.webp\"\/><\/p>\n<h3>Eloxal-Werkstatt<\/h3>\n<p><img decoding=\"async\" src=\"\/wp-content\/uploads\/factory-10.webp\"\/><\/p>\n<h3>Workshop zur Tiefenverarbeitung<\/h3>\n<p><img decoding=\"async\" src=\"\/wp-content\/uploads\/factory-11.webp\"\/><\/p>\n<h3>CNC-Pr\u00e4zisionsbearbeitungswerkstatt<\/h3>\n<p><img decoding=\"async\" src=\"\/wp-content\/uploads\/factory-11.5.webp\"\/><\/p>\n<h3>Lager f\u00fcr Fertigprodukte und Export<\/h3>\n<p><img decoding=\"async\" src=\"\/wp-content\/uploads\/factory-12.webp\"\/><\/p>\n<p><img decoding=\"async\" src=\"\/wp-content\/uploads\/factory-13.webp\"\/><\/p>\n<p><img decoding=\"async\" src=\"\/wp-content\/uploads\/factory-14.webp\"\/><\/p>\n<h2>FAQ<\/h2>\n<p><b>1. wof\u00fcr wird das Aluminiumprofil 2024 verwendet? <\/b><\/p>\n<p> 2024-Aluminiumprofile werden aufgrund ihrer au\u00dfergew\u00f6hnlichen Festigkeit und Erm\u00fcdungsbest\u00e4ndigkeit h\u00e4ufig in der Luft- und Raumfahrt, in der Automobilindustrie und f\u00fcr Hochleistungskonstruktionen eingesetzt.\n<\/p>\n<p><\/p>\n<p><b>2. was sind die wichtigsten Merkmale des Aluminiumprofils 2024? <\/b><\/p>\n<p> Das Aluminiumprofil 2024 bietet eine hohe Zugfestigkeit, eine ausgezeichnete Bearbeitbarkeit und eine gute Erm\u00fcdungsbest\u00e4ndigkeit, wodurch es sich ideal f\u00fcr das Pr\u00e4zisionsstrangpressen von Aluminium eignet.\n<\/p>\n<p><\/p>\n<p><b>3. ist das Aluminiumprofil 2024 korrosionsbest\u00e4ndig? <\/b><\/p>\n<p> 2024-Aluminiumprofile sind nur begrenzt korrosionsbest\u00e4ndig und werden h\u00e4ufig eloxiert oder beschichtet, um die Haltbarkeit in rauen Umgebungen zu erh\u00f6hen.\n<\/p>\n<p><\/p>\n<p><b>4. warum Aluminium 2024 f\u00fcr Strangpressprofile w\u00e4hlen? <\/b><\/p>\n<p> Aluminium 2024 bietet ein hervorragendes Verh\u00e4ltnis von Festigkeit zu Gewicht und eine ausgezeichnete mechanische Leistung, was es zu einer ersten Wahl f\u00fcr kritische Aluminium-Strangpresskonstruktionen macht.\n<\/p>\n<p><\/p>\n<p><b>5) Wie verh\u00e4lt sich Aluminium 2024 im Vergleich zu 6061 beim Strangpressen? <\/b><\/p>\n<p> Das Aluminiumprofil 2024 ist fester als 6061, weist aber eine geringere Korrosionsbest\u00e4ndigkeit auf und eignet sich daher besser f\u00fcr Anwendungen mit hoher Beanspruchung, bei denen die Festigkeit im Vordergrund steht.\n<\/p>\n<p><\/p>\n<p><b>6. kann das Aluminiumprofil 2024 geschwei\u00dft werden? <\/b><\/p>\n<p> Das Aluminiumprofil 2024 ist nicht leicht schwei\u00dfbar und erfordert in der Regel spezielle Techniken oder mechanische Befestigungen f\u00fcr die Montage bei Aluminium-Strangpressprojekten.\n<\/p>\n<p><\/p>\n<p><b>7. welche Branchen verwenden 2024 Aluminiumprofile? <\/b><\/p>\n<p> In der Luft- und Raumfahrt, im Transportwesen und in der Verteidigungsindustrie werden 2024-Aluminiumprofile f\u00fcr leichte Strukturkomponenten verwendet, die hohe Leistung und Haltbarkeit erfordern.\n<\/p>\n<p><\/p>\n<p><b>8. ist Aluminium 2024 f\u00fcr die CNC-Bearbeitung geeignet? <\/b><\/p>\n<p> Ja, das Aluminiumprofil 2024 eignet sich aufgrund seiner hohen Festigkeit und hervorragenden Bearbeitbarkeit bei Pr\u00e4zisionsstrangpressarbeiten hervorragend f\u00fcr die CNC-Bearbeitung.\n<\/p>\n<p><\/p>\n<p><b>9. wie sind die mechanischen Eigenschaften von 2024 Aluminiumprofilen? <\/b><\/p>\n<p> Das Aluminiumprofil 2024 bietet eine hohe Streck- und Zugfestigkeit und eignet sich daher ideal f\u00fcr tragende Aluminiumstrangpressanwendungen.\n<\/p>\n<p><\/p>\n<p><b>10. unterst\u00fctzt das Aluminiumprofil 2024 eine W\u00e4rmebehandlung? <\/b><\/p>\n<p> Ja, 2024-Aluminiumprofile k\u00f6nnen w\u00e4rmebehandelt werden, um ihre mechanischen Eigenschaften zu verbessern, was ein entscheidender Vorteil beim Strangpressen von Aluminium ist.\n<\/p>\n<p><\/p>","protected":false},"featured_media":5541,"template":"","categories":[55],"class_list":["post-5542","product","type-product","status-publish","has-post-thumbnail","hentry","category-extruded-aluminum-profiles"],"meta_box":{"hilight_text_group":{"product_hilight_text":"Aluminum extrusion 2024 aluminum profile is a high-strength aluminum alloy product with excellent corrosion resistance and machinability, which is widely used in aviation, aerospace, automotive and other fields.","product_chanpin_chanpin":"<li><a href=\"https:\/\/sinoextrud.com\/product\/aluminium-extrusion-6061-6082-7075-aluminum-alloy-profiles\/\" target=\"_blank\">Aluminium Extrusion 6061 6082 7075 Aluminum Alloy Profiles<\/a><\/li>\r\n<li><a href=\"https:\/\/sinoextrud.com\/product\/aluminium-extrud-anodised-aluminium-tube\/\" target=\"_blank\">Aluminium Extrusion Anodised Aluminium Tube<\/a><\/li>\r\n<li><a href=\"https:\/\/sinoextrud.com\/product\/aluminium-extrusion-tube\/\" target=\"_blank\">Aluminium Extrusion Tube<\/a><\/li>\r\n<li><a href=\"https:\/\/sinoextrud.com\/product\/aluminum-extrud-7003-aluminum-pipe\/\" target=\"_blank\">Aluminum Extrusion 7003 Aluminum Pipe<\/a><\/li>\r\n<li><a href=\"https:\/\/sinoextrud.com\/product\/aluminum-extrusion-2024-aluminum-profile\/\" target=\"_blank\">Aluminum Extrusion 2024 Aluminum Profile<\/a><\/li>\r\n<li><a href=\"https:\/\/sinoextrud.com\/product\/linear-sliding-modules-aluminum-profiles\/\" target=\"_blank\">Linear Sliding Modules Aluminum Profiles<\/a><\/li>\r\n<li><a href=\"https:\/\/sinoextrud.com\/product\/aluminum-extrusion-1060-aluminum-profile\/\" target=\"_blank\">Aluminum Extrusion 1060 Aluminum Profile<\/a><\/li>\r\n<li><a href=\"https:\/\/sinoextrud.com\/product\/aluminum-extrusion-6061-6063-aluminum-profile-for-lamppost\/\" target=\"_blank\">Aluminum Extrusion 6061 6063 Aluminum Profile For Lamppost<\/a><\/li>\r\n<li><a href=\"https:\/\/sinoextrud.com\/product\/6061-6063-6082-street-lamp-column-aluminum-profile\/\" target=\"_blank\">6061 6063 6082 Street Lamp Column Aluminum Profile<\/a><\/li>\r\n<li><a href=\"https:\/\/sinoextrud.com\/product\/black-extruded-aluminum-heat-sink-profiles\/\" target=\"_blank\">Black Extruded Aluminum Heat Sink Profiles<\/a><\/li>\r\n<li><a href=\"https:\/\/sinoextrud.com\/product\/triangle-champagne-aluminum-extruded-tube\/\" target=\"_blank\">Triangle Champagne Aluminum Extruded Tube<\/a><\/li>"},"feature_list":[]},"_links":{"self":[{"href":"https:\/\/sinoextrud.com\/de\/wp-json\/wp\/v2\/product\/5542","targetHints":{"allow":["GET"]}}],"collection":[{"href":"https:\/\/sinoextrud.com\/de\/wp-json\/wp\/v2\/product"}],"about":[{"href":"https:\/\/sinoextrud.com\/de\/wp-json\/wp\/v2\/types\/product"}],"wp:featuredmedia":[{"embeddable":true,"href":"https:\/\/sinoextrud.com\/de\/wp-json\/wp\/v2\/media\/5541"}],"wp:attachment":[{"href":"https:\/\/sinoextrud.com\/de\/wp-json\/wp\/v2\/media?parent=5542"}],"wp:term":[{"taxonomy":"category","embeddable":true,"href":"https:\/\/sinoextrud.com\/de\/wp-json\/wp\/v2\/categories?post=5542"}],"curies":[{"name":"wp","href":"https:\/\/api.w.org\/{rel}","templated":true}]}}