{"id":4161,"date":"2025-05-06T03:26:02","date_gmt":"2025-05-06T03:26:02","guid":{"rendered":"https:\/\/sinoextrud.com\/?post_type=product&#038;p=4161"},"modified":"2025-06-24T03:52:08","modified_gmt":"2025-06-24T03:52:08","slug":"groses-aluminium-strangpressen","status":"publish","type":"product","link":"https:\/\/sinoextrud.com\/de\/product\/large-aluminum-extrud\/","title":{"rendered":"Gro\u00dfes Aluminium-Strangpressprofil"},"content":{"rendered":"<h2>STANDARDGR\u00d6SSE<\/h2>\n<table class=\"custom-table\">\n<tr>\n<td class=\"label\">NAME<\/td>\n<td>Gro\u00dfes Aluminium-Strangpressprofil<\/td>\n<\/tr>\n<tr>\n  <\/tr>\n<tr>\n<td class=\"label\">Material Legierung<\/td>\n<td>6061-T6 \/ 6082-T6 \/ 6063-T5<\/td>\n<\/tr>\n<tr>\n<td class=\"label\">Maximale Abschnittsgr\u00f6\u00dfe<\/td>\n<td>Bis zu 500 mm Breite (anpassbar)<\/td>\n<\/tr>\n<tr>\n<td class=\"label\">Wanddicke<\/td>\n<td>2mm - 25mm<\/td>\n<\/tr>\n<tr>\n<td class=\"label\">L\u00e4nge<\/td>\n<td>Bis zu 12 Meter (kundenspezifischer Zuschnitt m\u00f6glich)<\/td>\n<\/tr>\n<tr>\n<td class=\"label\">Toleranz<\/td>\n<td>\u00b10,1mm (basierend auf Profilgr\u00f6\u00dfe und Zeichnung)<\/td>\n<\/tr>\n<tr>\n<td class=\"label\">Oberfl\u00e4chenbehandlung<\/td>\n<td>Eloxieren, Pulverbeschichten, Sandstrahlen, Fr\u00e4sen<\/td>\n<\/tr>\n<tr>\n<td class=\"label\">Anwendungen<\/td>\n<td>Industrielle Rahmen, Transportfahrgestelle, Ger\u00e4tegeh\u00e4use<\/td>\n<\/tr>\n<\/table>\n<h2>Unsere Produktionsbasis<\/h2>\n<h3>Fabrik-Panorama<\/h3>\n<p><img decoding=\"async\" src=\"\/wp-content\/uploads\/factory-01.webp\"\/><\/p>\n<h3>Werkstatt zur Herstellung von Aluminiumstangen<\/h3>\n<p><img decoding=\"async\" src=\"\/wp-content\/uploads\/factory-02.webp\"\/><\/p>\n<\/p>\n<p><img decoding=\"async\" src=\"\/wp-content\/uploads\/factory-03.webp\"\/><\/p>\n<h3>Lagerhaus f\u00fcr Formen<\/h3>\n<p><img decoding=\"async\" src=\"\/wp-content\/uploads\/factory-04.webp\"\/><\/p>\n<h3>43 Aluminium-Strangpressanlagen (500-5500 Tonnen)<\/h3>\n<p><img decoding=\"async\" src=\"\/wp-content\/uploads\/factory-05.webp\"\/><\/p>\n<p><img decoding=\"async\" src=\"\/wp-content\/uploads\/factory-06.webp\"\/><\/p>\n<p><img decoding=\"async\" src=\"\/wp-content\/uploads\/factory-07.webp\"\/><\/p>\n<h3>Werkstatt f\u00fcr Pulverbeschichtung<\/h3>\n<p><img decoding=\"async\" src=\"\/wp-content\/uploads\/factory-09.webp\"\/><\/p>\n<h3>Eloxal-Werkstatt<\/h3>\n<p><img decoding=\"async\" src=\"\/wp-content\/uploads\/factory-10.webp\"\/><\/p>\n<h3>Workshop zur Tiefenverarbeitung<\/h3>\n<p><img decoding=\"async\" src=\"\/wp-content\/uploads\/factory-11.webp\"\/><\/p>\n<h3>CNC-Pr\u00e4zisionsbearbeitungswerkstatt<\/h3>\n<p><img decoding=\"async\" src=\"\/wp-content\/uploads\/factory-11.5.webp\"\/><\/p>\n<h3>Lager f\u00fcr Fertigprodukte und Export<\/h3>\n<p><img decoding=\"async\" src=\"\/wp-content\/uploads\/factory-12.webp\"\/><\/p>\n<p><img decoding=\"async\" src=\"\/wp-content\/uploads\/factory-13.webp\"\/><\/p>\n<p><img decoding=\"async\" src=\"\/wp-content\/uploads\/factory-14.webp\"\/><\/p>\n<h2>FAQ<\/h2>\n<p><b>1. wof\u00fcr werden gro\u00dfe Aluminium-Strangpressprofile verwendet?                    <\/b><\/p>\n<p>Gro\u00dfe Aluminium-Strangpressprofile werden h\u00e4ufig im Bauwesen, im Transportwesen, in der Luft- und Raumfahrt und im Maschinenbau f\u00fcr strukturelle Rahmen, Plattformen und Geh\u00e4use verwendet.\n<\/p>\n<p><\/p>\n<p><b>2. was sind die Vorteile von gro\u00dfen Aluminium-Strangpressprofilen?             <\/b><\/p>\n<p>Gro\u00dfe Aluminium-Strangpressprofile bieten hohe Festigkeit, leichte Eigenschaften, ausgezeichnete Korrosionsbest\u00e4ndigkeit und Designflexibilit\u00e4t f\u00fcr kundenspezifische industrielle Anwendungen.\n<\/p>\n<p><\/p>\n<p><b>3. warum sollten Sie sich f\u00fcr gro\u00dfe Aluminium-Strangpressprofile statt f\u00fcr Stahl entscheiden?                 <\/b><\/p>\n<p>Gro\u00dfe Aluminium-Strangpressprofile sind wesentlich leichter als Stahl, leichter zu bearbeiten, korrosionsbest\u00e4ndig und ideal f\u00fcr Anwendungen, die sowohl Festigkeit als auch geringes Gewicht erfordern.\n<\/p>\n<p><\/p>\n<p><b>4. k\u00f6nnen gro\u00dfe Aluminium-Strangpressprofile angepasst werden?                    <\/b><\/p>\n<p>Ja, gro\u00dfe Aluminium-Strangpressprofile k\u00f6nnen in Bezug auf Form, Gr\u00f6\u00dfe und Legierungszusammensetzung vollst\u00e4ndig angepasst werden, um spezifische Projektanforderungen zu erf\u00fcllen.\n<\/p>\n<p><\/p>\n<p><b>5. sind gro\u00dfe Aluminium-Strangpressprofile f\u00fcr den Au\u00dfeneinsatz geeignet?         <\/b><\/p>\n<p>Gro\u00dfe Aluminium-Strangpressprofile sind \u00e4u\u00dferst korrosions- und UV-best\u00e4ndig und eignen sich daher ideal f\u00fcr strukturelle und architektonische Anwendungen im Freien.\n<\/p>\n<p><\/p>\n<p><b>6. welche Legierungen werden \u00fcblicherweise f\u00fcr gro\u00dfe Aluminium-Strangpressprofile verwendet?    <\/b><\/p>\n<p>Zu den gebr\u00e4uchlichen Legierungen geh\u00f6ren 6061, 6082 und 7000er Aluminium, die ein ausgewogenes Verh\u00e4ltnis von Festigkeit, Korrosionsbest\u00e4ndigkeit und Bearbeitbarkeit bieten.\n<\/p>\n<p><\/p>\n<p><b>7. wie werden gro\u00dfe Aluminium-Strangpressprofile hergestellt?                 <\/b><\/p>\n<p>Gro\u00dfe Aluminiumstrangpressprofile werden durch Erhitzen von Aluminiumkn\u00fcppeln hergestellt und durch Pr\u00e4zisionsmatrizen gepresst, um kontinuierliche, kundenspezifische Profile zu formen.\n<\/p>\n<p><\/p>\n<p><b>8. wie gro\u00df d\u00fcrfen gro\u00dfe Aluminium-Strangpressprofile sein?          <\/b><\/p>\n<p>Die maximale Gr\u00f6\u00dfe von gro\u00dfen Aluminium-Strangpressprofilen h\u00e4ngt von der Pressenkapazit\u00e4t ab, kann aber 20 Zoll im Durchmesser und mehrere Meter in der L\u00e4nge \u00fcberschreiten.\n<\/p>\n<p><\/p>\n<p><b>9. sind gro\u00dfe Aluminium-Strangpressprofile umweltfreundlich?         <\/b><\/p>\n<p>Ja, Aluminium ist 100% recycelbar, und gro\u00dfe Aluminium-Strangpressprofile tragen zu einer nachhaltigen Fertigung mit geringeren Umweltauswirkungen bei.\n<\/p>\n<p><\/p>\n<p><b>10. wie verbessern gro\u00dfe Aluminium-Strangpressprofile die strukturelle Leistungsf\u00e4higkeit?<\/b><\/p>\n<p>Gro\u00dfe Aluminium-Strangpressprofile bieten ein hervorragendes Verh\u00e4ltnis zwischen Steifigkeit und Gewicht und erm\u00f6glichen stabile und dennoch leichte Konstruktionen f\u00fcr anspruchsvolle Anwendungen.\n<\/p>\n<p><\/p>","protected":false},"featured_media":4116,"template":"","categories":[55],"class_list":["post-4161","product","type-product","status-publish","has-post-thumbnail","hentry","category-extruded-aluminum-profiles"],"meta_box":{"hilight_text_group":{"product_hilight_text":"<li>High strength-to-weight ratio for heavy-duty structural applications<\/li>\r\r\n<li>Customizable profiles to meet specific industrial requirements<\/li>\r\r\n<li>Excellent corrosion resistance for long-term outdoor use<\/li>\r\r\n<li>Reduced material weight lowers transportation and installation costs<\/li>\r\r\n<li>Compatible with a wide range of surface finishes for enhanced durability<\/li>\r\r\n<li>Precision manufacturing ensures consistent quality and dimensional accuracy<\/li>","product_chanpin_chanpin":"<li><a href=\"https:\/\/sinoextrud.com\/product\/custom-made-ceiling-system\/\" target=\"_blank\">Custom-made Ceiling System<\/a><\/li>\r\n<li><a href=\"https:\/\/sinoextrud.com\/product\/aluminum-cladding-system\/\" target=\"_blank\">Aluminum Cladding System<\/a><\/li>\r\n<li><a href=\"https:\/\/sinoextrud.com\/product\/oval-aluminum-extrusion-profile\/\" target=\"_blank\">Oval Aluminum Extrusion Profile<\/a><\/li>\r\n<li><a href=\"https:\/\/sinoextrud.com\/product\/large-aluminum-extrusion\/\" target=\"_blank\">Large Aluminum Extrusion<\/a><\/li>\r\n<li><a href=\"https:\/\/sinoextrud.com\/product\/large-aluminum-extrud\/\" target=\"_blank\">Large Aluminum Extrud<\/a><\/li>\r\n<li><a href=\"https:\/\/sinoextrud.com\/product\/aluminium-extrusion-6061-6082-7075-aluminum-alloy-profiles\/\" target=\"_blank\">Aluminium Extrusion 6061 6082 7075 Aluminum Alloy Profiles<\/a><\/li>\r\n<li><a href=\"https:\/\/sinoextrud.com\/product\/aluminium-extrud-anodised-aluminium-tube\/\" target=\"_blank\">Aluminium Extrusion Anodised Aluminium Tube<\/a><\/li>\r\n<li><a href=\"https:\/\/sinoextrud.com\/product\/aluminium-extrusion-tube\/\" target=\"_blank\">Aluminium Extrusion Tube<\/a><\/li>\r\n<li><a href=\"https:\/\/sinoextrud.com\/product\/aluminum-extrud-7003-aluminum-pipe\/\" target=\"_blank\">Aluminum Extrusion 7003 Aluminum Pipe<\/a><\/li>\r\n<li><a href=\"https:\/\/sinoextrud.com\/product\/aluminium-profile-drilling-cutting-bending-puching-processing\/\" target=\"_blank\">Aluminium profile drilling cutting bending puching processing<\/a><\/li>\r\n<li><a href=\"https:\/\/sinoextrud.com\/product\/high-precision-aluminium-profiles\/\" target=\"_blank\">High Precision Aluminium Profiles<\/a><\/li>"},"feature_list":[]},"_links":{"self":[{"href":"https:\/\/sinoextrud.com\/de\/wp-json\/wp\/v2\/product\/4161","targetHints":{"allow":["GET"]}}],"collection":[{"href":"https:\/\/sinoextrud.com\/de\/wp-json\/wp\/v2\/product"}],"about":[{"href":"https:\/\/sinoextrud.com\/de\/wp-json\/wp\/v2\/types\/product"}],"wp:featuredmedia":[{"embeddable":true,"href":"https:\/\/sinoextrud.com\/de\/wp-json\/wp\/v2\/media\/4116"}],"wp:attachment":[{"href":"https:\/\/sinoextrud.com\/de\/wp-json\/wp\/v2\/media?parent=4161"}],"wp:term":[{"taxonomy":"category","embeddable":true,"href":"https:\/\/sinoextrud.com\/de\/wp-json\/wp\/v2\/categories?post=4161"}],"curies":[{"name":"wp","href":"https:\/\/api.w.org\/{rel}","templated":true}]}}