{"id":3777,"date":"2025-04-30T14:53:06","date_gmt":"2025-04-30T14:53:06","guid":{"rendered":"https:\/\/sinoextrud.com\/?post_type=product&#038;p=3777"},"modified":"2025-06-24T03:52:06","modified_gmt":"2025-06-24T03:52:06","slug":"grose-aluminium-extrusion","status":"publish","type":"product","link":"https:\/\/sinoextrud.com\/de\/product\/large-aluminum-extrusion\/","title":{"rendered":"Gro\u00dfe Aluminium-Extrusion"},"content":{"rendered":"<h2>STANDARDGR\u00d6SSE<\/h2>\n<table class=\"custom-table\">\n<tr>\n<td class=\"label\">Material Legierung<\/td>\n<td>6061-T6 \/ 6082-T6 \/ 6063-T5<\/td>\n<\/tr>\n<tr>\n<td class=\"label\">Maximale Abschnittsgr\u00f6\u00dfe<\/td>\n<td>Bis zu 500 mm Breite (anpassbar)<\/td>\n<\/tr>\n<tr>\n<td class=\"label\">Wanddicke<\/td>\n<td>2mm - 25mm<\/td>\n<\/tr>\n<tr>\n<td class=\"label\">L\u00e4nge<\/td>\n<td>Bis zu 12 Meter (kundenspezifischer Zuschnitt m\u00f6glich)<\/td>\n<\/tr>\n<tr>\n<td class=\"label\">Toleranz<\/td>\n<td>\u00b10,1mm (basierend auf Profilgr\u00f6\u00dfe und Zeichnung)<\/td>\n<\/tr>\n<tr>\n<td class=\"label\">Oberfl\u00e4chenbehandlung<\/td>\n<td>Eloxieren, Pulverbeschichten, Sandstrahlen, Fr\u00e4sen<\/td>\n<\/tr>\n<tr>\n<td class=\"label\">Anwendungen<\/td>\n<td>Industrielle Rahmen, Transportfahrgestelle, Ger\u00e4tegeh\u00e4use<\/td>\n<\/tr>\n<\/table>\n<h2>Unsere Produktionsbasis<\/h2>\n<h3>Fabrik-Panorama<\/h3>\n<p><img decoding=\"async\" src=\"\/wp-content\/uploads\/factory-01.webp\"\/><\/p>\n<h3>Werkstatt zur Herstellung von Aluminiumstangen<\/h3>\n<p><img decoding=\"async\" src=\"\/wp-content\/uploads\/factory-02.webp\"\/><\/p>\n<\/p>\n<p><img decoding=\"async\" src=\"\/wp-content\/uploads\/factory-03.webp\"\/><\/p>\n<h3>Lagerhaus f\u00fcr Formen<\/h3>\n<p><img decoding=\"async\" src=\"\/wp-content\/uploads\/factory-04.webp\"\/><\/p>\n<h3>43 Aluminium-Strangpressanlagen (500-5500 Tonnen)<\/h3>\n<p><img decoding=\"async\" src=\"\/wp-content\/uploads\/factory-05.webp\"\/><\/p>\n<p><img decoding=\"async\" src=\"\/wp-content\/uploads\/factory-06.webp\"\/><\/p>\n<p><img decoding=\"async\" src=\"\/wp-content\/uploads\/factory-07.webp\"\/><\/p>\n<h3>Werkstatt f\u00fcr Pulverbeschichtung<\/h3>\n<p><img decoding=\"async\" src=\"\/wp-content\/uploads\/factory-09.webp\"\/><\/p>\n<h3>Eloxal-Werkstatt<\/h3>\n<p><img decoding=\"async\" src=\"\/wp-content\/uploads\/factory-10.webp\"\/><\/p>\n<h3>Workshop zur Tiefenverarbeitung<\/h3>\n<p><img decoding=\"async\" src=\"\/wp-content\/uploads\/factory-11.webp\"\/><\/p>\n<h3>CNC-Pr\u00e4zisionsbearbeitungswerkstatt<\/h3>\n<p><img decoding=\"async\" src=\"\/wp-content\/uploads\/factory-11.5.webp\"\/><\/p>\n<h3>Lager f\u00fcr Fertigprodukte und Export<\/h3>\n<p><img decoding=\"async\" src=\"\/wp-content\/uploads\/factory-12.webp\"\/><\/p>\n<p><img decoding=\"async\" src=\"\/wp-content\/uploads\/factory-13.webp\"\/><\/p>\n<p><img decoding=\"async\" src=\"\/wp-content\/uploads\/factory-14.webp\"\/><\/p>\n<h2>FAQ<\/h2>\n<p><b>1. was ist ein gro\u00dfes Aluminium-Strangpressprofil?<\/b><\/p>\n<p>Das Strangpressen von Aluminium in gro\u00dfen Dimensionen bezieht sich auf das Verfahren zum Formen von \u00fcbergro\u00dfen Aluminiumprofilen mit komplexen Querschnitten, die ideal f\u00fcr strukturelle und industrielle Anwendungen sind.\n<\/p>\n<p><\/p>\n<p><b>2. was sind die Vorteile von gro\u00dfen Aluminium-Strangpressprofilen?<\/b><\/p>\n<p>Gro\u00dfe Aluminium-Strangpressprofile bieten hohe Festigkeit, geringes Gewicht, Korrosionsbest\u00e4ndigkeit und Vielseitigkeit f\u00fcr eine breite Palette von Hochleistungsanwendungen.\n<\/p>\n<p><\/p>\n<p><b>3. warum sollten Sie sich f\u00fcr gro\u00dfe Aluminium-Strangpressprofile und nicht f\u00fcr die Stahlherstellung entscheiden?<\/b><\/p>\n<p>Gro\u00dffl\u00e4chige Aluminium-Strangpressprofile sind leichter als Stahl, korrosionsbest\u00e4ndig und erm\u00f6glichen nahtlose, individuell geformte Bauteile mit weniger Schwei\u00dfn\u00e4hten und Verbindungen.\n<\/p>\n<p><\/p>\n<p><b>4. welche Branchen verwenden gro\u00dfe Aluminium-Strangpressprofile?<\/b><\/p>\n<p>In Branchen wie der Luft- und Raumfahrt, dem Bauwesen, dem Transportwesen, den erneuerbaren Energien und dem Schwermaschinenbau werden in gro\u00dfem Umfang gro\u00dfe Aluminium-Strangpressprofile verwendet.\n<\/p>\n<p><\/p>\n<p><b>5. sind gro\u00dfe Aluminium-Strangpressprofile f\u00fcr den Au\u00dfeneinsatz geeignet?<\/b><\/p>\n<p>Ja, gro\u00dfe Aluminium-Strangpressprofile haben eine ausgezeichnete Witterungs- und Korrosionsbest\u00e4ndigkeit und sind daher ideal f\u00fcr den Einsatz im Freien und auf See.\n<\/p>\n<p><\/p>\n<p><b>6. k\u00f6nnen gro\u00dfe Aluminium-Strangpressprofile angepasst werden?<\/b><\/p>\n<p>Ja, gro\u00dfe Aluminium-Strangpressprofile k\u00f6nnen in Form, Gr\u00f6\u00dfe, Legierung und Oberfl\u00e4chenbeschaffenheit kundenspezifisch angepasst werden, um bestimmte strukturelle oder \u00e4sthetische Anforderungen zu erf\u00fcllen.\n<\/p>\n<p><\/p>\n<p><b>7. welche Legierungen sind f\u00fcr das Strangpressen von Aluminium \u00fcblich?<\/b><\/p>\n<p>Beliebte Legierungen f\u00fcr das Strangpressen von Aluminium sind 6061, 6082 und 7005, die f\u00fcr ihre Festigkeit, Haltbarkeit und hervorragende Bearbeitbarkeit bekannt sind.\n<\/p>\n<p><\/p>\n<p><b>8. wie verbessert das Strangpressen von Aluminium die strukturelle Leistung?<\/b><\/p>\n<p>Gro\u00dfe Aluminium-Strangpressprofile bieten ein hervorragendes Verh\u00e4ltnis zwischen Festigkeit und Gewicht, reduzieren die Komplexit\u00e4t der Montage und verbessern die strukturelle Integrit\u00e4t bei anspruchsvollen Anwendungen.\n<\/p>\n<p><\/p>\n<p><b>9. ist die gro\u00dfe Aluminiumextrusion umweltfreundlich?<\/b><\/p>\n<p>Ja, Aluminium ist 100% recycelbar, und gro\u00dfe Aluminium-Strangpressprofile tragen zu nachhaltigen, abfallarmen Herstellungsverfahren bei.\n<\/p>\n<p><\/p>\n<p><b>10. k\u00f6nnen gro\u00dfe Aluminium-Strangpressprofile eloxiert oder lackiert werden?<\/b><\/p>\n<p>Gro\u00dfe Aluminium-Strangpressprofile k\u00f6nnen eloxiert, pulverbeschichtet oder lackiert werden, um die Haltbarkeit und das Aussehen der Oberfl\u00e4che zu verbessern.\n<\/p>\n<p><\/p>","protected":false},"featured_media":3778,"template":"","categories":[55],"class_list":["post-3777","product","type-product","status-publish","has-post-thumbnail","hentry","category-extruded-aluminum-profiles"],"meta_box":{"hilight_text_group":{"product_hilight_text":"<li>Designed for heavy-duty structural applications with excellent load-bearing capacity<\/li>\r\r\n<li>Available in large cross-sections to meet industrial-scale project requirements<\/li>\r\r\n<li>Precision extrusion with tight tolerances, ideal for machining and assembly<\/li>\r\r\n<li>Custom lengths, alloys, and surface finishes available for tailored solutions<\/li>\r\r\n<li>Reliable bulk production for construction, transportation, and equipment manufacturing<\/li>","product_chanpin_chanpin":"<li><a href=\"https:\/\/sinoextrud.com\/product\/o-shaped-pipe-baffle-ceiling-system\/\" target=\"_blank\">O-shaped pipe Baffle Ceiling System<\/a><\/li>\r\n<li><a href=\"https:\/\/sinoextrud.com\/product\/custom-made-ceiling-system\/\" target=\"_blank\">Custom-made Ceiling System<\/a><\/li>\r\n<li><a href=\"https:\/\/sinoextrud.com\/product\/aluminum-cladding-system\/\" target=\"_blank\">Aluminum Cladding System<\/a><\/li>\r\n<li><a href=\"https:\/\/sinoextrud.com\/product\/oval-aluminum-extrusion-profile\/\" target=\"_blank\">Oval Aluminum Extrusion Profile<\/a><\/li>\r\n<li><a href=\"https:\/\/sinoextrud.com\/product\/large-aluminum-extrusion\/\" target=\"_blank\">Large Aluminum Extrusion<\/a><\/li>\r\n<li><a href=\"https:\/\/sinoextrud.com\/product\/large-aluminum-extrud\/\" target=\"_blank\">Large Aluminum Extrud<\/a><\/li>\r\n<li><a href=\"https:\/\/sinoextrud.com\/product\/aluminium-extrusion-6061-6082-7075-aluminum-alloy-profiles\/\" target=\"_blank\">Aluminium Extrusion 6061 6082 7075 Aluminum Alloy Profiles<\/a><\/li>\r\n<li><a href=\"https:\/\/sinoextrud.com\/product\/aluminium-extrud-anodised-aluminium-tube\/\" target=\"_blank\">Aluminium Extrusion Anodised Aluminium Tube<\/a><\/li>\r\n<li><a href=\"https:\/\/sinoextrud.com\/product\/aluminium-extrusion-tube\/\" target=\"_blank\">Aluminium Extrusion Tube<\/a><\/li>\r\n<li><a href=\"https:\/\/sinoextrud.com\/product\/custom-aluminum-tongue-and-groove-extrusion\/\" target=\"_blank\">Custom Aluminum Tongue And Groove Extrusion<\/a><\/li>\r\n<li><a href=\"https:\/\/sinoextrud.com\/product\/aluminium-bars\/\" target=\"_blank\">Aluminium Bars<\/a><\/li>"},"feature_list":[]},"_links":{"self":[{"href":"https:\/\/sinoextrud.com\/de\/wp-json\/wp\/v2\/product\/3777","targetHints":{"allow":["GET"]}}],"collection":[{"href":"https:\/\/sinoextrud.com\/de\/wp-json\/wp\/v2\/product"}],"about":[{"href":"https:\/\/sinoextrud.com\/de\/wp-json\/wp\/v2\/types\/product"}],"wp:featuredmedia":[{"embeddable":true,"href":"https:\/\/sinoextrud.com\/de\/wp-json\/wp\/v2\/media\/3778"}],"wp:attachment":[{"href":"https:\/\/sinoextrud.com\/de\/wp-json\/wp\/v2\/media?parent=3777"}],"wp:term":[{"taxonomy":"category","embeddable":true,"href":"https:\/\/sinoextrud.com\/de\/wp-json\/wp\/v2\/categories?post=3777"}],"curies":[{"name":"wp","href":"https:\/\/api.w.org\/{rel}","templated":true}]}}