{"id":3638,"date":"2025-04-27T06:22:34","date_gmt":"2025-04-27T06:22:34","guid":{"rendered":"https:\/\/sinoextrud.com\/?post_type=product&#038;p=3638"},"modified":"2025-06-24T03:52:02","modified_gmt":"2025-06-24T03:52:02","slug":"aluminium-verkleidungssystem","status":"publish","type":"product","link":"https:\/\/sinoextrud.com\/de\/product\/aluminum-cladding-system\/","title":{"rendered":"Aluminium-Verkleidung System"},"content":{"rendered":"<h2>STANDARDGR\u00d6SSE<\/h2>\n<p><img loading=\"lazy\" decoding=\"async\" src=\"https:\/\/sinoextrud.com\/wp-content\/uploads\/Aluminum-Cladding-System-gg.webp\" alt=\"Aluminium-Verkleidung System\" width=\"638\" height=\"778\" class=\"size-full wp-image-3642\" srcset=\"https:\/\/sinoextrud.com\/wp-content\/uploads\/Aluminum-Cladding-System-gg.webp 638w, https:\/\/sinoextrud.com\/wp-content\/uploads\/Aluminum-Cladding-System-gg-10x12.webp 10w, https:\/\/sinoextrud.com\/wp-content\/uploads\/Aluminum-Cladding-System-gg-600x732.webp 600w\" sizes=\"auto, (max-width: 638px) 100vw, 638px\" \/><\/p>\n<h2>Produktionsprozess<\/h2>\n<p><img decoding=\"async\" src=\"\/wp-content\/uploads\/zzlc01.webp\" alt=\"Produktionsprozess\"  \/><br \/>\n<img decoding=\"async\" src=\"\/wp-content\/uploads\/zzlc02.webp\" alt=\"Produktionsprozess\"  \/><br \/>\n<img decoding=\"async\" src=\"\/wp-content\/uploads\/zzlc03.webp\" alt=\"Produktionsprozess\"  \/><br \/>\n<img decoding=\"async\" src=\"\/wp-content\/uploads\/zzlc04.webp\" alt=\"Produktionsprozess\"  \/><\/p>\n<h2>FAQ<\/h2>\n<p><b>1. was ist ein Aluminium-Verkleidungssystem?<\/b><\/p>\n<p>Ein Aluminiumverkleidungssystem ist eine Au\u00dfenwandverkleidung aus leichten Aluminiumpaneelen, die zum Schutz von Geb\u00e4uden und zur Verbesserung der \u00c4sthetik entwickelt wurde.\n<\/p>\n<p><\/p>\n<p><b>2. welche Vorteile bietet ein Aluminium-Verkleidungssystem?<\/b><\/p>\n<p>Aluminiumverkleidungssysteme bieten eine hervorragende Witterungsbest\u00e4ndigkeit, geringen Wartungsaufwand, Feuerbest\u00e4ndigkeit und ein modernes optisches Design f\u00fcr Gesch\u00e4fts- und Wohngeb\u00e4ude.\n<\/p>\n<p><\/p>\n<p><b>3. sind Aluminiumverkleidungen f\u00fcr Hochh\u00e4user geeignet?<\/b><\/p>\n<p>Ja, Aluminium-Verkleidungssysteme sind aufgrund ihres geringen Gewichts, ihrer Langlebigkeit und ihrer einfachen Installation ideal f\u00fcr Hochh\u00e4user.\n<\/p>\n<p><\/p>\n<p><b>4. wie verbessert eine Aluminiumverkleidung die Energieeffizienz?<\/b><\/p>\n<p>Aluminiumverkleidungssysteme k\u00f6nnen D\u00e4mmschichten enthalten, die die W\u00e4rmeleistung verbessern und den Energieverbrauch von Geb\u00e4uden senken.\n<\/p>\n<p><\/p>\n<p><b>5. k\u00f6nnen Aluminium-Verkleidungssysteme individuell angepasst werden?<\/b><\/p>\n<p>Ja, Aluminium-Verkleidungsplatten k\u00f6nnen in Gr\u00f6\u00dfe, Farbe, Oberfl\u00e4che und Textur individuell angepasst werden, um architektonischen und markenbezogenen Anforderungen gerecht zu werden.\n<\/p>\n<p><\/p>\n<p><b>6. sind Aluminiumverkleidungssysteme witterungsbest\u00e4ndig?<\/b><\/p>\n<p>Auf jeden Fall bieten Aluminiumverkleidungen einen hervorragenden Schutz gegen Regen, Wind, UV-Strahlen und Temperaturschwankungen.\n<\/p>\n<p><\/p>\n<p><b>7. welche Oberfl\u00e4chen sind f\u00fcr Aluminiumverkleidungen erh\u00e4ltlich?<\/b><\/p>\n<p>Aluminiumverkleidungen sind in eloxierter, pulverbeschichteter, geb\u00fcrsteter und holzgemaserter Ausf\u00fchrung erh\u00e4ltlich und eignen sich sowohl f\u00fcr funktionale als auch \u00e4sthetische Anwendungen.\n<\/p>\n<p><\/p>\n<p><b>8. sind Aluminiumverkleidungen umweltfreundlich?<\/b><\/p>\n<p>Ja, Aluminium-Verkleidungssysteme sind nachhaltig, recycelbar und tragen zu gr\u00fcnen Geb\u00e4udezertifizierungen wie LEED und BREEAM bei.\n<\/p>\n<p><\/p>\n<p><b>9. wie lange halten Aluminiumverkleidungen?<\/b><\/p>\n<p>Aluminiumverkleidungssysteme haben eine lange Lebensdauer, die aufgrund ihrer korrosionsbest\u00e4ndigen Eigenschaften in der Regel \u00fcber 30 Jahre bei minimaler Wartung betr\u00e4gt.\n<\/p>\n<p><\/p>\n<p><b>10. welche Arten von Geb\u00e4uden profitieren von Aluminiumverkleidungen?<\/b><\/p>\n<p>Aluminiumverkleidungen werden in Gesch\u00e4ftskomplexen, Flugh\u00e4fen, Wohnt\u00fcrmen, Krankenh\u00e4usern und Bildungseinrichtungen f\u00fcr modernes Au\u00dfendesign und Leistungsf\u00e4higkeit eingesetzt.\n<\/p>\n<p><\/p>","protected":false},"featured_media":3641,"template":"","categories":[53],"class_list":["post-3638","product","type-product","status-publish","has-post-thumbnail","hentry","category-aluminum-cladding-system"],"meta_box":{"hilight_text_group":{"product_hilight_text":"<ul>\r\r\n<li>High-strength and lightweight aluminum panels ensure excellent durability and structural performance.<\/li>\r\r\n<li>Outstanding weather resistance, corrosion resistance, and UV protection for long-lasting exterior applications.<\/li>\r\r\n<li>Wide range of surface finishes including powder coating, PVDF coating, and anodizing for premium aesthetics.<\/li>\r\r\n<li>Flexible customization in size, shape, color, and texture to meet diverse architectural design requirements.<\/li>\r\r\n<li>Easy installation with modular systems, reducing on-site construction time and labor costs.<\/li>\r\r\n<li>Supports integrated insulation solutions, enhancing building energy efficiency and thermal performance.<\/li>\r\r\n<li>Low maintenance requirements, offering long-term cost savings for large commercial projects.<\/li>\r\r\n<li>Ideal for curtain walls, facades, canopies, and interior feature walls across commercial, public, and industrial sectors.<\/li>\r\r\n<\/ul>","product_tu_tu":"<img width=\"320\" height=\"210\" src=\"https:\/\/sinoextrud.com\/wp-content\/uploads\/Aluminum-Cladding-System-xg.webp\" alt=\"Aluminum Cladding System\" title=\"Aluminum Cladding System\">","product_chanpin_chanpin":"<li><a href=\"https:\/\/sinoextrud.com\/product\/dripping-screen-ceiling-system\/\" target=\"_blank\">Dripping Screen Ceiling System<\/a><\/li>\r\n<li><a href=\"https:\/\/sinoextrud.com\/product\/quadrate-pipe-baffle-ceiling-system\/\" target=\"_blank\">Quadrate-pipe Baffle Ceiling System<\/a><\/li>\r\n<li><a href=\"https:\/\/sinoextrud.com\/product\/o-shaped-pipe-baffle-ceiling-system\/\" target=\"_blank\">O-shaped pipe Baffle Ceiling System<\/a><\/li>\r\n<li><a href=\"https:\/\/sinoextrud.com\/product\/custom-made-ceiling-system\/\" target=\"_blank\">Custom-made Ceiling System<\/a><\/li>\r\n<li><a href=\"https:\/\/sinoextrud.com\/product\/aluminum-cladding-system\/\" target=\"_blank\">Aluminum Cladding System<\/a><\/li>\r\n<li><a href=\"https:\/\/sinoextrud.com\/product\/oval-aluminum-extrusion-profile\/\" target=\"_blank\">Oval Aluminum Extrusion Profile<\/a><\/li>\r\n<li><a href=\"https:\/\/sinoextrud.com\/product\/large-aluminum-extrusion\/\" target=\"_blank\">Large Aluminum Extrusion<\/a><\/li>\r\n<li><a href=\"https:\/\/sinoextrud.com\/product\/large-aluminum-extrud\/\" target=\"_blank\">Large Aluminum Extrud<\/a><\/li>\r\n<li><a href=\"https:\/\/sinoextrud.com\/product\/aluminium-extrusion-6061-6082-7075-aluminum-alloy-profiles\/\" target=\"_blank\">Aluminium Extrusion 6061 6082 7075 Aluminum Alloy Profiles<\/a><\/li>\r\n<li><a href=\"https:\/\/sinoextrud.com\/product\/aluminum-extruded-profile-for-5g-communication-instrument\/\" target=\"_blank\">Aluminum Extruded Profile For 5G Communication Instrument<\/a><\/li>\r\n<li><a href=\"https:\/\/sinoextrud.com\/product\/extruded-aluminum-profiles\/\" target=\"_blank\">Extruded Aluminum Profiles<\/a><\/li>"},"feature_list":[]},"_links":{"self":[{"href":"https:\/\/sinoextrud.com\/de\/wp-json\/wp\/v2\/product\/3638","targetHints":{"allow":["GET"]}}],"collection":[{"href":"https:\/\/sinoextrud.com\/de\/wp-json\/wp\/v2\/product"}],"about":[{"href":"https:\/\/sinoextrud.com\/de\/wp-json\/wp\/v2\/types\/product"}],"wp:featuredmedia":[{"embeddable":true,"href":"https:\/\/sinoextrud.com\/de\/wp-json\/wp\/v2\/media\/3641"}],"wp:attachment":[{"href":"https:\/\/sinoextrud.com\/de\/wp-json\/wp\/v2\/media?parent=3638"}],"wp:term":[{"taxonomy":"category","embeddable":true,"href":"https:\/\/sinoextrud.com\/de\/wp-json\/wp\/v2\/categories?post=3638"}],"curies":[{"name":"wp","href":"https:\/\/api.w.org\/{rel}","templated":true}]}}