{"id":3603,"date":"2025-04-27T03:07:19","date_gmt":"2025-04-27T03:07:19","guid":{"rendered":"https:\/\/sinoextrud.com\/?post_type=product&#038;p=3603"},"modified":"2025-06-24T03:51:50","modified_gmt":"2025-06-24T03:51:50","slug":"kugelformiges-ablenkungsdeckensystem","status":"publish","type":"product","link":"https:\/\/sinoextrud.com\/de\/product\/bullet-shaped-baffle-ceiling-system\/","title":{"rendered":"Bullet-shaped Baffle Ceiling System"},"content":{"rendered":"<h2>STANDARDGR\u00d6SSE<\/h2>\n<p>1: Nicht-Standard-Gr\u00f6\u00dfen k\u00f6nnen angepasst werden;<\/p>\n<h2>Installationsschema<\/h2>\n<p><img decoding=\"async\" src=\"https:\/\/sinoextrud.com\/wp-content\/uploads\/Bullet-shaped-Baffle-Ceiling-System-anzhuang.webp\" alt=\"Bullet-shaped Baffle Ceiling System\"  \/><\/p>\n<h2>Produktionsprozess<\/h2>\n<p><img decoding=\"async\" src=\"\/wp-content\/uploads\/zzlc01.webp\" alt=\"Produktionsprozess\"  \/><br \/>\n<img decoding=\"async\" src=\"\/wp-content\/uploads\/zzlc02.webp\" alt=\"Produktionsprozess\"  \/><br \/>\n<img decoding=\"async\" src=\"\/wp-content\/uploads\/zzlc03.webp\" alt=\"Produktionsprozess\"  \/><br \/>\n<img decoding=\"async\" src=\"\/wp-content\/uploads\/zzlc04.webp\" alt=\"Produktionsprozess\"  \/><\/p>\n<h2>FAQ<\/h2>\n<p><b>1 Was ist ein kugelf\u00f6rmiges Pralldeckensystem?<\/b><\/p>\n<p>Ein kugelf\u00f6rmiges Baffle-Deckensystem ist ein einzigartiges architektonisches Deckendesign mit stromlinienf\u00f6rmigen, ovalen Aluminiumbaffeln, die an die Form von Kugeln erinnern und ein modernes, aerodynamisches Aussehen haben.\n<\/p>\n<p><\/p>\n<p><b>2. was sind die Vorteile eines kugelf\u00f6rmigen Pralldeckensystems?<\/b><\/p>\n<p>Die kugelf\u00f6rmigen Deckensysteme bieten eine auff\u00e4llige Optik, eine hervorragende Akustik, eine verbesserte Luftzirkulation und eine nahtlose Integration in Beleuchtungs- und HLK-Systeme.\n<\/p>\n<p><\/p>\n<p><b>3. wo wird das kugelf\u00f6rmige Ablenkungsdeckensystem typischerweise eingesetzt?<\/b><\/p>\n<p>Diese Deckensysteme sind ideal f\u00fcr Flugh\u00e4fen, Einkaufszentren, Hotels, B\u00fcros und hochwertige gewerbliche Innenr\u00e4ume, die ein futuristisches und unverwechselbares Deckendesign suchen.\n<\/p>\n<p><\/p>\n<p><b>4. wie verbessert das kugelf\u00f6rmige Design die \u00c4sthetik der Decke?<\/b><\/p>\n<p>Die Kugelform sorgt f\u00fcr flie\u00dfende Linien, einen dynamischen 3D-Effekt und ein schlankes Erscheinungsbild, das der Deckengestaltung im Innenbereich Tiefe und Bewegung verleiht.\n<\/p>\n<p><\/p>\n<p><b>5. welche Materialien werden f\u00fcr kugelf\u00f6rmige Deckensysteme verwendet?<\/b><\/p>\n<p>Kugelf\u00f6rmige Ablenkungsdecken werden in der Regel aus hochwertigem Aluminium oder verzinktem Stahl hergestellt, um Haltbarkeit, Korrosionsbest\u00e4ndigkeit und geringes Gewicht zu gew\u00e4hrleisten.\n<\/p>\n<p><\/p>\n<p><b>6. k\u00f6nnen kugelf\u00f6rmige Baffeldeckensysteme individuell angepasst werden?<\/b><\/p>\n<p>Ja, kugelf\u00f6rmige Ablenkplatten k\u00f6nnen in Gr\u00f6\u00dfe, Form, Abstand, Oberfl\u00e4che und Farbe individuell angepasst werden, um bestimmten Designzielen und architektonischen Themen gerecht zu werden.\n<\/p>\n<p><\/p>\n<p><b>7. ist die Integration der Beleuchtung bei kugelf\u00f6rmigen Abschirmdecken m\u00f6glich?<\/b><\/p>\n<p>In kugelf\u00f6rmige Baffeldecken k\u00f6nnen lineare Beleuchtungen, Strahler oder LED-Streifen integriert werden, um \u00c4sthetik und Funktionalit\u00e4t zu verbessern.\n<\/p>\n<p><\/p>\n<p><b>Sind kugelf\u00f6rmige Pralldeckensysteme einfach zu installieren?<\/b><\/p>\n<p>Ja, diese Systeme zeichnen sich durch ein modulares Design aus, das eine schnelle Installation, eine einfache Ausrichtung und einen leichten Wartungszugang zu den Deckenservices erm\u00f6glicht.\n<\/p>\n<p><\/p>\n<p><b>9. welche Oberfl\u00e4chen sind f\u00fcr kugelf\u00f6rmige Baffeldeckensysteme erh\u00e4ltlich?<\/b><\/p>\n<p>Zu den verf\u00fcgbaren Oberfl\u00e4chen geh\u00f6ren pulverbeschichtete Farben, eloxierte Metalle, geb\u00fcrstete Oberfl\u00e4chen und Holzmaserungen f\u00fcr eine individuelle Optik.\n<\/p>\n<p><\/p>\n<p><b>10. ist das kugelf\u00f6rmige Pralldeckensystem umweltfreundlich?<\/b><\/p>\n<p>Ja, die kugelf\u00f6rmigen Baffeldecken werden aus recycelbaren Aluminiummaterialien hergestellt und unterst\u00fctzen nachhaltige Baupraktiken und gr\u00fcne Zertifizierungen.\n<\/p>\n<p><\/p>","protected":false},"featured_media":3606,"template":"","categories":[51],"class_list":["post-3603","product","type-product","status-publish","has-post-thumbnail","hentry","category-baffle-ceiling-systems"],"meta_box":{"hilight_text_group":{"product_hilight_text":"Bullet -shaped baffle ceiling makes the long distance spacesignificantly more spacious, has eliminated the sense of uneasinessfor elongated space because of the distance, being concise butnot flat, adequate light perception and good order, makes thespace full of fashionable smell.","product_tu_tu":"<img width=\"320\" height=\"210\" src=\"https:\/\/sinoextrud.com\/wp-content\/uploads\/Bullet-shaped-Baffle-Ceiling-System-xg.webp\" alt=\"Bullet-shaped Baffle Ceiling System\" title=\"Bullet-shaped Baffle Ceiling System\">","product_chanpin_chanpin":"<li><a href=\"https:\/\/sinoextrud.com\/product\/vertical-type-screen-ceiling-system\/\" target=\"_blank\">Vertical Type Screen Ceiling System<\/a><\/li>\r\n<li><a href=\"https:\/\/sinoextrud.com\/product\/u-shaped-baffle-ceiling-system\/\" target=\"_blank\">U-Shaped Baffle Ceiling System<\/a><\/li>\r\n<li><a href=\"https:\/\/sinoextrud.com\/product\/special-shaped-baffle-ceiling-system\/\" target=\"_blank\">Special Shaped Baffle Ceiling System<\/a><\/li>\r\n<li><a href=\"https:\/\/sinoextrud.com\/product\/o-shape-baffle-ceiling-system\/\" target=\"_blank\">O-shape Baffle Ceiling System<\/a><\/li>\r\n<li><a href=\"https:\/\/sinoextrud.com\/product\/bullet-shaped-baffle-ceiling-system\/\" target=\"_blank\">Bullet-shaped Baffle Ceiling System<\/a><\/li>\r\n<li><a href=\"https:\/\/sinoextrud.com\/product\/v-shape-baffle-ceiling-system\/\" target=\"_blank\">V-shape Baffle Ceiling System<\/a><\/li>\r\n<li><a href=\"https:\/\/sinoextrud.com\/product\/dripping-screen-ceiling-system\/\" target=\"_blank\">Dripping Screen Ceiling System<\/a><\/li>\r\n<li><a href=\"https:\/\/sinoextrud.com\/product\/quadrate-pipe-baffle-ceiling-system\/\" target=\"_blank\">Quadrate-pipe Baffle Ceiling System<\/a><\/li>\r\n<li><a href=\"https:\/\/sinoextrud.com\/product\/o-shaped-pipe-baffle-ceiling-system\/\" target=\"_blank\">O-shaped pipe Baffle Ceiling System<\/a><\/li>\r\n<li><a href=\"https:\/\/sinoextrud.com\/product\/anodizing-aluminium-extrusion-profiles-for-windows-and-door\/\" target=\"_blank\">Anodizing Aluminium Extrusion Profiles for Windows and Door<\/a><\/li>\r\n<li><a href=\"https:\/\/sinoextrud.com\/product\/aluminum-window-extrusion-profiles-2\/\" target=\"_blank\">Aluminum Window Extrusion Profiles<\/a><\/li>"},"feature_list":[]},"_links":{"self":[{"href":"https:\/\/sinoextrud.com\/de\/wp-json\/wp\/v2\/product\/3603","targetHints":{"allow":["GET"]}}],"collection":[{"href":"https:\/\/sinoextrud.com\/de\/wp-json\/wp\/v2\/product"}],"about":[{"href":"https:\/\/sinoextrud.com\/de\/wp-json\/wp\/v2\/types\/product"}],"wp:featuredmedia":[{"embeddable":true,"href":"https:\/\/sinoextrud.com\/de\/wp-json\/wp\/v2\/media\/3606"}],"wp:attachment":[{"href":"https:\/\/sinoextrud.com\/de\/wp-json\/wp\/v2\/media?parent=3603"}],"wp:term":[{"taxonomy":"category","embeddable":true,"href":"https:\/\/sinoextrud.com\/de\/wp-json\/wp\/v2\/categories?post=3603"}],"curies":[{"name":"wp","href":"https:\/\/api.w.org\/{rel}","templated":true}]}}