{"id":3489,"date":"2025-04-26T07:24:52","date_gmt":"2025-04-26T07:24:52","guid":{"rendered":"https:\/\/sinoextrud.com\/?post_type=product&#038;p=3489"},"modified":"2025-06-24T03:51:14","modified_gmt":"2025-06-24T03:51:14","slug":"aluminium-deckensystem","status":"publish","type":"product","link":"https:\/\/sinoextrud.com\/de\/product\/aluminum-ceiling-system\/","title":{"rendered":"Aluminium-Deckensystem"},"content":{"rendered":"<h2>STANDARDGR\u00d6SSE<\/h2>\n<p><img decoding=\"async\" src=\"https:\/\/sinoextrud.com\/wp-content\/uploads\/Aluminum-Ceiling-System-gg1.webp\" alt=\"Aluminium-Deckensystem\"  \/><br \/>\n<img decoding=\"async\" src=\"https:\/\/sinoextrud.com\/wp-content\/uploads\/Aluminum-Ceiling-System-gg2.webp\" alt=\"Aluminium-Deckensystem\"  \/><br \/>\n<img decoding=\"async\" src=\"https:\/\/sinoextrud.com\/wp-content\/uploads\/Aluminum-Ceiling-System-gg3.webp\" alt=\"Aluminium-Deckensystem\"  \/><br \/>\n<img decoding=\"async\" src=\"https:\/\/sinoextrud.com\/wp-content\/uploads\/Aluminum-Ceiling-System-gg4.webp\" alt=\"Aluminium-Deckensystem\"  \/><br \/>\n<img decoding=\"async\" src=\"https:\/\/sinoextrud.com\/wp-content\/uploads\/Aluminum-Ceiling-System-gg5.webp\" alt=\"Aluminium-Deckensystem\"  \/><\/p>\n<h2>Produktionsprozess<\/h2>\n<p><img decoding=\"async\" src=\"\/wp-content\/uploads\/zzlc01.webp\" alt=\"Produktionsprozess\"  \/><br \/>\n<img decoding=\"async\" src=\"\/wp-content\/uploads\/zzlc02.webp\" alt=\"Produktionsprozess\"  \/><br \/>\n<img decoding=\"async\" src=\"\/wp-content\/uploads\/zzlc03.webp\" alt=\"Produktionsprozess\"  \/><br \/>\n<img decoding=\"async\" src=\"\/wp-content\/uploads\/zzlc04.webp\" alt=\"Produktionsprozess\"  \/><\/p>\n<h2>FAQ<\/h2>\n<p><b>1. was ist ein Aluminium-Deckensystem?<\/b><\/p>\n<p>Ein Aluminium-Deckensystem ist eine abgeh\u00e4ngte Deckenl\u00f6sung aus leichten Aluminiumpaneelen, die f\u00fcr Langlebigkeit, \u00c4sthetik, akustische Leistung und einfache Installation in verschiedenen Innen- und Au\u00dfenbereichen entwickelt wurde.\n<\/p>\n<p><\/p>\n<p><b>2 Was sind die Vorteile von Aluminium-Deckensystemen?<\/b><\/p>\n<p>Deckensysteme aus Aluminium bieten eine hervorragende Korrosionsbest\u00e4ndigkeit, Brandsicherheit, geringen Wartungsaufwand, lange Lebensdauer und eine moderne Optik und sind damit ideal f\u00fcr gewerbliche und \u00f6ffentliche R\u00e4ume.\n<\/p>\n<p><\/p>\n<p><b>3. wo werden Aluminium-Deckensysteme \u00fcblicherweise eingesetzt?<\/b><\/p>\n<p>Deckensysteme aus Aluminium werden aufgrund ihrer Vielseitigkeit und ihrer funktionalen Vorteile h\u00e4ufig in Flugh\u00e4fen, B\u00fcros, Krankenh\u00e4usern, Schulen, Einkaufszentren, U-Bahn-Stationen und \u00f6ffentlichen Geb\u00e4uden eingesetzt.\n<\/p>\n<p><\/p>\n<p><b>4. wie verbessert ein Aluminium-Deckensystem die Geb\u00e4udeleistung?<\/b><\/p>\n<p>Aluminium-Deckensysteme verbessern die akustische Kontrolle, die Integration der Bel\u00fcftung, die thermische Leistung und tragen zu einer sauberen, \u00fcbersichtlichen Innenraumgestaltung bei.\n<\/p>\n<p><\/p>\n<p><b>5. welche Arten von Aluminium-Deckensystemen gibt es?<\/b><\/p>\n<p>Zu den g\u00e4ngigen Typen geh\u00f6ren lineare Decken, offenzellige Decken, Baffeldecken, Clip-in-Decken, Lay-in-Decken und ma\u00dfgeschneiderte Systeme f\u00fcr spezielle architektonische Anforderungen.\n<\/p>\n<p><\/p>\n<p><b>6. k\u00f6nnen Aluminiumdeckensysteme individuell angepasst werden?<\/b><\/p>\n<p>Ja, Aluminiumdecken k\u00f6nnen in Bezug auf Gr\u00f6\u00dfe, Form, Perforationsmuster, Oberfl\u00e4chenbeschaffenheit und Farbe individuell angepasst werden, um den Spezifikationen des Projekts zu entsprechen.\n<\/p>\n<p><\/p>\n<p><b>7. ist die Integration der Beleuchtung in Aluminiumdeckensysteme m\u00f6glich?<\/b><\/p>\n<p>In Aluminium-Deckensysteme k\u00f6nnen Einbauleuchten, lineare Beleuchtungsk\u00f6rper, Strahler und HLK-Komponenten f\u00fcr eine nahtlose funktionale Integration integriert werden.\n<\/p>\n<p><\/p>\n<p><b>Sind Aluminiumdeckensysteme einfach zu installieren und zu warten?<\/b><\/p>\n<p>Ja, diese Systeme zeichnen sich durch ein modulares Design aus, das eine schnelle Installation, einen einfachen Zugang zu Oberleitungen und eine minimale langfristige Wartung erm\u00f6glicht.\n<\/p>\n<p><\/p>\n<p><b>9. welche Oberfl\u00e4chen sind f\u00fcr Aluminium-Deckensysteme erh\u00e4ltlich?<\/b><\/p>\n<p>Zu den Oberfl\u00e4chen geh\u00f6ren Pulverbeschichtung, Eloxierung, Holzmaserung, geb\u00fcrstetes Metall und kundenspezifische RAL-Farben f\u00fcr eine Vielzahl von \u00e4sthetischen Optionen.\n<\/p>\n<p><\/p>\n<p><b>10. ist das Aluminiumdeckensystem umweltfreundlich?<\/b><\/p>\n<p>Ja, Aluminium-Deckensysteme werden aus wiederverwertbaren Materialien hergestellt, unterst\u00fctzen umweltfreundliche Baupraktiken und tragen zu gr\u00fcnen Geb\u00e4udezertifizierungen bei.\n<\/p>\n<p><\/p>","protected":false},"featured_media":3492,"template":"","categories":[47],"class_list":["post-3489","product","type-product","status-publish","has-post-thumbnail","hentry","category-tile-ceiling-systems"],"meta_box":{"hilight_text_group":{"product_hilight_text":"<ul>\r\r\n  <li>High-strength aluminum alloy material, durable and corrosion-resistant, suitable for various commercial and industrial environments.<\/li>\r\r\n  <li>Lightweight design, easy installation, reducing labor time and cost.<\/li>\r\r\n  <li>Variety of design styles and color options to meet different decoration needs.<\/li>\r\r\n  <li>Excellent acoustic performance, providing better indoor sound quality.<\/li>\r\r\n  <li>Easy to clean and maintain, requiring minimal replacement over time.<\/li>\r\r\n  <li>Environmentally friendly materials, compliant with green building standards, supporting sustainable development.<\/li>\r\r\n<\/ul>","product_tu_tu":"<img width=\"320\" height=\"210\" src=\"https:\/\/sinoextrud.com\/wp-content\/uploads\/Aluminum-Ceiling-System-xg.webp\" alt=\"Aluminum Ceiling System\" title=\"Aluminum Ceiling System\">","product_chanpin_chanpin":"<li><a href=\"https:\/\/sinoextrud.com\/product\/deep-type-combination-ceiling-system\/\" target=\"_blank\">Deep-type Combination Ceiling System<\/a><\/li>\r\n<li><a href=\"https:\/\/sinoextrud.com\/product\/composite-panel-ceiling-system\/\" target=\"_blank\">Composite Panel Ceiling System<\/a><\/li>\r\n<li><a href=\"https:\/\/sinoextrud.com\/product\/hook-on-tile-ceiling-system\/\" target=\"_blank\">Hook-On Tile Ceiling System<\/a><\/li>\r\n<li><a href=\"https:\/\/sinoextrud.com\/product\/perforation-aluminum-ceiling-system\/\" target=\"_blank\">Perforation Aluminum Ceiling System<\/a><\/li>\r\n<li><a href=\"https:\/\/sinoextrud.com\/product\/aluminum-ceiling-system\/\" target=\"_blank\">Aluminum Ceiling System<\/a><\/li>\r\n<li><a href=\"https:\/\/sinoextrud.com\/product\/c-shaped-closed-linear-ceiling-system\/\" target=\"_blank\">C-Shaped Closed Linear Ceiling System<\/a><\/li>\r\n<li><a href=\"https:\/\/sinoextrud.com\/product\/c-shaped-wind-resistant-linear-ceiling-system\/\" target=\"_blank\">C-Shaped Wind-Resistant Linear Ceiling System<\/a><\/li>\r\n<li><a href=\"https:\/\/sinoextrud.com\/product\/h-shaped-closed-linear-ceiling-system\/\" target=\"_blank\">H-Shaped Closed Linear Ceiling System<\/a><\/li>\r\n<li><a href=\"https:\/\/sinoextrud.com\/product\/g-shaped-linear-ceiling-system\/\" target=\"_blank\">G-Shaped Linear Ceiling System<\/a><\/li>\r\n<li><a href=\"https:\/\/sinoextrud.com\/product\/aluminum-frame-for-solar-panel-and-light-box\/\" target=\"_blank\">Aluminum Frame For Solar Panel And Light-Box<\/a><\/li>\r\n<li><a href=\"https:\/\/sinoextrud.com\/product\/aluminium-profile-extrusion\/\" target=\"_blank\">Aluminium Profile Extrusion<\/a><\/li>"},"feature_list":[]},"_links":{"self":[{"href":"https:\/\/sinoextrud.com\/de\/wp-json\/wp\/v2\/product\/3489","targetHints":{"allow":["GET"]}}],"collection":[{"href":"https:\/\/sinoextrud.com\/de\/wp-json\/wp\/v2\/product"}],"about":[{"href":"https:\/\/sinoextrud.com\/de\/wp-json\/wp\/v2\/types\/product"}],"wp:featuredmedia":[{"embeddable":true,"href":"https:\/\/sinoextrud.com\/de\/wp-json\/wp\/v2\/media\/3492"}],"wp:attachment":[{"href":"https:\/\/sinoextrud.com\/de\/wp-json\/wp\/v2\/media?parent=3489"}],"wp:term":[{"taxonomy":"category","embeddable":true,"href":"https:\/\/sinoextrud.com\/de\/wp-json\/wp\/v2\/categories?post=3489"}],"curies":[{"name":"wp","href":"https:\/\/api.w.org\/{rel}","templated":true}]}}