{"id":3435,"date":"2025-04-26T02:27:18","date_gmt":"2025-04-26T02:27:18","guid":{"rendered":"https:\/\/sinoextrud.com\/?post_type=product&#038;p=3435"},"modified":"2025-06-24T03:50:51","modified_gmt":"2025-06-24T03:50:51","slug":"formziegeldeckensystem","status":"publish","type":"product","link":"https:\/\/sinoextrud.com\/de\/product\/shaped-tile-ceiling-system\/","title":{"rendered":"Geformte Fliesendecke System"},"content":{"rendered":"<h2>STANDARDGR\u00d6SSE<\/h2>\n<p>600x600mm<\/p>\n<p>1: Nicht-Standard-Gr\u00f6\u00dfen k\u00f6nnen angepasst werden;<\/p>\n<p>2: Verzinkte Eiseneinlegeplatten k\u00f6nnen angepasst werden<\/p>\n<p><img loading=\"lazy\" decoding=\"async\" src=\"https:\/\/sinoextrud.com\/wp-content\/uploads\/Shaped-Tile-Ceiling-System-gg1.webp\" alt=\"Geformte Fliesendecke System\" width=\"619\" height=\"663\" class=\"size-full wp-image-3442\" srcset=\"https:\/\/sinoextrud.com\/wp-content\/uploads\/Shaped-Tile-Ceiling-System-gg1.webp 619w, https:\/\/sinoextrud.com\/wp-content\/uploads\/Shaped-Tile-Ceiling-System-gg1-11x12.webp 11w, https:\/\/sinoextrud.com\/wp-content\/uploads\/Shaped-Tile-Ceiling-System-gg1-600x643.webp 600w\" sizes=\"auto, (max-width: 619px) 100vw, 619px\" \/><br \/>\n<img loading=\"lazy\" decoding=\"async\" src=\"https:\/\/sinoextrud.com\/wp-content\/uploads\/Shaped-Tile-Ceiling-System-gg2.webp\" alt=\"Geformte Fliesendecke System\" width=\"633\" height=\"660\" class=\"size-full wp-image-3443\" srcset=\"https:\/\/sinoextrud.com\/wp-content\/uploads\/Shaped-Tile-Ceiling-System-gg2.webp 633w, https:\/\/sinoextrud.com\/wp-content\/uploads\/Shaped-Tile-Ceiling-System-gg2-12x12.webp 12w, https:\/\/sinoextrud.com\/wp-content\/uploads\/Shaped-Tile-Ceiling-System-gg2-600x626.webp 600w\" sizes=\"auto, (max-width: 633px) 100vw, 633px\" \/><\/p>\n<h2>Produktionsprozess<\/h2>\n<p><img decoding=\"async\" src=\"\/wp-content\/uploads\/zzlc01.webp\" alt=\"Produktionsprozess\"  \/><br \/>\n<img decoding=\"async\" src=\"\/wp-content\/uploads\/zzlc02.webp\" alt=\"Produktionsprozess\"  \/><br \/>\n<img decoding=\"async\" src=\"\/wp-content\/uploads\/zzlc03.webp\" alt=\"Produktionsprozess\"  \/><br \/>\n<img decoding=\"async\" src=\"\/wp-content\/uploads\/zzlc04.webp\" alt=\"Produktionsprozess\"  \/><\/p>\n<h2>FAQ<\/h2>\n<p><b>1. was ist ein System mit geformten Deckenplatten?<\/b><\/p>\n<p>Ein Deckensystem aus Formplatten ist eine modulare, abgeh\u00e4ngte Deckenl\u00f6sung mit einzigartig konturierten oder nicht standardisierten Plattenformen, die architektonisches Interesse und dynamische visuelle Effekte in Innenr\u00e4umen erzeugen.\n<\/p>\n<p><\/p>\n<p><b>2. was sind die Vorteile eines Deckenprofilsystems?<\/b><\/p>\n<p>Geformte Deckensysteme bieten eine gr\u00f6\u00dfere Designflexibilit\u00e4t, eine starke \u00e4sthetische Wirkung, eine gute Akustik und eine einfache Integration in Beleuchtungs- und HLK-Systeme.\n<\/p>\n<p><\/p>\n<p><b>3. wo wird das System der geformten Deckenplatten \u00fcblicherweise verwendet?<\/b><\/p>\n<p>Diese Systeme sind ideal f\u00fcr den Einsatz in Museen, Flugh\u00e4fen, Firmenlobbys, Gesch\u00e4ftsgeb\u00e4uden und Kulturzentren, wo eine kreative Deckengestaltung erforderlich ist.\n<\/p>\n<p><\/p>\n<p><b>4. wie verbessert das geformte Design die \u00c4sthetik der Decke?<\/b><\/p>\n<p>Die nicht-linearen Fliesenformen schaffen Tiefe, Bewegung und moderne Geometrie in der Deckengestaltung und eignen sich daher f\u00fcr k\u00fchne und individuelle Architekturkonzepte.\n<\/p>\n<p><\/p>\n<p><b>5. welche Materialien werden in Form von Deckensystemen aus Platten verwendet?<\/b><\/p>\n<p>Geformte Deckenplatten werden in der Regel aus hochwertigem Aluminium oder verzinktem Stahl hergestellt, um Festigkeit, Korrosionsbest\u00e4ndigkeit und langfristige Haltbarkeit zu gew\u00e4hrleisten.\n<\/p>\n<p><\/p>\n<p><b>6. k\u00f6nnen Formplattendeckensysteme individuell angepasst werden?<\/b><\/p>\n<p>Ja, Form, Gr\u00f6\u00dfe, Kr\u00fcmmung, Perforation, Farbe und Oberfl\u00e4chenbeschaffenheit der Platten k\u00f6nnen individuell angepasst werden, um projektspezifische architektonische und markenbezogene Ziele zu erreichen.\n<\/p>\n<p><\/p>\n<p><b>7. ist die Integration der Beleuchtung in geformte Plattensysteme m\u00f6glich?<\/b><\/p>\n<p>Absolut geformte Deckensysteme unterst\u00fctzen integrierte Beleuchtung, einschlie\u00dflich Spots, lineare LEDs und hinterleuchtete Elemente f\u00fcr einen auffallenden visuellen Effekt.\n<\/p>\n<p><\/p>\n<p><b>8. sind Formsteindeckensysteme einfach zu installieren und zu warten?<\/b><\/p>\n<p>Ja, das modulare Paneelsystem erm\u00f6glicht eine effiziente Installation und einen einfachen Ausbau f\u00fcr den Zugang zu den Versorgungsleitungen und die Systemwartung.\n<\/p>\n<p><\/p>\n<p><b>9. welche Oberfl\u00e4chen gibt es f\u00fcr Formsteindeckensysteme?<\/b><\/p>\n<p>Zu den verf\u00fcgbaren Oberfl\u00e4chen geh\u00f6ren Pulverbeschichtung, Eloxierung, geb\u00fcrstetes Aluminium, Holzmaserung und kundenspezifische RAL-Farben f\u00fcr eine breite Palette von Designvorlieben.\n<\/p>\n<p><\/p>\n<p><b>10. ist das System der Formplattendecke umweltfreundlich?<\/b><\/p>\n<p>Ja, geformte Ziegeldeckensysteme werden aus wiederverwertbaren Materialien wie Aluminium hergestellt und unterst\u00fctzen nachhaltige Baupraktiken und Umweltzertifizierungen.\n<\/p>\n<p><\/p>","protected":false},"featured_media":3438,"template":"","categories":[47],"class_list":["post-3435","product","type-product","status-publish","has-post-thumbnail","hentry","category-tile-ceiling-systems"],"meta_box":{"hilight_text_group":{"product_hilight_text":"shaped tile celing is based on the flat square plate celing, added with a extrusion molding proces, which gives a rich stereoscopic elect vsually, butthe installation method is stil exactly the same as the square plate celing, lt is applicable for the decoration of large and medium sized bullding suchas ofice buildings, hotels, hotels, stations, airports, commercial and entertainment places, senior residential buildings, etc.","product_tu_tu":"<img width=\"320\" height=\"210\" src=\"https:\/\/sinoextrud.com\/wp-content\/uploads\/Shaped-Tile-Ceiling-System-xg.webp\" alt=\"Shaped Tile Ceiling System\" title=\"Shaped Tile Ceiling System\">","product_chanpin_chanpin":"<li><a href=\"https:\/\/sinoextrud.com\/product\/triangle-ceiling-system\/\" target=\"_blank\">Triangle Ceiling System (Triangle Ceiling)<\/a><\/li>\r\n<li><a href=\"https:\/\/sinoextrud.com\/product\/the-hexagonal-type-ceiling-system\/\" target=\"_blank\">The Hexagonal Type Ceiling System (Hexagonal Ceiling)<\/a><\/li>\r\n<li><a href=\"https:\/\/sinoextrud.com\/product\/diamond-type-ceiling-system\/\" target=\"_blank\">Diamond Type Ceiling System (Diamond plate Ceiling Tiles)<\/a><\/li>\r\n<li><a href=\"https:\/\/sinoextrud.com\/product\/trapezoidal-type-ceiling-system\/\" target=\"_blank\">Trapezoidal Type Ceiling System<\/a><\/li>\r\n<li><a href=\"https:\/\/sinoextrud.com\/product\/shaped-tile-ceiling-system\/\" target=\"_blank\">Shaped Tile Ceiling System<\/a><\/li>\r\n<li><a href=\"https:\/\/sinoextrud.com\/product\/the-new-perforated-ceiling-system\/\" target=\"_blank\">The New Perforated Ceiling System<\/a><\/li>\r\n<li><a href=\"https:\/\/sinoextrud.com\/product\/800-800mm-clip-in-ceiling-system\/\" target=\"_blank\">800x800mm Clip-in Ceiling System<\/a><\/li>\r\n<li><a href=\"https:\/\/sinoextrud.com\/product\/combination-ceiling-system\/\" target=\"_blank\">Combination Ceiling System<\/a><\/li>\r\n<li><a href=\"https:\/\/sinoextrud.com\/product\/deep-type-combination-ceiling-system\/\" target=\"_blank\">Deep-type Combination Ceiling System<\/a><\/li>\r\n<li><a href=\"https:\/\/sinoextrud.com\/product\/large-aluminum-extrusion-2\/\" target=\"_blank\">Large Aluminum Extrusion<\/a><\/li>\r\n<li><a href=\"https:\/\/sinoextrud.com\/product\/wood-grain-aluminium-frame-composite-used\/\" target=\"_blank\">Wood Grain Aluminium Frame Composite used<\/a><\/li>"},"feature_list":[]},"_links":{"self":[{"href":"https:\/\/sinoextrud.com\/de\/wp-json\/wp\/v2\/product\/3435","targetHints":{"allow":["GET"]}}],"collection":[{"href":"https:\/\/sinoextrud.com\/de\/wp-json\/wp\/v2\/product"}],"about":[{"href":"https:\/\/sinoextrud.com\/de\/wp-json\/wp\/v2\/types\/product"}],"wp:featuredmedia":[{"embeddable":true,"href":"https:\/\/sinoextrud.com\/de\/wp-json\/wp\/v2\/media\/3438"}],"wp:attachment":[{"href":"https:\/\/sinoextrud.com\/de\/wp-json\/wp\/v2\/media?parent=3435"}],"wp:term":[{"taxonomy":"category","embeddable":true,"href":"https:\/\/sinoextrud.com\/de\/wp-json\/wp\/v2\/categories?post=3435"}],"curies":[{"name":"wp","href":"https:\/\/api.w.org\/{rel}","templated":true}]}}