{"id":3374,"date":"2025-04-25T08:22:14","date_gmt":"2025-04-25T08:22:14","guid":{"rendered":"https:\/\/sinoextrud.com\/?post_type=product&#038;p=3374"},"modified":"2025-06-24T03:50:38","modified_gmt":"2025-06-24T03:50:38","slug":"clip-in-ziegel-deckensystem","status":"publish","type":"product","link":"https:\/\/sinoextrud.com\/de\/product\/clip-in-tile-ceiling-system\/","title":{"rendered":"Clip-in-Fliesendeckensystem"},"content":{"rendered":"<h2>STANDARDGR\u00d6SSE<\/h2>\n<p>1: Nicht-Standard-Gr\u00f6\u00dfen k\u00f6nnen angepasst werden;<\/p>\n<p>2: Verzinkte Eiseneinlegeplatten k\u00f6nnen angepasst werden<\/p>\n<table class=\"custom-table\">\n<tr>\n<td class=\"label\">ltem<\/td>\n<td>Gr\u00f6\u00dfe<\/td>\n<td>Bemerkung<\/td>\n<\/tr>\n<tr>\n<td class=\"label\">TYP1<\/td>\n<td>300x300mm<\/td>\n<td>Fase, rechtwinklig<\/td>\n<\/tr>\n<tr>\n<td class=\"label\">TYP2<\/td>\n<td>300x600mm<\/td>\n<td>Fase, rechtwinklig<\/td>\n<\/tr>\n<tr>\n<td class=\"label\">TYP3<\/td>\n<td>300x1200mm<\/td>\n<td>Fase, rechtwinklig<\/td>\n<\/tr>\n<tr>\n<td class=\"label\">TYP4<\/td>\n<td>400x400mm<\/td>\n<td>Fase, rechtwinklig<\/td>\n<\/tr>\n<tr>\n<td class=\"label\">TYP5<\/td>\n<td>500x500mm<\/td>\n<td>Fase<\/td>\n<\/tr>\n<tr>\n<td class=\"label\">TYP6<\/td>\n<td>500x1200mm<\/td>\n<td>Rechtwinklig<\/td>\n<\/tr>\n<tr>\n<td class=\"label\">TYP7<\/td>\n<td>600x600mm<\/td>\n<td>Fase, rechtwinklig<\/td>\n<\/tr>\n<tr>\n<td class=\"label\">TYP8<\/td>\n<td>600x1200mm<\/td>\n<td>Fase, rechtwinklig<\/td>\n<\/tr>\n<tr>\n<td class=\"label\">TYP9<\/td>\n<td>600x1800mm<\/td>\n<td>Fase<\/td>\n<\/tr>\n<tr>\n<td class=\"label\">TYP10<\/td>\n<td>800x800mm<\/td>\n<td>Fase<\/td>\n<\/tr>\n<tr>\n<td class=\"label\">TYP11<\/td>\n<td>800x1600mm<\/td>\n<td>Fase<\/td>\n<\/tr>\n<\/table>\n<h2>Produktionsprozess<\/h2>\n<p><img decoding=\"async\" src=\"\/wp-content\/uploads\/zzlc01.webp\" alt=\"Produktionsprozess\"  \/><br \/>\n<img decoding=\"async\" src=\"\/wp-content\/uploads\/zzlc02.webp\" alt=\"Produktionsprozess\"  \/><br \/>\n<img decoding=\"async\" src=\"\/wp-content\/uploads\/zzlc03.webp\" alt=\"Produktionsprozess\"  \/><br \/>\n<img decoding=\"async\" src=\"\/wp-content\/uploads\/zzlc04.webp\" alt=\"Produktionsprozess\"  \/><\/p>\n<h2>FAQ<\/h2>\n<p><b>1. was ist ein Clip-in-Ziegeldeckensystem?<\/b><\/p>\n<p>Ein Clip-in-Plattendeckensystem ist eine abgeh\u00e4ngte Metalldecke, bei der quadratische oder rechteckige Platten in ein verdecktes Raster eingeklipst werden und so ein sauberes, b\u00fcndiges und nahtloses Deckenbild ergeben.\n<\/p>\n<p><\/p>\n<p><b>2. was sind die Vorteile eines Clip-in-Deckensystems?<\/b><\/p>\n<p>Clip-in-Deckensysteme bieten ein elegantes Finish, eine einfache Installation, hervorragende akustische Eigenschaften, Feuerbest\u00e4ndigkeit und einen schnellen Zugang zu den Deckenversorgungseinrichtungen f\u00fcr die Wartung.\n<\/p>\n<p><\/p>\n<p><b>3. wo wird das Clip-in-Plattendeckensystem \u00fcblicherweise verwendet?<\/b><\/p>\n<p>Dieses System wird h\u00e4ufig in B\u00fcros, Flugh\u00e4fen, Krankenh\u00e4usern, Einkaufszentren, U-Bahn-Stationen und gewerblichen Innenr\u00e4umen eingesetzt, die eine moderne und professionelle Deckenl\u00f6sung erfordern.\n<\/p>\n<p><\/p>\n<p><b>4. wie verbessert der Clip-in-Mechanismus die Leistung der Decke?<\/b><\/p>\n<p>Das Clip-in-System sorgt f\u00fcr eine sichere Ausrichtung der Platten, minimiert Vibrationen und erm\u00f6glicht ein einfaches Entfernen der einzelnen Platten ohne Spezialwerkzeug.\n<\/p>\n<p><\/p>\n<p><b>5. welche Materialien werden in Clip-in-Deckensystemen verwendet?<\/b><\/p>\n<p>Clip-in-Deckenplatten werden in der Regel aus hochwertigem Aluminium oder verzinktem Stahl hergestellt, um Haltbarkeit, Leichtbau und Korrosionsbest\u00e4ndigkeit zu gew\u00e4hrleisten.\n<\/p>\n<p><\/p>\n<p><b>6. k\u00f6nnen Clip-in-Plattendeckensysteme individuell angepasst werden?<\/b><\/p>\n<p>Ja, die Abmessungen der Paneele, die Perforationsmuster, die Oberfl\u00e4chenstrukturen und die Farben k\u00f6nnen vollst\u00e4ndig an die spezifischen Design- und Akustikanforderungen angepasst werden.\n<\/p>\n<p><\/p>\n<p><b>7. ist die Integration der Beleuchtung bei Clip-in-Deckensystemen m\u00f6glich?<\/b><\/p>\n<p>In jedem Fall k\u00f6nnen Clip-in-Plattendeckensysteme Einbauleuchten, lineare Leuchten, Luftausl\u00e4sse und andere Deckenelemente aufnehmen.\n<\/p>\n<p><\/p>\n<p><b>8. sind Clip-in-Deckensysteme einfach zu installieren und zu warten?<\/b><\/p>\n<p>Ja, die modulare Bauweise und die verdeckte Aufh\u00e4ngung erm\u00f6glichen eine schnelle Installation und einen einfachen Zugang zum Plenum f\u00fcr Reinigungsarbeiten oder System-Upgrades.\n<\/p>\n<p><\/p>\n<p><b>9. welche Oberfl\u00e4chen sind f\u00fcr Clip-in-Deckensysteme erh\u00e4ltlich?<\/b><\/p>\n<p>Zu den verf\u00fcgbaren Oberfl\u00e4chen geh\u00f6ren Pulverbeschichtung, Eloxierung, geb\u00fcrstetes Metall, mattes Metall, Holzmaserung und individuelle RAL-Farben, die zu jedem Einrichtungsstil passen.\n<\/p>\n<p><\/p>\n<p><b>10. ist das Clip-in-Ziegeldeckensystem umweltfreundlich?<\/b><\/p>\n<p>Ja, die aus recycelbaren Materialien wie Aluminium hergestellten Clip-in-Deckensysteme unterst\u00fctzen nachhaltige Baupraktiken und tragen zu gr\u00fcnen Zertifizierungen bei.\n<\/p>\n<p><\/p>","protected":false},"featured_media":3377,"template":"","categories":[47],"class_list":["post-3374","product","type-product","status-publish","has-post-thumbnail","hentry","category-tile-ceiling-systems"],"meta_box":{"hilight_text_group":{"product_hilight_text":"Clip-in tile ceiling with hidden frame, adopts the suspension system withthe ceiling clamped into the hidden frame, which is convenient forinstallation and dis-assembly, very flexible while making changes on theinterval in the room, The structure of the hidden frame mounting systemis stable and concealed, the surface of the panel is smooth with conciseand beautiful lines, which adds a modern sense for the interior space.There are different panel specifications and models to match with differentdesign and demand, can be widely used in a variety of architecturaldecoration design.","product_tu_tu":"<img width=\"320\" height=\"210\"  src=\"https:\/\/sinoextrud.com\/wp-content\/uploads\/Clip-in-Tile-Ceiling-System-xiaoguo.webp\" alt=\"Clip-in Tile Ceiling System\" title=\"Clip-in Tile Ceiling System\">","product_chanpin_chanpin":"<li><a href=\"https:\/\/sinoextrud.com\/product\/aluminium-profile-accessories\/\" target=\"_blank\">Aluminium Profile Accessories<\/a><\/li>\r\n<li><a href=\"https:\/\/sinoextrud.com\/product\/round-aluminum-extrusion-tubular-cnc-bending\/\" target=\"_blank\">Round Aluminum Extrusion Tubular Cnc Bending<\/a><\/li>\r\n<li><a href=\"https:\/\/sinoextrud.com\/product\/controller-shell-instrument-box-industrial-aluminum-profile-electromechanical-shell\/\" target=\"_blank\">Controller Shell Instrument Box Industrial Aluminum Profile Electromechanical Shell<\/a><\/li>\r\n<li><a href=\"https:\/\/sinoextrud.com\/product\/lay-in-tile-ceiling-system\/\" target=\"_blank\">Lay-in Tile Ceiling System<\/a><\/li>\r\n<li><a href=\"https:\/\/sinoextrud.com\/product\/clip-in-tile-ceiling-system\/\" target=\"_blank\">Clip-in Tile Ceiling System<\/a><\/li>\r\n<li><a href=\"https:\/\/sinoextrud.com\/product\/triangle-ceiling-system\/\" target=\"_blank\">Triangle Ceiling System (Triangle Ceiling)<\/a><\/li>\r\n<li><a href=\"https:\/\/sinoextrud.com\/product\/the-hexagonal-type-ceiling-system\/\" target=\"_blank\">The Hexagonal Type Ceiling System (Hexagonal Ceiling)<\/a><\/li>\r\n<li><a href=\"https:\/\/sinoextrud.com\/product\/diamond-type-ceiling-system\/\" target=\"_blank\">Diamond Type Ceiling System (Diamond plate Ceiling Tiles)<\/a><\/li>\r\n<li><a href=\"https:\/\/sinoextrud.com\/product\/trapezoidal-type-ceiling-system\/\" target=\"_blank\">Trapezoidal Type Ceiling System<\/a><\/li>\r\n<li><a href=\"https:\/\/sinoextrud.com\/product\/cnc-machining-aluminum-hat-channel-extrusions\/\" target=\"_blank\">CNC Machining Aluminum Hat Channel Extrusions<\/a><\/li>\r\n<li><a href=\"https:\/\/sinoextrud.com\/product\/cutting-aluminium-extrusion\/\" target=\"_blank\">Cutting Aluminium Extrusion<\/a><\/li>"},"feature_list":[]},"_links":{"self":[{"href":"https:\/\/sinoextrud.com\/de\/wp-json\/wp\/v2\/product\/3374","targetHints":{"allow":["GET"]}}],"collection":[{"href":"https:\/\/sinoextrud.com\/de\/wp-json\/wp\/v2\/product"}],"about":[{"href":"https:\/\/sinoextrud.com\/de\/wp-json\/wp\/v2\/types\/product"}],"wp:featuredmedia":[{"embeddable":true,"href":"https:\/\/sinoextrud.com\/de\/wp-json\/wp\/v2\/media\/3377"}],"wp:attachment":[{"href":"https:\/\/sinoextrud.com\/de\/wp-json\/wp\/v2\/media?parent=3374"}],"wp:term":[{"taxonomy":"category","embeddable":true,"href":"https:\/\/sinoextrud.com\/de\/wp-json\/wp\/v2\/categories?post=3374"}],"curies":[{"name":"wp","href":"https:\/\/api.w.org\/{rel}","templated":true}]}}