{"id":11014,"date":"2025-08-01T03:39:06","date_gmt":"2025-08-01T03:39:06","guid":{"rendered":"https:\/\/sinoextrud.com\/product\/liquid-cooling-aluminum-heat-sinks-for-electronics\/"},"modified":"2025-08-01T03:39:06","modified_gmt":"2025-08-01T03:39:06","slug":"flussigkuhlung-aluminiumkuhlkorper-fur-elektronik","status":"publish","type":"product","link":"https:\/\/sinoextrud.com\/de\/product\/liquid-cooling-aluminum-heat-sinks-for-electronics\/","title":{"rendered":"Fl\u00fcssigk\u00fchlung Aluminiumk\u00fchlk\u00f6rper f\u00fcr Elektronik"},"content":{"rendered":"<h2>Produkte Details<\/h2>\n<div class=\"product-table\">\n<div class=\"row\">\n<div class=\"cell label\">Klasse<\/div>\n<div class=\"cell value\">Serie 6000<\/div>\n<\/div>\n<div class=\"row\">\n<div class=\"cell label\">Toleranz<\/div>\n<div class=\"cell value\">\u00c2\u00b11%<\/div>\n<\/div>\n<div class=\"row\">\n<div class=\"cell label\">Lieferfrist<\/div>\n<div class=\"cell value\">8-14 Tage<\/div>\n<\/div>\n<div class=\"row\">\n<div class=\"cell label\">Temperament<\/div>\n<div class=\"cell value\">T3-T8<\/div>\n<\/div>\n<div class=\"row\">\n<div class=\"cell label\">Anmeldung<\/div>\n<div class=\"cell value\">W\u00e4rmesenke<\/div>\n<\/div>\n<div class=\"row\">\n<div class=\"cell label\">Form<\/div>\n<div class=\"cell value\">Andere<\/div>\n<\/div>\n<div class=\"row\">\n<div class=\"cell label\">Legierung oder nicht<\/div>\n<div class=\"cell value\">Ist Legierung<\/div>\n<\/div>\n<div class=\"row\">\n<div class=\"cell label\">Bearbeitungsservice<\/div>\n<div class=\"cell value\">Biegen, Abwickeln, Schwei\u00dfen, Stanzen, Schneiden<\/div>\n<\/div>\n<div class=\"row\">\n<div class=\"cell label\">Material<\/div>\n<div class=\"cell value\">6063-Aluminium-Legierung<\/div>\n<\/div>\n<div class=\"row\">\n<div class=\"cell label\">Oberfl\u00e4chenbehandlung<\/div>\n<div class=\"cell value\">Individuelle Oberfl\u00e4chenbehandlung<\/div>\n<\/div>\n<div class=\"row\">\n<div class=\"cell label\">Verwendung<\/div>\n<div class=\"cell value\">Industriebranche<\/div>\n<\/div>\n<div class=\"row\">\n<div class=\"cell label\">L\u00e4nge<\/div>\n<div class=\"cell value\">Benutzerdefinierte Gr\u00f6\u00dfe<\/div>\n<\/div>\n<div class=\"row\">\n<div class=\"cell label\">Farbe<\/div>\n<div class=\"cell value\">Silber<\/div>\n<\/div>\n<div class=\"row\">\n<div class=\"cell label\">Gr\u00f6\u00dfe<\/div>\n<div class=\"cell value\">Anforderung des Kunden<\/div>\n<\/div>\n<div class=\"row\">\n<div class=\"cell label\">Verkaufende Einheiten<\/div>\n<div class=\"cell value\">Einzelnes Element<\/div>\n<\/div>\n<div class=\"row\">\n<div class=\"cell label\">Einzelne Packungsgr\u00f6\u00dfe<\/div>\n<div class=\"cell value\">110X110X50 cm<\/div>\n<\/div>\n<div class=\"row\">\n<div class=\"cell label\">Einfaches Bruttogewicht<\/div>\n<div class=\"cell value\">1.000 KG<\/div>\n<\/div>\n<\/div>\n<p><\/p>\n<h2>Unsere Produktionsbasis<\/h2>\n<h3>Fabrik-Panorama<\/h3>\n<p><img decoding=\"async\" src=\"\/wp-content\/uploads\/factory-01.webp\"\/><\/p>\n<h3>Werkstatt zur Herstellung von Aluminiumstangen<\/h3>\n<p><img decoding=\"async\" src=\"\/wp-content\/uploads\/factory-02.webp\"\/><\/p>\n<p><img decoding=\"async\" src=\"\/wp-content\/uploads\/factory-03.webp\"\/><\/p>\n<h3>Lagerhaus f\u00fcr Formen<\/h3>\n<p><img decoding=\"async\" src=\"\/wp-content\/uploads\/factory-04.webp\"\/><\/p>\n<h3>43 Aluminium-Strangpressanlagen (500-5500 Tonnen)<\/h3>\n<p><img decoding=\"async\" src=\"\/wp-content\/uploads\/factory-05.webp\"\/><\/p>\n<p><img decoding=\"async\" src=\"\/wp-content\/uploads\/factory-06.webp\"\/><\/p>\n<p><img decoding=\"async\" src=\"\/wp-content\/uploads\/factory-07.webp\"\/><\/p>\n<h3>Werkstatt f\u00fcr Pulverbeschichtung<\/h3>\n<p><img decoding=\"async\" src=\"\/wp-content\/uploads\/factory-09.webp\"\/><\/p>\n<h3>Eloxal-Werkstatt<\/h3>\n<p><img decoding=\"async\" src=\"\/wp-content\/uploads\/factory-10.webp\"\/><\/p>\n<h3>Workshop zur Tiefenverarbeitung<\/h3>\n<p><img decoding=\"async\" src=\"\/wp-content\/uploads\/factory-11.webp\"\/><\/p>\n<h3>CNC-Pr\u00e4zisionsbearbeitungswerkstatt<\/h3>\n<p><img decoding=\"async\" src=\"\/wp-content\/uploads\/factory-11.5.webp\"\/><\/p>\n<h3>Lager f\u00fcr Fertigprodukte und Export<\/h3>\n<p><img decoding=\"async\" src=\"\/wp-content\/uploads\/factory-12.webp\"\/><\/p>\n<p><img decoding=\"async\" src=\"\/wp-content\/uploads\/factory-13.webp\"\/><\/p>\n<p><img decoding=\"async\" src=\"\/wp-content\/uploads\/factory-14.webp\"\/><\/p>\n<h2>FAQ<\/h2>\n<p><strong>1. In welchen Branchen werden fl\u00fcssigkeitsgek\u00fchlte Aluminiumk\u00fchlk\u00f6rper verwendet?<\/strong><br \/>Branchen wie die Computer-, Automobil- und Telekommunikationsindustrie verwenden unsere K\u00fchlk\u00f6rper h\u00e4ufig f\u00fcr ein hervorragendes W\u00e4rmemanagement.<\/p>\n<p><strong>2. K\u00f6nnen die W\u00e4rmesenken f\u00fcr bestimmte Anwendungen angepasst werden?<\/strong><br \/>Ja, wir bieten Anpassungen in Gr\u00f6\u00dfe, Form und Montageoptionen f\u00fcr verschiedene Anwendungen.<\/p>\n<p><strong>3. Sind vor der Erteilung eines Gro\u00dfauftrags Muster verf\u00fcgbar?<\/strong><br \/>Ja, wir stellen Muster zur Verf\u00fcgung, damit Sie die Qualit\u00e4t und die Spezifikationen im Voraus beurteilen k\u00f6nnen.<\/p>\n<p><strong>4. Was ist die typische Vorlaufzeit f\u00fcr Gro\u00dfauftr\u00e4ge?<\/strong><br \/>Die Lieferzeiten variieren, liegen aber in der Regel zwischen 4 und 6 Wochen, je nach Komplexit\u00e4t des Auftrags.<\/p>\n<p><strong>5. Bieten Sie technische Unterst\u00fctzung bei der Installation an?<\/strong><br \/>Ja, wir bieten umfassende technische Unterst\u00fctzung, um eine ordnungsgem\u00e4\u00dfe Installation und Bedienung zu gew\u00e4hrleisten.<\/p>\n<p><strong>6. Ist ein internationaler Versand f\u00fcr diese K\u00fchlk\u00f6rper m\u00f6glich?<\/strong><br \/>Ja, wir erleichtern den weltweiten Versand und \u00fcbernehmen die gesamte internationale Logistik und Dokumentation.<\/p>\n<p><strong>7. K\u00f6nnen die K\u00fchlk\u00f6rper in bestehende Fl\u00fcssigkeitsk\u00fchlsysteme integriert werden?<\/strong><br \/>Auf jeden Fall sind unsere K\u00fchlk\u00f6rper so konzipiert, dass sie sich leicht in die meisten bestehenden Fl\u00fcssigkeitsk\u00fchlsysteme integrieren lassen.<\/p>\n<p><\/p>","protected":false},"featured_media":10760,"template":"","categories":[72],"class_list":["post-11014","product","type-product","status-publish","has-post-thumbnail","hentry","category-extruded-aluminum-heatsink"],"meta_box":{"hilight_text_group":[{"product_hilight_text":"<li>Optimized for efficient thermal management in high-performance systems<\/li>\n<li>Customizable dimensions and designs for diverse industry needs<\/li>\n<li>Manufactured with high-quality aluminum for superior heat dissipation<\/li>\n<li>Suitable for OEM and ODM projects with competitive pricing<\/li>\n<li>Advanced liquid cooling capabilities for enhanced reliability<\/li>"}],"feature_list":[]},"_links":{"self":[{"href":"https:\/\/sinoextrud.com\/de\/wp-json\/wp\/v2\/product\/11014","targetHints":{"allow":["GET"]}}],"collection":[{"href":"https:\/\/sinoextrud.com\/de\/wp-json\/wp\/v2\/product"}],"about":[{"href":"https:\/\/sinoextrud.com\/de\/wp-json\/wp\/v2\/types\/product"}],"wp:featuredmedia":[{"embeddable":true,"href":"https:\/\/sinoextrud.com\/de\/wp-json\/wp\/v2\/media\/10760"}],"wp:attachment":[{"href":"https:\/\/sinoextrud.com\/de\/wp-json\/wp\/v2\/media?parent=11014"}],"wp:term":[{"taxonomy":"category","embeddable":true,"href":"https:\/\/sinoextrud.com\/de\/wp-json\/wp\/v2\/categories?post=11014"}],"curies":[{"name":"wp","href":"https:\/\/api.w.org\/{rel}","templated":true}]}}