{"id":11008,"date":"2025-08-01T03:38:54","date_gmt":"2025-08-01T03:38:54","guid":{"rendered":"https:\/\/sinoextrud.com\/product\/led-lamp-heat-sink-for-efficient-cooling\/"},"modified":"2025-08-01T03:38:54","modified_gmt":"2025-08-01T03:38:54","slug":"led-lampe-kuhlkorper-fur-effiziente-kuhlung","status":"publish","type":"product","link":"https:\/\/sinoextrud.com\/de\/product\/led-lamp-heat-sink-for-efficient-cooling\/","title":{"rendered":"K\u00fchlk\u00f6rper f\u00fcr LED-Lampen zur effizienten K\u00fchlung"},"content":{"rendered":"<h2>Produkte Details<\/h2>\n<div class=\"product-table\">\n<div class=\"row\">\n<div class=\"cell label\">Klasse<\/div>\n<div class=\"cell value\">AL6063<\/div>\n<\/div>\n<div class=\"row\">\n<div class=\"cell label\">Toleranz<\/div>\n<div class=\"cell value\">\u00c2\u00b11%<\/div>\n<\/div>\n<div class=\"row\">\n<div class=\"cell label\">Lieferfrist<\/div>\n<div class=\"cell value\">22-30 Tage<\/div>\n<\/div>\n<div class=\"row\">\n<div class=\"cell label\">Temperament<\/div>\n<div class=\"cell value\">T3-T8<\/div>\n<\/div>\n<div class=\"row\">\n<div class=\"cell label\">Anmeldung<\/div>\n<div class=\"cell value\">W\u00e4rmesenke<\/div>\n<\/div>\n<div class=\"row\">\n<div class=\"cell label\">Form<\/div>\n<div class=\"cell value\">Rund<\/div>\n<\/div>\n<div class=\"row\">\n<div class=\"cell label\">Legierung oder nicht<\/div>\n<div class=\"cell value\">Ist Legierung<\/div>\n<\/div>\n<div class=\"row\">\n<div class=\"cell label\">Bearbeitungsservice<\/div>\n<div class=\"cell value\">Schneiden<\/div>\n<\/div>\n<div class=\"row\">\n<div class=\"cell label\">Material<\/div>\n<div class=\"cell value\">Legierung 6063<\/div>\n<\/div>\n<div class=\"row\">\n<div class=\"cell label\">Oberfl\u00e4chenbehandlung<\/div>\n<div class=\"cell value\">Eloxierte Oberfl\u00e4che<\/div>\n<\/div>\n<div class=\"row\">\n<div class=\"cell label\">Farbe<\/div>\n<div class=\"cell value\">Kundenspezifische Farbe<\/div>\n<\/div>\n<div class=\"row\">\n<div class=\"cell label\">Gr\u00f6\u00dfe<\/div>\n<div class=\"cell value\">Anforderung des Kunden<\/div>\n<\/div>\n<div class=\"row\">\n<div class=\"cell label\">Typ<\/div>\n<div class=\"cell value\">OEM-Aluminium-Extrusionsprofile<\/div>\n<\/div>\n<div class=\"row\">\n<div class=\"cell label\">Zertifizierung<\/div>\n<div class=\"cell value\">ISO9001:2015<\/div>\n<\/div>\n<div class=\"row\">\n<div class=\"cell label\">Verwendung<\/div>\n<div class=\"cell value\">LED-K\u00fchlk\u00f6rper<\/div>\n<\/div>\n<div class=\"row\">\n<div class=\"cell label\">Dienst<\/div>\n<div class=\"cell value\">Kundenspezifisch OEM<\/div>\n<\/div>\n<div class=\"row\">\n<div class=\"cell label\">MOQ<\/div>\n<div class=\"cell value\">200St\u00fcck<\/div>\n<\/div>\n<div class=\"row\">\n<div class=\"cell label\">Vorlaufzeit<\/div>\n<div class=\"cell value\">25~30 Tage<\/div>\n<\/div>\n<div class=\"row\">\n<div class=\"cell label\">Details zur Verpackung<\/div>\n<div class=\"cell value\">Einzeln sch\u00fctzend + Karton oder basierend auf den Anforderungen der Kunden<\/div>\n<\/div>\n<div class=\"row\">\n<div class=\"cell label\">Hafen der Versendung<\/div>\n<div class=\"cell value\">Shenzhen oder Hongkong<\/div>\n<\/div>\n<div class=\"row\">\n<div class=\"cell label\">Verkaufende Einheiten<\/div>\n<div class=\"cell value\">Einzelnes Element<\/div>\n<\/div>\n<div class=\"row\">\n<div class=\"cell label\">Einzelne Packungsgr\u00f6\u00dfe<\/div>\n<div class=\"cell value\">10X10X5 cm<\/div>\n<\/div>\n<div class=\"row\">\n<div class=\"cell label\">Einfaches Bruttogewicht<\/div>\n<div class=\"cell value\">1.000 KG<\/div>\n<\/div>\n<div class=\"row\">\n<div class=\"cell label\">Lieferf\u00e4higkeit<\/div>\n<div class=\"cell value\">50000 St\u00fcck pro Monat<\/div>\n<\/div>\n<\/div>\n<p><\/p>\n<h2>Unsere Produktionsbasis<\/h2>\n<h3>Fabrik-Panorama<\/h3>\n<p><img decoding=\"async\" src=\"\/wp-content\/uploads\/factory-01.webp\"\/><\/p>\n<h3>Werkstatt zur Herstellung von Aluminiumstangen<\/h3>\n<p><img decoding=\"async\" src=\"\/wp-content\/uploads\/factory-02.webp\"\/><\/p>\n<p><img decoding=\"async\" src=\"\/wp-content\/uploads\/factory-03.webp\"\/><\/p>\n<h3>Lagerhaus f\u00fcr Formen<\/h3>\n<p><img decoding=\"async\" src=\"\/wp-content\/uploads\/factory-04.webp\"\/><\/p>\n<h3>43 Aluminium-Strangpressanlagen (500-5500 Tonnen)<\/h3>\n<p><img decoding=\"async\" src=\"\/wp-content\/uploads\/factory-05.webp\"\/><\/p>\n<p><img decoding=\"async\" src=\"\/wp-content\/uploads\/factory-06.webp\"\/><\/p>\n<p><img decoding=\"async\" src=\"\/wp-content\/uploads\/factory-07.webp\"\/><\/p>\n<h3>Werkstatt f\u00fcr Pulverbeschichtung<\/h3>\n<p><img decoding=\"async\" src=\"\/wp-content\/uploads\/factory-09.webp\"\/><\/p>\n<h3>Eloxal-Werkstatt<\/h3>\n<p><img decoding=\"async\" src=\"\/wp-content\/uploads\/factory-10.webp\"\/><\/p>\n<h3>Workshop zur Tiefenverarbeitung<\/h3>\n<p><img decoding=\"async\" src=\"\/wp-content\/uploads\/factory-11.webp\"\/><\/p>\n<h3>CNC-Pr\u00e4zisionsbearbeitungswerkstatt<\/h3>\n<p><img decoding=\"async\" src=\"\/wp-content\/uploads\/factory-11.5.webp\"\/><\/p>\n<h3>Lager f\u00fcr Fertigprodukte und Export<\/h3>\n<p><img decoding=\"async\" src=\"\/wp-content\/uploads\/factory-12.webp\"\/><\/p>\n<p><img decoding=\"async\" src=\"\/wp-content\/uploads\/factory-13.webp\"\/><\/p>\n<p><img decoding=\"async\" src=\"\/wp-content\/uploads\/factory-14.webp\"\/><\/p>\n<h2>FAQ<\/h2>\n<p><strong>1. Welche Materialien werden f\u00fcr den K\u00fchlk\u00f6rper der LED-Lampe verwendet?<\/strong><br \/>Der K\u00fchlk\u00f6rper ist aus hochwertigem Aluminium gefertigt und sorgt f\u00fcr eine hervorragende W\u00e4rmeableitung.<\/p>\n<p><strong>2. Ist der K\u00fchlk\u00f6rper der LED-Lampe f\u00fcr den Au\u00dfeneinsatz geeignet?<\/strong><br \/>Ja, er ist f\u00fcr extreme Temperaturen sowohl im Innen- als auch im Au\u00dfenbereich ausgelegt.<\/p>\n<p><strong>3. Kann der K\u00fchlk\u00f6rper f\u00fcr verschiedene LED-Lampen angepasst werden?<\/strong><br \/>Ja, wir bieten individuelle Gr\u00f6\u00dfen und Formen f\u00fcr verschiedene LED-Lampenmodelle an.<\/p>\n<p><strong>4. Wie kann ein K\u00fchlk\u00f6rper die Leistung einer LED-Lampe verbessern?<\/strong><br \/>Der K\u00fchlk\u00f6rper leitet die W\u00e4rme effizient ab und erh\u00f6ht so die Langlebigkeit und Leistung der LED.<\/p>\n<p><strong>5. Bieten Sie Unterst\u00fctzung bei der Installation des K\u00fchlk\u00f6rpers an?<\/strong><br \/>Wir installieren zwar nicht, aber wir stellen umfassende Anleitungen zur Verf\u00fcgung, die bei der Installation helfen.<\/p>\n<p><strong>6. Wie hoch ist die Mindestbestellmenge f\u00fcr ein kundenspezifisches K\u00fchlk\u00f6rperdesign?<\/strong><br \/>Die Mindestbestellmenge h\u00e4ngt von der Komplexit\u00e4t des Designs ab und beginnt in der Regel bei 100 St\u00fcck.<\/p>\n<p><strong>7. Gibt es f\u00fcr den K\u00fchlk\u00f6rper der LED-Lampe eine Garantie?<\/strong><br \/>Ja, alle unsere K\u00fchlk\u00f6rper werden mit einer Standardgarantie geliefert, um Qualit\u00e4t und Zufriedenheit zu gew\u00e4hrleisten.<\/p>\n<p><\/p>","protected":false},"featured_media":10778,"template":"","categories":[72],"class_list":["post-11008","product","type-product","status-publish","has-post-thumbnail","hentry","category-extruded-aluminum-heatsink"],"meta_box":{"hilight_text_group":[{"product_hilight_text":"<li>Enhanced thermal management for prolonged LED lifespan<\/li>\n<li>Compatible with a wide range of LED lamp designs<\/li>\n<li>Customizable dimensions to fit specific lighting requirements<\/li>\n<li>Made from high-quality, heat-conductive materials<\/li>\n<li>Supports OEM and ODM projects with flexible order volumes<\/li>"}],"feature_list":[]},"_links":{"self":[{"href":"https:\/\/sinoextrud.com\/de\/wp-json\/wp\/v2\/product\/11008","targetHints":{"allow":["GET"]}}],"collection":[{"href":"https:\/\/sinoextrud.com\/de\/wp-json\/wp\/v2\/product"}],"about":[{"href":"https:\/\/sinoextrud.com\/de\/wp-json\/wp\/v2\/types\/product"}],"wp:featuredmedia":[{"embeddable":true,"href":"https:\/\/sinoextrud.com\/de\/wp-json\/wp\/v2\/media\/10778"}],"wp:attachment":[{"href":"https:\/\/sinoextrud.com\/de\/wp-json\/wp\/v2\/media?parent=11008"}],"wp:term":[{"taxonomy":"category","embeddable":true,"href":"https:\/\/sinoextrud.com\/de\/wp-json\/wp\/v2\/categories?post=11008"}],"curies":[{"name":"wp","href":"https:\/\/api.w.org\/{rel}","templated":true}]}}