{"id":11006,"date":"2025-08-01T03:38:50","date_gmt":"2025-08-01T03:38:50","guid":{"rendered":"https:\/\/sinoextrud.com\/product\/large-led-extruded-heat-sinks-for-lighting\/"},"modified":"2025-08-01T03:38:50","modified_gmt":"2025-08-01T03:38:50","slug":"grose-led-extrudierte-kuhlkorper-fur-beleuchtung","status":"publish","type":"product","link":"https:\/\/sinoextrud.com\/de\/product\/large-led-extruded-heat-sinks-for-lighting\/","title":{"rendered":"Gro\u00dfe LED-Strangpressk\u00fchlk\u00f6rper f\u00fcr die Beleuchtung"},"content":{"rendered":"<h2>Produkte Details<\/h2>\n<div class=\"product-table\">\n<div class=\"row\">\n<div class=\"cell label\">Klasse<\/div>\n<div class=\"cell value\">Serie 1000<\/div>\n<\/div>\n<div class=\"row\">\n<div class=\"cell label\">Toleranz<\/div>\n<div class=\"cell value\">\u00c2\u00b11%<\/div>\n<\/div>\n<div class=\"row\">\n<div class=\"cell label\">Lieferfrist<\/div>\n<div class=\"cell value\">15-21 Tage<\/div>\n<\/div>\n<div class=\"row\">\n<div class=\"cell label\">Temperament<\/div>\n<div class=\"cell value\">T3-T8<\/div>\n<\/div>\n<div class=\"row\">\n<div class=\"cell label\">Anmeldung<\/div>\n<div class=\"cell value\">W\u00e4rmesenke<\/div>\n<\/div>\n<div class=\"row\">\n<div class=\"cell label\">Form<\/div>\n<div class=\"cell value\">Quadratisch<\/div>\n<\/div>\n<div class=\"row\">\n<div class=\"cell label\">Legierung oder nicht<\/div>\n<div class=\"cell value\">Ist Legierung<\/div>\n<\/div>\n<div class=\"row\">\n<div class=\"cell label\">Bearbeitungsservice<\/div>\n<div class=\"cell value\">Biegen, Abwickeln, Schwei\u00dfen, Stanzen, Schneiden, Sch\u00e4lrippen, Rollrippen<\/div>\n<\/div>\n<div class=\"row\">\n<div class=\"cell label\">Produktname<\/div>\n<div class=\"cell value\">Stranggepresster K\u00fchlk\u00f6rper<\/div>\n<\/div>\n<div class=\"row\">\n<div class=\"cell label\">Prozess<\/div>\n<div class=\"cell value\">Strangpressen+CNC-Bearbeitung<\/div>\n<\/div>\n<div class=\"row\">\n<div class=\"cell label\">Verwendung<\/div>\n<div class=\"cell value\">Montage<\/div>\n<\/div>\n<div class=\"row\">\n<div class=\"cell label\">Farbe<\/div>\n<div class=\"cell value\">Silber<\/div>\n<\/div>\n<div class=\"row\">\n<div class=\"cell label\">Oberfl\u00e4chenbehandlung<\/div>\n<div class=\"cell value\">Eloxieren<\/div>\n<\/div>\n<div class=\"row\">\n<div class=\"cell label\">MOQ<\/div>\n<div class=\"cell value\">2St\u00fcck<\/div>\n<\/div>\n<div class=\"row\">\n<div class=\"cell label\">Material<\/div>\n<div class=\"cell value\">Legierung\/Kupfer<\/div>\n<\/div>\n<div class=\"row\">\n<div class=\"cell label\">Paket<\/div>\n<div class=\"cell value\">Schaumstoff + Karton<\/div>\n<\/div>\n<div class=\"row\">\n<div class=\"cell label\">Dimension<\/div>\n<div class=\"cell value\">Kundenspezifisch<\/div>\n<\/div>\n<div class=\"row\">\n<div class=\"cell label\">Toleranz<\/div>\n<div class=\"cell value\">0,01-0,05 mm<\/div>\n<\/div>\n<div class=\"row\">\n<div class=\"cell label\">Verkaufende Einheiten<\/div>\n<div class=\"cell value\">Einzelnes Element<\/div>\n<\/div>\n<div class=\"row\">\n<div class=\"cell label\">Einzelne Packungsgr\u00f6\u00dfe<\/div>\n<div class=\"cell value\">35X30X25 cm<\/div>\n<\/div>\n<div class=\"row\">\n<div class=\"cell label\">Einfaches Bruttogewicht<\/div>\n<div class=\"cell value\">2.000 KG<\/div>\n<\/div>\n<\/div>\n<p><\/p>\n<h2>Unsere Produktionsbasis<\/h2>\n<h3>Fabrik-Panorama<\/h3>\n<p><img decoding=\"async\" src=\"\/wp-content\/uploads\/factory-01.webp\"\/><\/p>\n<h3>Werkstatt zur Herstellung von Aluminiumstangen<\/h3>\n<p><img decoding=\"async\" src=\"\/wp-content\/uploads\/factory-02.webp\"\/><\/p>\n<p><img decoding=\"async\" src=\"\/wp-content\/uploads\/factory-03.webp\"\/><\/p>\n<h3>Lagerhaus f\u00fcr Formen<\/h3>\n<p><img decoding=\"async\" src=\"\/wp-content\/uploads\/factory-04.webp\"\/><\/p>\n<h3>43 Aluminium-Strangpressanlagen (500-5500 Tonnen)<\/h3>\n<p><img decoding=\"async\" src=\"\/wp-content\/uploads\/factory-05.webp\"\/><\/p>\n<p><img decoding=\"async\" src=\"\/wp-content\/uploads\/factory-06.webp\"\/><\/p>\n<p><img decoding=\"async\" src=\"\/wp-content\/uploads\/factory-07.webp\"\/><\/p>\n<h3>Werkstatt f\u00fcr Pulverbeschichtung<\/h3>\n<p><img decoding=\"async\" src=\"\/wp-content\/uploads\/factory-09.webp\"\/><\/p>\n<h3>Eloxal-Werkstatt<\/h3>\n<p><img decoding=\"async\" src=\"\/wp-content\/uploads\/factory-10.webp\"\/><\/p>\n<h3>Workshop zur Tiefenverarbeitung<\/h3>\n<p><img decoding=\"async\" src=\"\/wp-content\/uploads\/factory-11.webp\"\/><\/p>\n<h3>CNC-Pr\u00e4zisionsbearbeitungswerkstatt<\/h3>\n<p><img decoding=\"async\" src=\"\/wp-content\/uploads\/factory-11.5.webp\"\/><\/p>\n<h3>Lager f\u00fcr Fertigprodukte und Export<\/h3>\n<p><img decoding=\"async\" src=\"\/wp-content\/uploads\/factory-12.webp\"\/><\/p>\n<p><img decoding=\"async\" src=\"\/wp-content\/uploads\/factory-13.webp\"\/><\/p>\n<p><img decoding=\"async\" src=\"\/wp-content\/uploads\/factory-14.webp\"\/><\/p>\n<h2>FAQ<\/h2>\n<p><strong>1. Wof\u00fcr werden gro\u00dfe LED-Strangpressk\u00fchlk\u00f6rper verwendet?<\/strong><br \/>Sie dienen zur Ableitung der von den LED-Leuchten erzeugten W\u00e4rme und verl\u00e4ngern deren Lebensdauer und Leistung.<\/p>\n<p><strong>2. K\u00f6nnen die K\u00fchlk\u00f6rper individuell angepasst werden?<\/strong><br \/>Ja, wir bieten individuelle Anpassungsm\u00f6glichkeiten in Bezug auf Gr\u00f6\u00dfe, Form und Verarbeitung, um spezifische Anforderungen zu erf\u00fcllen.<\/p>\n<p><strong>3. Welche Materialien werden in diesen K\u00fchlk\u00f6rpern verwendet?<\/strong><br \/>Sie werden haupts\u00e4chlich aus Aluminium hergestellt, das f\u00fcr seine hervorragende W\u00e4rmeleitf\u00e4higkeit und sein geringes Gewicht bekannt ist.<\/p>\n<p><strong>4. Sind diese K\u00fchlk\u00f6rper f\u00fcr die Verwendung im Freien geeignet?<\/strong><br \/>Ja, wenn sie eloxiert sind, sind sie korrosionsbest\u00e4ndig und f\u00fcr den Au\u00dfeneinsatz geeignet.<\/p>\n<p><strong>5. Was ist der Vorteil von extrudierten K\u00fchlk\u00f6rpern f\u00fcr LEDs?<\/strong><br \/>Extrudierte K\u00fchlk\u00f6rper bieten ein effizientes W\u00e4rmemanagement und verbessern die Leistung und Langlebigkeit der LEDs.<\/p>\n<p><strong>6. Wie w\u00e4hle ich die richtige Gr\u00f6\u00dfe des K\u00fchlk\u00f6rpers f\u00fcr meine LED-Anwendung?<\/strong><br \/>Ber\u00fccksichtigen Sie die W\u00e4rmeabgabe Ihres LED-Moduls, um eine ausreichende W\u00e4rmeabgabekapazit\u00e4t zu gew\u00e4hrleisten.<\/p>\n<p><strong>7. Bieten Sie technische Unterst\u00fctzung f\u00fcr den Einbau dieser K\u00fchlk\u00f6rper an?<\/strong><br \/>Ja, unser Team kann Sie bei der Integration und den technischen Anforderungen f\u00fcr eine optimale Leistung unterst\u00fctzen.<\/p>\n<p><\/p>","protected":false},"featured_media":10746,"template":"","categories":[72],"class_list":["post-11006","product","type-product","status-publish","has-post-thumbnail","hentry","category-extruded-aluminum-heatsink"],"meta_box":{"hilight_text_group":[{"product_hilight_text":"<li>Optimized for efficient heat dissipation in LED applications<\/li>\n<li>Customizable sizes to fit different LED modules and fixtures<\/li>\n<li>High thermal conductivity for enhanced LED lifespan<\/li>\n<li>Lightweight aluminum construction for ease of installation<\/li>\n<li>Available in anodized finishes for corrosion resistance<\/li>"}],"feature_list":[]},"_links":{"self":[{"href":"https:\/\/sinoextrud.com\/de\/wp-json\/wp\/v2\/product\/11006","targetHints":{"allow":["GET"]}}],"collection":[{"href":"https:\/\/sinoextrud.com\/de\/wp-json\/wp\/v2\/product"}],"about":[{"href":"https:\/\/sinoextrud.com\/de\/wp-json\/wp\/v2\/types\/product"}],"wp:featuredmedia":[{"embeddable":true,"href":"https:\/\/sinoextrud.com\/de\/wp-json\/wp\/v2\/media\/10746"}],"wp:attachment":[{"href":"https:\/\/sinoextrud.com\/de\/wp-json\/wp\/v2\/media?parent=11006"}],"wp:term":[{"taxonomy":"category","embeddable":true,"href":"https:\/\/sinoextrud.com\/de\/wp-json\/wp\/v2\/categories?post=11006"}],"curies":[{"name":"wp","href":"https:\/\/api.w.org\/{rel}","templated":true}]}}