{"id":11005,"date":"2025-08-01T03:38:48","date_gmt":"2025-08-01T03:38:48","guid":{"rendered":"https:\/\/sinoextrud.com\/product\/multi-chambered-aluminum-heat-sink-vapor-chamber\/"},"modified":"2025-08-01T03:38:48","modified_gmt":"2025-08-01T03:38:48","slug":"mehrkammer-aluminium-kuhlkorper-dampfkammer","status":"publish","type":"product","link":"https:\/\/sinoextrud.com\/de\/product\/multi-chambered-aluminum-heat-sink-vapor-chamber\/","title":{"rendered":"Mehrkammer-Aluminium-K\u00fchlk\u00f6rper-Dampfkammer"},"content":{"rendered":"<h2>Produkte Details<\/h2>\n<div class=\"product-table\">\n<div class=\"row\">\n<div class=\"cell label\">CNC-Bearbeitung oder nicht<\/div>\n<div class=\"cell value\">Cnc-Bearbeitung<\/div>\n<\/div>\n<div class=\"row\">\n<div class=\"cell label\">Materialf\u00e4higkeiten<\/div>\n<div class=\"cell value\">Aluminium, Messing, Bronze, Kupfer, geh\u00e4rtete Metalle, Edelmetalle, Edelstahl, Stahllegierungen, Titanteile<\/div>\n<\/div>\n<div class=\"row\">\n<div class=\"cell label\">Typ<\/div>\n<div class=\"cell value\">R\u00e4umen, Bohren, \u00c4tzen \/ Chemische Bearbeitung, Laserbearbeitung, Fr\u00e4sen, Sonstige Bearbeitungsdienstleistungen, Drehen, Drahterodieren, Rapid Prototyping<\/div>\n<\/div>\n<div class=\"row\">\n<div class=\"cell label\">Mikro-Bearbeitung oder nicht<\/div>\n<div class=\"cell value\">Mikro-Bearbeitung<\/div>\n<\/div>\n<div class=\"row\">\n<div class=\"cell label\">Name des Produkts<\/div>\n<div class=\"cell value\">Bearbeitung von K\u00fchlk\u00f6rpern<\/div>\n<\/div>\n<div class=\"row\">\n<div class=\"cell label\">CNC-Toleranz<\/div>\n<div class=\"cell value\">0,02 mm<\/div>\n<\/div>\n<div class=\"row\">\n<div class=\"cell label\">OEM\/ODM<\/div>\n<div class=\"cell value\">Abrufbar unter<\/div>\n<\/div>\n<div class=\"row\">\n<div class=\"cell label\">Prozess<\/div>\n<div class=\"cell value\">CNC-Bearbeitung+Entgraten<\/div>\n<\/div>\n<div class=\"row\">\n<div class=\"cell label\">Zeichnung Format<\/div>\n<div class=\"cell value\">DWG, STP<\/div>\n<\/div>\n<div class=\"row\">\n<div class=\"cell label\">Logo<\/div>\n<div class=\"cell value\">Kundenlogo<\/div>\n<\/div>\n<div class=\"row\">\n<div class=\"cell label\">Oberfl\u00e4chenbehandlung<\/div>\n<div class=\"cell value\">Gem\u00e4\u00df Anfrage<\/div>\n<\/div>\n<div class=\"row\">\n<div class=\"cell label\">Verpacken<\/div>\n<div class=\"cell value\">Polybeutel + Innenkarton + Karton<\/div>\n<\/div>\n<div class=\"row\">\n<div class=\"cell label\">Zertifizierung<\/div>\n<div class=\"cell value\">ISO9001:2018\/ROSH<\/div>\n<\/div>\n<div class=\"row\">\n<div class=\"cell label\">MOQ<\/div>\n<div class=\"cell value\">1PCS<\/div>\n<\/div>\n<div class=\"row\">\n<div class=\"cell label\">Verkaufende Einheiten<\/div>\n<div class=\"cell value\">Einzelnes Element<\/div>\n<\/div>\n<div class=\"row\">\n<div class=\"cell label\">Einzelne Packungsgr\u00f6\u00dfe<\/div>\n<div class=\"cell value\">28X30X25 cm<\/div>\n<\/div>\n<div class=\"row\">\n<div class=\"cell label\">Einfaches Bruttogewicht<\/div>\n<div class=\"cell value\">1.000 KG<\/div>\n<\/div>\n<\/div>\n<p><\/p>\n<h2>Unsere Produktionsbasis<\/h2>\n<h3>Fabrik-Panorama<\/h3>\n<p><img decoding=\"async\" src=\"\/wp-content\/uploads\/factory-01.webp\"\/><\/p>\n<h3>Werkstatt zur Herstellung von Aluminiumstangen<\/h3>\n<p><img decoding=\"async\" src=\"\/wp-content\/uploads\/factory-02.webp\"\/><\/p>\n<p><img decoding=\"async\" src=\"\/wp-content\/uploads\/factory-03.webp\"\/><\/p>\n<h3>Lagerhaus f\u00fcr Formen<\/h3>\n<p><img decoding=\"async\" src=\"\/wp-content\/uploads\/factory-04.webp\"\/><\/p>\n<h3>43 Aluminium-Strangpressanlagen (500-5500 Tonnen)<\/h3>\n<p><img decoding=\"async\" src=\"\/wp-content\/uploads\/factory-05.webp\"\/><\/p>\n<p><img decoding=\"async\" src=\"\/wp-content\/uploads\/factory-06.webp\"\/><\/p>\n<p><img decoding=\"async\" src=\"\/wp-content\/uploads\/factory-07.webp\"\/><\/p>\n<h3>Werkstatt f\u00fcr Pulverbeschichtung<\/h3>\n<p><img decoding=\"async\" src=\"\/wp-content\/uploads\/factory-09.webp\"\/><\/p>\n<h3>Eloxal-Werkstatt<\/h3>\n<p><img decoding=\"async\" src=\"\/wp-content\/uploads\/factory-10.webp\"\/><\/p>\n<h3>Workshop zur Tiefenverarbeitung<\/h3>\n<p><img decoding=\"async\" src=\"\/wp-content\/uploads\/factory-11.webp\"\/><\/p>\n<h3>CNC-Pr\u00e4zisionsbearbeitungswerkstatt<\/h3>\n<p><img decoding=\"async\" src=\"\/wp-content\/uploads\/factory-11.5.webp\"\/><\/p>\n<h3>Lager f\u00fcr Fertigprodukte und Export<\/h3>\n<p><img decoding=\"async\" src=\"\/wp-content\/uploads\/factory-12.webp\"\/><\/p>\n<p><img decoding=\"async\" src=\"\/wp-content\/uploads\/factory-13.webp\"\/><\/p>\n<p><img decoding=\"async\" src=\"\/wp-content\/uploads\/factory-14.webp\"\/><\/p>\n<h2>FAQ<\/h2>\n<p><strong>1. Wozu dient eine Mehrkammer-Aluminiumk\u00fchlk\u00f6rper-Dampfkammer?<\/strong><br \/>Es wird f\u00fcr ein effizientes W\u00e4rmemanagement in elektronischen Ger\u00e4ten verwendet und verbessert die K\u00fchlleistung.<\/p>\n<p><strong>2. Kann die Aluminium-K\u00fchlk\u00f6rper-Dampfkammer f\u00fcr bestimmte Anwendungen angepasst werden?<\/strong><br \/>Ja, die Entw\u00fcrfe k\u00f6nnen auf spezifische industrielle Anforderungen und Ger\u00e4tespezifikationen zugeschnitten werden.<\/p>\n<p><strong>3. Ist die Dampfkammer f\u00fcr Ger\u00e4te mit hoher Leistungsdichte geeignet?<\/strong><br \/>Ja, er ist f\u00fcr ein effektives W\u00e4rmemanagement bei Anwendungen mit hoher Leistungsdichte ausgelegt.<\/p>\n<p><strong>4. Welche Materialien werden f\u00fcr die Konstruktion der Dampfkammer verwendet?<\/strong><br \/>Die Verdampfungskammer ist aus leichtem Aluminium gefertigt, um Haltbarkeit und Effizienz zu gew\u00e4hrleisten.<\/p>\n<p><strong>5. Ist dieses Produkt f\u00fcr Hochleistungselektronik geeignet?<\/strong><br \/>Es wurde speziell f\u00fcr die optimale W\u00e4rmeableitung in elektronischen Hochleistungsger\u00e4ten entwickelt.<\/p>\n<p><strong>6. Wie wird die Leistung der Dampfkammer durch mehrere Kammern verbessert?<\/strong><br \/>Mehrere Kammern verbessern die W\u00e4rmeableitung und verteilen die W\u00e4rme gleichm\u00e4\u00dfiger \u00fcber die Oberfl\u00e4che.<\/p>\n<p><strong>7. Kann die Dampfkammer in bestehende Systeme integriert werden?<\/strong><br \/>Ja, sein leichtes und anpassungsf\u00e4higes Design macht die Integration in bestehende W\u00e4rmemanagementsysteme einfach.<\/p>\n<p><\/p>","protected":false},"featured_media":10783,"template":"","categories":[55],"class_list":["post-11005","product","type-product","status-publish","has-post-thumbnail","hentry","category-extruded-aluminum-profiles"],"meta_box":{"hilight_text_group":[{"product_hilight_text":"<li>Efficient thermal management for high-performance devices<\/li>\n<li>Lightweight aluminum construction for easy integration<\/li>\n<li>Multiple chambers enhance heat dissipation abilities<\/li>\n<li>Custom designs available for specific industrial applications<\/li>\n<li>Supports high power density applications<\/li>"}],"feature_list":[]},"_links":{"self":[{"href":"https:\/\/sinoextrud.com\/de\/wp-json\/wp\/v2\/product\/11005","targetHints":{"allow":["GET"]}}],"collection":[{"href":"https:\/\/sinoextrud.com\/de\/wp-json\/wp\/v2\/product"}],"about":[{"href":"https:\/\/sinoextrud.com\/de\/wp-json\/wp\/v2\/types\/product"}],"wp:featuredmedia":[{"embeddable":true,"href":"https:\/\/sinoextrud.com\/de\/wp-json\/wp\/v2\/media\/10783"}],"wp:attachment":[{"href":"https:\/\/sinoextrud.com\/de\/wp-json\/wp\/v2\/media?parent=11005"}],"wp:term":[{"taxonomy":"category","embeddable":true,"href":"https:\/\/sinoextrud.com\/de\/wp-json\/wp\/v2\/categories?post=11005"}],"curies":[{"name":"wp","href":"https:\/\/api.w.org\/{rel}","templated":true}]}}