{"id":10999,"date":"2025-08-01T03:38:35","date_gmt":"2025-08-01T03:38:35","guid":{"rendered":"https:\/\/sinoextrud.com\/product\/inflatable-vapor-chamber-for-flexible-cooling\/"},"modified":"2025-08-01T03:38:35","modified_gmt":"2025-08-01T03:38:35","slug":"aufblasbare-dampfkammer-fur-flexible-kuhlung","status":"publish","type":"product","link":"https:\/\/sinoextrud.com\/de\/product\/inflatable-vapor-chamber-for-flexible-cooling\/","title":{"rendered":"Aufblasbare Dampfkammer f\u00fcr flexible K\u00fchlung"},"content":{"rendered":"<h2>Produkte Details<\/h2>\n<div class=\"product-table\">\n<div class=\"row\">\n<div class=\"cell label\">W\u00e4rmetauscher Typ<\/div>\n<div class=\"cell value\">Plattenw\u00e4rmetauscher<\/div>\n<\/div>\n<div class=\"row\">\n<div class=\"cell label\">Garantie<\/div>\n<div class=\"cell value\">1 Jahr<\/div>\n<\/div>\n<div class=\"row\">\n<div class=\"cell label\">Material<\/div>\n<div class=\"cell value\">Aluminium<\/div>\n<\/div>\n<div class=\"row\">\n<div class=\"cell label\">Kernkomponenten<\/div>\n<div class=\"cell value\">PLC<\/div>\n<\/div>\n<div class=\"row\">\n<div class=\"cell label\">Maschinenpr\u00fcfbericht<\/div>\n<div class=\"cell value\">Zur Verf\u00fcgung gestellt<\/div>\n<\/div>\n<div class=\"row\">\n<div class=\"cell label\">Video-Ausgangsinspektion<\/div>\n<div class=\"cell value\">Zur Verf\u00fcgung gestellt<\/div>\n<\/div>\n<div class=\"row\">\n<div class=\"cell label\">Gewicht (KG)<\/div>\n<div class=\"cell value\">2<\/div>\n<\/div>\n<div class=\"row\">\n<div class=\"cell label\">Produktname<\/div>\n<div class=\"cell value\">Hersteller PC Kupfer Heatpipe W\u00e4rmerohr disipador Heat Sink<\/div>\n<\/div>\n<div class=\"row\">\n<div class=\"cell label\">Oberfl\u00e4chenbehandlung<\/div>\n<div class=\"cell value\">Fr\u00e4sen, Polieren oder kundenspezifisch<\/div>\n<\/div>\n<div class=\"row\">\n<div class=\"cell label\">Material<\/div>\n<div class=\"cell value\">6063 Serie Aluminiumlegierung oder kundenspezifisch<\/div>\n<\/div>\n<div class=\"row\">\n<div class=\"cell label\">Farbe<\/div>\n<div class=\"cell value\">Kundenspezifische Farbe<\/div>\n<\/div>\n<div class=\"row\">\n<div class=\"cell label\">Dimesions<\/div>\n<div class=\"cell value\">B*H*L mm Kundenspezifisch<\/div>\n<\/div>\n<div class=\"row\">\n<div class=\"cell label\">Hauptprozess<\/div>\n<div class=\"cell value\">Strangpressen, Schneiden, CNC-Bearbeitung<\/div>\n<\/div>\n<div class=\"row\">\n<div class=\"cell label\">Standardvorlaufzeit f\u00fcr Muster<\/div>\n<div class=\"cell value\">7 Tage<\/div>\n<\/div>\n<div class=\"row\">\n<div class=\"cell label\">Zahlungsmuster<\/div>\n<div class=\"cell value\">PayPal<\/div>\n<\/div>\n<div class=\"row\">\n<div class=\"cell label\">Zertifizierung<\/div>\n<div class=\"cell value\">CE, SGS, ISO.<\/div>\n<\/div>\n<div class=\"row\">\n<div class=\"cell label\">MOQ<\/div>\n<div class=\"cell value\">1 St\u00fcck<\/div>\n<\/div>\n<div class=\"row\">\n<div class=\"cell label\">Verkaufende Einheiten<\/div>\n<div class=\"cell value\">Einzelnes Element<\/div>\n<\/div>\n<div class=\"row\">\n<div class=\"cell label\">Einzelne Packungsgr\u00f6\u00dfe<\/div>\n<div class=\"cell value\">30X30X20 cm<\/div>\n<\/div>\n<div class=\"row\">\n<div class=\"cell label\">Einfaches Bruttogewicht<\/div>\n<div class=\"cell value\">9.900 KG<\/div>\n<\/div>\n<\/div>\n<p><\/p>\n<h2>Unsere Produktionsbasis<\/h2>\n<h3>Fabrik-Panorama<\/h3>\n<p><img decoding=\"async\" src=\"\/wp-content\/uploads\/factory-01.webp\"\/><\/p>\n<h3>Werkstatt zur Herstellung von Aluminiumstangen<\/h3>\n<p><img decoding=\"async\" src=\"\/wp-content\/uploads\/factory-02.webp\"\/><\/p>\n<p><img decoding=\"async\" src=\"\/wp-content\/uploads\/factory-03.webp\"\/><\/p>\n<h3>Lagerhaus f\u00fcr Formen<\/h3>\n<p><img decoding=\"async\" src=\"\/wp-content\/uploads\/factory-04.webp\"\/><\/p>\n<h3>43 Aluminium-Strangpressanlagen (500-5500 Tonnen)<\/h3>\n<p><img decoding=\"async\" src=\"\/wp-content\/uploads\/factory-05.webp\"\/><\/p>\n<p><img decoding=\"async\" src=\"\/wp-content\/uploads\/factory-06.webp\"\/><\/p>\n<p><img decoding=\"async\" src=\"\/wp-content\/uploads\/factory-07.webp\"\/><\/p>\n<h3>Werkstatt f\u00fcr Pulverbeschichtung<\/h3>\n<p><img decoding=\"async\" src=\"\/wp-content\/uploads\/factory-09.webp\"\/><\/p>\n<h3>Eloxal-Werkstatt<\/h3>\n<p><img decoding=\"async\" src=\"\/wp-content\/uploads\/factory-10.webp\"\/><\/p>\n<h3>Workshop zur Tiefenverarbeitung<\/h3>\n<p><img decoding=\"async\" src=\"\/wp-content\/uploads\/factory-11.webp\"\/><\/p>\n<h3>CNC-Pr\u00e4zisionsbearbeitungswerkstatt<\/h3>\n<p><img decoding=\"async\" src=\"\/wp-content\/uploads\/factory-11.5.webp\"\/><\/p>\n<h3>Lager f\u00fcr Fertigprodukte und Export<\/h3>\n<p><img decoding=\"async\" src=\"\/wp-content\/uploads\/factory-12.webp\"\/><\/p>\n<p><img decoding=\"async\" src=\"\/wp-content\/uploads\/factory-13.webp\"\/><\/p>\n<p><img decoding=\"async\" src=\"\/wp-content\/uploads\/factory-14.webp\"\/><\/p>\n<h2>FAQ<\/h2>\n<p><strong>1. Wof\u00fcr wird eine aufblasbare Dampfkammer verwendet?<\/strong><br \/>Eine aufblasbare Dampfkammer wird f\u00fcr ein effektives W\u00e4rmemanagement in elektronischen Ger\u00e4ten verwendet.<\/p>\n<p><strong>2. Kann die aufblasbare Dampfkammer f\u00fcr spezifische Anforderungen angepasst werden?<\/strong><br \/>Ja, er kann in Gr\u00f6\u00dfe und Design auf Ihre speziellen Bed\u00fcrfnisse zugeschnitten werden.<\/p>\n<p><strong>3. Ist die aufblasbare Dampfkammer mit bestehenden K\u00fchlsystemen kompatibel?<\/strong><br \/>Ja, er ist f\u00fcr die einfache Integration in verschiedene K\u00fchlsysteme konzipiert.<\/p>\n<p><strong>4. Welche Materialien werden in der aufblasbaren Dampfkammer verwendet?<\/strong><br \/>Die Kammer ist aus hochwertigen, langlebigen Materialien gefertigt, die Zuverl\u00e4ssigkeit und langfristige Nutzung gew\u00e4hrleisten.<\/p>\n<p><strong>5. Ist die aufblasbare Dampfkammer tragbar?<\/strong><br \/>Ja, durch sein geringes Gewicht ist er leicht zu transportieren und einfach zu installieren.<\/p>\n<p><strong>6. Bieten Sie Unterst\u00fctzung f\u00fcr den internationalen Versand der aufblasbaren Dampfkammer an?<\/strong><br \/>Ja, wir bieten weltweite Versand- und Logistikunterst\u00fctzung, um eine reibungslose Lieferung zu gew\u00e4hrleisten.<\/p>\n<p><strong>7. Wie verbessert die aufblasbare Dampfkammer das W\u00e4rmemanagement?<\/strong><br \/>Es verbessert das W\u00e4rmemanagement, indem es die W\u00e4rme von elektronischen Komponenten effizient ableitet.<\/p>\n<p><\/p>","protected":false},"featured_media":10792,"template":"","categories":[74],"class_list":["post-10999","product","type-product","status-publish","has-post-thumbnail","hentry","category-vapor-chamber"],"meta_box":{"hilight_text_group":[{"product_hilight_text":"<li>Offers superior thermal management for electronic devices<\/li>\n<li>Lightweight and portable design suitable for varied applications<\/li>\n<li>Customizable sizes to meet specific industry needs<\/li>\n<li>Durable construction with high-quality materials<\/li>\n<li>Easy integration with existing cooling systems<\/li>"}],"feature_list":[]},"_links":{"self":[{"href":"https:\/\/sinoextrud.com\/de\/wp-json\/wp\/v2\/product\/10999","targetHints":{"allow":["GET"]}}],"collection":[{"href":"https:\/\/sinoextrud.com\/de\/wp-json\/wp\/v2\/product"}],"about":[{"href":"https:\/\/sinoextrud.com\/de\/wp-json\/wp\/v2\/types\/product"}],"wp:featuredmedia":[{"embeddable":true,"href":"https:\/\/sinoextrud.com\/de\/wp-json\/wp\/v2\/media\/10792"}],"wp:attachment":[{"href":"https:\/\/sinoextrud.com\/de\/wp-json\/wp\/v2\/media?parent=10999"}],"wp:term":[{"taxonomy":"category","embeddable":true,"href":"https:\/\/sinoextrud.com\/de\/wp-json\/wp\/v2\/categories?post=10999"}],"curies":[{"name":"wp","href":"https:\/\/api.w.org\/{rel}","templated":true}]}}