{"id":10996,"date":"2025-08-01T03:38:30","date_gmt":"2025-08-01T03:38:30","guid":{"rendered":"https:\/\/sinoextrud.com\/product\/extruded-heatsink-for-high-power-modules\/"},"modified":"2025-08-01T03:38:30","modified_gmt":"2025-08-01T03:38:30","slug":"strangpress-kuhlkorper-fur-hochleistungsmodule","status":"publish","type":"product","link":"https:\/\/sinoextrud.com\/de\/product\/extruded-heatsink-for-high-power-modules\/","title":{"rendered":"Extrudierter K\u00fchlk\u00f6rper f\u00fcr Hochleistungsmodule"},"content":{"rendered":"<h2>Produkte Details<\/h2>\n<div class=\"product-table\">\n<div class=\"row\">\n<div class=\"cell label\">Klasse<\/div>\n<div class=\"cell value\">Serie 6000<\/div>\n<\/div>\n<div class=\"row\">\n<div class=\"cell label\">Toleranz<\/div>\n<div class=\"cell value\">GB\/T 3190-2008,GB\/T 14846-2008,ISO 2768<\/div>\n<\/div>\n<div class=\"row\">\n<div class=\"cell label\">Lieferfrist<\/div>\n<div class=\"cell value\">22-30 Tage<\/div>\n<\/div>\n<div class=\"row\">\n<div class=\"cell label\">Temperament<\/div>\n<div class=\"cell value\">T3-T8<\/div>\n<\/div>\n<div class=\"row\">\n<div class=\"cell label\">Anmeldung<\/div>\n<div class=\"cell value\">W\u00e4rmesenke<\/div>\n<\/div>\n<div class=\"row\">\n<div class=\"cell label\">Form<\/div>\n<div class=\"cell value\">Benutzerdefiniert<\/div>\n<\/div>\n<div class=\"row\">\n<div class=\"cell label\">Legierung oder nicht<\/div>\n<div class=\"cell value\">Ist Legierung<\/div>\n<\/div>\n<div class=\"row\">\n<div class=\"cell label\">Bearbeitungsservice<\/div>\n<div class=\"cell value\">Schneiden, Bohren, Gewindeschneiden, CNC-Bearbeitung, Eloxieren<\/div>\n<\/div>\n<div class=\"row\">\n<div class=\"cell label\">Standard-Formen Anzahl<\/div>\n<div class=\"cell value\">30.000+S\u00e4tze<\/div>\n<\/div>\n<div class=\"row\">\n<div class=\"cell label\">Verkaufende Einheiten<\/div>\n<div class=\"cell value\">Einzelnes Element<\/div>\n<\/div>\n<div class=\"row\">\n<div class=\"cell label\">Einzelne Packungsgr\u00f6\u00dfe<\/div>\n<div class=\"cell value\">100X100X5 cm<\/div>\n<\/div>\n<div class=\"row\">\n<div class=\"cell label\">Einfaches Bruttogewicht<\/div>\n<div class=\"cell value\">1.200 KG<\/div>\n<\/div>\n<\/div>\n<p><\/p>\n<h2>Unsere Produktionsbasis<\/h2>\n<h3>Fabrik-Panorama<\/h3>\n<p><img decoding=\"async\" src=\"\/wp-content\/uploads\/factory-01.webp\"\/><\/p>\n<h3>Werkstatt zur Herstellung von Aluminiumstangen<\/h3>\n<p><img decoding=\"async\" src=\"\/wp-content\/uploads\/factory-02.webp\"\/><\/p>\n<p><img decoding=\"async\" src=\"\/wp-content\/uploads\/factory-03.webp\"\/><\/p>\n<h3>Lagerhaus f\u00fcr Formen<\/h3>\n<p><img decoding=\"async\" src=\"\/wp-content\/uploads\/factory-04.webp\"\/><\/p>\n<h3>43 Aluminium-Strangpressanlagen (500-5500 Tonnen)<\/h3>\n<p><img decoding=\"async\" src=\"\/wp-content\/uploads\/factory-05.webp\"\/><\/p>\n<p><img decoding=\"async\" src=\"\/wp-content\/uploads\/factory-06.webp\"\/><\/p>\n<p><img decoding=\"async\" src=\"\/wp-content\/uploads\/factory-07.webp\"\/><\/p>\n<h3>Werkstatt f\u00fcr Pulverbeschichtung<\/h3>\n<p><img decoding=\"async\" src=\"\/wp-content\/uploads\/factory-09.webp\"\/><\/p>\n<h3>Eloxal-Werkstatt<\/h3>\n<p><img decoding=\"async\" src=\"\/wp-content\/uploads\/factory-10.webp\"\/><\/p>\n<h3>Workshop zur Tiefenverarbeitung<\/h3>\n<p><img decoding=\"async\" src=\"\/wp-content\/uploads\/factory-11.webp\"\/><\/p>\n<h3>CNC-Pr\u00e4zisionsbearbeitungswerkstatt<\/h3>\n<p><img decoding=\"async\" src=\"\/wp-content\/uploads\/factory-11.5.webp\"\/><\/p>\n<h3>Lager f\u00fcr Fertigprodukte und Export<\/h3>\n<p><img decoding=\"async\" src=\"\/wp-content\/uploads\/factory-12.webp\"\/><\/p>\n<p><img decoding=\"async\" src=\"\/wp-content\/uploads\/factory-13.webp\"\/><\/p>\n<p><img decoding=\"async\" src=\"\/wp-content\/uploads\/factory-14.webp\"\/><\/p>\n<h2>FAQ<\/h2>\n<p><strong>1. Was sind die Vorteile der Verwendung eines extrudierten K\u00fchlk\u00f6rpers?<\/strong><br \/>Extrudierte K\u00fchlk\u00f6rper sorgen f\u00fcr eine effiziente W\u00e4rmeableitung und sind daher ideal f\u00fcr das W\u00e4rmemanagement in elektronischen Ger\u00e4ten.<\/p>\n<p><strong>2. K\u00f6nnen stranggepresste K\u00fchlk\u00f6rper individuell angepasst werden?<\/strong><br \/>Ja, wir bieten Anpassungsm\u00f6glichkeiten, einschlie\u00dflich verschiedener Gr\u00f6\u00dfen und Designs, um Ihre speziellen Anforderungen zu erf\u00fcllen.<\/p>\n<p><strong>3. Welches Material wird bei der Herstellung von stranggepressten K\u00fchlk\u00f6rpern verwendet?<\/strong><br \/>Stranggepresste K\u00fchlk\u00f6rper werden in der Regel aus hochwertigem Aluminium hergestellt, da es eine hervorragende W\u00e4rmeleitf\u00e4higkeit aufweist.<\/p>\n<p><strong>4. Sind stranggepresste K\u00fchlk\u00f6rper f\u00fcr Hochleistungsanwendungen geeignet?<\/strong><br \/>Ja, sie sind f\u00fcr elektronische Hochleistungskomponenten ausgelegt und gew\u00e4hrleisten eine optimale Leistung.<\/p>\n<p><strong>5. Gibt es stranggepresste K\u00fchlk\u00f6rper in verschiedenen Gr\u00f6\u00dfen?<\/strong><br \/>Ja, unsere stranggepressten K\u00fchlk\u00f6rper sind in einer Reihe von Gr\u00f6\u00dfen erh\u00e4ltlich, um verschiedenen Anwendungen gerecht zu werden.<\/p>\n<p><strong>6. Wie installiere ich einen stranggepressten K\u00fchlk\u00f6rper an meinem Ger\u00e4t?<\/strong><br \/>Die Installation variiert je nach Ger\u00e4t, aber im Allgemeinen wird der K\u00fchlk\u00f6rper fest an der zu k\u00fchlenden Komponente montiert.<\/p>\n<p><strong>7. Gibt es eine Mindestbestellmenge f\u00fcr kundenspezifische stranggepresste K\u00fchlk\u00f6rper?<\/strong><br \/>Die Mindestbestellmenge kann variieren, daher bitten wir Sie, sich mit uns in Verbindung zu setzen, um Einzelheiten zu Sonderbestellungen zu erfahren.<\/p>\n<p><\/p>","protected":false},"featured_media":10797,"template":"","categories":[72],"class_list":["post-10996","product","type-product","status-publish","has-post-thumbnail","hentry","category-extruded-aluminum-heatsink"],"meta_box":{"hilight_text_group":[{"product_hilight_text":"<li>Offers superior thermal management with excellent heat dissipation<\/li>\n<li>Customizable extrusion designs to meet specific B2B requirements<\/li>\n<li>Manufactured using high-quality aluminum for enhanced durability<\/li>\n<li>Available in various sizes and configurations to suit different applications<\/li>\n<li>Compatible with a wide range of electronic devices and systems<\/li>"}],"feature_list":[]},"_links":{"self":[{"href":"https:\/\/sinoextrud.com\/de\/wp-json\/wp\/v2\/product\/10996","targetHints":{"allow":["GET"]}}],"collection":[{"href":"https:\/\/sinoextrud.com\/de\/wp-json\/wp\/v2\/product"}],"about":[{"href":"https:\/\/sinoextrud.com\/de\/wp-json\/wp\/v2\/types\/product"}],"wp:featuredmedia":[{"embeddable":true,"href":"https:\/\/sinoextrud.com\/de\/wp-json\/wp\/v2\/media\/10797"}],"wp:attachment":[{"href":"https:\/\/sinoextrud.com\/de\/wp-json\/wp\/v2\/media?parent=10996"}],"wp:term":[{"taxonomy":"category","embeddable":true,"href":"https:\/\/sinoextrud.com\/de\/wp-json\/wp\/v2\/categories?post=10996"}],"curies":[{"name":"wp","href":"https:\/\/api.w.org\/{rel}","templated":true}]}}