{"id":10994,"date":"2025-08-01T03:38:26","date_gmt":"2025-08-01T03:38:26","guid":{"rendered":"https:\/\/sinoextrud.com\/product\/liquid-cooling-plate-for-power-systems\/"},"modified":"2025-08-01T03:38:26","modified_gmt":"2025-08-01T03:38:26","slug":"flussigkeitskuhlplatte-fur-energiesysteme","status":"publish","type":"product","link":"https:\/\/sinoextrud.com\/de\/product\/liquid-cooling-plate-for-power-systems\/","title":{"rendered":"Fl\u00fcssigkeitsk\u00fchlplatte f\u00fcr Energiesysteme"},"content":{"rendered":"<h2>Produkte Details<\/h2>\n<div class=\"product-table\">\n<div class=\"row\">\n<div class=\"cell label\">Klasse<\/div>\n<div class=\"cell value\">Serie 6000<\/div>\n<\/div>\n<div class=\"row\">\n<div class=\"cell label\">Toleranz<\/div>\n<div class=\"cell value\">\u00c2\u00b11%<\/div>\n<\/div>\n<div class=\"row\">\n<div class=\"cell label\">Lieferfrist<\/div>\n<div class=\"cell value\">22-30 Tage<\/div>\n<\/div>\n<div class=\"row\">\n<div class=\"cell label\">Temperament<\/div>\n<div class=\"cell value\">T3-T8<\/div>\n<\/div>\n<div class=\"row\">\n<div class=\"cell label\">Anmeldung<\/div>\n<div class=\"cell value\">W\u00e4rmesenke<\/div>\n<\/div>\n<div class=\"row\">\n<div class=\"cell label\">Form<\/div>\n<div class=\"cell value\">Quadratisch<\/div>\n<\/div>\n<div class=\"row\">\n<div class=\"cell label\">Legierung oder nicht<\/div>\n<div class=\"cell value\">Ist Legierung<\/div>\n<\/div>\n<div class=\"row\">\n<div class=\"cell label\">Bearbeitungsservice<\/div>\n<div class=\"cell value\">Biegen, Schwei\u00dfen, Schneiden<\/div>\n<\/div>\n<div class=\"row\">\n<div class=\"cell label\">Produktname<\/div>\n<div class=\"cell value\">CNC-Bearbeitung von Teilen<\/div>\n<\/div>\n<div class=\"row\">\n<div class=\"cell label\">Prozess<\/div>\n<div class=\"cell value\">CNC-Bearbeitung+Epoxid<\/div>\n<\/div>\n<div class=\"row\">\n<div class=\"cell label\">Verwendung<\/div>\n<div class=\"cell value\">Montage<\/div>\n<\/div>\n<div class=\"row\">\n<div class=\"cell label\">Farbe<\/div>\n<div class=\"cell value\">Silber<\/div>\n<\/div>\n<div class=\"row\">\n<div class=\"cell label\">Oberfl\u00e4chenbehandlung<\/div>\n<div class=\"cell value\">Sauber<\/div>\n<\/div>\n<div class=\"row\">\n<div class=\"cell label\">MOQ<\/div>\n<div class=\"cell value\">2St\u00fcck<\/div>\n<\/div>\n<div class=\"row\">\n<div class=\"cell label\">Material<\/div>\n<div class=\"cell value\">Legierung\/Kupfer<\/div>\n<\/div>\n<div class=\"row\">\n<div class=\"cell label\">Paket<\/div>\n<div class=\"cell value\">Schaumstoff + Karton<\/div>\n<\/div>\n<div class=\"row\">\n<div class=\"cell label\">Dimension<\/div>\n<div class=\"cell value\">Kundenspezifisch<\/div>\n<\/div>\n<div class=\"row\">\n<div class=\"cell label\">Toleranz<\/div>\n<div class=\"cell value\">0,01-0,05 mm<\/div>\n<\/div>\n<div class=\"row\">\n<div class=\"cell label\">Details zur Verpackung<\/div>\n<div class=\"cell value\">Kundenspezifischer Schaumstoff und Karton<\/div>\n<\/div>\n<div class=\"row\">\n<div class=\"cell label\">Hafen der Versendung<\/div>\n<div class=\"cell value\">Shenzhen\/Hongkong<\/div>\n<\/div>\n<div class=\"row\">\n<div class=\"cell label\">Verkaufende Einheiten<\/div>\n<div class=\"cell value\">Einzelnes Element<\/div>\n<\/div>\n<div class=\"row\">\n<div class=\"cell label\">Einzelne Packungsgr\u00f6\u00dfe<\/div>\n<div class=\"cell value\">35X30X25 cm<\/div>\n<\/div>\n<div class=\"row\">\n<div class=\"cell label\">Einfaches Bruttogewicht<\/div>\n<div class=\"cell value\">2.000 KG<\/div>\n<\/div>\n<div class=\"row\">\n<div class=\"cell label\">Lieferf\u00e4higkeit<\/div>\n<div class=\"cell value\">100000 St\u00fcck pro Monat<\/div>\n<\/div>\n<\/div>\n<p><\/p>\n<h2>Unsere Produktionsbasis<\/h2>\n<h3>Fabrik-Panorama<\/h3>\n<p><img decoding=\"async\" src=\"\/wp-content\/uploads\/factory-01.webp\"\/><\/p>\n<h3>Werkstatt zur Herstellung von Aluminiumstangen<\/h3>\n<p><img decoding=\"async\" src=\"\/wp-content\/uploads\/factory-02.webp\"\/><\/p>\n<p><img decoding=\"async\" src=\"\/wp-content\/uploads\/factory-03.webp\"\/><\/p>\n<h3>Lagerhaus f\u00fcr Formen<\/h3>\n<p><img decoding=\"async\" src=\"\/wp-content\/uploads\/factory-04.webp\"\/><\/p>\n<h3>43 Aluminium-Strangpressanlagen (500-5500 Tonnen)<\/h3>\n<p><img decoding=\"async\" src=\"\/wp-content\/uploads\/factory-05.webp\"\/><\/p>\n<p><img decoding=\"async\" src=\"\/wp-content\/uploads\/factory-06.webp\"\/><\/p>\n<p><img decoding=\"async\" src=\"\/wp-content\/uploads\/factory-07.webp\"\/><\/p>\n<h3>Werkstatt f\u00fcr Pulverbeschichtung<\/h3>\n<p><img decoding=\"async\" src=\"\/wp-content\/uploads\/factory-09.webp\"\/><\/p>\n<h3>Eloxal-Werkstatt<\/h3>\n<p><img decoding=\"async\" src=\"\/wp-content\/uploads\/factory-10.webp\"\/><\/p>\n<h3>Workshop zur Tiefenverarbeitung<\/h3>\n<p><img decoding=\"async\" src=\"\/wp-content\/uploads\/factory-11.webp\"\/><\/p>\n<h3>CNC-Pr\u00e4zisionsbearbeitungswerkstatt<\/h3>\n<p><img decoding=\"async\" src=\"\/wp-content\/uploads\/factory-11.5.webp\"\/><\/p>\n<h3>Lager f\u00fcr Fertigprodukte und Export<\/h3>\n<p><img decoding=\"async\" src=\"\/wp-content\/uploads\/factory-12.webp\"\/><\/p>\n<p><img decoding=\"async\" src=\"\/wp-content\/uploads\/factory-13.webp\"\/><\/p>\n<p><img decoding=\"async\" src=\"\/wp-content\/uploads\/factory-14.webp\"\/><\/p>\n<h2>FAQ<\/h2>\n<p><strong>1. Was sind die Vorteile einer Fl\u00fcssigkeitsk\u00fchlplatte?<\/strong><br \/>Fl\u00fcssigk\u00fchlplatten bieten eine hervorragende W\u00e4rmeableitung und eine verbesserte thermische Effizienz.<\/p>\n<p><strong>2. K\u00f6nnen Fl\u00fcssigk\u00fchlplatten f\u00fcr bestimmte Anwendungen angepasst werden?<\/strong><br \/>Ja, wir k\u00f6nnen kundenspezifische Gr\u00f6\u00dfen und Spezifikationen f\u00fcr Ihr System liefern.<\/p>\n<p><strong>3. Ist die Fl\u00fcssigkeitsk\u00fchlplatte f\u00fcr elektronische Ger\u00e4te geeignet?<\/strong><br \/>Auf jeden Fall ist es ideal f\u00fcr die K\u00fchlung von elektronischen Bauteilen und Ger\u00e4ten.<\/p>\n<p><strong>4. Welche Materialien werden bei der Konstruktion von Fl\u00fcssigkeitsk\u00fchlplatten verwendet?<\/strong><br \/>Unsere Platten werden aus hochwertigen Metallen mit korrosionsbest\u00e4ndigen Beschichtungen hergestellt.<\/p>\n<p><strong>5. Bieten Sie eine Anleitung zur Integration der K\u00fchlplatte in Systeme an?<\/strong><br \/>Ja, wir bieten technische Unterst\u00fctzung f\u00fcr eine nahtlose Systemintegration.<\/p>\n<p><strong>6. Welche Wartung ist f\u00fcr eine Fl\u00fcssigkeitsk\u00fchlplatte erforderlich?<\/strong><br \/>F\u00fcr eine optimale Leistung werden regelm\u00e4\u00dfige Inspektionen und eine gelegentliche Reinigung empfohlen.<\/p>\n<p><strong>7. Sind Fl\u00fcssigk\u00fchlplatten f\u00fcr den internationalen Versand erh\u00e4ltlich?<\/strong><br \/>Ja, wir versenden weltweit mit umfassender logistischer Unterst\u00fctzung.<\/p>\n<p><\/p>","protected":false},"featured_media":10801,"template":"","categories":[72],"class_list":["post-10994","product","type-product","status-publish","has-post-thumbnail","hentry","category-extruded-aluminum-heatsink"],"meta_box":{"hilight_text_group":[{"product_hilight_text":"<li>Engineered for efficient thermal management in various applications<\/li>\n<li>Customizable designs tailored to specific client needs<\/li>\n<li>Constructed with premium materials for optimal heat dissipation<\/li>\n<li>Supports integration into existing cooling systems<\/li>\n<li>Eco-friendly and corrosion-resistant materials for durability<\/li>"}],"feature_list":[]},"_links":{"self":[{"href":"https:\/\/sinoextrud.com\/de\/wp-json\/wp\/v2\/product\/10994","targetHints":{"allow":["GET"]}}],"collection":[{"href":"https:\/\/sinoextrud.com\/de\/wp-json\/wp\/v2\/product"}],"about":[{"href":"https:\/\/sinoextrud.com\/de\/wp-json\/wp\/v2\/types\/product"}],"wp:featuredmedia":[{"embeddable":true,"href":"https:\/\/sinoextrud.com\/de\/wp-json\/wp\/v2\/media\/10801"}],"wp:attachment":[{"href":"https:\/\/sinoextrud.com\/de\/wp-json\/wp\/v2\/media?parent=10994"}],"wp:term":[{"taxonomy":"category","embeddable":true,"href":"https:\/\/sinoextrud.com\/de\/wp-json\/wp\/v2\/categories?post=10994"}],"curies":[{"name":"wp","href":"https:\/\/api.w.org\/{rel}","templated":true}]}}