{"id":10987,"date":"2025-08-01T03:29:20","date_gmt":"2025-08-01T03:29:20","guid":{"rendered":"https:\/\/sinoextrud.com\/product\/electronic-heat-sink-for-industrial-devices\/"},"modified":"2025-08-01T03:29:20","modified_gmt":"2025-08-01T03:29:20","slug":"elektronischer-kuhlkorper-fur-industrielle-gerate","status":"publish","type":"product","link":"https:\/\/sinoextrud.com\/de\/product\/electronic-heat-sink-for-industrial-devices\/","title":{"rendered":"Elektronischer K\u00fchlk\u00f6rper f\u00fcr Industrieger\u00e4te"},"content":{"rendered":"<h2>Produkte Details<\/h2>\n<div class=\"product-table\">\n<div class=\"row\">\n<div class=\"cell label\">Klasse<\/div>\n<div class=\"cell value\">Aluminium<\/div>\n<\/div>\n<div class=\"row\">\n<div class=\"cell label\">Toleranz<\/div>\n<div class=\"cell value\">\u00c2\u00b11%<\/div>\n<\/div>\n<div class=\"row\">\n<div class=\"cell label\">Lieferfrist<\/div>\n<div class=\"cell value\">10Tage<\/div>\n<\/div>\n<div class=\"row\">\n<div class=\"cell label\">Temperament<\/div>\n<div class=\"cell value\">benutzerdefinierte<\/div>\n<\/div>\n<div class=\"row\">\n<div class=\"cell label\">Anmeldung<\/div>\n<div class=\"cell value\">Elektronik, Haushaltsger\u00e4te, Elektroger\u00e4te, LED-Lampen, Automobilindustrie, etc.<\/div>\n<\/div>\n<div class=\"row\">\n<div class=\"cell label\">Form<\/div>\n<div class=\"cell value\">benutzerdefinierte<\/div>\n<\/div>\n<div class=\"row\">\n<div class=\"cell label\">Bearbeitungsservice<\/div>\n<div class=\"cell value\">Biegen, Abwickeln, Schwei\u00dfen, Stanzen, Schneiden<\/div>\n<\/div>\n<div class=\"row\">\n<div class=\"cell label\">Name des Produkts<\/div>\n<div class=\"cell value\">Aluminium-Extrusion Heizk\u00f6rper Ausr\u00fcstung kann die Anpassung unterst\u00fctzen<\/div>\n<\/div>\n<div class=\"row\">\n<div class=\"cell label\">Muster<\/div>\n<div class=\"cell value\">Erh\u00e4ltlich<\/div>\n<\/div>\n<div class=\"row\">\n<div class=\"cell label\">Ma\u00dfgeschneiderte Unterst\u00fctzung<\/div>\n<div class=\"cell value\">Ma\u00dfgeschneidert<\/div>\n<\/div>\n<div class=\"row\">\n<div class=\"cell label\">MOQ<\/div>\n<div class=\"cell value\">100St\u00fcck<\/div>\n<\/div>\n<div class=\"row\">\n<div class=\"cell label\">Verwendung<\/div>\n<div class=\"cell value\">Aluminium-Strangpressprofile Strangpressen von Aluminium<\/div>\n<\/div>\n<div class=\"row\">\n<div class=\"cell label\">Typ<\/div>\n<div class=\"cell value\">Extrusion<\/div>\n<\/div>\n<div class=\"row\">\n<div class=\"cell label\">Schl\u00fcsselwort<\/div>\n<div class=\"cell value\">Led-Profilleuchte<\/div>\n<\/div>\n<div class=\"row\">\n<div class=\"cell label\">Prozess<\/div>\n<div class=\"cell value\">Tiefgreifende Bearbeitung<\/div>\n<\/div>\n<div class=\"row\">\n<div class=\"cell label\">Gr\u00f6\u00dfe<\/div>\n<div class=\"cell value\">Anforderung des Kunden<\/div>\n<\/div>\n<div class=\"row\">\n<div class=\"cell label\">Farbe<\/div>\n<div class=\"cell value\">Kundenspezifische Farbe<\/div>\n<\/div>\n<div class=\"row\">\n<div class=\"cell label\">Verkaufende Einheiten<\/div>\n<div class=\"cell value\">Einzelnes Element<\/div>\n<\/div>\n<div class=\"row\">\n<div class=\"cell label\">Einzelne Packungsgr\u00f6\u00dfe<\/div>\n<div class=\"cell value\">32X32X31 cm<\/div>\n<\/div>\n<div class=\"row\">\n<div class=\"cell label\">Einfaches Bruttogewicht<\/div>\n<div class=\"cell value\">1.000 KG<\/div>\n<\/div>\n<\/div>\n<p><\/p>\n<h2>Unsere Produktionsbasis<\/h2>\n<h3>Fabrik-Panorama<\/h3>\n<p><img decoding=\"async\" src=\"\/wp-content\/uploads\/factory-01.webp\"\/><\/p>\n<h3>Werkstatt zur Herstellung von Aluminiumstangen<\/h3>\n<p><img decoding=\"async\" src=\"\/wp-content\/uploads\/factory-02.webp\"\/><\/p>\n<p><img decoding=\"async\" src=\"\/wp-content\/uploads\/factory-03.webp\"\/><\/p>\n<h3>Lagerhaus f\u00fcr Formen<\/h3>\n<p><img decoding=\"async\" src=\"\/wp-content\/uploads\/factory-04.webp\"\/><\/p>\n<h3>43 Aluminium-Strangpressanlagen (500-5500 Tonnen)<\/h3>\n<p><img decoding=\"async\" src=\"\/wp-content\/uploads\/factory-05.webp\"\/><\/p>\n<p><img decoding=\"async\" src=\"\/wp-content\/uploads\/factory-06.webp\"\/><\/p>\n<p><img decoding=\"async\" src=\"\/wp-content\/uploads\/factory-07.webp\"\/><\/p>\n<h3>Werkstatt f\u00fcr Pulverbeschichtung<\/h3>\n<p><img decoding=\"async\" src=\"\/wp-content\/uploads\/factory-09.webp\"\/><\/p>\n<h3>Eloxal-Werkstatt<\/h3>\n<p><img decoding=\"async\" src=\"\/wp-content\/uploads\/factory-10.webp\"\/><\/p>\n<h3>Workshop zur Tiefenverarbeitung<\/h3>\n<p><img decoding=\"async\" src=\"\/wp-content\/uploads\/factory-11.webp\"\/><\/p>\n<h3>CNC-Pr\u00e4zisionsbearbeitungswerkstatt<\/h3>\n<p><img decoding=\"async\" src=\"\/wp-content\/uploads\/factory-11.5.webp\"\/><\/p>\n<h3>Lager f\u00fcr Fertigprodukte und Export<\/h3>\n<p><img decoding=\"async\" src=\"\/wp-content\/uploads\/factory-12.webp\"\/><\/p>\n<p><img decoding=\"async\" src=\"\/wp-content\/uploads\/factory-13.webp\"\/><\/p>\n<p><img decoding=\"async\" src=\"\/wp-content\/uploads\/factory-14.webp\"\/><\/p>\n<h2>FAQ<\/h2>\n<p><strong>1. Was ist die Hauptfunktion eines elektronischen K\u00fchlk\u00f6rpers?<\/strong><br \/>Ein elektronischer K\u00fchlk\u00f6rper ist dazu bestimmt, die W\u00e4rme von elektronischen Komponenten wie CPUs und GPUs abzuleiten.<\/p>\n<p><strong>2. K\u00f6nnen elektronische K\u00fchlk\u00f6rper in ihrer Gr\u00f6\u00dfe angepasst werden?<\/strong><br \/>Ja, elektronische K\u00fchlk\u00f6rper k\u00f6nnen auf die f\u00fcr Ihre Anwendung erforderlichen Abmessungen zugeschnitten werden.<\/p>\n<p><strong>3. Welche Materialien werden in elektronischen K\u00fchlk\u00f6rpern verwendet?<\/strong><br \/>Elektronische K\u00fchlk\u00f6rper werden aufgrund ihrer hervorragenden W\u00e4rmeleitf\u00e4higkeit in der Regel aus Aluminium oder Kupfer hergestellt.<\/p>\n<p><strong>4. Wie w\u00e4hle ich den richtigen K\u00fchlk\u00f6rper f\u00fcr mein Ger\u00e4t?<\/strong><br \/>Die Wahl des richtigen K\u00fchlk\u00f6rpers h\u00e4ngt von der W\u00e4rmeleistung Ihres Ger\u00e4ts und den Platzverh\u00e4ltnissen ab.<\/p>\n<p><strong>5. Sind elektronische K\u00fchlk\u00f6rper im Gro\u00dfhandel erh\u00e4ltlich?<\/strong><br \/>Ja, elektronische K\u00fchlk\u00f6rper k\u00f6nnen in gro\u00dfen Mengen f\u00fcr den gewerblichen Gebrauch bestellt werden.<\/p>\n<p><strong>6. K\u00f6nnen elektronische W\u00e4rmesenken in Computern verwendet werden?<\/strong><br \/>Ja, elektronische K\u00fchlk\u00f6rper sind f\u00fcr die K\u00fchlung von Prozessoren und anderen leistungsstarken Computerkomponenten unerl\u00e4sslich.<\/p>\n<p><strong>7. Bieten Sie technische Unterst\u00fctzung bei der Installation von K\u00fchlk\u00f6rpern an?<\/strong><br \/>Ja, wir bieten Installationsanleitungen und technische Unterst\u00fctzung f\u00fcr alle elektronischen K\u00fchlk\u00f6rper.<\/p>\n<p><\/p>","protected":false},"featured_media":10740,"template":"","categories":[72],"class_list":["post-10987","product","type-product","status-publish","has-post-thumbnail","hentry","category-extruded-aluminum-heatsink"],"meta_box":{"hilight_text_group":[{"product_hilight_text":"<li>Designed to efficiently dissipate heat in electronic devices<\/li>\n<li>Available in various sizes and materials to suit different needs<\/li>\n<li>Precision engineered for optimal thermal performance<\/li>\n<li>Compatible with a wide range of electronic applications<\/li>\n<li>Customizable designs and dimensions for B2B clients<\/li>"}],"feature_list":[]},"_links":{"self":[{"href":"https:\/\/sinoextrud.com\/de\/wp-json\/wp\/v2\/product\/10987","targetHints":{"allow":["GET"]}}],"collection":[{"href":"https:\/\/sinoextrud.com\/de\/wp-json\/wp\/v2\/product"}],"about":[{"href":"https:\/\/sinoextrud.com\/de\/wp-json\/wp\/v2\/types\/product"}],"wp:featuredmedia":[{"embeddable":true,"href":"https:\/\/sinoextrud.com\/de\/wp-json\/wp\/v2\/media\/10740"}],"wp:attachment":[{"href":"https:\/\/sinoextrud.com\/de\/wp-json\/wp\/v2\/media?parent=10987"}],"wp:term":[{"taxonomy":"category","embeddable":true,"href":"https:\/\/sinoextrud.com\/de\/wp-json\/wp\/v2\/categories?post=10987"}],"curies":[{"name":"wp","href":"https:\/\/api.w.org\/{rel}","templated":true}]}}