{"id":10983,"date":"2025-08-01T03:29:13","date_gmt":"2025-08-01T03:29:13","guid":{"rendered":"https:\/\/sinoextrud.com\/product\/dimensional-vapor-chamber-heat-sink-for-oem-devices\/"},"modified":"2025-08-01T03:29:13","modified_gmt":"2025-08-01T03:29:13","slug":"dimensionierter-dampfkammer-kuhlkorper-fur-oem-gerate","status":"publish","type":"product","link":"https:\/\/sinoextrud.com\/de\/product\/dimensional-vapor-chamber-heat-sink-for-oem-devices\/","title":{"rendered":"Ma\u00dfgeschneiderter Dampfkammer-K\u00fchlk\u00f6rper f\u00fcr OEM-Ger\u00e4te"},"content":{"rendered":"<h2>Produkte Details<\/h2>\n<div class=\"product-table\">\n<div class=\"row\">\n<div class=\"cell label\">Material<\/div>\n<div class=\"cell value\">Aluminium\/Stahl\/Eisen\/Edelstahl\/Messing\/Kunststoff\/<\/div>\n<\/div>\n<div class=\"row\">\n<div class=\"cell label\">Dienst<\/div>\n<div class=\"cell value\">Service aus einer Hand. Bearbeitung-Montage<\/div>\n<\/div>\n<div class=\"row\">\n<div class=\"cell label\">Gr\u00f6\u00dfe<\/div>\n<div class=\"cell value\">Gr\u00f6\u00dfe kundenspezifisch<\/div>\n<\/div>\n<div class=\"row\">\n<div class=\"cell label\">Oberfl\u00e4chenbehandlung<\/div>\n<div class=\"cell value\">Polieren\/Klar-Eloxieren\/Galvanisieren\/\u00d6ldruck<\/div>\n<\/div>\n<div class=\"row\">\n<div class=\"cell label\">Zeichnung Format<\/div>\n<div class=\"cell value\">2D\/(PDF\/CAD)3D(IGES\/STEP)<\/div>\n<\/div>\n<div class=\"row\">\n<div class=\"cell label\">Toleranz<\/div>\n<div class=\"cell value\">0,01-0,05 mm<\/div>\n<\/div>\n<div class=\"row\">\n<div class=\"cell label\">Lieferfrist<\/div>\n<div class=\"cell value\">7-15 Tage<\/div>\n<\/div>\n<div class=\"row\">\n<div class=\"cell label\">MOQ<\/div>\n<div class=\"cell value\">10St\u00fcck<\/div>\n<\/div>\n<div class=\"row\">\n<div class=\"cell label\">Verpacken<\/div>\n<div class=\"cell value\">Karton<\/div>\n<\/div>\n<div class=\"row\">\n<div class=\"cell label\">OEM&amp;ODM<\/div>\n<div class=\"cell value\">Angenommen<\/div>\n<\/div>\n<div class=\"row\">\n<div class=\"cell label\">Verkaufende Einheiten<\/div>\n<div class=\"cell value\">Einzelnes Element<\/div>\n<\/div>\n<div class=\"row\">\n<div class=\"cell label\">Einzelne Packungsgr\u00f6\u00dfe<\/div>\n<div class=\"cell value\">10X6X2 cm<\/div>\n<\/div>\n<div class=\"row\">\n<div class=\"cell label\">Einfaches Bruttogewicht<\/div>\n<div class=\"cell value\">0,090 KG<\/div>\n<\/div>\n<\/div>\n<p><\/p>\n<h2>Unsere Produktionsbasis<\/h2>\n<h3>Fabrik-Panorama<\/h3>\n<p><img decoding=\"async\" src=\"\/wp-content\/uploads\/factory-01.webp\"\/><\/p>\n<h3>Werkstatt zur Herstellung von Aluminiumstangen<\/h3>\n<p><img decoding=\"async\" src=\"\/wp-content\/uploads\/factory-02.webp\"\/><\/p>\n<p><img decoding=\"async\" src=\"\/wp-content\/uploads\/factory-03.webp\"\/><\/p>\n<h3>Lagerhaus f\u00fcr Formen<\/h3>\n<p><img decoding=\"async\" src=\"\/wp-content\/uploads\/factory-04.webp\"\/><\/p>\n<h3>43 Aluminium-Strangpressanlagen (500-5500 Tonnen)<\/h3>\n<p><img decoding=\"async\" src=\"\/wp-content\/uploads\/factory-05.webp\"\/><\/p>\n<p><img decoding=\"async\" src=\"\/wp-content\/uploads\/factory-06.webp\"\/><\/p>\n<p><img decoding=\"async\" src=\"\/wp-content\/uploads\/factory-07.webp\"\/><\/p>\n<h3>Werkstatt f\u00fcr Pulverbeschichtung<\/h3>\n<p><img decoding=\"async\" src=\"\/wp-content\/uploads\/factory-09.webp\"\/><\/p>\n<h3>Eloxal-Werkstatt<\/h3>\n<p><img decoding=\"async\" src=\"\/wp-content\/uploads\/factory-10.webp\"\/><\/p>\n<h3>Workshop zur Tiefenverarbeitung<\/h3>\n<p><img decoding=\"async\" src=\"\/wp-content\/uploads\/factory-11.webp\"\/><\/p>\n<h3>CNC-Pr\u00e4zisionsbearbeitungswerkstatt<\/h3>\n<p><img decoding=\"async\" src=\"\/wp-content\/uploads\/factory-11.5.webp\"\/><\/p>\n<h3>Lager f\u00fcr Fertigprodukte und Export<\/h3>\n<p><img decoding=\"async\" src=\"\/wp-content\/uploads\/factory-12.webp\"\/><\/p>\n<p><img decoding=\"async\" src=\"\/wp-content\/uploads\/factory-13.webp\"\/><\/p>\n<p><img decoding=\"async\" src=\"\/wp-content\/uploads\/factory-14.webp\"\/><\/p>\n<h2>FAQ<\/h2>\n<p><strong>1. Wozu dient ein Dampfkammerk\u00fchlk\u00f6rper?<\/strong><br \/>Es wird zur effizienten W\u00e4rmeableitung in elektronischen Ger\u00e4ten und Maschinen verwendet.<\/p>\n<p><strong>2. Ist der K\u00fchlk\u00f6rper der Dampfkammer f\u00fcr verschiedene Gr\u00f6\u00dfen anpassbar?<\/strong><br \/>Ja, unsere Dampfkammerw\u00e4rmesenken k\u00f6nnen auf spezifische Abmessungen zugeschnitten werden.<\/p>\n<p><strong>3. Wie verbessert ein Dampfkammerk\u00fchlk\u00f6rper die Ger\u00e4teleistung?<\/strong><br \/>Durch die effiziente W\u00e4rmeableitung wird die Betriebsstabilit\u00e4t des Ger\u00e4ts verbessert.<\/p>\n<p><strong>4. Sind diese K\u00fchlk\u00f6rper f\u00fcr Hochleistungselektronik geeignet?<\/strong><br \/>Ja, sie sind f\u00fcr hohe thermische Belastungen in anspruchsvollen Umgebungen ausgelegt.<\/p>\n<p><strong>5. Welche Materialien werden f\u00fcr den K\u00fchlk\u00f6rper der Dampfkammer verwendet?<\/strong><br \/>Sie sind aus hochwertigen Materialien gefertigt, um ein effektives W\u00e4rmemanagement zu gew\u00e4hrleisten.<\/p>\n<p><strong>6. Kann die Verdampfungskammer in kompakte elektronische Systeme integriert werden?<\/strong><br \/>Ja, ihr geringes Gewicht macht sie ideal f\u00fcr kompakte und tragbare Ger\u00e4te.<\/p>\n<p><strong>7. Bieten Sie Unterst\u00fctzung f\u00fcr die OEM- und ODM-Produktion an?<\/strong><br \/>Ja, wir bieten einen umfassenden OEM- und ODM-Service mit flexiblen Bestellmengen.<\/p>\n<p><\/p>","protected":false},"featured_media":10777,"template":"","categories":[72],"class_list":["post-10983","product","type-product","status-publish","has-post-thumbnail","hentry","category-extruded-aluminum-heatsink"],"meta_box":{"hilight_text_group":[{"product_hilight_text":"<li>High thermal conductivity for efficient heat dissipation<\/li>\n<li>Lightweight design makes it suitable for compact spaces<\/li>\n<li>Customizable dimensions to fit diverse applications<\/li>\n<li>Supports high performance for electronics and machinery<\/li>\n<li>Manufactured using durable, quality materials for longevity<\/li>"}],"feature_list":[]},"_links":{"self":[{"href":"https:\/\/sinoextrud.com\/de\/wp-json\/wp\/v2\/product\/10983","targetHints":{"allow":["GET"]}}],"collection":[{"href":"https:\/\/sinoextrud.com\/de\/wp-json\/wp\/v2\/product"}],"about":[{"href":"https:\/\/sinoextrud.com\/de\/wp-json\/wp\/v2\/types\/product"}],"wp:featuredmedia":[{"embeddable":true,"href":"https:\/\/sinoextrud.com\/de\/wp-json\/wp\/v2\/media\/10777"}],"wp:attachment":[{"href":"https:\/\/sinoextrud.com\/de\/wp-json\/wp\/v2\/media?parent=10983"}],"wp:term":[{"taxonomy":"category","embeddable":true,"href":"https:\/\/sinoextrud.com\/de\/wp-json\/wp\/v2\/categories?post=10983"}],"curies":[{"name":"wp","href":"https:\/\/api.w.org\/{rel}","templated":true}]}}