{"id":10981,"date":"2025-08-01T03:29:09","date_gmt":"2025-08-01T03:29:09","guid":{"rendered":"https:\/\/sinoextrud.com\/product\/cylindrical-heat-sink-for-led-and-sensors\/"},"modified":"2025-08-01T03:29:09","modified_gmt":"2025-08-01T03:29:09","slug":"zylindrischer-kuhlkorper-fur-led-und-sensoren","status":"publish","type":"product","link":"https:\/\/sinoextrud.com\/de\/product\/cylindrical-heat-sink-for-led-and-sensors\/","title":{"rendered":"Zylindrischer K\u00fchlk\u00f6rper f\u00fcr LED und Sensoren"},"content":{"rendered":"<h2>Produkte Details<\/h2>\n<div class=\"product-table\">\n<div class=\"row\">\n<div class=\"cell label\">Klasse<\/div>\n<div class=\"cell value\">Serie 6000<\/div>\n<\/div>\n<div class=\"row\">\n<div class=\"cell label\">Toleranz<\/div>\n<div class=\"cell value\">Kundenspezifisch<\/div>\n<\/div>\n<div class=\"row\">\n<div class=\"cell label\">Lieferfrist<\/div>\n<div class=\"cell value\">8-14 Tage<\/div>\n<\/div>\n<div class=\"row\">\n<div class=\"cell label\">Temperament<\/div>\n<div class=\"cell value\">T3-T8<\/div>\n<\/div>\n<div class=\"row\">\n<div class=\"cell label\">Anmeldung<\/div>\n<div class=\"cell value\">LED-K\u00fchlk\u00f6rper, K\u00fchlk\u00f6rper f\u00fcr Hochregallager, elektronischer K\u00fchlk\u00f6rper<\/div>\n<\/div>\n<div class=\"row\">\n<div class=\"cell label\">Form<\/div>\n<div class=\"cell value\">Kundenspezifisch<\/div>\n<\/div>\n<div class=\"row\">\n<div class=\"cell label\">Legierung oder nicht<\/div>\n<div class=\"cell value\">Ist Legierung<\/div>\n<\/div>\n<div class=\"row\">\n<div class=\"cell label\">Bearbeitungsservice<\/div>\n<div class=\"cell value\">Biegen, Abwickeln, Schwei\u00dfen, Stanzen, Schneiden, Bohren<\/div>\n<\/div>\n<div class=\"row\">\n<div class=\"cell label\">Produktname<\/div>\n<div class=\"cell value\">Zylindrischer K\u00fchlk\u00f6rper aus stranggepresstem Aluminium<\/div>\n<\/div>\n<div class=\"row\">\n<div class=\"cell label\">Oberfl\u00e4chenbehandlung<\/div>\n<div class=\"cell value\">Fr\u00e4sen, Polieren oder kundenspezifisch<\/div>\n<\/div>\n<div class=\"row\">\n<div class=\"cell label\">Material<\/div>\n<div class=\"cell value\">Aluminiumlegierung der Serie 6000 oder kundenspezifisch<\/div>\n<\/div>\n<div class=\"row\">\n<div class=\"cell label\">Farbe<\/div>\n<div class=\"cell value\">Kundenspezifische Farbe<\/div>\n<\/div>\n<div class=\"row\">\n<div class=\"cell label\">Dimesions<\/div>\n<div class=\"cell value\">B*H*L mm Kundenspezifisch<\/div>\n<\/div>\n<div class=\"row\">\n<div class=\"cell label\">Hauptprozess<\/div>\n<div class=\"cell value\">Strangpressen, Schneiden, CNC-Bearbeitung<\/div>\n<\/div>\n<div class=\"row\">\n<div class=\"cell label\">Standardvorlaufzeit f\u00fcr Muster<\/div>\n<div class=\"cell value\">7 Tage<\/div>\n<\/div>\n<div class=\"row\">\n<div class=\"cell label\">Zahlungsmuster<\/div>\n<div class=\"cell value\">PayPal<\/div>\n<\/div>\n<div class=\"row\">\n<div class=\"cell label\">Zertifizierung<\/div>\n<div class=\"cell value\">CE, SGS, ISO.<\/div>\n<\/div>\n<div class=\"row\">\n<div class=\"cell label\">MOQ<\/div>\n<div class=\"cell value\">1 St\u00fcck<\/div>\n<\/div>\n<div class=\"row\">\n<div class=\"cell label\">Details zur Verpackung<\/div>\n<div class=\"cell value\">Stranggepresster K\u00fchlk\u00f6rper aus Aluminium, der in einem normalen Sperrholzkoffer verpackt wird<\/div>\n<\/div>\n<div class=\"row\">\n<div class=\"cell label\">Hafen der Versendung<\/div>\n<div class=\"cell value\">Shanghai<\/div>\n<\/div>\n<div class=\"row\">\n<div class=\"cell label\">Verkaufende Einheiten<\/div>\n<div class=\"cell value\">Einzelnes Element<\/div>\n<\/div>\n<div class=\"row\">\n<div class=\"cell label\">Einzelne Packungsgr\u00f6\u00dfe<\/div>\n<div class=\"cell value\">15X15X15 cm<\/div>\n<\/div>\n<div class=\"row\">\n<div class=\"cell label\">Einfaches Bruttogewicht<\/div>\n<div class=\"cell value\">2.000 KG<\/div>\n<\/div>\n<div class=\"row\">\n<div class=\"cell label\">Lieferf\u00e4higkeit<\/div>\n<div class=\"cell value\">100000 St\u00fcck pro Monat<\/div>\n<\/div>\n<\/div>\n<p><\/p>\n<h2>Unsere Produktionsbasis<\/h2>\n<h3>Fabrik-Panorama<\/h3>\n<p><img decoding=\"async\" src=\"\/wp-content\/uploads\/factory-01.webp\"\/><\/p>\n<h3>Werkstatt zur Herstellung von Aluminiumstangen<\/h3>\n<p><img decoding=\"async\" src=\"\/wp-content\/uploads\/factory-02.webp\"\/><\/p>\n<p><img decoding=\"async\" src=\"\/wp-content\/uploads\/factory-03.webp\"\/><\/p>\n<h3>Lagerhaus f\u00fcr Formen<\/h3>\n<p><img decoding=\"async\" src=\"\/wp-content\/uploads\/factory-04.webp\"\/><\/p>\n<h3>43 Aluminium-Strangpressanlagen (500-5500 Tonnen)<\/h3>\n<p><img decoding=\"async\" src=\"\/wp-content\/uploads\/factory-05.webp\"\/><\/p>\n<p><img decoding=\"async\" src=\"\/wp-content\/uploads\/factory-06.webp\"\/><\/p>\n<p><img decoding=\"async\" src=\"\/wp-content\/uploads\/factory-07.webp\"\/><\/p>\n<h3>Werkstatt f\u00fcr Pulverbeschichtung<\/h3>\n<p><img decoding=\"async\" src=\"\/wp-content\/uploads\/factory-09.webp\"\/><\/p>\n<h3>Eloxal-Werkstatt<\/h3>\n<p><img decoding=\"async\" src=\"\/wp-content\/uploads\/factory-10.webp\"\/><\/p>\n<h3>Workshop zur Tiefenverarbeitung<\/h3>\n<p><img decoding=\"async\" src=\"\/wp-content\/uploads\/factory-11.webp\"\/><\/p>\n<h3>CNC-Pr\u00e4zisionsbearbeitungswerkstatt<\/h3>\n<p><img decoding=\"async\" src=\"\/wp-content\/uploads\/factory-11.5.webp\"\/><\/p>\n<h3>Lager f\u00fcr Fertigprodukte und Export<\/h3>\n<p><img decoding=\"async\" src=\"\/wp-content\/uploads\/factory-12.webp\"\/><\/p>\n<p><img decoding=\"async\" src=\"\/wp-content\/uploads\/factory-13.webp\"\/><\/p>\n<p><img decoding=\"async\" src=\"\/wp-content\/uploads\/factory-14.webp\"\/><\/p>\n<h2>FAQ<\/h2>\n<p><strong>1. Welche Materialien gibt es f\u00fcr den zylindrischen K\u00fchlk\u00f6rper?<\/strong><br \/>Der zylindrische K\u00fchlk\u00f6rper ist je nach den thermischen Anforderungen aus Aluminium, Kupfer und anderen Legierungen erh\u00e4ltlich.<\/p>\n<p><strong>2. Kann der zylindrische K\u00fchlk\u00f6rper f\u00fcr LED-K\u00fchlsysteme verwendet werden?<\/strong><br \/>Ja, es ist ideal f\u00fcr LED-Anwendungen, die eine effiziente W\u00e4rmeableitung erfordern.<\/p>\n<p><strong>3. Ist es m\u00f6glich, die Gr\u00f6\u00dfe des zylindrischen K\u00fchlk\u00f6rpers individuell anzupassen?<\/strong><br \/>Ja, es k\u00f6nnen Sondergr\u00f6\u00dfen hergestellt werden, die Ihren speziellen Projektanforderungen entsprechen.<\/p>\n<p><strong>4. Wie wirkt sich die zylindrische Form auf die W\u00e4rmeleistung aus?<\/strong><br \/>Das zylindrische Design bietet eine 360-Grad-W\u00e4rmeableitung und verbessert so die K\u00fchleffizienz.<\/p>\n<p><strong>5. Gibt es bestimmte Anwendungen, f\u00fcr die der K\u00fchlk\u00f6rper am besten geeignet ist?<\/strong><br \/>Es wird h\u00e4ufig in der Elektronik, der Luft- und Raumfahrt, der Automobilindustrie und bei LED-Beleuchtungsanwendungen eingesetzt.<\/p>\n<p><strong>6. Wie lange ist die Vorlaufzeit f\u00fcr Gro\u00dfbestellungen von zylindrischen K\u00fchlk\u00f6rpern?<\/strong><br \/>Die Vorlaufzeit ist unterschiedlich und betr\u00e4gt je nach Auftragsgr\u00f6\u00dfe und Kundenwunsch in der Regel zwischen 4 und 6 Wochen.<\/p>\n<p><strong>7. Erfordert der zylindrische K\u00fchlk\u00f6rper eine besondere Wartung?<\/strong><br \/>Der K\u00fchlk\u00f6rper ist f\u00fcr minimale Wartung ausgelegt und muss unter normalen Nutzungsbedingungen nur gelegentlich gereinigt werden.<\/p>\n<p><\/p>","protected":false},"featured_media":10794,"template":"","categories":[72],"class_list":["post-10981","product","type-product","status-publish","has-post-thumbnail","hentry","category-extruded-aluminum-heatsink"],"meta_box":{"hilight_text_group":[{"product_hilight_text":"<li>Optimized for superior thermal management in various applications<\/li>\n<li>Available in multiple sizes and materials to suit specific needs<\/li>\n<li>Designed for easy installation and maintenance<\/li>\n<li>Custom engineering support to meet unique specifications<\/li>\n<li>Enhanced durability for long-lasting performance in harsh environments<\/li>"}],"feature_list":[]},"_links":{"self":[{"href":"https:\/\/sinoextrud.com\/de\/wp-json\/wp\/v2\/product\/10981","targetHints":{"allow":["GET"]}}],"collection":[{"href":"https:\/\/sinoextrud.com\/de\/wp-json\/wp\/v2\/product"}],"about":[{"href":"https:\/\/sinoextrud.com\/de\/wp-json\/wp\/v2\/types\/product"}],"wp:featuredmedia":[{"embeddable":true,"href":"https:\/\/sinoextrud.com\/de\/wp-json\/wp\/v2\/media\/10794"}],"wp:attachment":[{"href":"https:\/\/sinoextrud.com\/de\/wp-json\/wp\/v2\/media?parent=10981"}],"wp:term":[{"taxonomy":"category","embeddable":true,"href":"https:\/\/sinoextrud.com\/de\/wp-json\/wp\/v2\/categories?post=10981"}],"curies":[{"name":"wp","href":"https:\/\/api.w.org\/{rel}","templated":true}]}}