{"id":10979,"date":"2025-08-01T03:29:06","date_gmt":"2025-08-01T03:29:06","guid":{"rendered":"https:\/\/sinoextrud.com\/product\/cylindrical-extruded-aluminum-heat-sink\/"},"modified":"2025-08-01T03:29:06","modified_gmt":"2025-08-01T03:29:06","slug":"zylindrischer-kuhlkorper-aus-stranggepresstem-aluminium","status":"publish","type":"product","link":"https:\/\/sinoextrud.com\/de\/product\/cylindrical-extruded-aluminum-heat-sink\/","title":{"rendered":"Zylindrischer K\u00fchlk\u00f6rper aus stranggepresstem Aluminium"},"content":{"rendered":"<h2>Produkte Details<\/h2>\n<div class=\"product-table\">\n<div class=\"row\">\n<div class=\"cell label\">Klasse<\/div>\n<div class=\"cell value\">Serie 6000<\/div>\n<\/div>\n<div class=\"row\">\n<div class=\"cell label\">Toleranz<\/div>\n<div class=\"cell value\">\u00c2\u00b11%<\/div>\n<\/div>\n<div class=\"row\">\n<div class=\"cell label\">Lieferfrist<\/div>\n<div class=\"cell value\">22-30 Tage<\/div>\n<\/div>\n<div class=\"row\">\n<div class=\"cell label\">Temperament<\/div>\n<div class=\"cell value\">T3-T8<\/div>\n<\/div>\n<div class=\"row\">\n<div class=\"cell label\">Anmeldung<\/div>\n<div class=\"cell value\">W\u00e4rmesenke<\/div>\n<\/div>\n<div class=\"row\">\n<div class=\"cell label\">Form<\/div>\n<div class=\"cell value\">RUND<\/div>\n<\/div>\n<div class=\"row\">\n<div class=\"cell label\">Legierung oder nicht<\/div>\n<div class=\"cell value\">Ist Legierung<\/div>\n<\/div>\n<div class=\"row\">\n<div class=\"cell label\">Bearbeitungsservice<\/div>\n<div class=\"cell value\">Schneiden, Stanzen, Schwei\u00dfen, Abwickeln, Biegen<\/div>\n<\/div>\n<div class=\"row\">\n<div class=\"cell label\">Typ<\/div>\n<div class=\"cell value\">Aluminium-K\u00fchlk\u00f6rper<\/div>\n<\/div>\n<div class=\"row\">\n<div class=\"cell label\">Automarke<\/div>\n<div class=\"cell value\">Universal<\/div>\n<\/div>\n<div class=\"row\">\n<div class=\"cell label\">Farbe<\/div>\n<div class=\"cell value\">Silber, schwarz, wei\u00df<\/div>\n<\/div>\n<div class=\"row\">\n<div class=\"cell label\">Material<\/div>\n<div class=\"cell value\">Aluminium<\/div>\n<\/div>\n<div class=\"row\">\n<div class=\"cell label\">Anmeldung<\/div>\n<div class=\"cell value\">Universal-Automobiltechnik<\/div>\n<\/div>\n<div class=\"row\">\n<div class=\"cell label\">Zertifikat<\/div>\n<div class=\"cell value\">ISO 9001<\/div>\n<\/div>\n<div class=\"row\">\n<div class=\"cell label\">Produktname<\/div>\n<div class=\"cell value\">Aluminium-K\u00fchlk\u00f6rper<\/div>\n<\/div>\n<div class=\"row\">\n<div class=\"cell label\">Verpacken<\/div>\n<div class=\"cell value\">Neutrale Verpackung<\/div>\n<\/div>\n<div class=\"row\">\n<div class=\"cell label\">Lieferfrist<\/div>\n<div class=\"cell value\">Innerhalb von 20 Tagen<\/div>\n<\/div>\n<div class=\"row\">\n<div class=\"cell label\">Verkaufende Einheiten<\/div>\n<div class=\"cell value\">Einzelnes Element<\/div>\n<\/div>\n<div class=\"row\">\n<div class=\"cell label\">Einzelne Packungsgr\u00f6\u00dfe<\/div>\n<div class=\"cell value\">100X80X80 cm<\/div>\n<\/div>\n<div class=\"row\">\n<div class=\"cell label\">Einfaches Bruttogewicht<\/div>\n<div class=\"cell value\">3.000 KG<\/div>\n<\/div>\n<\/div>\n<p><\/p>\n<h2>Unsere Produktionsbasis<\/h2>\n<h3>Fabrik-Panorama<\/h3>\n<p><img decoding=\"async\" src=\"\/wp-content\/uploads\/factory-01.webp\"\/><\/p>\n<h3>Werkstatt zur Herstellung von Aluminiumstangen<\/h3>\n<p><img decoding=\"async\" src=\"\/wp-content\/uploads\/factory-02.webp\"\/><\/p>\n<p><img decoding=\"async\" src=\"\/wp-content\/uploads\/factory-03.webp\"\/><\/p>\n<h3>Lagerhaus f\u00fcr Formen<\/h3>\n<p><img decoding=\"async\" src=\"\/wp-content\/uploads\/factory-04.webp\"\/><\/p>\n<h3>43 Aluminium-Strangpressanlagen (500-5500 Tonnen)<\/h3>\n<p><img decoding=\"async\" src=\"\/wp-content\/uploads\/factory-05.webp\"\/><\/p>\n<p><img decoding=\"async\" src=\"\/wp-content\/uploads\/factory-06.webp\"\/><\/p>\n<p><img decoding=\"async\" src=\"\/wp-content\/uploads\/factory-07.webp\"\/><\/p>\n<h3>Werkstatt f\u00fcr Pulverbeschichtung<\/h3>\n<p><img decoding=\"async\" src=\"\/wp-content\/uploads\/factory-09.webp\"\/><\/p>\n<h3>Eloxal-Werkstatt<\/h3>\n<p><img decoding=\"async\" src=\"\/wp-content\/uploads\/factory-10.webp\"\/><\/p>\n<h3>Workshop zur Tiefenverarbeitung<\/h3>\n<p><img decoding=\"async\" src=\"\/wp-content\/uploads\/factory-11.webp\"\/><\/p>\n<h3>CNC-Pr\u00e4zisionsbearbeitungswerkstatt<\/h3>\n<p><img decoding=\"async\" src=\"\/wp-content\/uploads\/factory-11.5.webp\"\/><\/p>\n<h3>Lager f\u00fcr Fertigprodukte und Export<\/h3>\n<p><img decoding=\"async\" src=\"\/wp-content\/uploads\/factory-12.webp\"\/><\/p>\n<p><img decoding=\"async\" src=\"\/wp-content\/uploads\/factory-13.webp\"\/><\/p>\n<p><img decoding=\"async\" src=\"\/wp-content\/uploads\/factory-14.webp\"\/><\/p>\n<h2>FAQ<\/h2>\n<p><strong>1. Was sind die Hauptanwendungen eines zylindrischen stranggepressten Aluminiumk\u00fchlk\u00f6rpers?<\/strong><br \/>Sie werden in erster Linie in elektronischen Ger\u00e4ten verwendet, um die W\u00e4rme effektiv abzuf\u00fchren.<\/p>\n<p><strong>2. Kann der Aluminiumk\u00fchlk\u00f6rper in Form und Gr\u00f6\u00dfe angepasst werden?<\/strong><br \/>Ja, wir bieten die Anpassung von Abmessungen und Profilen an Ihre speziellen Bed\u00fcrfnisse.<\/p>\n<p><strong>3. Ist der zylindrische Aluminiumk\u00fchlk\u00f6rper sowohl f\u00fcr den Innen- als auch f\u00fcr den Au\u00dfeneinsatz geeignet?<\/strong><br \/>Ja, er ist mit einer korrosionsbest\u00e4ndigen Oberfl\u00e4che f\u00fcr unterschiedliche Umgebungen konzipiert.<\/p>\n<p><strong>4. Wie verbessert der K\u00fchlk\u00f6rper das W\u00e4rmemanagement in Ger\u00e4ten?<\/strong><br \/>Sie vergr\u00f6\u00dfert die Oberfl\u00e4che f\u00fcr die W\u00e4rmeableitung und verbessert so die Leistung des Ger\u00e4ts.<\/p>\n<p><strong>5. Wie lange ist die Vorlaufzeit f\u00fcr Gro\u00dfbestellungen des K\u00fchlk\u00f6rpers?<\/strong><br \/>Die Lieferzeit h\u00e4ngt von der Gr\u00f6\u00dfe der Bestellung und der individuellen Gestaltung ab und betr\u00e4gt in der Regel zwischen 4 und 6 Wochen.<\/p>\n<p><strong>6. Kann ich technische Unterst\u00fctzung f\u00fcr den Einbau des K\u00fchlk\u00f6rpers in mein Produkt erhalten?<\/strong><br \/>Ja, wir bieten umfassende technische Unterst\u00fctzung, um eine nahtlose Integration zu gew\u00e4hrleisten.<\/p>\n<p><strong>7. K\u00f6nnen Sie Muster des K\u00fchlk\u00f6rpers f\u00fcr Tests zur Verf\u00fcgung stellen?<\/strong><br \/>Ja, es sind Muster erh\u00e4ltlich, um die Leistung und Eignung f\u00fcr Ihre Anwendung zu beurteilen.<\/p>\n<p><\/p>","protected":false},"featured_media":10793,"template":"","categories":[72],"class_list":["post-10979","product","type-product","status-publish","has-post-thumbnail","hentry","category-extruded-aluminum-heatsink"],"meta_box":{"hilight_text_group":[{"product_hilight_text":"<li>Engineered for optimal thermal management in electronics<\/li>\n<li>Custom extrusion profiles available to meet precise specifications<\/li>\n<li>Lightweight aluminum construction ensures easy installation<\/li>\n<li>Highly durable with corrosion-resistant finish<\/li>\n<li>Supports ODM services for bespoke designs<\/li>"}],"feature_list":[]},"_links":{"self":[{"href":"https:\/\/sinoextrud.com\/de\/wp-json\/wp\/v2\/product\/10979","targetHints":{"allow":["GET"]}}],"collection":[{"href":"https:\/\/sinoextrud.com\/de\/wp-json\/wp\/v2\/product"}],"about":[{"href":"https:\/\/sinoextrud.com\/de\/wp-json\/wp\/v2\/types\/product"}],"wp:featuredmedia":[{"embeddable":true,"href":"https:\/\/sinoextrud.com\/de\/wp-json\/wp\/v2\/media\/10793"}],"wp:attachment":[{"href":"https:\/\/sinoextrud.com\/de\/wp-json\/wp\/v2\/media?parent=10979"}],"wp:term":[{"taxonomy":"category","embeddable":true,"href":"https:\/\/sinoextrud.com\/de\/wp-json\/wp\/v2\/categories?post=10979"}],"curies":[{"name":"wp","href":"https:\/\/api.w.org\/{rel}","templated":true}]}}