{"id":10976,"date":"2025-08-01T03:28:59","date_gmt":"2025-08-01T03:28:59","guid":{"rendered":"https:\/\/sinoextrud.com\/product\/custom-cnc-aluminum-case-for-electronics\/"},"modified":"2025-08-01T03:28:59","modified_gmt":"2025-08-01T03:28:59","slug":"kundenspezifisches-cnc-aluminiumgehause-fur-elektronik","status":"publish","type":"product","link":"https:\/\/sinoextrud.com\/de\/product\/custom-cnc-aluminum-case-for-electronics\/","title":{"rendered":"Kundenspezifisches CNC-Aluminiumgeh\u00e4use f\u00fcr Elektronik"},"content":{"rendered":"<h2>Produkte Details<\/h2>\n<div class=\"product-table\">\n<div class=\"row\">\n<div class=\"cell label\">Klasse<\/div>\n<div class=\"cell value\">Serie 6000<\/div>\n<\/div>\n<div class=\"row\">\n<div class=\"cell label\">Toleranz<\/div>\n<div class=\"cell value\">\u00c2\u00b11%<\/div>\n<\/div>\n<div class=\"row\">\n<div class=\"cell label\">Lieferfrist<\/div>\n<div class=\"cell value\">15-21 Tage<\/div>\n<\/div>\n<div class=\"row\">\n<div class=\"cell label\">Temperament<\/div>\n<div class=\"cell value\">T3-T8<\/div>\n<\/div>\n<div class=\"row\">\n<div class=\"cell label\">Anmeldung<\/div>\n<div class=\"cell value\">Dekorationen<\/div>\n<\/div>\n<div class=\"row\">\n<div class=\"cell label\">Form<\/div>\n<div class=\"cell value\">geformt<\/div>\n<\/div>\n<div class=\"row\">\n<div class=\"cell label\">Legierung oder nicht<\/div>\n<div class=\"cell value\">Ist Legierung<\/div>\n<\/div>\n<div class=\"row\">\n<div class=\"cell label\">Bearbeitungsservice<\/div>\n<div class=\"cell value\">Stanzen, Schneiden, CNC, Fr\u00e4sen<\/div>\n<\/div>\n<div class=\"row\">\n<div class=\"cell label\">Material<\/div>\n<div class=\"cell value\">Legierung Serie 6000<\/div>\n<\/div>\n<div class=\"row\">\n<div class=\"cell label\">Oberfl\u00e4chenbehandlung<\/div>\n<div class=\"cell value\">anodisiert<\/div>\n<\/div>\n<div class=\"row\">\n<div class=\"cell label\">Farbe<\/div>\n<div class=\"cell value\">silbrig<\/div>\n<\/div>\n<div class=\"row\">\n<div class=\"cell label\">Name des Produkts<\/div>\n<div class=\"cell value\">hochpr\u00e4zise ausgew\u00e4hlte Materialien Heizk\u00f6rper Aluminiumprofil<\/div>\n<\/div>\n<div class=\"row\">\n<div class=\"cell label\">Verwendung<\/div>\n<div class=\"cell value\">Industrie<\/div>\n<\/div>\n<div class=\"row\">\n<div class=\"cell label\">L\u00e4nge<\/div>\n<div class=\"cell value\">angepasst<\/div>\n<\/div>\n<div class=\"row\">\n<div class=\"cell label\">Oberfl\u00e4che<\/div>\n<div class=\"cell value\">anodisiert<\/div>\n<\/div>\n<div class=\"row\">\n<div class=\"cell label\">Name<\/div>\n<div class=\"cell value\">hochpr\u00e4zise ausgew\u00e4hlte Materialien Heizk\u00f6rper Aluminiumprofil<\/div>\n<\/div>\n<div class=\"row\">\n<div class=\"cell label\">Verkaufende Einheiten<\/div>\n<div class=\"cell value\">Einzelnes Element<\/div>\n<\/div>\n<\/div>\n<p><\/p>\n<h2>Unsere Produktionsbasis<\/h2>\n<h3>Fabrik-Panorama<\/h3>\n<p><img decoding=\"async\" src=\"\/wp-content\/uploads\/factory-01.webp\"\/><\/p>\n<h3>Werkstatt zur Herstellung von Aluminiumstangen<\/h3>\n<p><img decoding=\"async\" src=\"\/wp-content\/uploads\/factory-02.webp\"\/><\/p>\n<p><img decoding=\"async\" src=\"\/wp-content\/uploads\/factory-03.webp\"\/><\/p>\n<h3>Lagerhaus f\u00fcr Formen<\/h3>\n<p><img decoding=\"async\" src=\"\/wp-content\/uploads\/factory-04.webp\"\/><\/p>\n<h3>43 Aluminium-Strangpressanlagen (500-5500 Tonnen)<\/h3>\n<p><img decoding=\"async\" src=\"\/wp-content\/uploads\/factory-05.webp\"\/><\/p>\n<p><img decoding=\"async\" src=\"\/wp-content\/uploads\/factory-06.webp\"\/><\/p>\n<p><img decoding=\"async\" src=\"\/wp-content\/uploads\/factory-07.webp\"\/><\/p>\n<h3>Werkstatt f\u00fcr Pulverbeschichtung<\/h3>\n<p><img decoding=\"async\" src=\"\/wp-content\/uploads\/factory-09.webp\"\/><\/p>\n<h3>Eloxal-Werkstatt<\/h3>\n<p><img decoding=\"async\" src=\"\/wp-content\/uploads\/factory-10.webp\"\/><\/p>\n<h3>Workshop zur Tiefenverarbeitung<\/h3>\n<p><img decoding=\"async\" src=\"\/wp-content\/uploads\/factory-11.webp\"\/><\/p>\n<h3>CNC-Pr\u00e4zisionsbearbeitungswerkstatt<\/h3>\n<p><img decoding=\"async\" src=\"\/wp-content\/uploads\/factory-11.5.webp\"\/><\/p>\n<h3>Lager f\u00fcr Fertigprodukte und Export<\/h3>\n<p><img decoding=\"async\" src=\"\/wp-content\/uploads\/factory-12.webp\"\/><\/p>\n<p><img decoding=\"async\" src=\"\/wp-content\/uploads\/factory-13.webp\"\/><\/p>\n<p><img decoding=\"async\" src=\"\/wp-content\/uploads\/factory-14.webp\"\/><\/p>\n<h2>FAQ<\/h2>\n<p><strong>1. Welche Materialien werden f\u00fcr das Aluminiumgeh\u00e4use verwendet?<\/strong><br \/>Das Aluminiumgeh\u00e4use ist aus hochwertigem Aluminium gefertigt und daher besonders langlebig.<\/p>\n<p><strong>2. Ist das Aluminiumgeh\u00e4use anpassbar?<\/strong><br \/>Ja, wir bieten die Anpassung von Gr\u00f6\u00dfe, Farbe und Design an die spezifischen Anforderungen des Unternehmens.<\/p>\n<p><strong>3. Kann das Aluminiumgeh\u00e4use Rost und Korrosion widerstehen?<\/strong><br \/>Ja, das Geh\u00e4use ist so konstruiert, dass es sehr widerstandsf\u00e4hig gegen Rost und Korrosion ist und somit eine lange Lebensdauer hat.<\/p>\n<p><strong>4. Ist das Aluminiumgeh\u00e4use f\u00fcr elektronische Bauteile geeignet?<\/strong><br \/>Auf jeden Fall ist es ideal f\u00fcr den Schutz empfindlicher elektronischer Komponenten.<\/p>\n<p><strong>5. Bieten Sie Mengenrabatte f\u00fcr gro\u00dfe Bestellungen an?<\/strong><br \/>Ja, bei gr\u00f6\u00dferen Bestellungen sind wettbewerbsf\u00e4hige Preise und Mengenrabatte m\u00f6glich.<\/p>\n<p><strong>6. Welche Oberfl\u00e4chen sind f\u00fcr das Aluminiumgeh\u00e4use erh\u00e4ltlich?<\/strong><br \/>Wir bieten verschiedene Oberfl\u00e4chen an, darunter Eloxal- und Pulverbeschichtungsoptionen.<\/p>\n<p><strong>7. Kann das Aluminiumgeh\u00e4use in industriellen Umgebungen verwendet werden?<\/strong><br \/>Ja, er ist robust genug f\u00fcr anspruchsvolle industrielle Umgebungen und Anwendungen.<\/p>\n<p><\/p>","protected":false},"featured_media":10739,"template":"","categories":[55],"class_list":["post-10976","product","type-product","status-publish","has-post-thumbnail","hentry","category-extruded-aluminum-profiles"],"meta_box":{"hilight_text_group":[{"product_hilight_text":"<li>Lightweight yet durable construction for various uses<\/li>\n<li>Highly resistant to corrosion and rust, ensuring long-term reliability<\/li>\n<li>Customizable dimensions and design to fit specific business needs<\/li>\n<li>Premium quality finish with options for anodized or powder coating<\/li>\n<li>Well-suited for both electronic and industrial applications<\/li>"}],"feature_list":[]},"_links":{"self":[{"href":"https:\/\/sinoextrud.com\/de\/wp-json\/wp\/v2\/product\/10976","targetHints":{"allow":["GET"]}}],"collection":[{"href":"https:\/\/sinoextrud.com\/de\/wp-json\/wp\/v2\/product"}],"about":[{"href":"https:\/\/sinoextrud.com\/de\/wp-json\/wp\/v2\/types\/product"}],"wp:featuredmedia":[{"embeddable":true,"href":"https:\/\/sinoextrud.com\/de\/wp-json\/wp\/v2\/media\/10739"}],"wp:attachment":[{"href":"https:\/\/sinoextrud.com\/de\/wp-json\/wp\/v2\/media?parent=10976"}],"wp:term":[{"taxonomy":"category","embeddable":true,"href":"https:\/\/sinoextrud.com\/de\/wp-json\/wp\/v2\/categories?post=10976"}],"curies":[{"name":"wp","href":"https:\/\/api.w.org\/{rel}","templated":true}]}}