{"id":10975,"date":"2025-08-01T03:28:57","date_gmt":"2025-08-01T03:28:57","guid":{"rendered":"https:\/\/sinoextrud.com\/product\/led-bulbs-heat-sink-for-lighting-cooling\/"},"modified":"2025-08-01T03:28:57","modified_gmt":"2025-08-01T03:28:57","slug":"led-gluhbirnen-kuhlkorper-fur-beleuchtung-kuhlung","status":"publish","type":"product","link":"https:\/\/sinoextrud.com\/de\/product\/led-bulbs-heat-sink-for-lighting-cooling\/","title":{"rendered":"LED-Lampen K\u00fchlk\u00f6rper f\u00fcr Beleuchtung K\u00fchlung"},"content":{"rendered":"<h2>Produkte Details<\/h2>\n<div class=\"product-table\">\n<div class=\"row\">\n<div class=\"cell label\">Oberfl\u00e4chenbehandlung<\/div>\n<div class=\"cell value\">Anodische Oxidation<\/div>\n<\/div>\n<div class=\"row\">\n<div class=\"cell label\">Form<\/div>\n<div class=\"cell value\">RUND<\/div>\n<\/div>\n<div class=\"row\">\n<div class=\"cell label\">Material des Geh\u00e4uses<\/div>\n<div class=\"cell value\">Aluminium<\/div>\n<\/div>\n<div class=\"row\">\n<div class=\"cell label\">Typ<\/div>\n<div class=\"cell value\">W\u00e4rmesenken<\/div>\n<\/div>\n<div class=\"row\">\n<div class=\"cell label\">Service f\u00fcr Beleuchtungsl\u00f6sungen<\/div>\n<div class=\"cell value\">Beleuchtungs- und Schaltungsdesign, Auto-CAD-Layout<\/div>\n<\/div>\n<div class=\"row\">\n<div class=\"cell label\">Garantie (Jahr)<\/div>\n<div class=\"cell value\">3-Jahres<\/div>\n<\/div>\n<div class=\"row\">\n<div class=\"cell label\">Prozess<\/div>\n<div class=\"cell value\">Kaltflie\u00dfpressen<\/div>\n<\/div>\n<div class=\"row\">\n<div class=\"cell label\">IP-Bewertung<\/div>\n<div class=\"cell value\">IP65<\/div>\n<\/div>\n<div class=\"row\">\n<div class=\"cell label\">K\u00f6rperfarbe<\/div>\n<div class=\"cell value\">Schwarz<\/div>\n<\/div>\n<div class=\"row\">\n<div class=\"cell label\">Name des Produkts<\/div>\n<div class=\"cell value\">Aluminium Led K\u00fchlk\u00f6rper<\/div>\n<\/div>\n<div class=\"row\">\n<div class=\"cell label\">Modell<\/div>\n<div class=\"cell value\">YL15660<\/div>\n<\/div>\n<div class=\"row\">\n<div class=\"cell label\">Dimension<\/div>\n<div class=\"cell value\">Durchmesser153*H60<\/div>\n<\/div>\n<div class=\"row\">\n<div class=\"cell label\">Strom<\/div>\n<div class=\"cell value\">50-70W<\/div>\n<\/div>\n<div class=\"row\">\n<div class=\"cell label\">Material<\/div>\n<div class=\"cell value\">AL1070<\/div>\n<\/div>\n<div class=\"row\">\n<div class=\"cell label\">Anmeldung<\/div>\n<div class=\"cell value\">Led-Beleuchtung W\u00e4rmesenke<\/div>\n<\/div>\n<div class=\"row\">\n<div class=\"cell label\">Farbe<\/div>\n<div class=\"cell value\">Schwarz etc.<\/div>\n<\/div>\n<div class=\"row\">\n<div class=\"cell label\">Verwendung<\/div>\n<div class=\"cell value\">LED-K\u00fchlk\u00f6rper Aluminium-K\u00fchlk\u00f6rper<\/div>\n<\/div>\n<div class=\"row\">\n<div class=\"cell label\">Personalisierung<\/div>\n<div class=\"cell value\">Verf\u00fcgbar<\/div>\n<\/div>\n<div class=\"row\">\n<div class=\"cell label\">Verarbeitungstechnik<\/div>\n<div class=\"cell value\">Anodische Oxidation<\/div>\n<\/div>\n<div class=\"row\">\n<div class=\"cell label\">Verkaufende Einheiten<\/div>\n<div class=\"cell value\">Einzelnes Element<\/div>\n<\/div>\n<div class=\"row\">\n<div class=\"cell label\">Einzelne Packungsgr\u00f6\u00dfe<\/div>\n<div class=\"cell value\">15,5X15,5X6,5 cm<\/div>\n<\/div>\n<div class=\"row\">\n<div class=\"cell label\">Einfaches Bruttogewicht<\/div>\n<div class=\"cell value\">1.500 KG<\/div>\n<\/div>\n<\/div>\n<p><\/p>\n<h2>Unsere Produktionsbasis<\/h2>\n<h3>Fabrik-Panorama<\/h3>\n<p><img decoding=\"async\" src=\"\/wp-content\/uploads\/factory-01.webp\"\/><\/p>\n<h3>Werkstatt zur Herstellung von Aluminiumstangen<\/h3>\n<p><img decoding=\"async\" src=\"\/wp-content\/uploads\/factory-02.webp\"\/><\/p>\n<p><img decoding=\"async\" src=\"\/wp-content\/uploads\/factory-03.webp\"\/><\/p>\n<h3>Lagerhaus f\u00fcr Formen<\/h3>\n<p><img decoding=\"async\" src=\"\/wp-content\/uploads\/factory-04.webp\"\/><\/p>\n<h3>43 Aluminium-Strangpressanlagen (500-5500 Tonnen)<\/h3>\n<p><img decoding=\"async\" src=\"\/wp-content\/uploads\/factory-05.webp\"\/><\/p>\n<p><img decoding=\"async\" src=\"\/wp-content\/uploads\/factory-06.webp\"\/><\/p>\n<p><img decoding=\"async\" src=\"\/wp-content\/uploads\/factory-07.webp\"\/><\/p>\n<h3>Werkstatt f\u00fcr Pulverbeschichtung<\/h3>\n<p><img decoding=\"async\" src=\"\/wp-content\/uploads\/factory-09.webp\"\/><\/p>\n<h3>Eloxal-Werkstatt<\/h3>\n<p><img decoding=\"async\" src=\"\/wp-content\/uploads\/factory-10.webp\"\/><\/p>\n<h3>Workshop zur Tiefenverarbeitung<\/h3>\n<p><img decoding=\"async\" src=\"\/wp-content\/uploads\/factory-11.webp\"\/><\/p>\n<h3>CNC-Pr\u00e4zisionsbearbeitungswerkstatt<\/h3>\n<p><img decoding=\"async\" src=\"\/wp-content\/uploads\/factory-11.5.webp\"\/><\/p>\n<h3>Lager f\u00fcr Fertigprodukte und Export<\/h3>\n<p><img decoding=\"async\" src=\"\/wp-content\/uploads\/factory-12.webp\"\/><\/p>\n<p><img decoding=\"async\" src=\"\/wp-content\/uploads\/factory-13.webp\"\/><\/p>\n<p><img decoding=\"async\" src=\"\/wp-content\/uploads\/factory-14.webp\"\/><\/p>\n<h2>FAQ<\/h2>\n<p><strong>1. Was ist der Zweck eines K\u00fchlk\u00f6rpers in LED-Lampen?<\/strong><br \/>Ein K\u00fchlk\u00f6rper in LED-Gl\u00fchbirnen tr\u00e4gt zur W\u00e4rmeableitung bei und verl\u00e4ngert die Lebensdauer der LEDs.<\/p>\n<p><strong>2. Kann der LED-Gl\u00fchbirnen K\u00fchlk\u00f6rper angepasst werden?<\/strong><br \/>Ja, wir bieten Anpassungsm\u00f6glichkeiten an, um verschiedene LED-Designanforderungen zu erf\u00fcllen.<\/p>\n<p><strong>3. Welche Materialien werden f\u00fcr den K\u00fchlk\u00f6rper der LED-Lampen verwendet?<\/strong><br \/>Der K\u00fchlk\u00f6rper ist aus hochwertigen, langlebigen Materialien gefertigt, die die thermische Leistung verbessern.<\/p>\n<p><strong>4. Verbessert die Verwendung eines K\u00fchlk\u00f6rpers die LED-Effizienz?<\/strong><br \/>Ja, eine gute W\u00e4rmeableitung tr\u00e4gt dazu bei, die Effizienz der LEDs zu erhalten, indem sie eine \u00dcberhitzung verhindert.<\/p>\n<p><strong>5. Gibt es verschiedene Gr\u00f6\u00dfen f\u00fcr die LED-Birnen K\u00fchlk\u00f6rper zur Verf\u00fcgung?<\/strong><br \/>Ja, wir bieten verschiedene Gr\u00f6\u00dfen an, um unterschiedliche Lampenkonstruktionen und Anwendungen zu erm\u00f6glichen.<\/p>\n<p><strong>6. Ist der LED-Lampen-K\u00fchlk\u00f6rper mit allen Arten von LED-Lampen kompatibel?<\/strong><br \/>Die K\u00fchlk\u00f6rper sind mit einer breiten Palette von LED-Lampen kompatibel, k\u00f6nnen aber auch f\u00fcr bestimmte Typen angepasst werden.<\/p>\n<p><strong>7. Bieten Sie technische Unterst\u00fctzung f\u00fcr die Integration des K\u00fchlk\u00f6rpers in unsere Produkte an?<\/strong><br \/>Ja, wir bieten technische Unterst\u00fctzung bei der Integration unserer K\u00fchlk\u00f6rper in Ihre LED-Produkte.<\/p>\n<p><\/p>","protected":false},"featured_media":10812,"template":"","categories":[72],"class_list":["post-10975","product","type-product","status-publish","has-post-thumbnail","hentry","category-extruded-aluminum-heatsink"],"meta_box":{"hilight_text_group":[{"product_hilight_text":"<li>Optimized for effective heat dissipation in LED lighting<\/li>\n<li>Enhances lifespan and performance of LED bulbs<\/li>\n<li>Available in various sizes and designs for different LED applications<\/li>\n<li>Constructed from high-quality materials ensuring durability<\/li>\n<li>Supports custom designs to fit specific brand needs<\/li>"}],"feature_list":[]},"_links":{"self":[{"href":"https:\/\/sinoextrud.com\/de\/wp-json\/wp\/v2\/product\/10975","targetHints":{"allow":["GET"]}}],"collection":[{"href":"https:\/\/sinoextrud.com\/de\/wp-json\/wp\/v2\/product"}],"about":[{"href":"https:\/\/sinoextrud.com\/de\/wp-json\/wp\/v2\/types\/product"}],"wp:featuredmedia":[{"embeddable":true,"href":"https:\/\/sinoextrud.com\/de\/wp-json\/wp\/v2\/media\/10812"}],"wp:attachment":[{"href":"https:\/\/sinoextrud.com\/de\/wp-json\/wp\/v2\/media?parent=10975"}],"wp:term":[{"taxonomy":"category","embeddable":true,"href":"https:\/\/sinoextrud.com\/de\/wp-json\/wp\/v2\/categories?post=10975"}],"curies":[{"name":"wp","href":"https:\/\/api.w.org\/{rel}","templated":true}]}}