{"id":10969,"date":"2025-08-01T03:20:05","date_gmt":"2025-08-01T03:20:05","guid":{"rendered":"https:\/\/sinoextrud.com\/product\/large-aluminum-heat-sink-for-heavy-duty-devices\/"},"modified":"2025-08-01T03:20:05","modified_gmt":"2025-08-01T03:20:05","slug":"groser-aluminiumkuhlkorper-fur-hochleistungsgerate","status":"publish","type":"product","link":"https:\/\/sinoextrud.com\/de\/product\/large-aluminum-heat-sink-for-heavy-duty-devices\/","title":{"rendered":"Gro\u00dfer Aluminiumk\u00fchlk\u00f6rper f\u00fcr Hochleistungsger\u00e4te"},"content":{"rendered":"<h2>Produkte Details<\/h2>\n<div class=\"product-table\">\n<div class=\"row\">\n<div class=\"cell label\">Klasse<\/div>\n<div class=\"cell value\">Serie 6000<\/div>\n<\/div>\n<div class=\"row\">\n<div class=\"cell label\">Toleranz<\/div>\n<div class=\"cell value\">GB\/T 3190-2008,GB\/T 14846-2008,ISO 2768<\/div>\n<\/div>\n<div class=\"row\">\n<div class=\"cell label\">Lieferfrist<\/div>\n<div class=\"cell value\">22-30 Tage<\/div>\n<\/div>\n<div class=\"row\">\n<div class=\"cell label\">Temperament<\/div>\n<div class=\"cell value\">T3-T8<\/div>\n<\/div>\n<div class=\"row\">\n<div class=\"cell label\">Anmeldung<\/div>\n<div class=\"cell value\">W\u00e4rmesenke<\/div>\n<\/div>\n<div class=\"row\">\n<div class=\"cell label\">Form<\/div>\n<div class=\"cell value\">Benutzerdefiniert<\/div>\n<\/div>\n<div class=\"row\">\n<div class=\"cell label\">Legierung oder nicht<\/div>\n<div class=\"cell value\">Ist Legierung<\/div>\n<\/div>\n<div class=\"row\">\n<div class=\"cell label\">Bearbeitungsservice<\/div>\n<div class=\"cell value\">Schneiden, Bohren und Gewindeschneiden, CNC-Bearbeitung, Eloxieren<\/div>\n<\/div>\n<div class=\"row\">\n<div class=\"cell label\">Gewicht<\/div>\n<div class=\"cell value\">26,4 kg\/m<\/div>\n<\/div>\n<div class=\"row\">\n<div class=\"cell label\">Oberfl\u00e4chenbehandlung<\/div>\n<div class=\"cell value\">(Schwarz) eloxiert<\/div>\n<\/div>\n<div class=\"row\">\n<div class=\"cell label\">Standard-Formen Anzahl<\/div>\n<div class=\"cell value\">30.000+S\u00e4tze<\/div>\n<\/div>\n<div class=\"row\">\n<div class=\"cell label\">Verkaufende Einheiten<\/div>\n<div class=\"cell value\">Einzelnes Element<\/div>\n<\/div>\n<div class=\"row\">\n<div class=\"cell label\">Einzelne Packungsgr\u00f6\u00dfe<\/div>\n<div class=\"cell value\">62X42X8 cm<\/div>\n<\/div>\n<div class=\"row\">\n<div class=\"cell label\">Einfaches Bruttogewicht<\/div>\n<div class=\"cell value\">18.000 KG<\/div>\n<\/div>\n<\/div>\n<p><\/p>\n<h2>Unsere Produktionsbasis<\/h2>\n<h3>Fabrik-Panorama<\/h3>\n<p><img decoding=\"async\" src=\"\/wp-content\/uploads\/factory-01.webp\"\/><\/p>\n<h3>Werkstatt zur Herstellung von Aluminiumstangen<\/h3>\n<p><img decoding=\"async\" src=\"\/wp-content\/uploads\/factory-02.webp\"\/><\/p>\n<p><img decoding=\"async\" src=\"\/wp-content\/uploads\/factory-03.webp\"\/><\/p>\n<h3>Lagerhaus f\u00fcr Formen<\/h3>\n<p><img decoding=\"async\" src=\"\/wp-content\/uploads\/factory-04.webp\"\/><\/p>\n<h3>43 Aluminium-Strangpressanlagen (500-5500 Tonnen)<\/h3>\n<p><img decoding=\"async\" src=\"\/wp-content\/uploads\/factory-05.webp\"\/><\/p>\n<p><img decoding=\"async\" src=\"\/wp-content\/uploads\/factory-06.webp\"\/><\/p>\n<p><img decoding=\"async\" src=\"\/wp-content\/uploads\/factory-07.webp\"\/><\/p>\n<h3>Werkstatt f\u00fcr Pulverbeschichtung<\/h3>\n<p><img decoding=\"async\" src=\"\/wp-content\/uploads\/factory-09.webp\"\/><\/p>\n<h3>Eloxal-Werkstatt<\/h3>\n<p><img decoding=\"async\" src=\"\/wp-content\/uploads\/factory-10.webp\"\/><\/p>\n<h3>Workshop zur Tiefenverarbeitung<\/h3>\n<p><img decoding=\"async\" src=\"\/wp-content\/uploads\/factory-11.webp\"\/><\/p>\n<h3>CNC-Pr\u00e4zisionsbearbeitungswerkstatt<\/h3>\n<p><img decoding=\"async\" src=\"\/wp-content\/uploads\/factory-11.5.webp\"\/><\/p>\n<h3>Lager f\u00fcr Fertigprodukte und Export<\/h3>\n<p><img decoding=\"async\" src=\"\/wp-content\/uploads\/factory-12.webp\"\/><\/p>\n<p><img decoding=\"async\" src=\"\/wp-content\/uploads\/factory-13.webp\"\/><\/p>\n<p><img decoding=\"async\" src=\"\/wp-content\/uploads\/factory-14.webp\"\/><\/p>\n<h2>FAQ<\/h2>\n<p><strong>1. Welche Materialien werden f\u00fcr den gro\u00dfen Aluminiumk\u00fchlk\u00f6rper verwendet?<\/strong><br \/>Der Large Aluminum Heat Sink ist aus hochwertigem Aluminium gefertigt, das f\u00fcr seine hervorragende W\u00e4rmeleitf\u00e4higkeit bekannt ist.<\/p>\n<p><strong>2. Kann die Gr\u00f6\u00dfe des Aluminiumk\u00fchlk\u00f6rpers angepasst werden?<\/strong><br \/>Ja, wir bieten anpassbare Abmessungen, um Ihren spezifischen Anwendungsanforderungen gerecht zu werden.<\/p>\n<p><strong>3. Wie verbessert der gro\u00dfe Aluminiumk\u00fchlk\u00f6rper das W\u00e4rmemanagement?<\/strong><br \/>Es leitet die W\u00e4rme effizient ab, verhindert eine \u00dcberhitzung und verbessert die Ger\u00e4teleistung.<\/p>\n<p><strong>4. Ist der K\u00fchlk\u00f6rper f\u00fcr Hochleistungselektronik geeignet?<\/strong><br \/>Ja, er ist f\u00fcr die W\u00e4rmeabgabe von elektronischen Hochleistungsger\u00e4ten ausgelegt.<\/p>\n<p><strong>5. Welche Branchen k\u00f6nnen von der Verwendung dieses Aluminiumk\u00fchlk\u00f6rpers profitieren?<\/strong><br \/>Es ist ideal f\u00fcr Branchen wie Elektronik, Automobil und Telekommunikation.<\/p>\n<p><strong>6. Was ist die Mindestbestellmenge f\u00fcr den gro\u00dfen Aluminiumk\u00fchlk\u00f6rper?<\/strong><br \/>Die Mindestbestellmenge h\u00e4ngt vom Grad der Individualisierung ab und beginnt in der Regel bei 500 St\u00fcck.<\/p>\n<p><strong>7. Erfordert der gro\u00dfe Aluminiumk\u00fchlk\u00f6rper eine besondere Befestigungsmethode?<\/strong><br \/>Nein, er ist so vielseitig konzipiert, dass er sich leicht in verschiedene Systeme integrieren l\u00e4sst.<\/p>\n<p><\/p>","protected":false},"featured_media":10817,"template":"","categories":[72],"class_list":["post-10969","product","type-product","status-publish","has-post-thumbnail","hentry","category-extruded-aluminum-heatsink"],"meta_box":{"hilight_text_group":[{"product_hilight_text":"<li>Efficient heat dissipation for enhanced thermal management<\/li>\n<li>Constructed from high-grade aluminum for superior heat conduction<\/li>\n<li>Customizable dimensions and finishes to fit specific applications<\/li>\n<li>Lightweight yet durable design for easy integration<\/li>\n<li>Compatible with a wide range of electronic devices and components<\/li>"}],"feature_list":[]},"_links":{"self":[{"href":"https:\/\/sinoextrud.com\/de\/wp-json\/wp\/v2\/product\/10969","targetHints":{"allow":["GET"]}}],"collection":[{"href":"https:\/\/sinoextrud.com\/de\/wp-json\/wp\/v2\/product"}],"about":[{"href":"https:\/\/sinoextrud.com\/de\/wp-json\/wp\/v2\/types\/product"}],"wp:featuredmedia":[{"embeddable":true,"href":"https:\/\/sinoextrud.com\/de\/wp-json\/wp\/v2\/media\/10817"}],"wp:attachment":[{"href":"https:\/\/sinoextrud.com\/de\/wp-json\/wp\/v2\/media?parent=10969"}],"wp:term":[{"taxonomy":"category","embeddable":true,"href":"https:\/\/sinoextrud.com\/de\/wp-json\/wp\/v2\/categories?post=10969"}],"curies":[{"name":"wp","href":"https:\/\/api.w.org\/{rel}","templated":true}]}}