{"id":10965,"date":"2025-08-01T03:18:15","date_gmt":"2025-08-01T03:18:15","guid":{"rendered":"https:\/\/sinoextrud.com\/product\/round-aluminum-heat-sink-for-led-modules\/"},"modified":"2025-08-01T03:18:15","modified_gmt":"2025-08-01T03:18:15","slug":"runder-aluminium-kuhlkorper-fur-led-module","status":"publish","type":"product","link":"https:\/\/sinoextrud.com\/de\/product\/round-aluminum-heat-sink-for-led-modules\/","title":{"rendered":"Runder Aluminium-K\u00fchlk\u00f6rper f\u00fcr LED-Module"},"content":{"rendered":"<h2>Produkte Details<\/h2>\n<div class=\"product-table\">\n<div class=\"row\">\n<div class=\"cell label\">Typ<\/div>\n<div class=\"cell value\">K\u00fchlk\u00f6rper<\/div>\n<\/div>\n<div class=\"row\">\n<div class=\"cell label\">Anbringungsmethode<\/div>\n<div class=\"cell value\">Extrusion<\/div>\n<\/div>\n<div class=\"row\">\n<div class=\"cell label\">Material<\/div>\n<div class=\"cell value\">Aluminium-Legierung<\/div>\n<\/div>\n<div class=\"row\">\n<div class=\"cell label\">Gr\u00f6\u00dfe\/Abmessung<\/div>\n<div class=\"cell value\">T86*30mm<\/div>\n<\/div>\n<div class=\"row\">\n<div class=\"cell label\">Anmeldung<\/div>\n<div class=\"cell value\">LED-Licht, LED-Stra\u00dfenlaterne, Kappenlampe, Deckenleuchte usw.<\/div>\n<\/div>\n<div class=\"row\">\n<div class=\"cell label\">Verkaufende Einheiten<\/div>\n<div class=\"cell value\">Einzelnes Element<\/div>\n<\/div>\n<\/div>\n<p><\/p>\n<h2>Unsere Produktionsbasis<\/h2>\n<h3>Fabrik-Panorama<\/h3>\n<p><img decoding=\"async\" src=\"\/wp-content\/uploads\/factory-01.webp\"\/><\/p>\n<h3>Werkstatt zur Herstellung von Aluminiumstangen<\/h3>\n<p><img decoding=\"async\" src=\"\/wp-content\/uploads\/factory-02.webp\"\/><\/p>\n<p><img decoding=\"async\" src=\"\/wp-content\/uploads\/factory-03.webp\"\/><\/p>\n<h3>Lagerhaus f\u00fcr Formen<\/h3>\n<p><img decoding=\"async\" src=\"\/wp-content\/uploads\/factory-04.webp\"\/><\/p>\n<h3>43 Aluminium-Strangpressanlagen (500-5500 Tonnen)<\/h3>\n<p><img decoding=\"async\" src=\"\/wp-content\/uploads\/factory-05.webp\"\/><\/p>\n<p><img decoding=\"async\" src=\"\/wp-content\/uploads\/factory-06.webp\"\/><\/p>\n<p><img decoding=\"async\" src=\"\/wp-content\/uploads\/factory-07.webp\"\/><\/p>\n<h3>Werkstatt f\u00fcr Pulverbeschichtung<\/h3>\n<p><img decoding=\"async\" src=\"\/wp-content\/uploads\/factory-09.webp\"\/><\/p>\n<h3>Eloxal-Werkstatt<\/h3>\n<p><img decoding=\"async\" src=\"\/wp-content\/uploads\/factory-10.webp\"\/><\/p>\n<h3>Workshop zur Tiefenverarbeitung<\/h3>\n<p><img decoding=\"async\" src=\"\/wp-content\/uploads\/factory-11.webp\"\/><\/p>\n<h3>CNC-Pr\u00e4zisionsbearbeitungswerkstatt<\/h3>\n<p><img decoding=\"async\" src=\"\/wp-content\/uploads\/factory-11.5.webp\"\/><\/p>\n<h3>Lager f\u00fcr Fertigprodukte und Export<\/h3>\n<p><img decoding=\"async\" src=\"\/wp-content\/uploads\/factory-12.webp\"\/><\/p>\n<p><img decoding=\"async\" src=\"\/wp-content\/uploads\/factory-13.webp\"\/><\/p>\n<p><img decoding=\"async\" src=\"\/wp-content\/uploads\/factory-14.webp\"\/><\/p>\n<h2>FAQ<\/h2>\n<p><strong>1. Wozu wird ein runder Aluminiumk\u00fchlk\u00f6rper verwendet?<\/strong><br \/>Runde Aluminiumk\u00fchlk\u00f6rper werden f\u00fcr ein effektives W\u00e4rmemanagement in verschiedenen elektronischen Anwendungen eingesetzt.<\/p>\n<p><strong>2. Kann der Aluminiumk\u00fchlk\u00f6rper individuell angepasst werden?<\/strong><br \/>Ja, wir bieten die Anpassung von Gr\u00f6\u00dfen und Formen an spezifische Anforderungen.<\/p>\n<p><strong>3. Was macht Aluminium zu einer guten Wahl f\u00fcr K\u00fchlk\u00f6rper?<\/strong><br \/>Aluminium ist leicht und hat eine hervorragende W\u00e4rmeleitf\u00e4higkeit, was es ideal f\u00fcr die W\u00e4rmeableitung macht.<\/p>\n<p><strong>4. Ist das Material des K\u00fchlk\u00f6rpers korrosionsbest\u00e4ndig?<\/strong><br \/>Ja, der Aluminiumk\u00fchlk\u00f6rper ist korrosionsbest\u00e4ndig und daher besonders langlebig.<\/p>\n<p><strong>5. Wie wirkt sich die Konstruktion auf die W\u00e4rmeableitung aus?<\/strong><br \/>Das runde Design erm\u00f6glicht eine optimale Luftzirkulation und verbessert die W\u00e4rmeableitungsleistung.<\/p>\n<p><strong>6. Sind diese K\u00fchlk\u00f6rper f\u00fcr industrielle Anwendungen geeignet?<\/strong><br \/>Ja, unsere runden Aluminiumk\u00fchlk\u00f6rper eignen sich f\u00fcr eine Vielzahl von industriellen Anwendungen.<\/p>\n<p><strong>7. Bieten Sie internationalen Versand f\u00fcr diese K\u00fchlk\u00f6rper an?<\/strong><br \/>Ja, wir bieten internationalen Versand mit umfassender logistischer Unterst\u00fctzung.<\/p>\n<p><\/p>","protected":false},"featured_media":10819,"template":"","categories":[55],"class_list":["post-10965","product","type-product","status-publish","has-post-thumbnail","hentry","category-extruded-aluminum-profiles"],"meta_box":{"hilight_text_group":[{"product_hilight_text":"<li>Efficient thermal management for electronic components<\/li>\n<li>Lightweight design with high-quality aluminum construction<\/li>\n<li>Customizable sizes and shapes for specific applications<\/li>\n<li>High-performance heat dissipation with optimal airflow design<\/li>\n<li>Corrosion-resistant and durable for long-term use<\/li>"}],"feature_list":[]},"_links":{"self":[{"href":"https:\/\/sinoextrud.com\/de\/wp-json\/wp\/v2\/product\/10965","targetHints":{"allow":["GET"]}}],"collection":[{"href":"https:\/\/sinoextrud.com\/de\/wp-json\/wp\/v2\/product"}],"about":[{"href":"https:\/\/sinoextrud.com\/de\/wp-json\/wp\/v2\/types\/product"}],"wp:featuredmedia":[{"embeddable":true,"href":"https:\/\/sinoextrud.com\/de\/wp-json\/wp\/v2\/media\/10819"}],"wp:attachment":[{"href":"https:\/\/sinoextrud.com\/de\/wp-json\/wp\/v2\/media?parent=10965"}],"wp:term":[{"taxonomy":"category","embeddable":true,"href":"https:\/\/sinoextrud.com\/de\/wp-json\/wp\/v2\/categories?post=10965"}],"curies":[{"name":"wp","href":"https:\/\/api.w.org\/{rel}","templated":true}]}}