{"id":10959,"date":"2025-08-01T03:18:05","date_gmt":"2025-08-01T03:18:05","guid":{"rendered":"https:\/\/sinoextrud.com\/product\/liquid-cooled-plate-heat-sink-for-electronics\/"},"modified":"2025-08-01T03:18:05","modified_gmt":"2025-08-01T03:18:05","slug":"flussigkeitsgekuhlter-plattenkuhlkorper-fur-elektronik","status":"publish","type":"product","link":"https:\/\/sinoextrud.com\/de\/product\/liquid-cooled-plate-heat-sink-for-electronics\/","title":{"rendered":"Fl\u00fcssigkeitsgek\u00fchlter Plattenk\u00fchlk\u00f6rper f\u00fcr Elektronik"},"content":{"rendered":"<h2>Produkte Details<\/h2>\n<div class=\"product-table\">\n<div class=\"row\">\n<div class=\"cell label\">CNC-Bearbeitung oder nicht<\/div>\n<div class=\"cell value\">Cnc-Bearbeitung<\/div>\n<\/div>\n<div class=\"row\">\n<div class=\"cell label\">Materialf\u00e4higkeiten<\/div>\n<div class=\"cell value\">Aluminium<\/div>\n<\/div>\n<div class=\"row\">\n<div class=\"cell label\">Typ<\/div>\n<div class=\"cell value\">Sonstige Bearbeitungen<\/div>\n<\/div>\n<div class=\"row\">\n<div class=\"cell label\">Mikro-Bearbeitung oder nicht<\/div>\n<div class=\"cell value\">Mikro-Bearbeitung<\/div>\n<\/div>\n<div class=\"row\">\n<div class=\"cell label\">Verkaufende Einheiten<\/div>\n<div class=\"cell value\">Einzelnes Element<\/div>\n<\/div>\n<\/div>\n<p><\/p>\n<h2>Unsere Produktionsbasis<\/h2>\n<h3>Fabrik-Panorama<\/h3>\n<p><img decoding=\"async\" src=\"\/wp-content\/uploads\/factory-01.webp\"\/><\/p>\n<h3>Werkstatt zur Herstellung von Aluminiumstangen<\/h3>\n<p><img decoding=\"async\" src=\"\/wp-content\/uploads\/factory-02.webp\"\/><\/p>\n<p><img decoding=\"async\" src=\"\/wp-content\/uploads\/factory-03.webp\"\/><\/p>\n<h3>Lagerhaus f\u00fcr Formen<\/h3>\n<p><img decoding=\"async\" src=\"\/wp-content\/uploads\/factory-04.webp\"\/><\/p>\n<h3>43 Aluminium-Strangpressanlagen (500-5500 Tonnen)<\/h3>\n<p><img decoding=\"async\" src=\"\/wp-content\/uploads\/factory-05.webp\"\/><\/p>\n<p><img decoding=\"async\" src=\"\/wp-content\/uploads\/factory-06.webp\"\/><\/p>\n<p><img decoding=\"async\" src=\"\/wp-content\/uploads\/factory-07.webp\"\/><\/p>\n<h3>Werkstatt f\u00fcr Pulverbeschichtung<\/h3>\n<p><img decoding=\"async\" src=\"\/wp-content\/uploads\/factory-09.webp\"\/><\/p>\n<h3>Eloxal-Werkstatt<\/h3>\n<p><img decoding=\"async\" src=\"\/wp-content\/uploads\/factory-10.webp\"\/><\/p>\n<h3>Workshop zur Tiefenverarbeitung<\/h3>\n<p><img decoding=\"async\" src=\"\/wp-content\/uploads\/factory-11.webp\"\/><\/p>\n<h3>CNC-Pr\u00e4zisionsbearbeitungswerkstatt<\/h3>\n<p><img decoding=\"async\" src=\"\/wp-content\/uploads\/factory-11.5.webp\"\/><\/p>\n<h3>Lager f\u00fcr Fertigprodukte und Export<\/h3>\n<p><img decoding=\"async\" src=\"\/wp-content\/uploads\/factory-12.webp\"\/><\/p>\n<p><img decoding=\"async\" src=\"\/wp-content\/uploads\/factory-13.webp\"\/><\/p>\n<p><img decoding=\"async\" src=\"\/wp-content\/uploads\/factory-14.webp\"\/><\/p>\n<h2>FAQ<\/h2>\n<p><strong>1. Was ist ein fl\u00fcssigkeitsgek\u00fchlter Plattenk\u00fchlk\u00f6rper?<\/strong><br \/>Ein fl\u00fcssigkeitsgek\u00fchlter Plattenk\u00fchlk\u00f6rper ist ein Ger\u00e4t, das zur Ableitung von W\u00e4rme aus der Elektronik verwendet wird, indem das K\u00fchlmittel durch eine Plattenstruktur zirkuliert.<\/p>\n<p><strong>2. Wie funktioniert der fl\u00fcssigkeitsgek\u00fchlte Plattenk\u00fchlk\u00f6rper?<\/strong><br \/>Er funktioniert, indem er die W\u00e4rme von den elektronischen Bauteilen auf das K\u00fchlmittel \u00fcbertr\u00e4gt, das dann abgef\u00fchrt wird, wodurch die Temperaturen sinken.<\/p>\n<p><strong>3. Kann die Gr\u00f6\u00dfe des K\u00fchlk\u00f6rpers angepasst werden?<\/strong><br \/>Ja, unsere fl\u00fcssigkeitsgek\u00fchlten Plattenk\u00fchlk\u00f6rper k\u00f6nnen in ihrer Gr\u00f6\u00dfe an bestimmte Anwendungen angepasst werden.<\/p>\n<p><strong>4. Ist der K\u00fchlk\u00f6rper f\u00fcr industrielle Anwendungen geeignet?<\/strong><br \/>Es ist auf jeden Fall so konzipiert, dass es sowohl den industriellen als auch den kommerziellen Anforderungen an das W\u00e4rmemanagement gerecht wird.<\/p>\n<p><strong>5. Welche Materialien werden f\u00fcr den K\u00fchlk\u00f6rper verwendet?<\/strong><br \/>Sie werden in der Regel aus hochwertigen Metallen wie Aluminium oder Kupfer hergestellt, um eine optimale W\u00e4rmeleitung zu gew\u00e4hrleisten.<\/p>\n<p><strong>6. Unterst\u00fctzt es Anwendungen mit hoher Leistung?<\/strong><br \/>Ja, dieser K\u00fchlk\u00f6rper ist ideal f\u00fcr elektronische Systeme mit hoher Leistungsdichte.<\/p>\n<p><strong>7. Ist eine Wartung des K\u00fchlk\u00f6rpers erforderlich?<\/strong><br \/>Zur Aufrechterhaltung der Effizienz wird eine regelm\u00e4\u00dfige Inspektion und Reinigung der K\u00fchlmittelleitungen empfohlen.<\/p>\n<p><\/p>","protected":false},"featured_media":10822,"template":"","categories":[72],"class_list":["post-10959","product","type-product","status-publish","has-post-thumbnail","hentry","category-extruded-aluminum-heatsink"],"meta_box":{"hilight_text_group":[{"product_hilight_text":"<li>Efficient thermal management solution for high-performance electronics<\/li>\n<li>Customizable design to meet specific cooling requirements<\/li>\n<li>High durability and resistance to thermal cycling<\/li>\n<li>Compatible with a wide range of electronic components and systems<\/li>\n<li>Supports high power density applications<\/li>"}],"feature_list":[]},"_links":{"self":[{"href":"https:\/\/sinoextrud.com\/de\/wp-json\/wp\/v2\/product\/10959","targetHints":{"allow":["GET"]}}],"collection":[{"href":"https:\/\/sinoextrud.com\/de\/wp-json\/wp\/v2\/product"}],"about":[{"href":"https:\/\/sinoextrud.com\/de\/wp-json\/wp\/v2\/types\/product"}],"wp:featuredmedia":[{"embeddable":true,"href":"https:\/\/sinoextrud.com\/de\/wp-json\/wp\/v2\/media\/10822"}],"wp:attachment":[{"href":"https:\/\/sinoextrud.com\/de\/wp-json\/wp\/v2\/media?parent=10959"}],"wp:term":[{"taxonomy":"category","embeddable":true,"href":"https:\/\/sinoextrud.com\/de\/wp-json\/wp\/v2\/categories?post=10959"}],"curies":[{"name":"wp","href":"https:\/\/api.w.org\/{rel}","templated":true}]}}