{"id":10958,"date":"2025-08-01T03:18:02","date_gmt":"2025-08-01T03:18:02","guid":{"rendered":"https:\/\/sinoextrud.com\/product\/round-aluminum-radiator-for-industrial-cooling\/"},"modified":"2025-08-01T03:18:02","modified_gmt":"2025-08-01T03:18:02","slug":"runder-aluminiumkuhler-fur-die-industrielle-kuhlung","status":"publish","type":"product","link":"https:\/\/sinoextrud.com\/de\/product\/round-aluminum-radiator-for-industrial-cooling\/","title":{"rendered":"Runder Aluminiumk\u00fchler f\u00fcr die industrielle K\u00fchlung"},"content":{"rendered":"<h2>Produkte Details<\/h2>\n<div class=\"product-table\">\n<div class=\"row\">\n<div class=\"cell label\">Oberfl\u00e4chenbehandlung<\/div>\n<div class=\"cell value\">Eloxiert<\/div>\n<\/div>\n<div class=\"row\">\n<div class=\"cell label\">Form<\/div>\n<div class=\"cell value\">Kundenspezifisch<\/div>\n<\/div>\n<div class=\"row\">\n<div class=\"cell label\">Material des Geh\u00e4uses<\/div>\n<div class=\"cell value\">Aluminium<\/div>\n<\/div>\n<div class=\"row\">\n<div class=\"cell label\">Typ<\/div>\n<div class=\"cell value\">W\u00e4rmesenken<\/div>\n<\/div>\n<div class=\"row\">\n<div class=\"cell label\">Service f\u00fcr Beleuchtungsl\u00f6sungen<\/div>\n<div class=\"cell value\">Beleuchtungs- und Schaltungsplanung, DIALux evo-Layout, LitePro DLX-Layout, Agi32-Layout, Auto-CAD-Layout, Vor-Ort-Messung, Projektinstallation<\/div>\n<\/div>\n<div class=\"row\">\n<div class=\"cell label\">Garantie (Jahr)<\/div>\n<div class=\"cell value\">3<\/div>\n<\/div>\n<div class=\"row\">\n<div class=\"cell label\">Prozess<\/div>\n<div class=\"cell value\">Schneiden,,Bohren,,Stanzen,etc<\/div>\n<\/div>\n<div class=\"row\">\n<div class=\"cell label\">IP-Bewertung<\/div>\n<div class=\"cell value\">ip55<\/div>\n<\/div>\n<div class=\"row\">\n<div class=\"cell label\">K\u00f6rperfarbe<\/div>\n<div class=\"cell value\">Kundenspezifisch<\/div>\n<\/div>\n<div class=\"row\">\n<div class=\"cell label\">Typ<\/div>\n<div class=\"cell value\">Aluminium-K\u00fchlk\u00f6rper<\/div>\n<\/div>\n<div class=\"row\">\n<div class=\"cell label\">Farbe<\/div>\n<div class=\"cell value\">Silber oder kundenspezifisch<\/div>\n<\/div>\n<div class=\"row\">\n<div class=\"cell label\">Dicke<\/div>\n<div class=\"cell value\">0,5 mm - kundenspezifisch<\/div>\n<\/div>\n<div class=\"row\">\n<div class=\"cell label\">Oberfl\u00e4chenbehandlung<\/div>\n<div class=\"cell value\">Fr\u00e4sen,Eloxiert,Pulverbeschichtet,Elektrophorese,oder kundenspezifisch<\/div>\n<\/div>\n<div class=\"row\">\n<div class=\"cell label\">Produkttypen<\/div>\n<div class=\"cell value\">Heizk\u00f6rper<\/div>\n<\/div>\n<div class=\"row\">\n<div class=\"cell label\">Zertifizierung<\/div>\n<div class=\"cell value\">ISO9001-2015, COC<\/div>\n<\/div>\n<div class=\"row\">\n<div class=\"cell label\">Fabrikation<\/div>\n<div class=\"cell value\">Schneiden, Fr\u00e4sen, Bohren, Stanzen, etc.<\/div>\n<\/div>\n<div class=\"row\">\n<div class=\"cell label\">Zahlungsfrist<\/div>\n<div class=\"cell value\">T\/T, L\/C, etc<\/div>\n<\/div>\n<div class=\"row\">\n<div class=\"cell label\">Hauptmarkt<\/div>\n<div class=\"cell value\">Europa,Amerika,S\u00fcdostasien,MIDE<\/div>\n<\/div>\n<div class=\"row\">\n<div class=\"cell label\">Details zur Verpackung<\/div>\n<div class=\"cell value\">Kraftpapier\/Kunststoffbeutel\/White Pearl Cotton\/PE-Folie\/Schrumpffolie\/Kartonage<\/div>\n<\/div>\n<div class=\"row\">\n<div class=\"cell label\">Verkaufende Einheiten<\/div>\n<div class=\"cell value\">Einzelnes Element<\/div>\n<\/div>\n<div class=\"row\">\n<div class=\"cell label\">Einzelne Packungsgr\u00f6\u00dfe<\/div>\n<div class=\"cell value\">10X10X10 cm<\/div>\n<\/div>\n<div class=\"row\">\n<div class=\"cell label\">Einfaches Bruttogewicht<\/div>\n<div class=\"cell value\">1.000 KG<\/div>\n<\/div>\n<\/div>\n<p><\/p>\n<h2>Unsere Produktionsbasis<\/h2>\n<h3>Fabrik-Panorama<\/h3>\n<p><img decoding=\"async\" src=\"\/wp-content\/uploads\/factory-01.webp\"\/><\/p>\n<h3>Werkstatt zur Herstellung von Aluminiumstangen<\/h3>\n<p><img decoding=\"async\" src=\"\/wp-content\/uploads\/factory-02.webp\"\/><\/p>\n<p><img decoding=\"async\" src=\"\/wp-content\/uploads\/factory-03.webp\"\/><\/p>\n<h3>Lagerhaus f\u00fcr Formen<\/h3>\n<p><img decoding=\"async\" src=\"\/wp-content\/uploads\/factory-04.webp\"\/><\/p>\n<h3>43 Aluminium-Strangpressanlagen (500-5500 Tonnen)<\/h3>\n<p><img decoding=\"async\" src=\"\/wp-content\/uploads\/factory-05.webp\"\/><\/p>\n<p><img decoding=\"async\" src=\"\/wp-content\/uploads\/factory-06.webp\"\/><\/p>\n<p><img decoding=\"async\" src=\"\/wp-content\/uploads\/factory-07.webp\"\/><\/p>\n<h3>Werkstatt f\u00fcr Pulverbeschichtung<\/h3>\n<p><img decoding=\"async\" src=\"\/wp-content\/uploads\/factory-09.webp\"\/><\/p>\n<h3>Eloxal-Werkstatt<\/h3>\n<p><img decoding=\"async\" src=\"\/wp-content\/uploads\/factory-10.webp\"\/><\/p>\n<h3>Workshop zur Tiefenverarbeitung<\/h3>\n<p><img decoding=\"async\" src=\"\/wp-content\/uploads\/factory-11.webp\"\/><\/p>\n<h3>CNC-Pr\u00e4zisionsbearbeitungswerkstatt<\/h3>\n<p><img decoding=\"async\" src=\"\/wp-content\/uploads\/factory-11.5.webp\"\/><\/p>\n<h3>Lager f\u00fcr Fertigprodukte und Export<\/h3>\n<p><img decoding=\"async\" src=\"\/wp-content\/uploads\/factory-12.webp\"\/><\/p>\n<p><img decoding=\"async\" src=\"\/wp-content\/uploads\/factory-13.webp\"\/><\/p>\n<p><img decoding=\"async\" src=\"\/wp-content\/uploads\/factory-14.webp\"\/><\/p>\n<h2>FAQ<\/h2>\n<p><strong>1. Was ist der Hauptvorteil der Verwendung eines runden Aluminiumk\u00fchlers?<\/strong><br \/>Die runde Form erm\u00f6glicht eine effiziente W\u00e4rmeableitung und eine gleichm\u00e4\u00dfige Luftstromverteilung.<\/p>\n<p><strong>2. Kann der Aluminiumk\u00fchler an unsere Anwendung angepasst werden?<\/strong><br \/>Ja, wir bieten die M\u00f6glichkeit, die Gr\u00f6\u00dfe und die Montageoptionen an die jeweiligen Bed\u00fcrfnisse anzupassen.<\/p>\n<p><strong>3. Wie tr\u00e4gt Aluminium zur Leistung des K\u00fchlers bei?<\/strong><br \/>Aluminium hat eine hervorragende W\u00e4rmeleitf\u00e4higkeit und Korrosionsbest\u00e4ndigkeit, was die W\u00e4rme\u00fcbertragung und Langlebigkeit verbessert.<\/p>\n<p><strong>4. Ist dieser K\u00fchler f\u00fcr den Einsatz in Kraftfahrzeugen oder in der Industrie geeignet?<\/strong><br \/>Ja, es ist vielseitig und wird sowohl in Automobilen als auch in industriellen W\u00e4rmemanagementsystemen eingesetzt.<\/p>\n<p><strong>5. Was sind die Vorteile eines Aluminiumk\u00fchlers gegen\u00fcber einem Kupferk\u00fchler?<\/strong><br \/>Aluminiumheizk\u00f6rper sind leichter und oft kosteng\u00fcnstiger, bieten aber dennoch eine hervorragende W\u00e4rmeleistung.<\/p>\n<p><strong>6. Bieten Sie Unterst\u00fctzung bei der Planung bestimmter Projekte an?<\/strong><br \/>Ja, wir bieten Unterst\u00fctzung bei der Entwicklung, um die Kompatibilit\u00e4t mit Ihren bestehenden Systemen zu gew\u00e4hrleisten.<\/p>\n<p><strong>7. Wie hoch ist die erwartete Lebensdauer eines runden Aluminiumheizk\u00f6rpers?<\/strong><br \/>Bei ordnungsgem\u00e4\u00dfer Wartung sind diese Heizk\u00f6rper f\u00fcr eine lange Lebensdauer ausgelegt.<\/p>\n<p><\/p>","protected":false},"featured_media":0,"template":"","categories":[55],"class_list":["post-10958","product","type-product","status-publish","hentry","category-extruded-aluminum-profiles"],"meta_box":{"hilight_text_group":[{"product_hilight_text":"<li>High thermal conductivity for efficient heat dissipation<\/li>\n<li>Lightweight and corrosion-resistant for enhanced durability<\/li>\n<li>Available in various sizes tailored to specific industry needs<\/li>\n<li>Customizable design options to fit unique application requirements<\/li>\n<li>Eco-friendly material with recyclable properties<\/li>"}],"feature_list":[]},"_links":{"self":[{"href":"https:\/\/sinoextrud.com\/de\/wp-json\/wp\/v2\/product\/10958","targetHints":{"allow":["GET"]}}],"collection":[{"href":"https:\/\/sinoextrud.com\/de\/wp-json\/wp\/v2\/product"}],"about":[{"href":"https:\/\/sinoextrud.com\/de\/wp-json\/wp\/v2\/types\/product"}],"wp:attachment":[{"href":"https:\/\/sinoextrud.com\/de\/wp-json\/wp\/v2\/media?parent=10958"}],"wp:term":[{"taxonomy":"category","embeddable":true,"href":"https:\/\/sinoextrud.com\/de\/wp-json\/wp\/v2\/categories?post=10958"}],"curies":[{"name":"wp","href":"https:\/\/api.w.org\/{rel}","templated":true}]}}