{"id":10950,"date":"2025-08-01T03:17:16","date_gmt":"2025-08-01T03:17:16","guid":{"rendered":"https:\/\/sinoextrud.com\/product\/aluminum-water-cooling-plate-for-new-energy-systems\/"},"modified":"2025-08-01T03:17:16","modified_gmt":"2025-08-01T03:17:16","slug":"aluminium-wasserkuhlplatte-fur-neue-energiesysteme","status":"publish","type":"product","link":"https:\/\/sinoextrud.com\/de\/product\/aluminum-water-cooling-plate-for-new-energy-systems\/","title":{"rendered":"Aluminium-Wasserk\u00fchlplatte f\u00fcr neue Energiesysteme"},"content":{"rendered":"<h2>Produkte Details<\/h2>\n<div class=\"product-table\">\n<div class=\"row\">\n<div class=\"cell label\">Klasse<\/div>\n<div class=\"cell value\">Serie 1000<\/div>\n<\/div>\n<div class=\"row\">\n<div class=\"cell label\">Toleranz<\/div>\n<div class=\"cell value\">\u00c2\u00b13%<\/div>\n<\/div>\n<div class=\"row\">\n<div class=\"cell label\">Lieferfrist<\/div>\n<div class=\"cell value\">8-14 Tage<\/div>\n<\/div>\n<div class=\"row\">\n<div class=\"cell label\">Temperament<\/div>\n<div class=\"cell value\">T3-T8<\/div>\n<\/div>\n<div class=\"row\">\n<div class=\"cell label\">Anmeldung<\/div>\n<div class=\"cell value\">Aluminiumtr\u00e4ger f\u00fcr Drucker<\/div>\n<\/div>\n<div class=\"row\">\n<div class=\"cell label\">Form<\/div>\n<div class=\"cell value\">Rechteck<\/div>\n<\/div>\n<div class=\"row\">\n<div class=\"cell label\">Legierung oder nicht<\/div>\n<div class=\"cell value\">Ist Legierung<\/div>\n<\/div>\n<div class=\"row\">\n<div class=\"cell label\">Bearbeitungsservice<\/div>\n<div class=\"cell value\">Biegen, Abwickeln, Schwei\u00dfen, Stanzen, Schneiden<\/div>\n<\/div>\n<div class=\"row\">\n<div class=\"cell label\">Zahlungsfrist<\/div>\n<div class=\"cell value\">T\/T, L\/C<\/div>\n<\/div>\n<div class=\"row\">\n<div class=\"cell label\">Der gr\u00f6\u00dfte Querschnitt<\/div>\n<div class=\"cell value\">5mm-700mm<\/div>\n<\/div>\n<div class=\"row\">\n<div class=\"cell label\">MOQ<\/div>\n<div class=\"cell value\">1kg<\/div>\n<\/div>\n<div class=\"row\">\n<div class=\"cell label\">Material und Zustand<\/div>\n<div class=\"cell value\">6063 6061 6005 Aluminiumlegierung<\/div>\n<\/div>\n<div class=\"row\">\n<div class=\"cell label\">Farbe<\/div>\n<div class=\"cell value\">Silber Wei\u00df, Schwarz<\/div>\n<\/div>\n<div class=\"row\">\n<div class=\"cell label\">Tiefgreifender Prozess<\/div>\n<div class=\"cell value\">Unter CNC<\/div>\n<\/div>\n<div class=\"row\">\n<div class=\"cell label\">Oberfl\u00e4chenbehandlung<\/div>\n<div class=\"cell value\">Eloxieren oder Elektrophorese, Sandstrahlen<\/div>\n<\/div>\n<div class=\"row\">\n<div class=\"cell label\">Zertifizierung<\/div>\n<div class=\"cell value\">ISO9001<\/div>\n<\/div>\n<div class=\"row\">\n<div class=\"cell label\">OEM \/ ODM-Dienstleistung<\/div>\n<div class=\"cell value\">Ja<\/div>\n<\/div>\n<div class=\"row\">\n<div class=\"cell label\">Schlitzgr\u00f6\u00dfe<\/div>\n<div class=\"cell value\">6mm, 8mm, 10mm<\/div>\n<\/div>\n<div class=\"row\">\n<div class=\"cell label\">Verkaufende Einheiten<\/div>\n<div class=\"cell value\">Einzelnes Element<\/div>\n<\/div>\n<div class=\"row\">\n<div class=\"cell label\">Einzelne Packungsgr\u00f6\u00dfe<\/div>\n<div class=\"cell value\">4X4X1 cm<\/div>\n<\/div>\n<div class=\"row\">\n<div class=\"cell label\">Einfaches Bruttogewicht<\/div>\n<div class=\"cell value\">2.000 KG<\/div>\n<\/div>\n<\/div>\n<p><\/p>\n<h2>Unsere Produktionsbasis<\/h2>\n<h3>Fabrik-Panorama<\/h3>\n<p><img decoding=\"async\" src=\"\/wp-content\/uploads\/factory-01.webp\"\/><\/p>\n<h3>Werkstatt zur Herstellung von Aluminiumstangen<\/h3>\n<p><img decoding=\"async\" src=\"\/wp-content\/uploads\/factory-02.webp\"\/><\/p>\n<p><img decoding=\"async\" src=\"\/wp-content\/uploads\/factory-03.webp\"\/><\/p>\n<h3>Lagerhaus f\u00fcr Formen<\/h3>\n<p><img decoding=\"async\" src=\"\/wp-content\/uploads\/factory-04.webp\"\/><\/p>\n<h3>43 Aluminium-Strangpressanlagen (500-5500 Tonnen)<\/h3>\n<p><img decoding=\"async\" src=\"\/wp-content\/uploads\/factory-05.webp\"\/><\/p>\n<p><img decoding=\"async\" src=\"\/wp-content\/uploads\/factory-06.webp\"\/><\/p>\n<p><img decoding=\"async\" src=\"\/wp-content\/uploads\/factory-07.webp\"\/><\/p>\n<h3>Werkstatt f\u00fcr Pulverbeschichtung<\/h3>\n<p><img decoding=\"async\" src=\"\/wp-content\/uploads\/factory-09.webp\"\/><\/p>\n<h3>Eloxal-Werkstatt<\/h3>\n<p><img decoding=\"async\" src=\"\/wp-content\/uploads\/factory-10.webp\"\/><\/p>\n<h3>Workshop zur Tiefenverarbeitung<\/h3>\n<p><img decoding=\"async\" src=\"\/wp-content\/uploads\/factory-11.webp\"\/><\/p>\n<h3>CNC-Pr\u00e4zisionsbearbeitungswerkstatt<\/h3>\n<p><img decoding=\"async\" src=\"\/wp-content\/uploads\/factory-11.5.webp\"\/><\/p>\n<h3>Lager f\u00fcr Fertigprodukte und Export<\/h3>\n<p><img decoding=\"async\" src=\"\/wp-content\/uploads\/factory-12.webp\"\/><\/p>\n<p><img decoding=\"async\" src=\"\/wp-content\/uploads\/factory-13.webp\"\/><\/p>\n<p><img decoding=\"async\" src=\"\/wp-content\/uploads\/factory-14.webp\"\/><\/p>\n<h2>FAQ<\/h2>\n<p><strong>1. Was ist die Hauptfunktion der Aluminium-Wasserk\u00fchlplatte?<\/strong><br \/>Die Hauptaufgabe besteht darin, ein effizientes W\u00e4rmemanagement f\u00fcr neue Energiesysteme zu gew\u00e4hrleisten.<\/p>\n<p><strong>2. Kann die K\u00fchlplatte f\u00fcr verschiedene Anwendungen angepasst werden?<\/strong><br \/>Ja, wir bieten ma\u00dfgeschneiderte Entw\u00fcrfe f\u00fcr verschiedene Spezifikationen und Projekte.<\/p>\n<p><strong>3. Welche Materialien werden f\u00fcr die Konstruktion der K\u00fchlplatte verwendet?<\/strong><br \/>Die K\u00fchlplatte ist aus hochwertigem Aluminium gefertigt und sorgt f\u00fcr Langlebigkeit und effiziente K\u00fchlung.<\/p>\n<p><strong>4. Ist dieses Produkt f\u00fcr die Verwendung in Elektrofahrzeugen geeignet?<\/strong><br \/>Ja, es ist ideal f\u00fcr das W\u00e4rmemanagement in Elektrofahrzeugen.<\/p>\n<p><strong>5. Wie wird die Energieeffizienz durch die K\u00fchlplatte verbessert?<\/strong><br \/>Durch die wirksame Ableitung von W\u00e4rme tr\u00e4gt es zur Verbesserung der Gesamteffizienz von Energiesystemen bei.<\/p>\n<p><strong>6. Gibt es verschiedene Gr\u00f6\u00dfen f\u00fcr die K\u00fchlplatte?<\/strong><br \/>Ja, wir bieten verschiedene Gr\u00f6\u00dfenoptionen an, um den unterschiedlichen Anforderungen gerecht zu werden.<\/p>\n<p><strong>7. Gibt es f\u00fcr das Produkt eine Garantie?<\/strong><br \/>Ja, unsere Aluminium-Wasserk\u00fchlplatten werden mit einer Standardgarantie zur Qualit\u00e4tssicherung geliefert.<\/p>\n<p><\/p>","protected":false},"featured_media":10779,"template":"","categories":[55],"class_list":["post-10950","product","type-product","status-publish","has-post-thumbnail","hentry","category-extruded-aluminum-profiles"],"meta_box":{"hilight_text_group":[{"product_hilight_text":"<li>Efficient thermal management for new energy applications<\/li>\n<li>High-quality aluminum construction for durability and performance<\/li>\n<li>Custom designs available to meet specific project requirements<\/li>\n<li>Lightweight and compact design for easy integration<\/li>\n<li>Suitable for various new energy sectors including automotive and solar<\/li>"}],"feature_list":[]},"_links":{"self":[{"href":"https:\/\/sinoextrud.com\/de\/wp-json\/wp\/v2\/product\/10950","targetHints":{"allow":["GET"]}}],"collection":[{"href":"https:\/\/sinoextrud.com\/de\/wp-json\/wp\/v2\/product"}],"about":[{"href":"https:\/\/sinoextrud.com\/de\/wp-json\/wp\/v2\/types\/product"}],"wp:featuredmedia":[{"embeddable":true,"href":"https:\/\/sinoextrud.com\/de\/wp-json\/wp\/v2\/media\/10779"}],"wp:attachment":[{"href":"https:\/\/sinoextrud.com\/de\/wp-json\/wp\/v2\/media?parent=10950"}],"wp:term":[{"taxonomy":"category","embeddable":true,"href":"https:\/\/sinoextrud.com\/de\/wp-json\/wp\/v2\/categories?post=10950"}],"curies":[{"name":"wp","href":"https:\/\/api.w.org\/{rel}","templated":true}]}}