{"id":10945,"date":"2025-08-01T03:17:05","date_gmt":"2025-08-01T03:17:05","guid":{"rendered":"https:\/\/sinoextrud.com\/product\/strobe-light-heat-sink-for-led-systems\/"},"modified":"2025-08-01T03:17:05","modified_gmt":"2025-08-01T03:17:05","slug":"stroboskoplicht-kuhlkorper-fur-led-systeme","status":"publish","type":"product","link":"https:\/\/sinoextrud.com\/de\/product\/strobe-light-heat-sink-for-led-systems\/","title":{"rendered":"Strobe Light K\u00fchlk\u00f6rper f\u00fcr LED-Systeme"},"content":{"rendered":"<h2>Produkte Details<\/h2>\n<div class=\"product-table\">\n<div class=\"row\">\n<div class=\"cell label\">Klasse<\/div>\n<div class=\"cell value\">Serie 6000<\/div>\n<\/div>\n<div class=\"row\">\n<div class=\"cell label\">Toleranz<\/div>\n<div class=\"cell value\">\u00c2\u00b11%<\/div>\n<\/div>\n<div class=\"row\">\n<div class=\"cell label\">Lieferfrist<\/div>\n<div class=\"cell value\">innerhalb von 7 Tagen<\/div>\n<\/div>\n<div class=\"row\">\n<div class=\"cell label\">Temperament<\/div>\n<div class=\"cell value\">T3-T8<\/div>\n<\/div>\n<div class=\"row\">\n<div class=\"cell label\">Anmeldung<\/div>\n<div class=\"cell value\">W\u00e4rmesenke<\/div>\n<\/div>\n<div class=\"row\">\n<div class=\"cell label\">Form<\/div>\n<div class=\"cell value\">Quadratisch<\/div>\n<\/div>\n<div class=\"row\">\n<div class=\"cell label\">Legierung oder nicht<\/div>\n<div class=\"cell value\">Ist Legierung<\/div>\n<\/div>\n<div class=\"row\">\n<div class=\"cell label\">Bearbeitungsservice<\/div>\n<div class=\"cell value\">Biegen, Abwickeln, Schwei\u00dfen, Stanzen, Schneiden<\/div>\n<\/div>\n<div class=\"row\">\n<div class=\"cell label\">Name des Produkts<\/div>\n<div class=\"cell value\">Benutzerdefinierte modulare LED-Stra\u00dfenlaterne Extrusion Aluminium K\u00fchlk\u00f6rper<\/div>\n<\/div>\n<div class=\"row\">\n<div class=\"cell label\">Material und Zustand<\/div>\n<div class=\"cell value\">Profil aus Aluminiumlegierung 6063-T5, 6061-T6<\/div>\n<\/div>\n<div class=\"row\">\n<div class=\"cell label\">Anmeldung<\/div>\n<div class=\"cell value\">Elektronik, Bauwesen, Konstruktion und Dekoration.<\/div>\n<\/div>\n<div class=\"row\">\n<div class=\"cell label\">Tiefe Verarbeitung<\/div>\n<div class=\"cell value\">CNC \/ Schneiden \/ Stanzen \/ Gewindeschneiden \/ Bohren \/ Fr\u00e4sen<\/div>\n<\/div>\n<div class=\"row\">\n<div class=\"cell label\">MOQ<\/div>\n<div class=\"cell value\">200 kg f\u00fcr normale Bestellungen.<\/div>\n<\/div>\n<div class=\"row\">\n<div class=\"cell label\">OEM\/ODM<\/div>\n<div class=\"cell value\">Abrufbar unter<\/div>\n<\/div>\n<div class=\"row\">\n<div class=\"cell label\">Lieferfrist<\/div>\n<div class=\"cell value\">Normalerweise 15-25 Tage<\/div>\n<\/div>\n<div class=\"row\">\n<div class=\"cell label\">Oberfl\u00e4che<\/div>\n<div class=\"cell value\">Eloxieren, Beschichtung, Elektrophorese, Senkdruck, Lasermarkierung<\/div>\n<\/div>\n<div class=\"row\">\n<div class=\"cell label\">Farbe<\/div>\n<div class=\"cell value\">Silber, schwarz, wei\u00df oder individuell<\/div>\n<\/div>\n<div class=\"row\">\n<div class=\"cell label\">Anforderung an die Farbe<\/div>\n<div class=\"cell value\">Pantone-Nummer, Ral-Nummer, oder Muster<\/div>\n<\/div>\n<div class=\"row\">\n<div class=\"cell label\">Verkaufende Einheiten<\/div>\n<div class=\"cell value\">Einzelnes Element<\/div>\n<\/div>\n<div class=\"row\">\n<div class=\"cell label\">Einzelne Packungsgr\u00f6\u00dfe<\/div>\n<div class=\"cell value\">30X30X20 cm<\/div>\n<\/div>\n<div class=\"row\">\n<div class=\"cell label\">Einfaches Bruttogewicht<\/div>\n<div class=\"cell value\">0.200 KG<\/div>\n<\/div>\n<\/div>\n<p><\/p>\n<h2>Unsere Produktionsbasis<\/h2>\n<h3>Fabrik-Panorama<\/h3>\n<p><img decoding=\"async\" src=\"\/wp-content\/uploads\/factory-01.webp\"\/><\/p>\n<h3>Werkstatt zur Herstellung von Aluminiumstangen<\/h3>\n<p><img decoding=\"async\" src=\"\/wp-content\/uploads\/factory-02.webp\"\/><\/p>\n<p><img decoding=\"async\" src=\"\/wp-content\/uploads\/factory-03.webp\"\/><\/p>\n<h3>Lagerhaus f\u00fcr Formen<\/h3>\n<p><img decoding=\"async\" src=\"\/wp-content\/uploads\/factory-04.webp\"\/><\/p>\n<h3>43 Aluminium-Strangpressanlagen (500-5500 Tonnen)<\/h3>\n<p><img decoding=\"async\" src=\"\/wp-content\/uploads\/factory-05.webp\"\/><\/p>\n<p><img decoding=\"async\" src=\"\/wp-content\/uploads\/factory-06.webp\"\/><\/p>\n<p><img decoding=\"async\" src=\"\/wp-content\/uploads\/factory-07.webp\"\/><\/p>\n<h3>Werkstatt f\u00fcr Pulverbeschichtung<\/h3>\n<p><img decoding=\"async\" src=\"\/wp-content\/uploads\/factory-09.webp\"\/><\/p>\n<h3>Eloxal-Werkstatt<\/h3>\n<p><img decoding=\"async\" src=\"\/wp-content\/uploads\/factory-10.webp\"\/><\/p>\n<h3>Workshop zur Tiefenverarbeitung<\/h3>\n<p><img decoding=\"async\" src=\"\/wp-content\/uploads\/factory-11.webp\"\/><\/p>\n<h3>CNC-Pr\u00e4zisionsbearbeitungswerkstatt<\/h3>\n<p><img decoding=\"async\" src=\"\/wp-content\/uploads\/factory-11.5.webp\"\/><\/p>\n<h3>Lager f\u00fcr Fertigprodukte und Export<\/h3>\n<p><img decoding=\"async\" src=\"\/wp-content\/uploads\/factory-12.webp\"\/><\/p>\n<p><img decoding=\"async\" src=\"\/wp-content\/uploads\/factory-13.webp\"\/><\/p>\n<p><img decoding=\"async\" src=\"\/wp-content\/uploads\/factory-14.webp\"\/><\/p>\n<h2>FAQ<\/h2>\n<p><strong>1. Was ist ein K\u00fchlk\u00f6rper f\u00fcr Stroboskoplampen?<\/strong><br \/>Ein K\u00fchlk\u00f6rper f\u00fcr Stroboskoplampen ist ein Bauteil, das dazu dient, die von Stroboskoplampen erzeugte W\u00e4rme abzuleiten und so ihre Leistung und Langlebigkeit zu erh\u00f6hen.<\/p>\n<p><strong>2. Kann dieser K\u00fchlk\u00f6rper mit jedem Stroboskoplicht verwendet werden?<\/strong><br \/>Ja, es ist mit einer Vielzahl von Stroboskoplampenmodellen kompatibel und kann bei Bedarf angepasst werden.<\/p>\n<p><strong>3. Warum ist ein K\u00fchlk\u00f6rper f\u00fcr Stroboskoplampen wichtig?<\/strong><br \/>K\u00fchlk\u00f6rper verhindern eine \u00dcberhitzung, die Stroboskoplampen besch\u00e4digen und ihre Effizienz verringern kann.<\/p>\n<p><strong>4. Wie installiere ich den K\u00fchlk\u00f6rper an einer Stroboskoplampe?<\/strong><br \/>Installationsanweisungen werden mitgeliefert; in der Regel geht es darum, den K\u00fchlk\u00f6rper am Geh\u00e4use des Blitzlichts zu befestigen.<\/p>\n<p><strong>5. Ist der K\u00fchlk\u00f6rper aus haltbaren Materialien hergestellt?<\/strong><br \/>Ja, sie sind in der Regel aus hochwertigem Aluminium gefertigt, das f\u00fcr eine effektive W\u00e4rmeableitung und lange Haltbarkeit sorgt.<\/p>\n<p><strong>6. Kann der K\u00fchlk\u00f6rper f\u00fcr verschiedene Stroboskoplichtanwendungen angepasst werden?<\/strong><br \/>Ja, Anpassungsoptionen wie Gr\u00f6\u00dfe und Oberfl\u00e4che sind verf\u00fcgbar, um spezifische Anwendungsanforderungen zu erf\u00fcllen.<\/p>\n<p><strong>7. Verbessert der K\u00fchlk\u00f6rper die Leistung der Stroboskoplampen?<\/strong><br \/>Ja, es verbessert die Leistung durch effizientes W\u00e4rmemanagement und verl\u00e4ngert die Lebensdauer und Stabilit\u00e4t der Stroboskoplampen.<\/p>\n<p><\/p>","protected":false},"featured_media":10836,"template":"","categories":[72],"class_list":["post-10945","product","type-product","status-publish","has-post-thumbnail","hentry","category-extruded-aluminum-heatsink"],"meta_box":{"hilight_text_group":[{"product_hilight_text":"<li>Engineered for optimal thermal management in strobe lighting systems<\/li>\n<li>High-efficiency design ensures prolonged strobe light lifespan<\/li>\n<li>Compatible with various strobe light models and brands<\/li>\n<li>Available in different materials like aluminum for superior heat dissipation<\/li>\n<li>Customizable dimensions and finishes to meet specific requirements<\/li>"}],"feature_list":[]},"_links":{"self":[{"href":"https:\/\/sinoextrud.com\/de\/wp-json\/wp\/v2\/product\/10945","targetHints":{"allow":["GET"]}}],"collection":[{"href":"https:\/\/sinoextrud.com\/de\/wp-json\/wp\/v2\/product"}],"about":[{"href":"https:\/\/sinoextrud.com\/de\/wp-json\/wp\/v2\/types\/product"}],"wp:featuredmedia":[{"embeddable":true,"href":"https:\/\/sinoextrud.com\/de\/wp-json\/wp\/v2\/media\/10836"}],"wp:attachment":[{"href":"https:\/\/sinoextrud.com\/de\/wp-json\/wp\/v2\/media?parent=10945"}],"wp:term":[{"taxonomy":"category","embeddable":true,"href":"https:\/\/sinoextrud.com\/de\/wp-json\/wp\/v2\/categories?post=10945"}],"curies":[{"name":"wp","href":"https:\/\/api.w.org\/{rel}","templated":true}]}}