{"id":10943,"date":"2025-08-01T03:17:00","date_gmt":"2025-08-01T03:17:00","guid":{"rendered":"https:\/\/sinoextrud.com\/product\/small-aluminum-gaming-computer-case\/"},"modified":"2025-08-01T03:17:00","modified_gmt":"2025-08-01T03:17:00","slug":"kleines-aluminium-gaming-computergehause","status":"publish","type":"product","link":"https:\/\/sinoextrud.com\/de\/product\/small-aluminum-gaming-computer-case\/","title":{"rendered":"Kleines Aluminium-Gaming-Computergeh\u00e4use"},"content":{"rendered":"<h2>Produkte Details<\/h2>\n<div class=\"product-table\">\n<div class=\"row\">\n<div class=\"cell label\">Name des Teils<\/div>\n<div class=\"cell value\">Mini ITX-Geh\u00e4use<\/div>\n<\/div>\n<div class=\"row\">\n<div class=\"cell label\">Dimension<\/div>\n<div class=\"cell value\">Nach Zeichnung oder Muster des Kunden<\/div>\n<\/div>\n<div class=\"row\">\n<div class=\"cell label\">Erleben Sie<\/div>\n<div class=\"cell value\">Seit 2000<\/div>\n<\/div>\n<div class=\"row\">\n<div class=\"cell label\">Zertifizierung<\/div>\n<div class=\"cell value\">ITAF16949:2016, ISO9001:2015, RoHS, HE-Bericht usw.<\/div>\n<\/div>\n<div class=\"row\">\n<div class=\"cell label\">OEM &amp; ODM<\/div>\n<div class=\"cell value\">YES<\/div>\n<\/div>\n<div class=\"row\">\n<div class=\"cell label\">Inspektion<\/div>\n<div class=\"cell value\">100% Werksinspektion im Haus<\/div>\n<\/div>\n<div class=\"row\">\n<div class=\"cell label\">MOQ<\/div>\n<div class=\"cell value\">100 STCK.<\/div>\n<\/div>\n<div class=\"row\">\n<div class=\"cell label\">Toleranz<\/div>\n<div class=\"cell value\">+\/-0,01 oder benutzerdefiniert<\/div>\n<\/div>\n<div class=\"row\">\n<div class=\"cell label\">Service nach dem Verkauf<\/div>\n<div class=\"cell value\">YES<\/div>\n<\/div>\n<div class=\"row\">\n<div class=\"cell label\">Prozess<\/div>\n<div class=\"cell value\">Laserschneiden Biegen Stanzen<\/div>\n<\/div>\n<div class=\"row\">\n<div class=\"cell label\">Verkaufende Einheiten<\/div>\n<div class=\"cell value\">Einzelnes Element<\/div>\n<\/div>\n<div class=\"row\">\n<div class=\"cell label\">Einzelne Packungsgr\u00f6\u00dfe<\/div>\n<div class=\"cell value\">10X10X10 cm<\/div>\n<\/div>\n<div class=\"row\">\n<div class=\"cell label\">Einfaches Bruttogewicht<\/div>\n<div class=\"cell value\">0,100 KG<\/div>\n<\/div>\n<\/div>\n<p><\/p>\n<h2>Unsere Produktionsbasis<\/h2>\n<h3>Fabrik-Panorama<\/h3>\n<p><img decoding=\"async\" src=\"\/wp-content\/uploads\/factory-01.webp\"\/><\/p>\n<h3>Werkstatt zur Herstellung von Aluminiumstangen<\/h3>\n<p><img decoding=\"async\" src=\"\/wp-content\/uploads\/factory-02.webp\"\/><\/p>\n<p><img decoding=\"async\" src=\"\/wp-content\/uploads\/factory-03.webp\"\/><\/p>\n<h3>Lagerhaus f\u00fcr Formen<\/h3>\n<p><img decoding=\"async\" src=\"\/wp-content\/uploads\/factory-04.webp\"\/><\/p>\n<h3>43 Aluminium-Strangpressanlagen (500-5500 Tonnen)<\/h3>\n<p><img decoding=\"async\" src=\"\/wp-content\/uploads\/factory-05.webp\"\/><\/p>\n<p><img decoding=\"async\" src=\"\/wp-content\/uploads\/factory-06.webp\"\/><\/p>\n<p><img decoding=\"async\" src=\"\/wp-content\/uploads\/factory-07.webp\"\/><\/p>\n<h3>Werkstatt f\u00fcr Pulverbeschichtung<\/h3>\n<p><img decoding=\"async\" src=\"\/wp-content\/uploads\/factory-09.webp\"\/><\/p>\n<h3>Eloxal-Werkstatt<\/h3>\n<p><img decoding=\"async\" src=\"\/wp-content\/uploads\/factory-10.webp\"\/><\/p>\n<h3>Workshop zur Tiefenverarbeitung<\/h3>\n<p><img decoding=\"async\" src=\"\/wp-content\/uploads\/factory-11.webp\"\/><\/p>\n<h3>CNC-Pr\u00e4zisionsbearbeitungswerkstatt<\/h3>\n<p><img decoding=\"async\" src=\"\/wp-content\/uploads\/factory-11.5.webp\"\/><\/p>\n<h3>Lager f\u00fcr Fertigprodukte und Export<\/h3>\n<p><img decoding=\"async\" src=\"\/wp-content\/uploads\/factory-12.webp\"\/><\/p>\n<p><img decoding=\"async\" src=\"\/wp-content\/uploads\/factory-13.webp\"\/><\/p>\n<p><img decoding=\"async\" src=\"\/wp-content\/uploads\/factory-14.webp\"\/><\/p>\n<h2>FAQ<\/h2>\n<p><strong>1. Was sind die Abmessungen des Small Aluminum Gaming Computer Case?<\/strong><br \/>Das Geh\u00e4use ist so konzipiert, dass es auf kleinstem Raum Platz findet und gleichzeitig wichtige Komponenten aufnehmen kann, wobei die Abmessungen f\u00fcr Gaming-Setups optimiert sind.<\/p>\n<p><strong>2. Welchen Nutzen hat die Aluminiumkonstruktion f\u00fcr das Geh\u00e4use?<\/strong><br \/>Aluminium sorgt f\u00fcr eine hervorragende W\u00e4rmeableitung und gew\u00e4hrleistet, dass Ihre Komponenten auch bei intensiven Gaming-Sessions k\u00fchl bleiben.<\/p>\n<p><strong>3. Ist dieses Geh\u00e4use mit Standard-Gaming-Komponenten kompatibel?<\/strong><br \/>Ja, das Geh\u00e4use unterst\u00fctzt verschiedene Motherboard-Gr\u00f6\u00dfen und -Konfigurationen und ist somit mit Standard-Gaming-Hardware kompatibel.<\/p>\n<p><strong>4. Kann der Koffer leicht zusammengebaut werden?<\/strong><br \/>Das Geh\u00e4use ist f\u00fcr eine einfache Montage und einen benutzerfreundlichen Zugang zu den Komponenten konzipiert.<\/p>\n<p><strong>5. Verf\u00fcgt das Geh\u00e4use \u00fcber K\u00fchloptionen?<\/strong><br \/>W\u00e4hrend das Geh\u00e4use die W\u00e4rme effizient ableitet, bietet es auch Platz f\u00fcr zus\u00e4tzliche K\u00fchll\u00f6sungen wie L\u00fcfter oder Fl\u00fcssigkeitsk\u00fchlsysteme.<\/p>\n<p><strong>6. Kann das Geh\u00e4use individuell angepasst werden?<\/strong><br \/>Ja, bei Gro\u00dfbestellungen sind individuelle Anpassungen m\u00f6glich, einschlie\u00dflich Branding und Designanpassungen nach Ihren W\u00fcnschen.<\/p>\n<p><strong>7. Welche Art von Oberfl\u00e4che hat der Koffer?<\/strong><br \/>Das Geh\u00e4use besticht durch sein schlankes, modernes Finish, das jedes Gaming-Setup erg\u00e4nzt und gleichzeitig robust ist.<\/p>\n<p><\/p>","protected":false},"featured_media":10838,"template":"","categories":[55],"class_list":["post-10943","product","type-product","status-publish","has-post-thumbnail","hentry","category-extruded-aluminum-profiles"],"meta_box":{"hilight_text_group":[{"product_hilight_text":"<li>Compact size perfect for gaming environments with limited space<\/li>\n<li>Durable aluminum construction for enhanced heat dissipation<\/li>\n<li>Designed for easy assembly and component accessibility<\/li>\n<li>Sleek, modern design to complement any gaming setup<\/li>\n<li>Supports a variety of motherboard sizes and configurations<\/li>"}],"feature_list":[]},"_links":{"self":[{"href":"https:\/\/sinoextrud.com\/de\/wp-json\/wp\/v2\/product\/10943","targetHints":{"allow":["GET"]}}],"collection":[{"href":"https:\/\/sinoextrud.com\/de\/wp-json\/wp\/v2\/product"}],"about":[{"href":"https:\/\/sinoextrud.com\/de\/wp-json\/wp\/v2\/types\/product"}],"wp:featuredmedia":[{"embeddable":true,"href":"https:\/\/sinoextrud.com\/de\/wp-json\/wp\/v2\/media\/10838"}],"wp:attachment":[{"href":"https:\/\/sinoextrud.com\/de\/wp-json\/wp\/v2\/media?parent=10943"}],"wp:term":[{"taxonomy":"category","embeddable":true,"href":"https:\/\/sinoextrud.com\/de\/wp-json\/wp\/v2\/categories?post=10943"}],"curies":[{"name":"wp","href":"https:\/\/api.w.org\/{rel}","templated":true}]}}