{"id":10941,"date":"2025-08-01T03:16:55","date_gmt":"2025-08-01T03:16:55","guid":{"rendered":"https:\/\/sinoextrud.com\/product\/aluminum-vapor-chamber-for-heat-dissipation\/"},"modified":"2025-08-01T03:16:55","modified_gmt":"2025-08-01T03:16:55","slug":"aluminium-dampfkammer-zur-warmeableitung","status":"publish","type":"product","link":"https:\/\/sinoextrud.com\/de\/product\/aluminum-vapor-chamber-for-heat-dissipation\/","title":{"rendered":"Aluminium-Dampfkammer zur W\u00e4rmeableitung"},"content":{"rendered":"<h2>Produkte Details<\/h2>\n<div class=\"product-table\">\n<div class=\"row\">\n<div class=\"cell label\">CNC-Bearbeitung oder nicht<\/div>\n<div class=\"cell value\">Cnc-Bearbeitung<\/div>\n<\/div>\n<div class=\"row\">\n<div class=\"cell label\">Materialf\u00e4higkeiten<\/div>\n<div class=\"cell value\">Aluminium, Messing, Bronze, Kupfer, geh\u00e4rtete Metalle, Edelmetalle, Edelstahl, Stahllegierungen, Titanteile<\/div>\n<\/div>\n<div class=\"row\">\n<div class=\"cell label\">Typ<\/div>\n<div class=\"cell value\">R\u00e4umen, Bohren, \u00c4tzen \/ Chemische Bearbeitung, Laserbearbeitung, Fr\u00e4sen, Sonstige Bearbeitungsdienstleistungen, Drehen, Drahterodieren, Rapid Prototyping<\/div>\n<\/div>\n<div class=\"row\">\n<div class=\"cell label\">Mikro-Bearbeitung oder nicht<\/div>\n<div class=\"cell value\">Mikro-Bearbeitung<\/div>\n<\/div>\n<div class=\"row\">\n<div class=\"cell label\">Name des Produkts<\/div>\n<div class=\"cell value\">Bearbeitung von K\u00fchlk\u00f6rpern<\/div>\n<\/div>\n<div class=\"row\">\n<div class=\"cell label\">CNC-Toleranz<\/div>\n<div class=\"cell value\">0,02 mm<\/div>\n<\/div>\n<div class=\"row\">\n<div class=\"cell label\">OEM\/ODM<\/div>\n<div class=\"cell value\">Abrufbar unter<\/div>\n<\/div>\n<div class=\"row\">\n<div class=\"cell label\">Prozess<\/div>\n<div class=\"cell value\">CNC-Bearbeitung+Entgraten<\/div>\n<\/div>\n<div class=\"row\">\n<div class=\"cell label\">Zeichnung Format<\/div>\n<div class=\"cell value\">DWG, STP<\/div>\n<\/div>\n<div class=\"row\">\n<div class=\"cell label\">Logo<\/div>\n<div class=\"cell value\">Kundenlogo<\/div>\n<\/div>\n<div class=\"row\">\n<div class=\"cell label\">Oberfl\u00e4chenbehandlung<\/div>\n<div class=\"cell value\">Gem\u00e4\u00df Anfrage<\/div>\n<\/div>\n<div class=\"row\">\n<div class=\"cell label\">Verpacken<\/div>\n<div class=\"cell value\">Polybeutel + Innenkarton + Karton<\/div>\n<\/div>\n<div class=\"row\">\n<div class=\"cell label\">Zertifizierung<\/div>\n<div class=\"cell value\">ISO9001:2018\/ROSH<\/div>\n<\/div>\n<div class=\"row\">\n<div class=\"cell label\">MOQ<\/div>\n<div class=\"cell value\">1PCS<\/div>\n<\/div>\n<div class=\"row\">\n<div class=\"cell label\">Verkaufende Einheiten<\/div>\n<div class=\"cell value\">Einzelnes Element<\/div>\n<\/div>\n<div class=\"row\">\n<div class=\"cell label\">Einzelne Packungsgr\u00f6\u00dfe<\/div>\n<div class=\"cell value\">28X30X25 cm<\/div>\n<\/div>\n<div class=\"row\">\n<div class=\"cell label\">Einfaches Bruttogewicht<\/div>\n<div class=\"cell value\">1.000 KG<\/div>\n<\/div>\n<\/div>\n<p><\/p>\n<h2>Unsere Produktionsbasis<\/h2>\n<h3>Fabrik-Panorama<\/h3>\n<p><img decoding=\"async\" src=\"\/wp-content\/uploads\/factory-01.webp\"\/><\/p>\n<h3>Werkstatt zur Herstellung von Aluminiumstangen<\/h3>\n<p><img decoding=\"async\" src=\"\/wp-content\/uploads\/factory-02.webp\"\/><\/p>\n<p><img decoding=\"async\" src=\"\/wp-content\/uploads\/factory-03.webp\"\/><\/p>\n<h3>Lagerhaus f\u00fcr Formen<\/h3>\n<p><img decoding=\"async\" src=\"\/wp-content\/uploads\/factory-04.webp\"\/><\/p>\n<h3>43 Aluminium-Strangpressanlagen (500-5500 Tonnen)<\/h3>\n<p><img decoding=\"async\" src=\"\/wp-content\/uploads\/factory-05.webp\"\/><\/p>\n<p><img decoding=\"async\" src=\"\/wp-content\/uploads\/factory-06.webp\"\/><\/p>\n<p><img decoding=\"async\" src=\"\/wp-content\/uploads\/factory-07.webp\"\/><\/p>\n<h3>Werkstatt f\u00fcr Pulverbeschichtung<\/h3>\n<p><img decoding=\"async\" src=\"\/wp-content\/uploads\/factory-09.webp\"\/><\/p>\n<h3>Eloxal-Werkstatt<\/h3>\n<p><img decoding=\"async\" src=\"\/wp-content\/uploads\/factory-10.webp\"\/><\/p>\n<h3>Workshop zur Tiefenverarbeitung<\/h3>\n<p><img decoding=\"async\" src=\"\/wp-content\/uploads\/factory-11.webp\"\/><\/p>\n<h3>CNC-Pr\u00e4zisionsbearbeitungswerkstatt<\/h3>\n<p><img decoding=\"async\" src=\"\/wp-content\/uploads\/factory-11.5.webp\"\/><\/p>\n<h3>Lager f\u00fcr Fertigprodukte und Export<\/h3>\n<p><img decoding=\"async\" src=\"\/wp-content\/uploads\/factory-12.webp\"\/><\/p>\n<p><img decoding=\"async\" src=\"\/wp-content\/uploads\/factory-13.webp\"\/><\/p>\n<p><img decoding=\"async\" src=\"\/wp-content\/uploads\/factory-14.webp\"\/><\/p>\n<h2>FAQ<\/h2>\n<p><strong>1. Was sind die wichtigsten Vorteile einer Aluminium-Dampfkammer?<\/strong><br \/>Aluminium-Dampfkammern bieten optimale W\u00e4rmeableitung und leichte Integration f\u00fcr verschiedene Ger\u00e4te.<\/p>\n<p><strong>2. Kann die Aluminium-Dampfkammer f\u00fcr bestimmte Abmessungen angepasst werden?<\/strong><br \/>Ja, wir bieten Anpassungsm\u00f6glichkeiten an, um spezifische Gr\u00f6\u00dfen- und Designanforderungen zu erf\u00fcllen.<\/p>\n<p><strong>3. Ist die Aluminium-Dampfkammer mit elektronischen Ger\u00e4ten kompatibel?<\/strong><br \/>Sie sind auf jeden Fall dazu bestimmt, das W\u00e4rmemanagement in einer Vielzahl von elektronischen Ger\u00e4ten zu verbessern.<\/p>\n<p><strong>4. Welche Branchen k\u00f6nnen vom Einsatz von Aluminium-Dampfkammern profitieren?<\/strong><br \/>Branchen wie die Elektronik-, Automobil- und Luftfahrtindustrie k\u00f6nnen von unseren innovativen L\u00f6sungen zur W\u00e4rmeableitung stark profitieren.<\/p>\n<p><strong>5. Ist die Aluminium-Dampfkammer f\u00fcr Hochtemperaturanwendungen geeignet?<\/strong><br \/>Ja, er ist so konstruiert, dass er \u00fcber einen gro\u00dfen Temperaturbereich hinweg zuverl\u00e4ssig funktioniert.<\/p>\n<p><strong>6. Wie tr\u00e4gt die Aluminium-Dampfkammer zur Langlebigkeit des Ger\u00e4ts bei?<\/strong><br \/>Es leitet die W\u00e4rme effektiv ab, verhindert \u00dcberhitzung und verl\u00e4ngert die Lebensdauer der Ger\u00e4te.<\/p>\n<p><strong>7. Bieten Sie technische Unterst\u00fctzung f\u00fcr die Integration von Dampfkammern in Systeme an?<\/strong><br \/>Ja, wir bieten fachkundige technische Unterst\u00fctzung, um eine nahtlose Integration in Ihre Produkte zu erm\u00f6glichen.<\/p>\n<p><\/p>","protected":false},"featured_media":10839,"template":"","categories":[55],"class_list":["post-10941","product","type-product","status-publish","has-post-thumbnail","hentry","category-extruded-aluminum-profiles"],"meta_box":{"hilight_text_group":[{"product_hilight_text":"<li>Highly efficient heat dissipation for critical applications<\/li>\n<li>Lightweight aluminum construction ensures easy integration<\/li>\n<li>Customizable designs to suit specific B2B requirements<\/li>\n<li>Enhances thermal management in electronic devices<\/li>\n<li>Reliable performance across a wide temperature range<\/li>"}],"feature_list":[]},"_links":{"self":[{"href":"https:\/\/sinoextrud.com\/de\/wp-json\/wp\/v2\/product\/10941","targetHints":{"allow":["GET"]}}],"collection":[{"href":"https:\/\/sinoextrud.com\/de\/wp-json\/wp\/v2\/product"}],"about":[{"href":"https:\/\/sinoextrud.com\/de\/wp-json\/wp\/v2\/types\/product"}],"wp:featuredmedia":[{"embeddable":true,"href":"https:\/\/sinoextrud.com\/de\/wp-json\/wp\/v2\/media\/10839"}],"wp:attachment":[{"href":"https:\/\/sinoextrud.com\/de\/wp-json\/wp\/v2\/media?parent=10941"}],"wp:term":[{"taxonomy":"category","embeddable":true,"href":"https:\/\/sinoextrud.com\/de\/wp-json\/wp\/v2\/categories?post=10941"}],"curies":[{"name":"wp","href":"https:\/\/api.w.org\/{rel}","templated":true}]}}