{"id":10938,"date":"2025-08-01T03:14:50","date_gmt":"2025-08-01T03:14:50","guid":{"rendered":"https:\/\/sinoextrud.com\/product\/sliver-cnc-milling-heatsink-for-electronics\/"},"modified":"2025-08-01T03:14:50","modified_gmt":"2025-08-01T03:14:50","slug":"band-cnc-fraskorper-fur-elektronik","status":"publish","type":"product","link":"https:\/\/sinoextrud.com\/de\/product\/sliver-cnc-milling-heatsink-for-electronics\/","title":{"rendered":"CNC-Fr\u00e4sen eines K\u00fchlk\u00f6rpers f\u00fcr Elektronik"},"content":{"rendered":"<h2>Produkte Details<\/h2>\n<div class=\"product-table\">\n<div class=\"row\">\n<div class=\"cell label\">CNC-Bearbeitung oder nicht<\/div>\n<div class=\"cell value\">Cnc-Bearbeitung<\/div>\n<\/div>\n<div class=\"row\">\n<div class=\"cell label\">Materialf\u00e4higkeiten<\/div>\n<div class=\"cell value\">Aluminium, Messing, Bronze, Kupfer, geh\u00e4rtete Metalle, Edelmetalle, Edelstahl, Stahllegierungen<\/div>\n<\/div>\n<div class=\"row\">\n<div class=\"cell label\">Typ<\/div>\n<div class=\"cell value\">R\u00e4umen, Bohren, Laserbearbeitung, Fr\u00e4sen, Sonstige Bearbeitungsdienstleistungen, Drehen, Drahterodieren, Rapid Prototyping<\/div>\n<\/div>\n<div class=\"row\">\n<div class=\"cell label\">Mikro-Bearbeitung oder nicht<\/div>\n<div class=\"cell value\">Mikro-Bearbeitung<\/div>\n<\/div>\n<div class=\"row\">\n<div class=\"cell label\">Material<\/div>\n<div class=\"cell value\">Aluminium-Legierung<\/div>\n<\/div>\n<div class=\"row\">\n<div class=\"cell label\">Oberfl\u00e4chenbehandlung<\/div>\n<div class=\"cell value\">Oxidation<\/div>\n<\/div>\n<div class=\"row\">\n<div class=\"cell label\">Methode der Verarbeitung<\/div>\n<div class=\"cell value\">100% CNC-Bearbeitung\/Drehen<\/div>\n<\/div>\n<div class=\"row\">\n<div class=\"cell label\">Farbe<\/div>\n<div class=\"cell value\">Kundenspezifische Farbe<\/div>\n<\/div>\n<div class=\"row\">\n<div class=\"cell label\">Schl\u00fcsselwort<\/div>\n<div class=\"cell value\">CNC-Bearbeitung von Aluminiumblech 6061 6063 in kleinen Mengen<\/div>\n<\/div>\n<div class=\"row\">\n<div class=\"cell label\">Kundenspezifisch<\/div>\n<div class=\"cell value\">nach Zeichnung oder Muster<\/div>\n<\/div>\n<div class=\"row\">\n<div class=\"cell label\">Toleranz<\/div>\n<div class=\"cell value\">0,01-0,05 mm<\/div>\n<\/div>\n<div class=\"row\">\n<div class=\"cell label\">MOQ<\/div>\n<div class=\"cell value\">100 St\u00fcck<\/div>\n<\/div>\n<div class=\"row\">\n<div class=\"cell label\">Ausr\u00fcstung<\/div>\n<div class=\"cell value\">3\/4\/5-Achsen-CNC-Bearbeitungszentrum<\/div>\n<\/div>\n<div class=\"row\">\n<div class=\"cell label\">Whatsapp\/Wechat<\/div>\n<div class=\"cell value\">008615850169295<\/div>\n<\/div>\n<div class=\"row\">\n<div class=\"cell label\">Verkaufende Einheiten<\/div>\n<div class=\"cell value\">Einzelnes Element<\/div>\n<\/div>\n<div class=\"row\">\n<div class=\"cell label\">Einzelne Packungsgr\u00f6\u00dfe<\/div>\n<div class=\"cell value\">20X20X5 cm<\/div>\n<\/div>\n<div class=\"row\">\n<div class=\"cell label\">Einfaches Bruttogewicht<\/div>\n<div class=\"cell value\">1.000 KG<\/div>\n<\/div>\n<\/div>\n<p><\/p>\n<h2>Unsere Produktionsbasis<\/h2>\n<h3>Fabrik-Panorama<\/h3>\n<p><img decoding=\"async\" src=\"\/wp-content\/uploads\/factory-01.webp\"\/><\/p>\n<h3>Werkstatt zur Herstellung von Aluminiumstangen<\/h3>\n<p><img decoding=\"async\" src=\"\/wp-content\/uploads\/factory-02.webp\"\/><\/p>\n<p><img decoding=\"async\" src=\"\/wp-content\/uploads\/factory-03.webp\"\/><\/p>\n<h3>Lagerhaus f\u00fcr Formen<\/h3>\n<p><img decoding=\"async\" src=\"\/wp-content\/uploads\/factory-04.webp\"\/><\/p>\n<h3>43 Aluminium-Strangpressanlagen (500-5500 Tonnen)<\/h3>\n<p><img decoding=\"async\" src=\"\/wp-content\/uploads\/factory-05.webp\"\/><\/p>\n<p><img decoding=\"async\" src=\"\/wp-content\/uploads\/factory-06.webp\"\/><\/p>\n<p><img decoding=\"async\" src=\"\/wp-content\/uploads\/factory-07.webp\"\/><\/p>\n<h3>Werkstatt f\u00fcr Pulverbeschichtung<\/h3>\n<p><img decoding=\"async\" src=\"\/wp-content\/uploads\/factory-09.webp\"\/><\/p>\n<h3>Eloxal-Werkstatt<\/h3>\n<p><img decoding=\"async\" src=\"\/wp-content\/uploads\/factory-10.webp\"\/><\/p>\n<h3>Workshop zur Tiefenverarbeitung<\/h3>\n<p><img decoding=\"async\" src=\"\/wp-content\/uploads\/factory-11.webp\"\/><\/p>\n<h3>CNC-Pr\u00e4zisionsbearbeitungswerkstatt<\/h3>\n<p><img decoding=\"async\" src=\"\/wp-content\/uploads\/factory-11.5.webp\"\/><\/p>\n<h3>Lager f\u00fcr Fertigprodukte und Export<\/h3>\n<p><img decoding=\"async\" src=\"\/wp-content\/uploads\/factory-12.webp\"\/><\/p>\n<p><img decoding=\"async\" src=\"\/wp-content\/uploads\/factory-13.webp\"\/><\/p>\n<p><img decoding=\"async\" src=\"\/wp-content\/uploads\/factory-14.webp\"\/><\/p>\n<h2>FAQ<\/h2>\n<p><strong>1. K\u00f6nnen die Abmessungen des K\u00fchlk\u00f6rpers angepasst werden?<\/strong><br \/>Ja, wir bieten die Anpassung der Abmessungen von K\u00fchlk\u00f6rpern an Ihre genauen Spezifikationen.<\/p>\n<p><strong>2. Welche Materialien werden f\u00fcr den K\u00fchlk\u00f6rper verwendet?<\/strong><br \/>Unsere K\u00fchlk\u00f6rper sind aus hochwertigem Aluminium gefertigt, das eine optimale W\u00e4rmeleitf\u00e4higkeit gew\u00e4hrleistet.<\/p>\n<p><strong>3. Ist der K\u00fchlk\u00f6rper mit allen elektronischen Ger\u00e4ten kompatibel?<\/strong><br \/>Der K\u00fchlk\u00f6rper kann individuell angepasst werden, um die Kompatibilit\u00e4t mit Ihren spezifischen Ger\u00e4ten zu gew\u00e4hrleisten.<\/p>\n<p><strong>4. Bieten Sie technische Unterst\u00fctzung bei der Installation an?<\/strong><br \/>Ja, wir bieten technische Unterst\u00fctzung an, um Sie durch den Installationsprozess zu f\u00fchren.<\/p>\n<p><strong>5. Gibt es eine Mindestbestellmenge f\u00fcr kundenspezifische K\u00fchlk\u00f6rper?<\/strong><br \/>Die Mindestbestellmenge variiert je nach Designanforderungen, aber in der Regel beginnen wir bei 200 St\u00fcck.<\/p>\n<p><strong>6. Welche Vorteile bietet das CNC-Fr\u00e4sen bei der Herstellung von K\u00fchlk\u00f6rpern?<\/strong><br \/>CNC-Fr\u00e4sen sorgt f\u00fcr Pr\u00e4zision und Konsistenz, die f\u00fcr ein effektives W\u00e4rmemanagement unerl\u00e4sslich sind.<\/p>\n<p><strong>7. Bieten Sie internationalen Versand f\u00fcr dieses Produkt an?<\/strong><br \/>Ja, wir bieten einen weltweiten Versand an und k\u00fcmmern uns um alle erforderlichen Exportdokumente.<\/p>\n<p><\/p>","protected":false},"featured_media":10841,"template":"","categories":[72],"class_list":["post-10938","product","type-product","status-publish","has-post-thumbnail","hentry","category-extruded-aluminum-heatsink"],"meta_box":{"hilight_text_group":[{"product_hilight_text":"<li>Precision-engineered with advanced CNC milling technology<\/li>\n<li>Efficient thermal management for electronic devices<\/li>\n<li>Customizable designs tailored to specific industrial needs<\/li>\n<li>High-quality aluminum construction for enhanced heat dissipation<\/li>\n<li>Compliant with industry standards for performance and safety<\/li>"}],"feature_list":[]},"_links":{"self":[{"href":"https:\/\/sinoextrud.com\/de\/wp-json\/wp\/v2\/product\/10938","targetHints":{"allow":["GET"]}}],"collection":[{"href":"https:\/\/sinoextrud.com\/de\/wp-json\/wp\/v2\/product"}],"about":[{"href":"https:\/\/sinoextrud.com\/de\/wp-json\/wp\/v2\/types\/product"}],"wp:featuredmedia":[{"embeddable":true,"href":"https:\/\/sinoextrud.com\/de\/wp-json\/wp\/v2\/media\/10841"}],"wp:attachment":[{"href":"https:\/\/sinoextrud.com\/de\/wp-json\/wp\/v2\/media?parent=10938"}],"wp:term":[{"taxonomy":"category","embeddable":true,"href":"https:\/\/sinoextrud.com\/de\/wp-json\/wp\/v2\/categories?post=10938"}],"curies":[{"name":"wp","href":"https:\/\/api.w.org\/{rel}","templated":true}]}}