{"id":10936,"date":"2025-08-01T03:13:46","date_gmt":"2025-08-01T03:13:46","guid":{"rendered":"https:\/\/sinoextrud.com\/product\/cnc-machining-aluminum-heatsink-for-custom-projects\/"},"modified":"2025-08-01T03:13:46","modified_gmt":"2025-08-01T03:13:46","slug":"cnc-bearbeitung-von-aluminium-kuhlkorpern-fur-kundenspezifische-projekte","status":"publish","type":"product","link":"https:\/\/sinoextrud.com\/de\/product\/cnc-machining-aluminum-heatsink-for-custom-projects\/","title":{"rendered":"CNC-Bearbeitung von Aluminium-K\u00fchlk\u00f6rpern f\u00fcr kundenspezifische Projekte"},"content":{"rendered":"<h2>Produkte Details<\/h2>\n<div class=\"product-table\">\n<div class=\"row\">\n<div class=\"cell label\">Oberfl\u00e4chenbehandlung<\/div>\n<div class=\"cell value\">anodisieren<\/div>\n<\/div>\n<div class=\"row\">\n<div class=\"cell label\">Form<\/div>\n<div class=\"cell value\">rund<\/div>\n<\/div>\n<div class=\"row\">\n<div class=\"cell label\">Material des Geh\u00e4uses<\/div>\n<div class=\"cell value\">Aluminium-Legierung<\/div>\n<\/div>\n<div class=\"row\">\n<div class=\"cell label\">Service f\u00fcr Beleuchtungsl\u00f6sungen<\/div>\n<div class=\"cell value\">Auto-CAD-Layout<\/div>\n<\/div>\n<div class=\"row\">\n<div class=\"cell label\">Lichtausbeute (lm\/w)<\/div>\n<div class=\"cell value\">100<\/div>\n<\/div>\n<div class=\"row\">\n<div class=\"cell label\">Garantie (Jahr)<\/div>\n<div class=\"cell value\">1-Jahr<\/div>\n<\/div>\n<div class=\"row\">\n<div class=\"cell label\">Prozess<\/div>\n<div class=\"cell value\">CNC-Bearbeitung<\/div>\n<\/div>\n<div class=\"row\">\n<div class=\"cell label\">IP-Bewertung<\/div>\n<div class=\"cell value\">ip55<\/div>\n<\/div>\n<div class=\"row\">\n<div class=\"cell label\">K\u00f6rperfarbe<\/div>\n<div class=\"cell value\">Schwarz<\/div>\n<\/div>\n<div class=\"row\">\n<div class=\"cell label\">Teil Name<\/div>\n<div class=\"cell value\">Kundenspezifischer Aluminiumk\u00fchlk\u00f6rper f\u00fcr Elektromotor<\/div>\n<\/div>\n<div class=\"row\">\n<div class=\"cell label\">MOQ<\/div>\n<div class=\"cell value\">100 St\u00fcck<\/div>\n<\/div>\n<div class=\"row\">\n<div class=\"cell label\">Vorlaufzeit<\/div>\n<div class=\"cell value\">Muster: 3-5 Tage; Produktion: 10-20 Tage.<\/div>\n<\/div>\n<div class=\"row\">\n<div class=\"cell label\">Handelsbedingungen<\/div>\n<div class=\"cell value\">EXW \/ FOB \/ CIF<\/div>\n<\/div>\n<div class=\"row\">\n<div class=\"cell label\">Format der Zeichnung<\/div>\n<div class=\"cell value\">.pdf \/ .dwg \/ .igs \/ .stp \/ x_t.<\/div>\n<\/div>\n<div class=\"row\">\n<div class=\"cell label\">Zahlungsbedingungen<\/div>\n<div class=\"cell value\">30% vor Ort, 70% vor Versand<\/div>\n<\/div>\n<div class=\"row\">\n<div class=\"cell label\">Qualit\u00e4tskontrolle<\/div>\n<div class=\"cell value\">100% Inspektion vor dem Versand<\/div>\n<\/div>\n<div class=\"row\">\n<div class=\"cell label\">Verpacken<\/div>\n<div class=\"cell value\">Standard-Exportkarton mit Palette<\/div>\n<\/div>\n<div class=\"row\">\n<div class=\"cell label\">Versandbedingungen<\/div>\n<div class=\"cell value\">Express \/Luftfracht \/Seefracht<\/div>\n<\/div>\n<div class=\"row\">\n<div class=\"cell label\">Typ<\/div>\n<div class=\"cell value\">W\u00e4rmesenken<\/div>\n<\/div>\n<div class=\"row\">\n<div class=\"cell label\">Verkaufende Einheiten<\/div>\n<div class=\"cell value\">Einzelnes Element<\/div>\n<\/div>\n<div class=\"row\">\n<div class=\"cell label\">Einzelne Packungsgr\u00f6\u00dfe<\/div>\n<div class=\"cell value\">8X5X6 cm<\/div>\n<\/div>\n<div class=\"row\">\n<div class=\"cell label\">Einfaches Bruttogewicht<\/div>\n<div class=\"cell value\">1.000 KG<\/div>\n<\/div>\n<\/div>\n<p><\/p>\n<h2>Unsere Produktionsbasis<\/h2>\n<h3>Fabrik-Panorama<\/h3>\n<p><img decoding=\"async\" src=\"\/wp-content\/uploads\/factory-01.webp\"\/><\/p>\n<h3>Werkstatt zur Herstellung von Aluminiumstangen<\/h3>\n<p><img decoding=\"async\" src=\"\/wp-content\/uploads\/factory-02.webp\"\/><\/p>\n<p><img decoding=\"async\" src=\"\/wp-content\/uploads\/factory-03.webp\"\/><\/p>\n<h3>Lagerhaus f\u00fcr Formen<\/h3>\n<p><img decoding=\"async\" src=\"\/wp-content\/uploads\/factory-04.webp\"\/><\/p>\n<h3>43 Aluminium-Strangpressanlagen (500-5500 Tonnen)<\/h3>\n<p><img decoding=\"async\" src=\"\/wp-content\/uploads\/factory-05.webp\"\/><\/p>\n<p><img decoding=\"async\" src=\"\/wp-content\/uploads\/factory-06.webp\"\/><\/p>\n<p><img decoding=\"async\" src=\"\/wp-content\/uploads\/factory-07.webp\"\/><\/p>\n<h3>Werkstatt f\u00fcr Pulverbeschichtung<\/h3>\n<p><img decoding=\"async\" src=\"\/wp-content\/uploads\/factory-09.webp\"\/><\/p>\n<h3>Eloxal-Werkstatt<\/h3>\n<p><img decoding=\"async\" src=\"\/wp-content\/uploads\/factory-10.webp\"\/><\/p>\n<h3>Workshop zur Tiefenverarbeitung<\/h3>\n<p><img decoding=\"async\" src=\"\/wp-content\/uploads\/factory-11.webp\"\/><\/p>\n<h3>CNC-Pr\u00e4zisionsbearbeitungswerkstatt<\/h3>\n<p><img decoding=\"async\" src=\"\/wp-content\/uploads\/factory-11.5.webp\"\/><\/p>\n<h3>Lager f\u00fcr Fertigprodukte und Export<\/h3>\n<p><img decoding=\"async\" src=\"\/wp-content\/uploads\/factory-12.webp\"\/><\/p>\n<p><img decoding=\"async\" src=\"\/wp-content\/uploads\/factory-13.webp\"\/><\/p>\n<p><img decoding=\"async\" src=\"\/wp-content\/uploads\/factory-14.webp\"\/><\/p>\n<h2>FAQ<\/h2>\n<p><strong>1. Was sind die Vorteile der Verwendung von Aluminium in K\u00fchlk\u00f6rpern?<\/strong><br \/>Aluminium bietet eine hervorragende W\u00e4rmeleitf\u00e4higkeit und ist leicht, was es ideal f\u00fcr K\u00fchlk\u00f6rper macht.<\/p>\n<p><strong>2. Kann die CNC-Bearbeitung Aluminium-K\u00fchlk\u00f6rper zu unseren Spezifikationen angepasst werden?<\/strong><br \/>Ja, wir k\u00f6nnen Gr\u00f6\u00dfe, Form und Design an Ihre speziellen Anforderungen anpassen.<\/p>\n<p><strong>3. Ist dieses Produkt mit allen elektronischen Ger\u00e4ten kompatibel?<\/strong><br \/>Der K\u00fchlk\u00f6rper kann f\u00fcr eine Vielzahl von elektronischen Komponenten angepasst werden. Bitte geben Sie Ihre Ger\u00e4tespezifikationen f\u00fcr die Kompatibilit\u00e4t an.<\/p>\n<p><strong>4. Was ist die typische Vorlaufzeit f\u00fcr die Herstellung?<\/strong><br \/>Die Lieferzeiten variieren je nach Auftragsgr\u00f6\u00dfe und Kundenanpassung, liegen aber in der Regel zwischen 2 und 4 Wochen.<\/p>\n<p><strong>5. Bieten Sie Proben der CNC-Bearbeitung Aluminium-K\u00fchlk\u00f6rper?<\/strong><br \/>Ja, Muster sind auf Anfrage erh\u00e4ltlich, um Qualit\u00e4t und Passform sicherzustellen.<\/p>\n<p><strong>6. Sind Aluminium-K\u00fchlk\u00f6rper f\u00fcr Hochleistungsanwendungen geeignet?<\/strong><br \/>Ja, unsere Aluminium-K\u00fchlk\u00f6rper sind sowohl f\u00fcr Standard- als auch f\u00fcr Hochleistungsanwendungen geeignet und zeichnen sich durch eine hervorragende Haltbarkeit aus.<\/p>\n<p><strong>7. Ist f\u00fcr dieses Produkt ein internationaler Versand m\u00f6glich?<\/strong><br \/>Ja, wir unterst\u00fctzen den internationalen Versand und stellen alle erforderlichen Unterlagen f\u00fcr einen reibungslosen Lieferprozess zur Verf\u00fcgung.<\/p>\n<p><\/p>","protected":false},"featured_media":10842,"template":"","categories":[72],"class_list":["post-10936","product","type-product","status-publish","has-post-thumbnail","hentry","category-extruded-aluminum-heatsink"],"meta_box":{"hilight_text_group":[{"product_hilight_text":"<li>Optimized thermal performance for electronic components<\/li>\n<li>Customizable dimensions and designs for B2B needs<\/li>\n<li>High precision and quality through CNC machining<\/li>\n<li>Competitive pricing for bulk orders with flexible MOQ<\/li>\n<li>Lightweight and durable aluminum construction<\/li>"}],"feature_list":[]},"_links":{"self":[{"href":"https:\/\/sinoextrud.com\/de\/wp-json\/wp\/v2\/product\/10936","targetHints":{"allow":["GET"]}}],"collection":[{"href":"https:\/\/sinoextrud.com\/de\/wp-json\/wp\/v2\/product"}],"about":[{"href":"https:\/\/sinoextrud.com\/de\/wp-json\/wp\/v2\/types\/product"}],"wp:featuredmedia":[{"embeddable":true,"href":"https:\/\/sinoextrud.com\/de\/wp-json\/wp\/v2\/media\/10842"}],"wp:attachment":[{"href":"https:\/\/sinoextrud.com\/de\/wp-json\/wp\/v2\/media?parent=10936"}],"wp:term":[{"taxonomy":"category","embeddable":true,"href":"https:\/\/sinoextrud.com\/de\/wp-json\/wp\/v2\/categories?post=10936"}],"curies":[{"name":"wp","href":"https:\/\/api.w.org\/{rel}","templated":true}]}}