{"id":10935,"date":"2025-08-01T03:13:27","date_gmt":"2025-08-01T03:13:27","guid":{"rendered":"https:\/\/sinoextrud.com\/product\/aluminum-heatsink-power-box-for-outdoor-use\/"},"modified":"2025-08-01T03:13:27","modified_gmt":"2025-08-01T03:13:27","slug":"aluminium-kuhlkorper-stromversorgungskasten-fur-den-auseneinsatz","status":"publish","type":"product","link":"https:\/\/sinoextrud.com\/de\/product\/aluminum-heatsink-power-box-for-outdoor-use\/","title":{"rendered":"Aluminium-K\u00fchlk\u00f6rper Power Box f\u00fcr den Au\u00dfeneinsatz"},"content":{"rendered":"<h2>Produkte Details<\/h2>\n<div class=\"product-table\">\n<div class=\"row\">\n<div class=\"cell label\">Schutzklasse<\/div>\n<div class=\"cell value\">IP67-68<\/div>\n<\/div>\n<div class=\"row\">\n<div class=\"cell label\">Material<\/div>\n<div class=\"cell value\">ALSI12 \/ ADC12<\/div>\n<\/div>\n<div class=\"row\">\n<div class=\"cell label\">Schlagfestigkeit<\/div>\n<div class=\"cell value\">IK08<\/div>\n<\/div>\n<div class=\"row\">\n<div class=\"cell label\">Nutzung des Temperaturbereichs<\/div>\n<div class=\"cell value\">-40\u2103-120\u2103<\/div>\n<\/div>\n<div class=\"row\">\n<div class=\"cell label\">Oberfl\u00e4chenbehandlung<\/div>\n<div class=\"cell value\">Power Coating<\/div>\n<\/div>\n<div class=\"row\">\n<div class=\"cell label\">Anmeldung<\/div>\n<div class=\"cell value\">Elektronik<\/div>\n<\/div>\n<div class=\"row\">\n<div class=\"cell label\">Prozess<\/div>\n<div class=\"cell value\">Druckguss+Bearbeitung+Oberfl\u00e4chenbehandlung<\/div>\n<\/div>\n<div class=\"row\">\n<div class=\"cell label\">Qualit\u00e4tskontrolle<\/div>\n<div class=\"cell value\">100% Gepr\u00fcft \/ISO9001 System<\/div>\n<\/div>\n<div class=\"row\">\n<div class=\"cell label\">Dienst<\/div>\n<div class=\"cell value\">Ma\u00dfgeschneiderter Service aus einer Hand<\/div>\n<\/div>\n<div class=\"row\">\n<div class=\"cell label\">Verkaufende Einheiten<\/div>\n<div class=\"cell value\">Einzelnes Element<\/div>\n<\/div>\n<div class=\"row\">\n<div class=\"cell label\">Einzelne Packungsgr\u00f6\u00dfe<\/div>\n<div class=\"cell value\">50X40X20 cm<\/div>\n<\/div>\n<div class=\"row\">\n<div class=\"cell label\">Einfaches Bruttogewicht<\/div>\n<div class=\"cell value\">18.000 KG<\/div>\n<\/div>\n<\/div>\n<p><\/p>\n<h2>Unsere Produktionsbasis<\/h2>\n<h3>Fabrik-Panorama<\/h3>\n<p><img decoding=\"async\" src=\"\/wp-content\/uploads\/factory-01.webp\"\/><\/p>\n<h3>Werkstatt zur Herstellung von Aluminiumstangen<\/h3>\n<p><img decoding=\"async\" src=\"\/wp-content\/uploads\/factory-02.webp\"\/><\/p>\n<p><img decoding=\"async\" src=\"\/wp-content\/uploads\/factory-03.webp\"\/><\/p>\n<h3>Lagerhaus f\u00fcr Formen<\/h3>\n<p><img decoding=\"async\" src=\"\/wp-content\/uploads\/factory-04.webp\"\/><\/p>\n<h3>43 Aluminium-Strangpressanlagen (500-5500 Tonnen)<\/h3>\n<p><img decoding=\"async\" src=\"\/wp-content\/uploads\/factory-05.webp\"\/><\/p>\n<p><img decoding=\"async\" src=\"\/wp-content\/uploads\/factory-06.webp\"\/><\/p>\n<p><img decoding=\"async\" src=\"\/wp-content\/uploads\/factory-07.webp\"\/><\/p>\n<h3>Werkstatt f\u00fcr Pulverbeschichtung<\/h3>\n<p><img decoding=\"async\" src=\"\/wp-content\/uploads\/factory-09.webp\"\/><\/p>\n<h3>Eloxal-Werkstatt<\/h3>\n<p><img decoding=\"async\" src=\"\/wp-content\/uploads\/factory-10.webp\"\/><\/p>\n<h3>Workshop zur Tiefenverarbeitung<\/h3>\n<p><img decoding=\"async\" src=\"\/wp-content\/uploads\/factory-11.webp\"\/><\/p>\n<h3>CNC-Pr\u00e4zisionsbearbeitungswerkstatt<\/h3>\n<p><img decoding=\"async\" src=\"\/wp-content\/uploads\/factory-11.5.webp\"\/><\/p>\n<h3>Lager f\u00fcr Fertigprodukte und Export<\/h3>\n<p><img decoding=\"async\" src=\"\/wp-content\/uploads\/factory-12.webp\"\/><\/p>\n<p><img decoding=\"async\" src=\"\/wp-content\/uploads\/factory-13.webp\"\/><\/p>\n<p><img decoding=\"async\" src=\"\/wp-content\/uploads\/factory-14.webp\"\/><\/p>\n<h2>FAQ<\/h2>\n<p><strong>1. Was ist die Hauptfunktion des Aluminium-K\u00fchlk\u00f6rpers Power Box?<\/strong><br \/>Seine Hauptfunktion besteht darin, die W\u00e4rme von elektronischen Komponenten effizient abzuleiten, um eine \u00dcberhitzung zu verhindern.<\/p>\n<p><strong>2. Kann die Aluminium Heatsink Power Box in Gr\u00f6\u00dfe und Form angepasst werden?<\/strong><br \/>Ja, eine Anpassung an die spezifischen Bed\u00fcrfnisse der Kunden ist m\u00f6glich.<\/p>\n<p><strong>3. Ist die Aluminium Heatsink Power Box f\u00fcr den Au\u00dfeneinsatz geeignet?<\/strong><br \/>Ja, er ist so konzipiert, dass er verschiedenen Umweltbedingungen standh\u00e4lt, sollte aber f\u00fcr eine optimale Langlebigkeit gesch\u00fctzt werden.<\/p>\n<p><strong>4. Wie hoch ist die typische Lebensdauer eines Aluminium-K\u00fchlk\u00f6rpers?<\/strong><br \/>Bei sachgem\u00e4\u00dfem Gebrauch bietet er aufgrund seiner robusten Aluminiumstruktur eine lange Lebensdauer.<\/p>\n<p><strong>5. Unterst\u00fctzt dieses Produkt Anwendungen mit hohem Stromverbrauch?<\/strong><br \/>Ja, es sorgt f\u00fcr ein effektives W\u00e4rmemanagement in elektronischen Hochleistungsger\u00e4ten.<\/p>\n<p><strong>6. Wie tr\u00e4gt Aluminium zur Effizienz der Power Box bei?<\/strong><br \/>Aluminium verf\u00fcgt \u00fcber eine hervorragende W\u00e4rmeleitf\u00e4higkeit und ist daher ideal f\u00fcr die W\u00e4rmeableitung.<\/p>\n<p><strong>7. Gibt es bestimmte Branchen, die am meisten von diesem Produkt profitieren?<\/strong><br \/>Ja, Branchen wie die Elektronik-, Automobil- und Telekommunikationsindustrie verwenden es h\u00e4ufig wegen seines zuverl\u00e4ssigen W\u00e4rmemanagements.<\/p>\n<p><\/p>","protected":false},"featured_media":10766,"template":"","categories":[68],"class_list":["post-10935","product","type-product","status-publish","has-post-thumbnail","hentry","category-cnc-machining-aluminum-profile"],"meta_box":{"hilight_text_group":[{"product_hilight_text":"<li>High thermal conductivity for effective heat dissipation<\/li>\n<li>Constructed with lightweight and durable aluminum material<\/li>\n<li>Ideal for various electronic and industrial applications<\/li>\n<li>Compatible with a wide range of power electronics<\/li>\n<li>Customizable design to fit specific client requirements<\/li>"}],"feature_list":[]},"_links":{"self":[{"href":"https:\/\/sinoextrud.com\/de\/wp-json\/wp\/v2\/product\/10935","targetHints":{"allow":["GET"]}}],"collection":[{"href":"https:\/\/sinoextrud.com\/de\/wp-json\/wp\/v2\/product"}],"about":[{"href":"https:\/\/sinoextrud.com\/de\/wp-json\/wp\/v2\/types\/product"}],"wp:featuredmedia":[{"embeddable":true,"href":"https:\/\/sinoextrud.com\/de\/wp-json\/wp\/v2\/media\/10766"}],"wp:attachment":[{"href":"https:\/\/sinoextrud.com\/de\/wp-json\/wp\/v2\/media?parent=10935"}],"wp:term":[{"taxonomy":"category","embeddable":true,"href":"https:\/\/sinoextrud.com\/de\/wp-json\/wp\/v2\/categories?post=10935"}],"curies":[{"name":"wp","href":"https:\/\/api.w.org\/{rel}","templated":true}]}}