{"id":10933,"date":"2025-08-01T03:13:22","date_gmt":"2025-08-01T03:13:22","guid":{"rendered":"https:\/\/sinoextrud.com\/product\/aluminum-heatsink-for-electronic-part-cooling\/"},"modified":"2025-08-01T03:13:22","modified_gmt":"2025-08-01T03:13:22","slug":"aluminium-kuhlkorper-fur-die-kuhlung-elektronischer-bauteile","status":"publish","type":"product","link":"https:\/\/sinoextrud.com\/de\/product\/aluminum-heatsink-for-electronic-part-cooling\/","title":{"rendered":"Aluminium-K\u00fchlk\u00f6rper f\u00fcr die K\u00fchlung elektronischer Bauteile"},"content":{"rendered":"<h2>Produkte Details<\/h2>\n<div class=\"product-table\">\n<div class=\"row\">\n<div class=\"cell label\">Klasse<\/div>\n<div class=\"cell value\">Serie 6000<\/div>\n<\/div>\n<div class=\"row\">\n<div class=\"cell label\">Toleranz<\/div>\n<div class=\"cell value\">\u00c2\u00b11%<\/div>\n<\/div>\n<div class=\"row\">\n<div class=\"cell label\">Lieferfrist<\/div>\n<div class=\"cell value\">22-30 Tage<\/div>\n<\/div>\n<div class=\"row\">\n<div class=\"cell label\">Temperament<\/div>\n<div class=\"cell value\">T3-T8<\/div>\n<\/div>\n<div class=\"row\">\n<div class=\"cell label\">Anmeldung<\/div>\n<div class=\"cell value\">W\u00e4rmesenke<\/div>\n<\/div>\n<div class=\"row\">\n<div class=\"cell label\">Form<\/div>\n<div class=\"cell value\">Kundenspezifisch<\/div>\n<\/div>\n<div class=\"row\">\n<div class=\"cell label\">Legierung oder nicht<\/div>\n<div class=\"cell value\">Ist Legierung<\/div>\n<\/div>\n<div class=\"row\">\n<div class=\"cell label\">Bearbeitungsservice<\/div>\n<div class=\"cell value\">Biegen, Abwickeln, Schwei\u00dfen, Stanzen, Schneiden<\/div>\n<\/div>\n<div class=\"row\">\n<div class=\"cell label\">Name des Produkts<\/div>\n<div class=\"cell value\">Aluminium-Strangpressprofil-K\u00fchlk\u00f6rper<\/div>\n<\/div>\n<div class=\"row\">\n<div class=\"cell label\">Material<\/div>\n<div class=\"cell value\">Legierung 6063\/6061\/6005\/6060 T5\/T6<\/div>\n<\/div>\n<div class=\"row\">\n<div class=\"cell label\">Oberfl\u00e4chenbehandlung<\/div>\n<div class=\"cell value\">Pulverbeschichtung, eloxiert<\/div>\n<\/div>\n<div class=\"row\">\n<div class=\"cell label\">Farbe<\/div>\n<div class=\"cell value\">Anfrage des Kunden<\/div>\n<\/div>\n<div class=\"row\">\n<div class=\"cell label\">Zertifizierung<\/div>\n<div class=\"cell value\">ISO9001:2008<\/div>\n<\/div>\n<div class=\"row\">\n<div class=\"cell label\">Anmeldung<\/div>\n<div class=\"cell value\">Industrielle Ausr\u00fcstung<\/div>\n<\/div>\n<div class=\"row\">\n<div class=\"cell label\">Tiefgreifender Prozess<\/div>\n<div class=\"cell value\">CNC-Bearbeitungsservice<\/div>\n<\/div>\n<div class=\"row\">\n<div class=\"cell label\">Dienst<\/div>\n<div class=\"cell value\">OEM ODM Kundenspezifisch<\/div>\n<\/div>\n<div class=\"row\">\n<div class=\"cell label\">Zahlungsfrist<\/div>\n<div class=\"cell value\">T\/T<\/div>\n<\/div>\n<div class=\"row\">\n<div class=\"cell label\">Verkaufende Einheiten<\/div>\n<div class=\"cell value\">Einzelnes Element<\/div>\n<\/div>\n<div class=\"row\">\n<div class=\"cell label\">Einzelne Packungsgr\u00f6\u00dfe<\/div>\n<div class=\"cell value\">600X4X10 cm<\/div>\n<\/div>\n<div class=\"row\">\n<div class=\"cell label\">Einfaches Bruttogewicht<\/div>\n<div class=\"cell value\">2.000 KG<\/div>\n<\/div>\n<\/div>\n<p><\/p>\n<h2>Unsere Produktionsbasis<\/h2>\n<h3>Fabrik-Panorama<\/h3>\n<p><img decoding=\"async\" src=\"\/wp-content\/uploads\/factory-01.webp\"\/><\/p>\n<h3>Werkstatt zur Herstellung von Aluminiumstangen<\/h3>\n<p><img decoding=\"async\" src=\"\/wp-content\/uploads\/factory-02.webp\"\/><\/p>\n<p><img decoding=\"async\" src=\"\/wp-content\/uploads\/factory-03.webp\"\/><\/p>\n<h3>Lagerhaus f\u00fcr Formen<\/h3>\n<p><img decoding=\"async\" src=\"\/wp-content\/uploads\/factory-04.webp\"\/><\/p>\n<h3>43 Aluminium-Strangpressanlagen (500-5500 Tonnen)<\/h3>\n<p><img decoding=\"async\" src=\"\/wp-content\/uploads\/factory-05.webp\"\/><\/p>\n<p><img decoding=\"async\" src=\"\/wp-content\/uploads\/factory-06.webp\"\/><\/p>\n<p><img decoding=\"async\" src=\"\/wp-content\/uploads\/factory-07.webp\"\/><\/p>\n<h3>Werkstatt f\u00fcr Pulverbeschichtung<\/h3>\n<p><img decoding=\"async\" src=\"\/wp-content\/uploads\/factory-09.webp\"\/><\/p>\n<h3>Eloxal-Werkstatt<\/h3>\n<p><img decoding=\"async\" src=\"\/wp-content\/uploads\/factory-10.webp\"\/><\/p>\n<h3>Workshop zur Tiefenverarbeitung<\/h3>\n<p><img decoding=\"async\" src=\"\/wp-content\/uploads\/factory-11.webp\"\/><\/p>\n<h3>CNC-Pr\u00e4zisionsbearbeitungswerkstatt<\/h3>\n<p><img decoding=\"async\" src=\"\/wp-content\/uploads\/factory-11.5.webp\"\/><\/p>\n<h3>Lager f\u00fcr Fertigprodukte und Export<\/h3>\n<p><img decoding=\"async\" src=\"\/wp-content\/uploads\/factory-12.webp\"\/><\/p>\n<p><img decoding=\"async\" src=\"\/wp-content\/uploads\/factory-13.webp\"\/><\/p>\n<p><img decoding=\"async\" src=\"\/wp-content\/uploads\/factory-14.webp\"\/><\/p>\n<h2>FAQ<\/h2>\n<p><strong>1. Was ist die Hauptverwendung dieses Aluminiumk\u00fchlk\u00f6rpers?<\/strong><br \/>Es wird vor allem zur effizienten W\u00e4rmeableitung in elektronischen Bauteilen verwendet.<\/p>\n<p><strong>2. Kann dieser K\u00fchlk\u00f6rper f\u00fcr verschiedene elektronische Bauteile angepasst werden?<\/strong><br \/>Ja, wir bieten die Anpassung an eine Vielzahl von elektronischen Bauteilen an.<\/p>\n<p><strong>3. Welches Material wird in diesem K\u00fchlk\u00f6rper verwendet?<\/strong><br \/>Der K\u00fchlk\u00f6rper ist aus hochwertigem Aluminium gefertigt.<\/p>\n<p><strong>4. Ist der Aluminium-K\u00fchlk\u00f6rper korrosionsbest\u00e4ndig?<\/strong><br \/>Ja, es ist so konzipiert, dass es korrosionsbest\u00e4ndig und damit langlebig ist.<\/p>\n<p><strong>5. Kann dieses Produkt an unterschiedliche Anforderungen an die W\u00e4rmeableitung angepasst werden?<\/strong><br \/>Ja, sie kann auf die verschiedenen Anforderungen an die W\u00e4rmeabgabe zugeschnitten werden.<\/p>\n<p><strong>6. Ist dieser K\u00fchlk\u00f6rper f\u00fcr den internationalen Versand geeignet?<\/strong><br \/>Ja, wir bieten internationalen Versand mit voller logistischer Unterst\u00fctzung.<\/p>\n<p><strong>7. Ist das Produkt leichtgewichtig und l\u00e4sst es sich einfach in Ger\u00e4te integrieren?<\/strong><br \/>Ja, es ist so konzipiert, dass es leicht zu integrieren ist.<\/p>\n<p><\/p>","protected":false},"featured_media":10764,"template":"","categories":[72],"class_list":["post-10933","product","type-product","status-publish","has-post-thumbnail","hentry","category-extruded-aluminum-heatsink"],"meta_box":{"hilight_text_group":[{"product_hilight_text":"<li>Efficient heat dissipation for electronic components<\/li>\n<li>Customizable designs to fit various electronic parts<\/li>\n<li>High-quality aluminum for optimal thermal performance<\/li>\n<li>Corrosion-resistant for long-lasting durability<\/li>\n<li>Lightweight construction for ease of integration<\/li>"}],"feature_list":[]},"_links":{"self":[{"href":"https:\/\/sinoextrud.com\/de\/wp-json\/wp\/v2\/product\/10933","targetHints":{"allow":["GET"]}}],"collection":[{"href":"https:\/\/sinoextrud.com\/de\/wp-json\/wp\/v2\/product"}],"about":[{"href":"https:\/\/sinoextrud.com\/de\/wp-json\/wp\/v2\/types\/product"}],"wp:featuredmedia":[{"embeddable":true,"href":"https:\/\/sinoextrud.com\/de\/wp-json\/wp\/v2\/media\/10764"}],"wp:attachment":[{"href":"https:\/\/sinoextrud.com\/de\/wp-json\/wp\/v2\/media?parent=10933"}],"wp:term":[{"taxonomy":"category","embeddable":true,"href":"https:\/\/sinoextrud.com\/de\/wp-json\/wp\/v2\/categories?post=10933"}],"curies":[{"name":"wp","href":"https:\/\/api.w.org\/{rel}","templated":true}]}}